{"id":132,"date":"2021-04-03T13:59:24","date_gmt":"2021-04-03T11:59:24","guid":{"rendered":"http:\/\/kyrroeditions.com\/?page_id=132"},"modified":"2022-08-26T15:37:05","modified_gmt":"2022-08-26T13:37:05","slug":"nos-collections","status":"publish","type":"page","link":"https:\/\/kyrroeditions.com\/index.php\/nos-collections\/","title":{"rendered":"Nos collections"},"content":{"rendered":"\n<h1 class=\"has-text-align-center wp-block-heading\" style=\"font-size:21px\"><\/h1>\n\n\n\n<p><\/p>\n\n\n\n<hr class=\"wp-block-separator\"\/>\n\n\n\n<div class=\"wp-block-columns is-layout-flex wp-container-core-columns-is-layout-9d6595d7 wp-block-columns-is-layout-flex\">\n<div class=\"wp-block-column is-layout-flow wp-block-column-is-layout-flow\">\n<h1 class=\"has-text-align-center wp-block-heading\" style=\"font-size:18px\"> L&rsquo;amour, le vrai. Celui qui bouleverse <\/h1>\n\n\n\n<figure class=\"wp-block-image size-full is-style-default\"><img data-recalc-dims=\"1\" fetchpriority=\"high\" decoding=\"async\" width=\"832\" height=\"344\" src=\"https:\/\/i0.wp.com\/kyrroeditions.com\/wp-content\/uploads\/2021\/04\/amour-1.png?resize=832%2C344&#038;ssl=1\" alt=\"\" class=\"wp-image-671\" srcset=\"https:\/\/i0.wp.com\/kyrroeditions.com\/wp-content\/uploads\/2021\/04\/amour-1.png?w=1000&amp;ssl=1 1000w, https:\/\/i0.wp.com\/kyrroeditions.com\/wp-content\/uploads\/2021\/04\/amour-1.png?resize=300%2C124&amp;ssl=1 300w, https:\/\/i0.wp.com\/kyrroeditions.com\/wp-content\/uploads\/2021\/04\/amour-1.png?resize=150%2C62&amp;ssl=1 150w, https:\/\/i0.wp.com\/kyrroeditions.com\/wp-content\/uploads\/2021\/04\/amour-1.png?resize=768%2C318&amp;ssl=1 768w, https:\/\/i0.wp.com\/kyrroeditions.com\/wp-content\/uploads\/2021\/04\/amour-1.png?resize=600%2C248&amp;ssl=1 600w\" sizes=\"(max-width: 832px) 100vw, 832px\" \/><\/figure>\n\n\n\n<p><\/p>\n\n\n\n<div class=\"wp-block-buttons is-content-justification-center is-layout-flex wp-block-buttons-is-layout-flex\">\n<div class=\"wp-block-button\"><a class=\"wp-block-button__link has-black-color has-pale-cyan-blue-background-color has-text-color has-background\" href=\"https:\/\/kyrroeditions.com\/index.php\/elskur-aimer\/\">D\u00e9couvrir<\/a><\/div>\n<\/div>\n<\/div>\n\n\n\n<div class=\"wp-block-column is-layout-flow wp-block-column-is-layout-flow\">\n<h1 class=\"has-text-align-center wp-block-heading\" style=\"font-size:18px\">L&rsquo;amour, empreint de sensualit\u00e9<\/h1>\n\n\n\n<figure class=\"wp-block-image size-full is-style-default\"><img data-recalc-dims=\"1\" decoding=\"async\" width=\"832\" height=\"344\" src=\"https:\/\/i0.wp.com\/kyrroeditions.com\/wp-content\/uploads\/2022\/08\/299446689_867293957583087_8164194663125416245_n.png?resize=832%2C344&#038;ssl=1\" alt=\"\" class=\"wp-image-1615\" srcset=\"https:\/\/i0.wp.com\/kyrroeditions.com\/wp-content\/uploads\/2022\/08\/299446689_867293957583087_8164194663125416245_n.png?w=1000&amp;ssl=1 1000w, https:\/\/i0.wp.com\/kyrroeditions.com\/wp-content\/uploads\/2022\/08\/299446689_867293957583087_8164194663125416245_n.png?resize=300%2C124&amp;ssl=1 300w, https:\/\/i0.wp.com\/kyrroeditions.com\/wp-content\/uploads\/2022\/08\/299446689_867293957583087_8164194663125416245_n.png?resize=150%2C62&amp;ssl=1 150w, https:\/\/i0.wp.com\/kyrroeditions.com\/wp-content\/uploads\/2022\/08\/299446689_867293957583087_8164194663125416245_n.png?resize=768%2C318&amp;ssl=1 768w, https:\/\/i0.wp.com\/kyrroeditions.com\/wp-content\/uploads\/2022\/08\/299446689_867293957583087_8164194663125416245_n.png?resize=600%2C248&amp;ssl=1 600w\" sizes=\"(max-width: 832px) 100vw, 832px\" \/><\/figure>\n\n\n\n<p><\/p>\n\n\n\n<div class=\"wp-block-buttons is-content-justification-center is-layout-flex wp-block-buttons-is-layout-flex\">\n<div class=\"wp-block-button\"><a class=\"wp-block-button__link has-black-color has-pale-cyan-blue-background-color has-text-color has-background\" href=\"https:\/\/kyrroeditions.com\/index.php\/akafur-ardent\/\">D\u00e9couvrir<\/a><\/div>\n<\/div>\n<\/div>\n<\/div>\n\n\n\n<div class=\"wp-block-columns is-layout-flex wp-container-core-columns-is-layout-9d6595d7 wp-block-columns-is-layout-flex\">\n<div class=\"wp-block-column is-layout-flow wp-block-column-is-layout-flow\">\n<h1 class=\"has-text-align-center wp-block-heading\" style=\"font-size:18px\">De l&rsquo;amour \u00e0 l&rsquo;humour, il n&rsquo;y a qu&rsquo;un pas<\/h1>\n\n\n\n<figure class=\"wp-block-image size-full is-style-default\"><img data-recalc-dims=\"1\" decoding=\"async\" width=\"832\" height=\"344\" src=\"https:\/\/i0.wp.com\/kyrroeditions.com\/wp-content\/uploads\/2021\/04\/humour.png?resize=832%2C344&#038;ssl=1\" alt=\"\" class=\"wp-image-509\" srcset=\"https:\/\/i0.wp.com\/kyrroeditions.com\/wp-content\/uploads\/2021\/04\/humour.png?w=1000&amp;ssl=1 1000w, https:\/\/i0.wp.com\/kyrroeditions.com\/wp-content\/uploads\/2021\/04\/humour.png?resize=300%2C124&amp;ssl=1 300w, https:\/\/i0.wp.com\/kyrroeditions.com\/wp-content\/uploads\/2021\/04\/humour.png?resize=150%2C62&amp;ssl=1 150w, https:\/\/i0.wp.com\/kyrroeditions.com\/wp-content\/uploads\/2021\/04\/humour.png?resize=768%2C318&amp;ssl=1 768w, https:\/\/i0.wp.com\/kyrroeditions.com\/wp-content\/uploads\/2021\/04\/humour.png?resize=600%2C248&amp;ssl=1 600w\" sizes=\"(max-width: 832px) 100vw, 832px\" \/><\/figure>\n\n\n\n<p><\/p>\n\n\n\n<div class=\"wp-block-buttons is-content-justification-center is-layout-flex wp-block-buttons-is-layout-flex\">\n<div class=\"wp-block-button\"><a class=\"wp-block-button__link has-black-color has-pale-cyan-blue-background-color has-text-color has-background\" href=\"https:\/\/kyrroeditions.com\/index.php\/fyndid-drole\/\">D\u00e9couvrir<\/a><\/div>\n<\/div>\n<\/div>\n\n\n\n<div class=\"wp-block-column is-layout-flow wp-block-column-is-layout-flow\">\n<h1 class=\"has-text-align-center wp-block-heading\" style=\"font-size:18px\">Petit format, grand \u00e9clat de rire <\/h1>\n\n\n\n<figure class=\"wp-block-image size-full is-style-default\"><img data-recalc-dims=\"1\" loading=\"lazy\" decoding=\"async\" width=\"832\" height=\"344\" src=\"https:\/\/i0.wp.com\/kyrroeditions.com\/wp-content\/uploads\/2021\/05\/185249103_2881458762100380_321532097505265318_n.png?resize=832%2C344&#038;ssl=1\" alt=\"\" class=\"wp-image-691\" srcset=\"https:\/\/i0.wp.com\/kyrroeditions.com\/wp-content\/uploads\/2021\/05\/185249103_2881458762100380_321532097505265318_n.png?w=1000&amp;ssl=1 1000w, https:\/\/i0.wp.com\/kyrroeditions.com\/wp-content\/uploads\/2021\/05\/185249103_2881458762100380_321532097505265318_n.png?resize=300%2C124&amp;ssl=1 300w, https:\/\/i0.wp.com\/kyrroeditions.com\/wp-content\/uploads\/2021\/05\/185249103_2881458762100380_321532097505265318_n.png?resize=150%2C62&amp;ssl=1 150w, https:\/\/i0.wp.com\/kyrroeditions.com\/wp-content\/uploads\/2021\/05\/185249103_2881458762100380_321532097505265318_n.png?resize=768%2C318&amp;ssl=1 768w, https:\/\/i0.wp.com\/kyrroeditions.com\/wp-content\/uploads\/2021\/05\/185249103_2881458762100380_321532097505265318_n.png?resize=600%2C248&amp;ssl=1 600w\" sizes=\"(max-width: 832px) 100vw, 832px\" \/><\/figure>\n\n\n\n<p><\/p>\n\n\n\n<div class=\"wp-block-buttons is-content-justification-center is-layout-flex wp-block-buttons-is-layout-flex\">\n<div class=\"wp-block-button\"><a class=\"wp-block-button__link has-black-color has-pale-cyan-blue-background-color has-text-color has-background\" href=\"https:\/\/kyrroeditions.com\/index.php\/lilfyndio-comedie-mini\/\">D\u00e9couvrir<\/a><\/div>\n<\/div>\n<\/div>\n<\/div>\n\n\n\n<p><\/p>\n\n\n\n<p><\/p>\n\n\n\n<hr class=\"wp-block-separator\"\/>\n\n\n\n<div class=\"wp-block-columns is-layout-flex wp-container-core-columns-is-layout-9d6595d7 wp-block-columns-is-layout-flex\">\n<div class=\"wp-block-column is-layout-flow wp-block-column-is-layout-flow\">\n<h1 class=\"has-text-align-center wp-block-heading\" style=\"font-size:18px\">L&rsquo;amour, de la p\u00e9nombre \u00e0 l&rsquo;obscurit\u00e9<\/h1>\n\n\n\n<figure class=\"wp-block-image size-large is-style-default\"><img data-recalc-dims=\"1\" loading=\"lazy\" decoding=\"async\" width=\"832\" height=\"344\" src=\"https:\/\/i0.wp.com\/kyrroeditions.com\/wp-content\/uploads\/2021\/04\/dark-myrkur-1.png?resize=832%2C344&#038;ssl=1\" alt=\"\" class=\"wp-image-512\" srcset=\"https:\/\/i0.wp.com\/kyrroeditions.com\/wp-content\/uploads\/2021\/04\/dark-myrkur-1.png?w=1000&amp;ssl=1 1000w, https:\/\/i0.wp.com\/kyrroeditions.com\/wp-content\/uploads\/2021\/04\/dark-myrkur-1.png?resize=300%2C124&amp;ssl=1 300w, https:\/\/i0.wp.com\/kyrroeditions.com\/wp-content\/uploads\/2021\/04\/dark-myrkur-1.png?resize=150%2C62&amp;ssl=1 150w, https:\/\/i0.wp.com\/kyrroeditions.com\/wp-content\/uploads\/2021\/04\/dark-myrkur-1.png?resize=768%2C318&amp;ssl=1 768w, https:\/\/i0.wp.com\/kyrroeditions.com\/wp-content\/uploads\/2021\/04\/dark-myrkur-1.png?resize=600%2C248&amp;ssl=1 600w\" sizes=\"(max-width: 832px) 100vw, 832px\" \/><\/figure>\n\n\n\n<p><\/p>\n\n\n\n<div class=\"wp-block-buttons is-content-justification-center is-layout-flex wp-block-buttons-is-layout-flex\">\n<div class=\"wp-block-button\"><a class=\"wp-block-button__link has-black-color has-pale-cyan-blue-background-color has-text-color has-background\" href=\"https:\/\/kyrroeditions.com\/index.php\/myrkur\/\">D\u00e9couvrir<\/a><\/div>\n<\/div>\n\n\n\n<p><\/p>\n<\/div>\n\n\n\n<div class=\"wp-block-column is-layout-flow wp-block-column-is-layout-flow\">\n<h1 class=\"has-text-align-center wp-block-heading\" style=\"font-size:18px\">Bient\u00f4t<\/h1>\n\n\n\n<figure class=\"wp-block-image size-large is-style-default\"><img data-recalc-dims=\"1\" loading=\"lazy\" decoding=\"async\" width=\"832\" height=\"344\" src=\"https:\/\/i0.wp.com\/kyrroeditions.com\/wp-content\/uploads\/2021\/04\/Frisson-trhiller-1.png?resize=832%2C344&#038;ssl=1\" alt=\"\" class=\"wp-image-515\" srcset=\"https:\/\/i0.wp.com\/kyrroeditions.com\/wp-content\/uploads\/2021\/04\/Frisson-trhiller-1.png?w=1000&amp;ssl=1 1000w, https:\/\/i0.wp.com\/kyrroeditions.com\/wp-content\/uploads\/2021\/04\/Frisson-trhiller-1.png?resize=300%2C124&amp;ssl=1 300w, https:\/\/i0.wp.com\/kyrroeditions.com\/wp-content\/uploads\/2021\/04\/Frisson-trhiller-1.png?resize=150%2C62&amp;ssl=1 150w, https:\/\/i0.wp.com\/kyrroeditions.com\/wp-content\/uploads\/2021\/04\/Frisson-trhiller-1.png?resize=768%2C318&amp;ssl=1 768w, https:\/\/i0.wp.com\/kyrroeditions.com\/wp-content\/uploads\/2021\/04\/Frisson-trhiller-1.png?resize=600%2C248&amp;ssl=1 600w\" sizes=\"(max-width: 832px) 100vw, 832px\" \/><\/figure>\n\n\n\n<p><\/p>\n\n\n\n<div class=\"wp-block-buttons is-content-justification-center is-layout-flex wp-block-buttons-is-layout-flex\">\n<div class=\"wp-block-button\"><a class=\"wp-block-button__link has-black-color has-pale-cyan-blue-background-color has-text-color has-background\">Patience&#8230;<\/a><\/div>\n<\/div>\n<\/div>\n<\/div>\n\n\n\n<p><\/p>\n\n\n\n<hr class=\"wp-block-separator\"\/>\n\n\n\n<div class=\"wp-block-columns is-layout-flex wp-container-core-columns-is-layout-9d6595d7 wp-block-columns-is-layout-flex\">\n<div class=\"wp-block-column is-layout-flow wp-block-column-is-layout-flow\">\n<h1 class=\"has-text-align-center wp-block-heading\" style=\"font-size:18px\">Bient\u00f4t<\/h1>\n\n\n\n<figure class=\"wp-block-image size-full is-style-default\"><img data-recalc-dims=\"1\" loading=\"lazy\" decoding=\"async\" width=\"832\" height=\"344\" src=\"https:\/\/i0.wp.com\/kyrroeditions.com\/wp-content\/uploads\/2022\/08\/300007591_409781401145602_817825938972227107_n.png?resize=832%2C344&#038;ssl=1\" alt=\"\" class=\"wp-image-1616\" srcset=\"https:\/\/i0.wp.com\/kyrroeditions.com\/wp-content\/uploads\/2022\/08\/300007591_409781401145602_817825938972227107_n.png?w=1000&amp;ssl=1 1000w, https:\/\/i0.wp.com\/kyrroeditions.com\/wp-content\/uploads\/2022\/08\/300007591_409781401145602_817825938972227107_n.png?resize=300%2C124&amp;ssl=1 300w, https:\/\/i0.wp.com\/kyrroeditions.com\/wp-content\/uploads\/2022\/08\/300007591_409781401145602_817825938972227107_n.png?resize=150%2C62&amp;ssl=1 150w, https:\/\/i0.wp.com\/kyrroeditions.com\/wp-content\/uploads\/2022\/08\/300007591_409781401145602_817825938972227107_n.png?resize=768%2C318&amp;ssl=1 768w, https:\/\/i0.wp.com\/kyrroeditions.com\/wp-content\/uploads\/2022\/08\/300007591_409781401145602_817825938972227107_n.png?resize=600%2C248&amp;ssl=1 600w\" sizes=\"(max-width: 832px) 100vw, 832px\" \/><\/figure>\n\n\n\n<p><\/p>\n\n\n\n<div class=\"wp-block-buttons is-content-justification-center is-layout-flex wp-block-buttons-is-layout-flex\">\n<div class=\"wp-block-button\"><a class=\"wp-block-button__link has-black-color has-pale-cyan-blue-background-color has-text-color has-background\">Patience&#8230;<\/a><\/div>\n<\/div>\n<\/div>\n\n\n\n<div class=\"wp-block-column is-layout-flow wp-block-column-is-layout-flow\">\n<h1 class=\"has-text-align-center wp-block-heading\" style=\"font-size:18px\">Bient\u00f4t<\/h1>\n\n\n\n<figure class=\"wp-block-image size-large is-style-default\"><img data-recalc-dims=\"1\" loading=\"lazy\" decoding=\"async\" width=\"832\" height=\"344\" src=\"https:\/\/i0.wp.com\/kyrroeditions.com\/wp-content\/uploads\/2021\/04\/enfant-1.png?resize=832%2C344&#038;ssl=1\" alt=\"\" class=\"wp-image-525\" srcset=\"https:\/\/i0.wp.com\/kyrroeditions.com\/wp-content\/uploads\/2021\/04\/enfant-1.png?w=1000&amp;ssl=1 1000w, https:\/\/i0.wp.com\/kyrroeditions.com\/wp-content\/uploads\/2021\/04\/enfant-1.png?resize=300%2C124&amp;ssl=1 300w, https:\/\/i0.wp.com\/kyrroeditions.com\/wp-content\/uploads\/2021\/04\/enfant-1.png?resize=150%2C62&amp;ssl=1 150w, https:\/\/i0.wp.com\/kyrroeditions.com\/wp-content\/uploads\/2021\/04\/enfant-1.png?resize=768%2C318&amp;ssl=1 768w, https:\/\/i0.wp.com\/kyrroeditions.com\/wp-content\/uploads\/2021\/04\/enfant-1.png?resize=600%2C248&amp;ssl=1 600w\" sizes=\"(max-width: 832px) 100vw, 832px\" \/><\/figure>\n\n\n\n<p><\/p>\n\n\n\n<div class=\"wp-block-buttons is-content-justification-center is-layout-flex wp-block-buttons-is-layout-flex\">\n<div class=\"wp-block-button\"><a class=\"wp-block-button__link has-black-color has-pale-cyan-blue-background-color has-text-color has-background\">Patience&#8230;<\/a><\/div>\n<\/div>\n<\/div>\n<\/div>\n\n\n\n<p><\/p>\n","protected":false},"excerpt":{"rendered":"<p>L&rsquo;amour, le vrai. Celui qui bouleverse L&rsquo;amour, empreint de sensualit\u00e9 De l&rsquo;amour \u00e0 l&rsquo;humour, il n&rsquo;y a qu&rsquo;un pas Petit format, grand \u00e9clat de rire L&rsquo;amour, de la p\u00e9nombre \u00e0 l&rsquo;obscurit\u00e9 Bient\u00f4t Bient\u00f4t Bient\u00f4t<\/p>\n","protected":false},"author":1,"featured_media":0,"parent":0,"menu_order":0,"comment_status":"closed","ping_status":"closed","template":"template-gutenberg.php","meta":{"footnotes":""},"class_list":["post-132","page","type-page","status-publish","hentry"],"jetpack-related-posts":[],"jetpack_sharing_enabled":true,"_links":{"self":[{"href":"https:\/\/kyrroeditions.com\/index.php\/wp-json\/wp\/v2\/pages\/132","targetHints":{"allow":["GET"]}}],"collection":[{"href":"https:\/\/kyrroeditions.com\/index.php\/wp-json\/wp\/v2\/pages"}],"about":[{"href":"https:\/\/kyrroeditions.com\/index.php\/wp-json\/wp\/v2\/types\/page"}],"author":[{"embeddable":true,"href":"https:\/\/kyrroeditions.com\/index.php\/wp-json\/wp\/v2\/users\/1"}],"replies":[{"embeddable":true,"href":"https:\/\/kyrroeditions.com\/index.php\/wp-json\/wp\/v2\/comments?post=132"}],"version-history":[{"count":56,"href":"https:\/\/kyrroeditions.com\/index.php\/wp-json\/wp\/v2\/pages\/132\/revisions"}],"predecessor-version":[{"id":1634,"href":"https:\/\/kyrroeditions.com\/index.php\/wp-json\/wp\/v2\/pages\/132\/revisions\/1634"}],"wp:attachment":[{"href":"https:\/\/kyrroeditions.com\/index.php\/wp-json\/wp\/v2\/media?parent=132"}],"curies":[{"name":"wp","href":"https:\/\/api.w.org\/{rel}","templated":true}]}}