{"id":181,"date":"2021-04-03T17:26:27","date_gmt":"2021-04-03T15:26:27","guid":{"rendered":"http:\/\/kyrroeditions.com\/?page_id=181"},"modified":"2021-05-11T21:14:16","modified_gmt":"2021-05-11T19:14:16","slug":"lilfyndio-comedie-mini","status":"publish","type":"page","link":"https:\/\/kyrroeditions.com\/index.php\/lilfyndio-comedie-mini\/","title":{"rendered":"lil&rsquo; fyndi\u00f0 &#8211; Com\u00e9die romantique version mini"},"content":{"rendered":"\n<div class=\"wp-block-group\"><div class=\"wp-block-group__inner-container is-layout-flow wp-block-group-is-layout-flow\">\n<div class=\"wp-block-group alignfull\"><div class=\"wp-block-group__inner-container is-layout-flow wp-block-group-is-layout-flow\">\n<hr class=\"wp-block-separator\"\/>\n<\/div><\/div>\n<\/div><\/div>\n\n\n\n<div class=\"wp-block-media-text alignwide is-stacked-on-mobile\" style=\"grid-template-columns:58% auto\"><figure class=\"wp-block-media-text__media\"><img data-recalc-dims=\"1\" loading=\"lazy\" decoding=\"async\" width=\"832\" height=\"344\" src=\"https:\/\/i0.wp.com\/kyrroeditions.com\/wp-content\/uploads\/2021\/05\/185249103_2881458762100380_321532097505265318_n-1.png?resize=832%2C344&#038;ssl=1\" alt=\"\" class=\"wp-image-692 size-full\" srcset=\"https:\/\/i0.wp.com\/kyrroeditions.com\/wp-content\/uploads\/2021\/05\/185249103_2881458762100380_321532097505265318_n-1.png?w=1000&amp;ssl=1 1000w, https:\/\/i0.wp.com\/kyrroeditions.com\/wp-content\/uploads\/2021\/05\/185249103_2881458762100380_321532097505265318_n-1.png?resize=300%2C124&amp;ssl=1 300w, https:\/\/i0.wp.com\/kyrroeditions.com\/wp-content\/uploads\/2021\/05\/185249103_2881458762100380_321532097505265318_n-1.png?resize=150%2C62&amp;ssl=1 150w, https:\/\/i0.wp.com\/kyrroeditions.com\/wp-content\/uploads\/2021\/05\/185249103_2881458762100380_321532097505265318_n-1.png?resize=768%2C318&amp;ssl=1 768w, https:\/\/i0.wp.com\/kyrroeditions.com\/wp-content\/uploads\/2021\/05\/185249103_2881458762100380_321532097505265318_n-1.png?resize=600%2C248&amp;ssl=1 600w\" sizes=\"auto, (max-width: 832px) 100vw, 832px\" \/><\/figure><div class=\"wp-block-media-text__content\">\n<p style=\"font-size:18px\">Des fou-rires en format mini, \u00e0 emporter partout<\/p>\n\n\n\n<p style=\"font-size:18px\">Sans jamais se classer dans un sous-genre pr\u00e9cis, la collection Lil&rsquo;Fyndi\u00f0 vous propose des romances dr\u00f4les et touchantes, parfois m\u00eame d\u00e9jant\u00e9es.<\/p>\n\n\n\n<p style=\"font-size:18px\">Pas de discrimination, nos histoires vous sont cont\u00e9es du point de vue f\u00e9minin, ou masculin. Qu\u2019importe, tant que le sourire s\u2019accroche \u00e0 vos l\u00e8vres jusqu\u2019\u00e0 la derni\u00e8re page.<\/p>\n<\/div><\/div>\n\n\n\n<p><\/p>\n\n\n\n<hr class=\"wp-block-separator has-text-color has-background has-pale-cyan-blue-background-color has-pale-cyan-blue-color\"\/>\n\n\n<div data-block-name=\"woocommerce\/product-tag\" data-tags=\"[46]\" class=\"wc-block-grid wp-block-product-tag wp-block-woocommerce-product-tag wc-block-product-tag has-3-columns has-multiple-rows\"><ul class=\"wc-block-grid__products\"><li class=\"wc-block-grid__product\">\n\t\t\t\t<a href=\"https:\/\/kyrroeditions.com\/index.php\/produit\/jyvaispas\/\" class=\"wc-block-grid__product-link\">\n\t\t\t\t\t\n\t\t\t\t\t<div class=\"wc-block-grid__product-image\"><img loading=\"lazy\" decoding=\"async\" width=\"300\" height=\"300\" src=\"https:\/\/i0.wp.com\/kyrroeditions.com\/wp-content\/uploads\/2022\/12\/disposition-mockup-boutique.png?resize=300%2C300&amp;ssl=1\" class=\"attachment-woocommerce_thumbnail size-woocommerce_thumbnail\" alt=\"J&#039;y vais pas, j&#039;ai froid - Karyn Adler (featuring Lo\u00efs Smes)\" srcset=\"https:\/\/i0.wp.com\/kyrroeditions.com\/wp-content\/uploads\/2022\/12\/disposition-mockup-boutique.png?w=2500&amp;ssl=1 2500w, https:\/\/i0.wp.com\/kyrroeditions.com\/wp-content\/uploads\/2022\/12\/disposition-mockup-boutique.png?resize=300%2C300&amp;ssl=1 300w, https:\/\/i0.wp.com\/kyrroeditions.com\/wp-content\/uploads\/2022\/12\/disposition-mockup-boutique.png?resize=1024%2C1024&amp;ssl=1 1024w, https:\/\/i0.wp.com\/kyrroeditions.com\/wp-content\/uploads\/2022\/12\/disposition-mockup-boutique.png?resize=150%2C150&amp;ssl=1 150w, https:\/\/i0.wp.com\/kyrroeditions.com\/wp-content\/uploads\/2022\/12\/disposition-mockup-boutique.png?resize=768%2C768&amp;ssl=1 768w, https:\/\/i0.wp.com\/kyrroeditions.com\/wp-content\/uploads\/2022\/12\/disposition-mockup-boutique.png?resize=1536%2C1536&amp;ssl=1 1536w, https:\/\/i0.wp.com\/kyrroeditions.com\/wp-content\/uploads\/2022\/12\/disposition-mockup-boutique.png?resize=2048%2C2048&amp;ssl=1 2048w, https:\/\/i0.wp.com\/kyrroeditions.com\/wp-content\/uploads\/2022\/12\/disposition-mockup-boutique.png?resize=600%2C600&amp;ssl=1 600w, https:\/\/i0.wp.com\/kyrroeditions.com\/wp-content\/uploads\/2022\/12\/disposition-mockup-boutique.png?w=1664&amp;ssl=1 1664w\" sizes=\"auto, (max-width: 300px) 100vw, 300px\" \/><\/div>\n\t\t\t\t\t<div class=\"wc-block-grid__product-title\">J&rsquo;y vais pas, j&rsquo;ai froid &#8211; Karyn Adler (featuring Lo\u00efs Smes)<\/div>\n\t\t\t\t<\/a>\n\t\t\t\t<div class=\"wc-block-grid__product-price price\"><span class=\"woocommerce-Price-amount amount\">12,90<span class=\"woocommerce-Price-currencySymbol\">&euro;<\/span><\/span><\/div>\n\t\t\t\t<div class=\"wc-block-grid__product-rating\"><div class=\"star-rating\" role=\"img\" aria-label=\"Note 5.00 sur 5\"><span style=\"width:100%\">Not\u00e9 <strong class=\"rating\">5.00<\/strong> sur 5 bas\u00e9 sur <span class=\"rating\">3<\/span> notations client<\/span><\/div><\/div>\n\t\t\t\t<div class=\"wp-block-button wc-block-grid__product-add-to-cart\"><a href=\"https:\/\/kyrroeditions.com\/index.php\/produit\/jyvaispas\/\" aria-label=\"S\u00e9lectionner les options pour &ldquo;J&#039;y vais pas, j&#039;ai froid - Karyn Adler (featuring Lo\u00efs Smes)&rdquo;\" data-quantity=\"1\" data-product_id=\"1952\" data-product_sku=\"JVP\" data-price=\"12.9\" rel=\"nofollow\" class=\"wp-block-button__link  add_to_cart_button\">Lire la suite<\/a><\/div>\n\t\t\t<\/li><li class=\"wc-block-grid__product\">\n\t\t\t\t<a href=\"https:\/\/kyrroeditions.com\/index.php\/produit\/cross-lover\/\" class=\"wc-block-grid__product-link\">\n\t\t\t\t\t\n\t\t\t\t\t<div class=\"wc-block-grid__product-image\"><img loading=\"lazy\" decoding=\"async\" width=\"300\" height=\"300\" src=\"https:\/\/i0.wp.com\/kyrroeditions.com\/wp-content\/uploads\/2021\/11\/mockup-cross.png?resize=300%2C300&amp;ssl=1\" class=\"attachment-woocommerce_thumbnail size-woocommerce_thumbnail\" alt=\"Cross Lover - Karyn Adler &amp; Lo\u00efs Smes\" srcset=\"https:\/\/i0.wp.com\/kyrroeditions.com\/wp-content\/uploads\/2021\/11\/mockup-cross.png?w=2500&amp;ssl=1 2500w, https:\/\/i0.wp.com\/kyrroeditions.com\/wp-content\/uploads\/2021\/11\/mockup-cross.png?resize=300%2C300&amp;ssl=1 300w, https:\/\/i0.wp.com\/kyrroeditions.com\/wp-content\/uploads\/2021\/11\/mockup-cross.png?resize=1024%2C1024&amp;ssl=1 1024w, https:\/\/i0.wp.com\/kyrroeditions.com\/wp-content\/uploads\/2021\/11\/mockup-cross.png?resize=150%2C150&amp;ssl=1 150w, https:\/\/i0.wp.com\/kyrroeditions.com\/wp-content\/uploads\/2021\/11\/mockup-cross.png?resize=768%2C768&amp;ssl=1 768w, https:\/\/i0.wp.com\/kyrroeditions.com\/wp-content\/uploads\/2021\/11\/mockup-cross.png?resize=1536%2C1536&amp;ssl=1 1536w, https:\/\/i0.wp.com\/kyrroeditions.com\/wp-content\/uploads\/2021\/11\/mockup-cross.png?resize=2048%2C2048&amp;ssl=1 2048w, https:\/\/i0.wp.com\/kyrroeditions.com\/wp-content\/uploads\/2021\/11\/mockup-cross.png?resize=600%2C600&amp;ssl=1 600w, https:\/\/i0.wp.com\/kyrroeditions.com\/wp-content\/uploads\/2021\/11\/mockup-cross.png?w=1664&amp;ssl=1 1664w\" sizes=\"auto, (max-width: 300px) 100vw, 300px\" \/><\/div>\n\t\t\t\t\t<div class=\"wc-block-grid__product-title\">Cross Lover &#8211; Karyn Adler &amp; Lo\u00efs Smes<\/div>\n\t\t\t\t<\/a>\n\t\t\t\t<div class=\"wc-block-grid__product-price price\"><span class=\"woocommerce-Price-amount amount\">12,90<span class=\"woocommerce-Price-currencySymbol\">&euro;<\/span><\/span><\/div>\n\t\t\t\t<div class=\"wc-block-grid__product-rating\"><div class=\"star-rating\" role=\"img\" aria-label=\"Note 5.00 sur 5\"><span style=\"width:100%\">Not\u00e9 <strong class=\"rating\">5.00<\/strong> sur 5 bas\u00e9 sur <span class=\"rating\">1<\/span> notation client<\/span><\/div><\/div>\n\t\t\t\t<div class=\"wp-block-button wc-block-grid__product-add-to-cart\"><a href=\"https:\/\/kyrroeditions.com\/index.php\/produit\/cross-lover\/\" aria-label=\"S\u00e9lectionner les options pour &ldquo;Cross Lover - Karyn Adler &amp; Lo\u00efs Smes&rdquo;\" data-quantity=\"1\" data-product_id=\"950\" data-product_sku=\"CL\" data-price=\"12.9\" rel=\"nofollow\" class=\"wp-block-button__link  add_to_cart_button\">Lire la suite<\/a><\/div>\n\t\t\t<\/li><li class=\"wc-block-grid__product\">\n\t\t\t\t<a href=\"https:\/\/kyrroeditions.com\/index.php\/produit\/recherche-scoop-desesperement\/\" class=\"wc-block-grid__product-link\">\n\t\t\t\t\t\n\t\t\t\t\t<div class=\"wc-block-grid__product-image\"><img loading=\"lazy\" decoding=\"async\" width=\"300\" height=\"300\" src=\"https:\/\/i0.wp.com\/kyrroeditions.com\/wp-content\/uploads\/2021\/06\/mockup-scoop.png?resize=300%2C300&amp;ssl=1\" class=\"attachment-woocommerce_thumbnail size-woocommerce_thumbnail\" alt=\"Recherche scoop d\u00e9sesp\u00e9r\u00e9ment - Karyn Adler (Featuring Lo\u00efs Smes)\" srcset=\"https:\/\/i0.wp.com\/kyrroeditions.com\/wp-content\/uploads\/2021\/06\/mockup-scoop.png?w=2500&amp;ssl=1 2500w, https:\/\/i0.wp.com\/kyrroeditions.com\/wp-content\/uploads\/2021\/06\/mockup-scoop.png?resize=300%2C300&amp;ssl=1 300w, https:\/\/i0.wp.com\/kyrroeditions.com\/wp-content\/uploads\/2021\/06\/mockup-scoop.png?resize=1024%2C1024&amp;ssl=1 1024w, https:\/\/i0.wp.com\/kyrroeditions.com\/wp-content\/uploads\/2021\/06\/mockup-scoop.png?resize=150%2C150&amp;ssl=1 150w, https:\/\/i0.wp.com\/kyrroeditions.com\/wp-content\/uploads\/2021\/06\/mockup-scoop.png?resize=768%2C768&amp;ssl=1 768w, https:\/\/i0.wp.com\/kyrroeditions.com\/wp-content\/uploads\/2021\/06\/mockup-scoop.png?resize=1536%2C1536&amp;ssl=1 1536w, https:\/\/i0.wp.com\/kyrroeditions.com\/wp-content\/uploads\/2021\/06\/mockup-scoop.png?resize=2048%2C2048&amp;ssl=1 2048w, https:\/\/i0.wp.com\/kyrroeditions.com\/wp-content\/uploads\/2021\/06\/mockup-scoop.png?resize=600%2C600&amp;ssl=1 600w, https:\/\/i0.wp.com\/kyrroeditions.com\/wp-content\/uploads\/2021\/06\/mockup-scoop.png?w=1664&amp;ssl=1 1664w\" sizes=\"auto, (max-width: 300px) 100vw, 300px\" \/><\/div>\n\t\t\t\t\t<div class=\"wc-block-grid__product-title\">Recherche scoop d\u00e9sesp\u00e9r\u00e9ment &#8211; Karyn Adler (Featuring Lo\u00efs Smes)<\/div>\n\t\t\t\t<\/a>\n\t\t\t\t<div class=\"wc-block-grid__product-price price\"><span class=\"woocommerce-Price-amount amount\">12,90<span class=\"woocommerce-Price-currencySymbol\">&euro;<\/span><\/span><\/div>\n\t\t\t\t<div class=\"wc-block-grid__product-rating\"><div class=\"star-rating\" role=\"img\" aria-label=\"Note 5.00 sur 5\"><span style=\"width:100%\">Not\u00e9 <strong class=\"rating\">5.00<\/strong> sur 5 bas\u00e9 sur <span class=\"rating\">1<\/span> notation client<\/span><\/div><\/div>\n\t\t\t\t<div class=\"wp-block-button wc-block-grid__product-add-to-cart\"><a href=\"https:\/\/kyrroeditions.com\/index.php\/produit\/recherche-scoop-desesperement\/\" aria-label=\"S\u00e9lectionner les options pour &ldquo;Recherche scoop d\u00e9sesp\u00e9r\u00e9ment - Karyn Adler (Featuring Lo\u00efs Smes)&rdquo;\" data-quantity=\"1\" data-product_id=\"758\" data-product_sku=\"RSD\" data-price=\"12.9\" rel=\"nofollow\" class=\"wp-block-button__link  add_to_cart_button\">Lire la suite<\/a><\/div>\n\t\t\t<\/li><li class=\"wc-block-grid__product\">\n\t\t\t\t<a href=\"https:\/\/kyrroeditions.com\/index.php\/produit\/a-7-coups-de-reins\/\" class=\"wc-block-grid__product-link\">\n\t\t\t\t\t\n\t\t\t\t\t<div class=\"wc-block-grid__product-image\"><img loading=\"lazy\" decoding=\"async\" width=\"300\" height=\"300\" src=\"https:\/\/i0.wp.com\/kyrroeditions.com\/wp-content\/uploads\/2020\/12\/mockup-7-2.0.png?resize=300%2C300&amp;ssl=1\" class=\"attachment-woocommerce_thumbnail size-woocommerce_thumbnail\" alt=\"A 7 coups de reins\" srcset=\"https:\/\/i0.wp.com\/kyrroeditions.com\/wp-content\/uploads\/2020\/12\/mockup-7-2.0.png?w=2500&amp;ssl=1 2500w, https:\/\/i0.wp.com\/kyrroeditions.com\/wp-content\/uploads\/2020\/12\/mockup-7-2.0.png?resize=300%2C300&amp;ssl=1 300w, https:\/\/i0.wp.com\/kyrroeditions.com\/wp-content\/uploads\/2020\/12\/mockup-7-2.0.png?resize=1024%2C1024&amp;ssl=1 1024w, https:\/\/i0.wp.com\/kyrroeditions.com\/wp-content\/uploads\/2020\/12\/mockup-7-2.0.png?resize=150%2C150&amp;ssl=1 150w, https:\/\/i0.wp.com\/kyrroeditions.com\/wp-content\/uploads\/2020\/12\/mockup-7-2.0.png?resize=768%2C768&amp;ssl=1 768w, https:\/\/i0.wp.com\/kyrroeditions.com\/wp-content\/uploads\/2020\/12\/mockup-7-2.0.png?resize=1536%2C1536&amp;ssl=1 1536w, https:\/\/i0.wp.com\/kyrroeditions.com\/wp-content\/uploads\/2020\/12\/mockup-7-2.0.png?resize=2048%2C2048&amp;ssl=1 2048w, https:\/\/i0.wp.com\/kyrroeditions.com\/wp-content\/uploads\/2020\/12\/mockup-7-2.0.png?resize=600%2C600&amp;ssl=1 600w, https:\/\/i0.wp.com\/kyrroeditions.com\/wp-content\/uploads\/2020\/12\/mockup-7-2.0.png?w=1664&amp;ssl=1 1664w\" sizes=\"auto, (max-width: 300px) 100vw, 300px\" \/><\/div>\n\t\t\t\t\t<div class=\"wc-block-grid__product-title\">\u00c0 7 coups de reins &#8211; Lo\u00efs Smes<\/div>\n\t\t\t\t<\/a>\n\t\t\t\t<div class=\"wc-block-grid__product-price price\"><span class=\"woocommerce-Price-amount amount\">12,90<span class=\"woocommerce-Price-currencySymbol\">&euro;<\/span><\/span><\/div>\n\t\t\t\t<div class=\"wc-block-grid__product-rating\"><div class=\"star-rating\" role=\"img\" aria-label=\"Note 5.00 sur 5\"><span style=\"width:100%\">Not\u00e9 <strong class=\"rating\">5.00<\/strong> sur 5 bas\u00e9 sur <span class=\"rating\">3<\/span> notations client<\/span><\/div><\/div>\n\t\t\t\t<div class=\"wp-block-button wc-block-grid__product-add-to-cart\"><a href=\"https:\/\/kyrroeditions.com\/index.php\/produit\/a-7-coups-de-reins\/\" aria-label=\"S\u00e9lectionner les options pour &ldquo;\u00c0 7 coups de reins - Lo\u00efs Smes&rdquo;\" data-quantity=\"1\" data-product_id=\"68\" data-product_sku=\"A7\" data-price=\"12.9\" rel=\"nofollow\" class=\"wp-block-button__link  add_to_cart_button\">Lire la suite<\/a><\/div>\n\t\t\t<\/li><li class=\"wc-block-grid__product\">\n\t\t\t\t<a href=\"https:\/\/kyrroeditions.com\/index.php\/produit\/le-chalet\/\" class=\"wc-block-grid__product-link\">\n\t\t\t\t\t\n\t\t\t\t\t<div class=\"wc-block-grid__product-image\"><img loading=\"lazy\" decoding=\"async\" width=\"300\" height=\"300\" src=\"https:\/\/i0.wp.com\/kyrroeditions.com\/wp-content\/uploads\/2020\/11\/chalet.png?resize=300%2C300&amp;ssl=1\" class=\"attachment-woocommerce_thumbnail size-woocommerce_thumbnail\" alt=\"Tout ce qui se passe au chalet, reste au chalet (... ou pas) - Karyn Adler\" srcset=\"https:\/\/i0.wp.com\/kyrroeditions.com\/wp-content\/uploads\/2020\/11\/chalet.png?w=2500&amp;ssl=1 2500w, https:\/\/i0.wp.com\/kyrroeditions.com\/wp-content\/uploads\/2020\/11\/chalet.png?resize=300%2C300&amp;ssl=1 300w, https:\/\/i0.wp.com\/kyrroeditions.com\/wp-content\/uploads\/2020\/11\/chalet.png?resize=1024%2C1024&amp;ssl=1 1024w, https:\/\/i0.wp.com\/kyrroeditions.com\/wp-content\/uploads\/2020\/11\/chalet.png?resize=150%2C150&amp;ssl=1 150w, https:\/\/i0.wp.com\/kyrroeditions.com\/wp-content\/uploads\/2020\/11\/chalet.png?resize=768%2C768&amp;ssl=1 768w, https:\/\/i0.wp.com\/kyrroeditions.com\/wp-content\/uploads\/2020\/11\/chalet.png?resize=1536%2C1536&amp;ssl=1 1536w, https:\/\/i0.wp.com\/kyrroeditions.com\/wp-content\/uploads\/2020\/11\/chalet.png?resize=2048%2C2048&amp;ssl=1 2048w, https:\/\/i0.wp.com\/kyrroeditions.com\/wp-content\/uploads\/2020\/11\/chalet.png?resize=600%2C600&amp;ssl=1 600w, https:\/\/i0.wp.com\/kyrroeditions.com\/wp-content\/uploads\/2020\/11\/chalet.png?w=1664&amp;ssl=1 1664w\" sizes=\"auto, (max-width: 300px) 100vw, 300px\" \/><\/div>\n\t\t\t\t\t<div class=\"wc-block-grid__product-title\">Tout ce qui se passe au chalet, reste au chalet (&#8230; ou pas) &#8211; Karyn Adler<\/div>\n\t\t\t\t<\/a>\n\t\t\t\t<div class=\"wc-block-grid__product-price price\"><span class=\"woocommerce-Price-amount amount\">12,90<span class=\"woocommerce-Price-currencySymbol\">&euro;<\/span><\/span><\/div>\n\t\t\t\t<div class=\"wc-block-grid__product-rating\"><div class=\"star-rating\" role=\"img\" aria-label=\"Note 5.00 sur 5\"><span style=\"width:100%\">Not\u00e9 <strong class=\"rating\">5.00<\/strong> sur 5 bas\u00e9 sur <span class=\"rating\">1<\/span> notation client<\/span><\/div><\/div>\n\t\t\t\t<div class=\"wp-block-button wc-block-grid__product-add-to-cart\"><a href=\"https:\/\/kyrroeditions.com\/index.php\/produit\/le-chalet\/\" aria-label=\"S\u00e9lectionner les options pour &ldquo;Tout ce qui se passe au chalet, reste au chalet (... ou pas) - Karyn Adler&rdquo;\" data-quantity=\"1\" data-product_id=\"54\" data-product_sku=\"CHALET\" data-price=\"12.9\" rel=\"nofollow\" class=\"wp-block-button__link  add_to_cart_button\">Lire la suite<\/a><\/div>\n\t\t\t<\/li><\/ul><\/div>","protected":false},"excerpt":{"rendered":"<p>Des fou-rires en format mini, \u00e0 emporter partout Sans jamais se classer dans un sous-genre pr\u00e9cis, la collection Lil&rsquo;Fyndi\u00f0 vous propose des romances dr\u00f4les et touchantes, parfois m\u00eame d\u00e9jant\u00e9es. Pas de discrimination, nos histoires vous sont cont\u00e9es du point de vue f\u00e9minin, ou masculin. Qu\u2019importe, tant que le sourire s\u2019accroche \u00e0 vos l\u00e8vres jusqu\u2019\u00e0 la <a class=\"read-more\" href=\"https:\/\/kyrroeditions.com\/index.php\/lilfyndio-comedie-mini\/\">Read More<\/a><\/p>\n","protected":false},"author":1,"featured_media":0,"parent":0,"menu_order":0,"comment_status":"closed","ping_status":"closed","template":"","meta":{"footnotes":""},"class_list":["post-181","page","type-page","status-publish","hentry"],"jetpack-related-posts":[],"jetpack_sharing_enabled":true,"_links":{"self":[{"href":"https:\/\/kyrroeditions.com\/index.php\/wp-json\/wp\/v2\/pages\/181","targetHints":{"allow":["GET"]}}],"collection":[{"href":"https:\/\/kyrroeditions.com\/index.php\/wp-json\/wp\/v2\/pages"}],"about":[{"href":"https:\/\/kyrroeditions.com\/index.php\/wp-json\/wp\/v2\/types\/page"}],"author":[{"embeddable":true,"href":"https:\/\/kyrroeditions.com\/index.php\/wp-json\/wp\/v2\/users\/1"}],"replies":[{"embeddable":true,"href":"https:\/\/kyrroeditions.com\/index.php\/wp-json\/wp\/v2\/comments?post=181"}],"version-history":[{"count":13,"href":"https:\/\/kyrroeditions.com\/index.php\/wp-json\/wp\/v2\/pages\/181\/revisions"}],"predecessor-version":[{"id":706,"href":"https:\/\/kyrroeditions.com\/index.php\/wp-json\/wp\/v2\/pages\/181\/revisions\/706"}],"wp:attachment":[{"href":"https:\/\/kyrroeditions.com\/index.php\/wp-json\/wp\/v2\/media?parent=181"}],"curies":[{"name":"wp","href":"https:\/\/api.w.org\/{rel}","templated":true}]}}