{"id":182,"date":"2021-04-03T17:26:27","date_gmt":"2021-04-03T15:26:27","guid":{"rendered":"http:\/\/kyrroeditions.com\/?page_id=182"},"modified":"2021-09-15T18:08:10","modified_gmt":"2021-09-15T16:08:10","slug":"fyndid-drole","status":"publish","type":"page","link":"https:\/\/kyrroeditions.com\/index.php\/fyndid-drole\/","title":{"rendered":"fyndi\u00f0 &#8211; Com\u00e9die romantique"},"content":{"rendered":"\n<div class=\"wp-block-group is-layout-flow wp-block-group-is-layout-flow\"><div class=\"wp-block-group__inner-container\"><\/div><\/div>\n\n\n\n<hr class=\"wp-block-separator\"\/>\n\n\n\n<div class=\"wp-block-media-text alignfull is-stacked-on-mobile\" style=\"grid-template-columns:59% auto\"><figure class=\"wp-block-media-text__media\"><img data-recalc-dims=\"1\" loading=\"lazy\" decoding=\"async\" width=\"832\" height=\"344\" src=\"https:\/\/i0.wp.com\/kyrroeditions.com\/wp-content\/uploads\/2021\/04\/169134225_160561502609549_4300974871057487326_n.png?resize=832%2C344&#038;ssl=1\" alt=\"\" class=\"wp-image-410 size-full\" srcset=\"https:\/\/i0.wp.com\/kyrroeditions.com\/wp-content\/uploads\/2021\/04\/169134225_160561502609549_4300974871057487326_n.png?w=1000&amp;ssl=1 1000w, https:\/\/i0.wp.com\/kyrroeditions.com\/wp-content\/uploads\/2021\/04\/169134225_160561502609549_4300974871057487326_n.png?resize=300%2C124&amp;ssl=1 300w, https:\/\/i0.wp.com\/kyrroeditions.com\/wp-content\/uploads\/2021\/04\/169134225_160561502609549_4300974871057487326_n.png?resize=150%2C62&amp;ssl=1 150w, https:\/\/i0.wp.com\/kyrroeditions.com\/wp-content\/uploads\/2021\/04\/169134225_160561502609549_4300974871057487326_n.png?resize=768%2C318&amp;ssl=1 768w, https:\/\/i0.wp.com\/kyrroeditions.com\/wp-content\/uploads\/2021\/04\/169134225_160561502609549_4300974871057487326_n.png?resize=600%2C248&amp;ssl=1 600w\" sizes=\"auto, (max-width: 832px) 100vw, 832px\" \/><\/figure><div class=\"wp-block-media-text__content\">\n<p style=\"font-size:18px\">Sans jamais se classer dans un sous-genre pr\u00e9cis, la collection Fyndi\u00f0 vous propose des romances dr\u00f4les et touchantes, parfois m\u00eame d\u00e9jant\u00e9es. <\/p>\n\n\n\n<p style=\"font-size:18px\">Pas de discrimination, nos histoires vous sont cont\u00e9es du point de vue f\u00e9minin, ou masculin. Qu&rsquo;importe, tant que le sourire s&rsquo;accroche \u00e0 vos l\u00e8vres jusqu&rsquo;\u00e0 la derni\u00e8re page.<\/p>\n<\/div><\/div>\n\n\n\n<p><\/p>\n\n\n\n<hr class=\"wp-block-separator alignwide has-text-color has-background has-pale-cyan-blue-background-color has-pale-cyan-blue-color\"\/>\n\n\n\n<div class=\"wp-block-buttons is-layout-flex wp-block-buttons-is-layout-flex\"><\/div>\n\n\n\n<div class=\"wp-block-columns is-layout-flex wp-container-core-columns-is-layout-9d6595d7 wp-block-columns-is-layout-flex\">\n<div class=\"wp-block-column is-layout-flow wp-block-column-is-layout-flow\"><div data-block-name=\"woocommerce\/product-tag\" data-orderby=\"menu_order\" data-tags=\"[38]\" class=\"wc-block-grid wp-block-product-tag wp-block-woocommerce-product-tag wc-block-product-tag has-3-columns has-multiple-rows alignfull\"><ul class=\"wc-block-grid__products\"><li class=\"wc-block-grid__product\">\n\t\t\t\t<a href=\"https:\/\/kyrroeditions.com\/index.php\/produit\/mon-horrible-voisin\/\" class=\"wc-block-grid__product-link\">\n\t\t\t\t\t\n\t\t\t\t\t<div class=\"wc-block-grid__product-image\"><img loading=\"lazy\" decoding=\"async\" width=\"300\" height=\"300\" src=\"https:\/\/i0.wp.com\/kyrroeditions.com\/wp-content\/uploads\/2025\/06\/disposition-mockup-boutique-2.png?resize=300%2C300&amp;ssl=1\" class=\"attachment-woocommerce_thumbnail size-woocommerce_thumbnail\" alt=\"Mon horrible voisin - C\u00e9line E. Nicolas &amp; Virginie M. Cansier\" srcset=\"https:\/\/i0.wp.com\/kyrroeditions.com\/wp-content\/uploads\/2025\/06\/disposition-mockup-boutique-2.png?w=2500&amp;ssl=1 2500w, https:\/\/i0.wp.com\/kyrroeditions.com\/wp-content\/uploads\/2025\/06\/disposition-mockup-boutique-2.png?resize=300%2C300&amp;ssl=1 300w, https:\/\/i0.wp.com\/kyrroeditions.com\/wp-content\/uploads\/2025\/06\/disposition-mockup-boutique-2.png?resize=1024%2C1024&amp;ssl=1 1024w, https:\/\/i0.wp.com\/kyrroeditions.com\/wp-content\/uploads\/2025\/06\/disposition-mockup-boutique-2.png?resize=150%2C150&amp;ssl=1 150w, https:\/\/i0.wp.com\/kyrroeditions.com\/wp-content\/uploads\/2025\/06\/disposition-mockup-boutique-2.png?resize=768%2C768&amp;ssl=1 768w, https:\/\/i0.wp.com\/kyrroeditions.com\/wp-content\/uploads\/2025\/06\/disposition-mockup-boutique-2.png?resize=1536%2C1536&amp;ssl=1 1536w, https:\/\/i0.wp.com\/kyrroeditions.com\/wp-content\/uploads\/2025\/06\/disposition-mockup-boutique-2.png?resize=2048%2C2048&amp;ssl=1 2048w, https:\/\/i0.wp.com\/kyrroeditions.com\/wp-content\/uploads\/2025\/06\/disposition-mockup-boutique-2.png?resize=600%2C600&amp;ssl=1 600w, https:\/\/i0.wp.com\/kyrroeditions.com\/wp-content\/uploads\/2025\/06\/disposition-mockup-boutique-2.png?resize=64%2C64&amp;ssl=1 64w, https:\/\/i0.wp.com\/kyrroeditions.com\/wp-content\/uploads\/2025\/06\/disposition-mockup-boutique-2.png?w=1664&amp;ssl=1 1664w\" sizes=\"auto, (max-width: 300px) 100vw, 300px\" \/><\/div>\n\t\t\t\t\t<div class=\"wc-block-grid__product-title\">Mon horrible voisin &#8211; C\u00e9line E. Nicolas &amp; Virginie M. Cansier<\/div>\n\t\t\t\t<\/a>\n\t\t\t\t<div class=\"wc-block-grid__product-price price\"><span class=\"woocommerce-Price-amount amount\">16,90<span class=\"woocommerce-Price-currencySymbol\">&euro;<\/span><\/span><\/div>\n\t\t\t\t\n\t\t\t\t<div class=\"wp-block-button wc-block-grid__product-add-to-cart\"><a href=\"https:\/\/kyrroeditions.com\/index.php\/produit\/mon-horrible-voisin\/\" aria-label=\"S\u00e9lectionner les options pour &ldquo;Mon horrible voisin - C\u00e9line E. Nicolas &amp; Virginie M. Cansier&rdquo;\" data-quantity=\"1\" data-product_id=\"6558\" data-product_sku=\"PDC\" data-price=\"16.9\" rel=\"nofollow\" class=\"wp-block-button__link  add_to_cart_button\">Lire la suite<\/a><\/div>\n\t\t\t<\/li><li class=\"wc-block-grid__product\">\n\t\t\t\t<a href=\"https:\/\/kyrroeditions.com\/index.php\/produit\/on-parie\/\" class=\"wc-block-grid__product-link\">\n\t\t\t\t\t\n\t\t\t\t\t<div class=\"wc-block-grid__product-image\"><img loading=\"lazy\" decoding=\"async\" width=\"300\" height=\"300\" src=\"https:\/\/i0.wp.com\/kyrroeditions.com\/wp-content\/uploads\/2021\/12\/mockup-on-parie.png?resize=300%2C300&amp;ssl=1\" class=\"attachment-woocommerce_thumbnail size-woocommerce_thumbnail\" alt=\"On parie ? - Karyn Adler\" srcset=\"https:\/\/i0.wp.com\/kyrroeditions.com\/wp-content\/uploads\/2021\/12\/mockup-on-parie.png?w=2500&amp;ssl=1 2500w, https:\/\/i0.wp.com\/kyrroeditions.com\/wp-content\/uploads\/2021\/12\/mockup-on-parie.png?resize=300%2C300&amp;ssl=1 300w, https:\/\/i0.wp.com\/kyrroeditions.com\/wp-content\/uploads\/2021\/12\/mockup-on-parie.png?resize=1024%2C1024&amp;ssl=1 1024w, https:\/\/i0.wp.com\/kyrroeditions.com\/wp-content\/uploads\/2021\/12\/mockup-on-parie.png?resize=150%2C150&amp;ssl=1 150w, https:\/\/i0.wp.com\/kyrroeditions.com\/wp-content\/uploads\/2021\/12\/mockup-on-parie.png?resize=768%2C768&amp;ssl=1 768w, https:\/\/i0.wp.com\/kyrroeditions.com\/wp-content\/uploads\/2021\/12\/mockup-on-parie.png?resize=1536%2C1536&amp;ssl=1 1536w, https:\/\/i0.wp.com\/kyrroeditions.com\/wp-content\/uploads\/2021\/12\/mockup-on-parie.png?resize=2048%2C2048&amp;ssl=1 2048w, https:\/\/i0.wp.com\/kyrroeditions.com\/wp-content\/uploads\/2021\/12\/mockup-on-parie.png?resize=600%2C600&amp;ssl=1 600w, https:\/\/i0.wp.com\/kyrroeditions.com\/wp-content\/uploads\/2021\/12\/mockup-on-parie.png?w=1664&amp;ssl=1 1664w\" sizes=\"auto, (max-width: 300px) 100vw, 300px\" \/><\/div>\n\t\t\t\t\t<div class=\"wc-block-grid__product-title\">On parie ? &#8211; Karyn Adler<\/div>\n\t\t\t\t<\/a>\n\t\t\t\t<div class=\"wc-block-grid__product-price price\"><span class=\"woocommerce-Price-amount amount\">16,90<span class=\"woocommerce-Price-currencySymbol\">&euro;<\/span><\/span><\/div>\n\t\t\t\t<div class=\"wc-block-grid__product-rating\"><div class=\"star-rating\" role=\"img\" aria-label=\"Note 5.00 sur 5\"><span style=\"width:100%\">Not\u00e9 <strong class=\"rating\">5.00<\/strong> sur 5 bas\u00e9 sur <span class=\"rating\">1<\/span> notation client<\/span><\/div><\/div>\n\t\t\t\t<div class=\"wp-block-button wc-block-grid__product-add-to-cart\"><a href=\"https:\/\/kyrroeditions.com\/index.php\/produit\/on-parie\/\" aria-label=\"S\u00e9lectionner les options pour &ldquo;On parie ? - Karyn Adler&rdquo;\" data-quantity=\"1\" data-product_id=\"1060\" data-product_sku=\"OP\" data-price=\"16.9\" rel=\"nofollow\" class=\"wp-block-button__link  add_to_cart_button\">Lire la suite<\/a><\/div>\n\t\t\t<\/li><li class=\"wc-block-grid__product\">\n\t\t\t\t<a href=\"https:\/\/kyrroeditions.com\/index.php\/produit\/panique-pas-oli\/\" class=\"wc-block-grid__product-link\">\n\t\t\t\t\t\n\t\t\t\t\t<div class=\"wc-block-grid__product-image\"><img loading=\"lazy\" decoding=\"async\" width=\"300\" height=\"300\" src=\"https:\/\/i0.wp.com\/kyrroeditions.com\/wp-content\/uploads\/2021\/09\/disposition-mockup-ppo.png?resize=300%2C300&amp;ssl=1\" class=\"attachment-woocommerce_thumbnail size-woocommerce_thumbnail\" alt=\"Panique pas Oli - Karyn Adler\" srcset=\"https:\/\/i0.wp.com\/kyrroeditions.com\/wp-content\/uploads\/2021\/09\/disposition-mockup-ppo.png?w=2500&amp;ssl=1 2500w, https:\/\/i0.wp.com\/kyrroeditions.com\/wp-content\/uploads\/2021\/09\/disposition-mockup-ppo.png?resize=300%2C300&amp;ssl=1 300w, https:\/\/i0.wp.com\/kyrroeditions.com\/wp-content\/uploads\/2021\/09\/disposition-mockup-ppo.png?resize=1024%2C1024&amp;ssl=1 1024w, https:\/\/i0.wp.com\/kyrroeditions.com\/wp-content\/uploads\/2021\/09\/disposition-mockup-ppo.png?resize=150%2C150&amp;ssl=1 150w, https:\/\/i0.wp.com\/kyrroeditions.com\/wp-content\/uploads\/2021\/09\/disposition-mockup-ppo.png?resize=768%2C768&amp;ssl=1 768w, https:\/\/i0.wp.com\/kyrroeditions.com\/wp-content\/uploads\/2021\/09\/disposition-mockup-ppo.png?resize=1536%2C1536&amp;ssl=1 1536w, https:\/\/i0.wp.com\/kyrroeditions.com\/wp-content\/uploads\/2021\/09\/disposition-mockup-ppo.png?resize=2048%2C2048&amp;ssl=1 2048w, https:\/\/i0.wp.com\/kyrroeditions.com\/wp-content\/uploads\/2021\/09\/disposition-mockup-ppo.png?resize=600%2C600&amp;ssl=1 600w, https:\/\/i0.wp.com\/kyrroeditions.com\/wp-content\/uploads\/2021\/09\/disposition-mockup-ppo.png?w=1664&amp;ssl=1 1664w\" sizes=\"auto, (max-width: 300px) 100vw, 300px\" \/><\/div>\n\t\t\t\t\t<div class=\"wc-block-grid__product-title\">Panique pas Oli &#8211; Karyn Adler<\/div>\n\t\t\t\t<\/a>\n\t\t\t\t<div class=\"wc-block-grid__product-price price\"><span class=\"woocommerce-Price-amount amount\">17,90<span class=\"woocommerce-Price-currencySymbol\">&euro;<\/span><\/span><\/div>\n\t\t\t\t<div class=\"wc-block-grid__product-rating\"><div class=\"star-rating\" role=\"img\" aria-label=\"Note 5.00 sur 5\"><span style=\"width:100%\">Not\u00e9 <strong class=\"rating\">5.00<\/strong> sur 5 bas\u00e9 sur <span class=\"rating\">1<\/span> notation client<\/span><\/div><\/div>\n\t\t\t\t<div class=\"wp-block-button wc-block-grid__product-add-to-cart\"><a href=\"https:\/\/kyrroeditions.com\/index.php\/produit\/panique-pas-oli\/\" aria-label=\"S\u00e9lectionner les options pour &ldquo;Panique pas Oli - Karyn Adler&rdquo;\" data-quantity=\"1\" data-product_id=\"850\" data-product_sku=\"\" data-price=\"17.9\" rel=\"nofollow\" class=\"wp-block-button__link  add_to_cart_button\">Lire la suite<\/a><\/div>\n\t\t\t<\/li><li class=\"wc-block-grid__product\">\n\t\t\t\t<a href=\"https:\/\/kyrroeditions.com\/index.php\/produit\/priam-lodyssee\/\" class=\"wc-block-grid__product-link\">\n\t\t\t\t\t\n\t\t\t\t\t<div class=\"wc-block-grid__product-image\"><img loading=\"lazy\" decoding=\"async\" width=\"300\" height=\"300\" src=\"https:\/\/i0.wp.com\/kyrroeditions.com\/wp-content\/uploads\/2022\/08\/297593204_578394887318728_1969446547118896129_n1.png?resize=300%2C300&amp;ssl=1\" class=\"attachment-woocommerce_thumbnail size-woocommerce_thumbnail\" alt=\"Priam : L&#039;Odyss\u00e9e - Lo\u00efs Smes\" srcset=\"https:\/\/i0.wp.com\/kyrroeditions.com\/wp-content\/uploads\/2022\/08\/297593204_578394887318728_1969446547118896129_n1.png?w=2500&amp;ssl=1 2500w, https:\/\/i0.wp.com\/kyrroeditions.com\/wp-content\/uploads\/2022\/08\/297593204_578394887318728_1969446547118896129_n1.png?resize=300%2C300&amp;ssl=1 300w, https:\/\/i0.wp.com\/kyrroeditions.com\/wp-content\/uploads\/2022\/08\/297593204_578394887318728_1969446547118896129_n1.png?resize=1024%2C1024&amp;ssl=1 1024w, https:\/\/i0.wp.com\/kyrroeditions.com\/wp-content\/uploads\/2022\/08\/297593204_578394887318728_1969446547118896129_n1.png?resize=150%2C150&amp;ssl=1 150w, https:\/\/i0.wp.com\/kyrroeditions.com\/wp-content\/uploads\/2022\/08\/297593204_578394887318728_1969446547118896129_n1.png?resize=768%2C768&amp;ssl=1 768w, https:\/\/i0.wp.com\/kyrroeditions.com\/wp-content\/uploads\/2022\/08\/297593204_578394887318728_1969446547118896129_n1.png?resize=1536%2C1536&amp;ssl=1 1536w, https:\/\/i0.wp.com\/kyrroeditions.com\/wp-content\/uploads\/2022\/08\/297593204_578394887318728_1969446547118896129_n1.png?resize=2048%2C2048&amp;ssl=1 2048w, https:\/\/i0.wp.com\/kyrroeditions.com\/wp-content\/uploads\/2022\/08\/297593204_578394887318728_1969446547118896129_n1.png?resize=600%2C600&amp;ssl=1 600w, https:\/\/i0.wp.com\/kyrroeditions.com\/wp-content\/uploads\/2022\/08\/297593204_578394887318728_1969446547118896129_n1.png?w=1664&amp;ssl=1 1664w\" sizes=\"auto, (max-width: 300px) 100vw, 300px\" \/><\/div>\n\t\t\t\t\t<div class=\"wc-block-grid__product-title\">Priam : L&rsquo;Odyss\u00e9e &#8211; Lo\u00efs Smes<\/div>\n\t\t\t\t<\/a>\n\t\t\t\t<div class=\"wc-block-grid__product-price price\"><span class=\"woocommerce-Price-amount amount\">16,90<span class=\"woocommerce-Price-currencySymbol\">&euro;<\/span><\/span><\/div>\n\t\t\t\t<div class=\"wc-block-grid__product-rating\"><div class=\"star-rating\" role=\"img\" aria-label=\"Note 5.00 sur 5\"><span style=\"width:100%\">Not\u00e9 <strong class=\"rating\">5.00<\/strong> sur 5 bas\u00e9 sur <span class=\"rating\">3<\/span> notations client<\/span><\/div><\/div>\n\t\t\t\t<div class=\"wp-block-button wc-block-grid__product-add-to-cart\"><a href=\"https:\/\/kyrroeditions.com\/index.php\/produit\/priam-lodyssee\/\" aria-label=\"S\u00e9lectionner les options pour &ldquo;Priam : L&#039;Odyss\u00e9e - Lo\u00efs Smes&rdquo;\" data-quantity=\"1\" data-product_id=\"1580\" data-product_sku=\"PRIAM\" data-price=\"16.9\" rel=\"nofollow\" class=\"wp-block-button__link  add_to_cart_button\">Lire la suite<\/a><\/div>\n\t\t\t<\/li><li class=\"wc-block-grid__product\">\n\t\t\t\t<a href=\"https:\/\/kyrroeditions.com\/index.php\/produit\/priam-version-premium\/\" class=\"wc-block-grid__product-link\">\n\t\t\t\t\t\n\t\t\t\t\t<div class=\"wc-block-grid__product-image\"><img loading=\"lazy\" decoding=\"async\" width=\"300\" height=\"300\" src=\"https:\/\/i0.wp.com\/kyrroeditions.com\/wp-content\/uploads\/2026\/02\/mockup-disposition-jaspage-3.png?resize=300%2C300&amp;ssl=1\" class=\"attachment-woocommerce_thumbnail size-woocommerce_thumbnail\" alt=\"Priam : L&#039;Odyss\u00e9e - Lo\u00efs Smes - Broch\u00e9 Premium - pr\u00e9commandes\" srcset=\"https:\/\/i0.wp.com\/kyrroeditions.com\/wp-content\/uploads\/2026\/02\/mockup-disposition-jaspage-3.png?w=2500&amp;ssl=1 2500w, https:\/\/i0.wp.com\/kyrroeditions.com\/wp-content\/uploads\/2026\/02\/mockup-disposition-jaspage-3.png?resize=300%2C300&amp;ssl=1 300w, https:\/\/i0.wp.com\/kyrroeditions.com\/wp-content\/uploads\/2026\/02\/mockup-disposition-jaspage-3.png?resize=1024%2C1024&amp;ssl=1 1024w, https:\/\/i0.wp.com\/kyrroeditions.com\/wp-content\/uploads\/2026\/02\/mockup-disposition-jaspage-3.png?resize=150%2C150&amp;ssl=1 150w, https:\/\/i0.wp.com\/kyrroeditions.com\/wp-content\/uploads\/2026\/02\/mockup-disposition-jaspage-3.png?w=1664&amp;ssl=1 1664w\" sizes=\"auto, (max-width: 300px) 100vw, 300px\" \/><\/div>\n\t\t\t\t\t<div class=\"wc-block-grid__product-title\">Priam : L&rsquo;Odyss\u00e9e &#8211; Lo\u00efs Smes &#8211; Broch\u00e9 Premium &#8211; pr\u00e9commandes<\/div>\n\t\t\t\t<\/a>\n\t\t\t\t<div class=\"wc-block-grid__product-price price\"><span class=\"woocommerce-Price-amount amount\">22,00<span class=\"woocommerce-Price-currencySymbol\">&euro;<\/span><\/span><\/div>\n\t\t\t\t\n\t\t\t\t<div class=\"wp-block-button wc-block-grid__product-add-to-cart\"><a href=\"https:\/\/kyrroeditions.com\/index.php\/produit\/priam-version-premium\/\" aria-label=\"S\u00e9lectionner les options pour &ldquo;Priam : L&#039;Odyss\u00e9e - Lo\u00efs Smes - Broch\u00e9 Premium - pr\u00e9commandes&rdquo;\" data-quantity=\"1\" data-product_id=\"8934\" data-product_sku=\"PRIAM-2\" data-price=\"22\" rel=\"nofollow\" class=\"wp-block-button__link  add_to_cart_button\">Lire la suite<\/a><\/div>\n\t\t\t<\/li><li class=\"wc-block-grid__product\">\n\t\t\t\t<a href=\"https:\/\/kyrroeditions.com\/index.php\/produit\/welcome-to-the-phare-ouest\/\" class=\"wc-block-grid__product-link\">\n\t\t\t\t\t\n\t\t\t\t\t<div class=\"wc-block-grid__product-image\"><img loading=\"lazy\" decoding=\"async\" width=\"300\" height=\"300\" src=\"https:\/\/i0.wp.com\/kyrroeditions.com\/wp-content\/uploads\/2024\/06\/disposition-mockup.png?resize=300%2C300&amp;ssl=1\" class=\"attachment-woocommerce_thumbnail size-woocommerce_thumbnail\" alt=\"Photo du livre Welcome to the Phare Ouest de face et de dos\" srcset=\"https:\/\/i0.wp.com\/kyrroeditions.com\/wp-content\/uploads\/2024\/06\/disposition-mockup.png?w=2500&amp;ssl=1 2500w, https:\/\/i0.wp.com\/kyrroeditions.com\/wp-content\/uploads\/2024\/06\/disposition-mockup.png?resize=300%2C300&amp;ssl=1 300w, https:\/\/i0.wp.com\/kyrroeditions.com\/wp-content\/uploads\/2024\/06\/disposition-mockup.png?resize=1024%2C1024&amp;ssl=1 1024w, https:\/\/i0.wp.com\/kyrroeditions.com\/wp-content\/uploads\/2024\/06\/disposition-mockup.png?resize=150%2C150&amp;ssl=1 150w, https:\/\/i0.wp.com\/kyrroeditions.com\/wp-content\/uploads\/2024\/06\/disposition-mockup.png?resize=768%2C768&amp;ssl=1 768w, https:\/\/i0.wp.com\/kyrroeditions.com\/wp-content\/uploads\/2024\/06\/disposition-mockup.png?resize=1536%2C1536&amp;ssl=1 1536w, https:\/\/i0.wp.com\/kyrroeditions.com\/wp-content\/uploads\/2024\/06\/disposition-mockup.png?resize=2048%2C2048&amp;ssl=1 2048w, https:\/\/i0.wp.com\/kyrroeditions.com\/wp-content\/uploads\/2024\/06\/disposition-mockup.png?resize=600%2C600&amp;ssl=1 600w, https:\/\/i0.wp.com\/kyrroeditions.com\/wp-content\/uploads\/2024\/06\/disposition-mockup.png?w=1664&amp;ssl=1 1664w\" sizes=\"auto, (max-width: 300px) 100vw, 300px\" \/><\/div>\n\t\t\t\t\t<div class=\"wc-block-grid__product-title\">Welcome to the Phare Ouest &#8211; Karyn Adler<\/div>\n\t\t\t\t<\/a>\n\t\t\t\t<div class=\"wc-block-grid__product-price price\"><span class=\"woocommerce-Price-amount amount\">16,90<span class=\"woocommerce-Price-currencySymbol\">&euro;<\/span><\/span><\/div>\n\t\t\t\t\n\t\t\t\t<div class=\"wp-block-button wc-block-grid__product-add-to-cart\"><a href=\"https:\/\/kyrroeditions.com\/index.php\/produit\/welcome-to-the-phare-ouest\/\" aria-label=\"S\u00e9lectionner les options pour &ldquo;Welcome to the Phare Ouest - Karyn Adler&rdquo;\" data-quantity=\"1\" data-product_id=\"4178\" data-product_sku=\"WCM\" data-price=\"16.9\" rel=\"nofollow\" class=\"wp-block-button__link  add_to_cart_button\">Lire la suite<\/a><\/div>\n\t\t\t<\/li><\/ul><\/div><\/div>\n<\/div>\n\n\n\n<p><\/p>\n","protected":false},"excerpt":{"rendered":"<p>Sans jamais se classer dans un sous-genre pr\u00e9cis, la collection Fyndi\u00f0 vous propose des romances dr\u00f4les et touchantes, parfois m\u00eame d\u00e9jant\u00e9es. Pas de discrimination, nos histoires vous sont cont\u00e9es du point de vue f\u00e9minin, ou masculin. Qu&rsquo;importe, tant que le sourire s&rsquo;accroche \u00e0 vos l\u00e8vres jusqu&rsquo;\u00e0 la derni\u00e8re page.<\/p>\n","protected":false},"author":1,"featured_media":0,"parent":0,"menu_order":0,"comment_status":"closed","ping_status":"closed","template":"","meta":{"footnotes":""},"class_list":["post-182","page","type-page","status-publish","hentry"],"jetpack-related-posts":[],"jetpack_sharing_enabled":true,"_links":{"self":[{"href":"https:\/\/kyrroeditions.com\/index.php\/wp-json\/wp\/v2\/pages\/182","targetHints":{"allow":["GET"]}}],"collection":[{"href":"https:\/\/kyrroeditions.com\/index.php\/wp-json\/wp\/v2\/pages"}],"about":[{"href":"https:\/\/kyrroeditions.com\/index.php\/wp-json\/wp\/v2\/types\/page"}],"author":[{"embeddable":true,"href":"https:\/\/kyrroeditions.com\/index.php\/wp-json\/wp\/v2\/users\/1"}],"replies":[{"embeddable":true,"href":"https:\/\/kyrroeditions.com\/index.php\/wp-json\/wp\/v2\/comments?post=182"}],"version-history":[{"count":14,"href":"https:\/\/kyrroeditions.com\/index.php\/wp-json\/wp\/v2\/pages\/182\/revisions"}],"predecessor-version":[{"id":860,"href":"https:\/\/kyrroeditions.com\/index.php\/wp-json\/wp\/v2\/pages\/182\/revisions\/860"}],"wp:attachment":[{"href":"https:\/\/kyrroeditions.com\/index.php\/wp-json\/wp\/v2\/media?parent=182"}],"curies":[{"name":"wp","href":"https:\/\/api.w.org\/{rel}","templated":true}]}}