{"id":2057,"date":"2023-02-19T00:44:53","date_gmt":"2023-02-18T23:44:53","guid":{"rendered":"https:\/\/kyrroeditions.com\/?page_id=2057"},"modified":"2023-04-10T21:21:57","modified_gmt":"2023-04-10T19:21:57","slug":"max-nena","status":"publish","type":"page","link":"https:\/\/kyrroeditions.com\/index.php\/nos-auteurs\/max-nena\/","title":{"rendered":"Max N\u00e9na"},"content":{"rendered":"\n<p><mark style=\"background-color:rgba(0, 0, 0, 0)\" class=\"has-inline-color has-vivid-cyan-blue-color\"><\/mark><\/p>\n\n\n\n<div class=\"wp-block-columns is-layout-flex wp-container-core-columns-is-layout-9d6595d7 wp-block-columns-is-layout-flex\">\n<div class=\"wp-block-column is-layout-flow wp-block-column-is-layout-flow\">\n<h1 class=\"has-text-align-center wp-block-heading\" id=\"authorInfoHeading\"><mark style=\"background-color:rgba(0, 0, 0, 0)\" class=\"has-inline-color has-vivid-cyan-blue-color\">\u00c0 propos de Max N\u00e9na<\/mark><\/h1>\n\n\n\n<p>Le c\u0153ur de Max N\u00e9na a toujours balanc\u00e9 entre le besoin de prendre soin des autres et celui de laisser s\u2019\u00e9vader son imagination sur le papier.<\/p>\n\n\n\n<p>L\u2019ind\u00e9cision est parfois une bonne chose. Gr\u00e2ce \u00e0 la fac de Lettres d\u2019abord, puis une carri\u00e8re d\u2019infirmi\u00e8re, Max a trouv\u00e9 son \u00e9quilibre et surtout ce qui la fascine : l\u2019\u00eatre humain. Ses failles. Ses forces. Ses \u00e9motions.<\/p>\n\n\n\n<p>Aujourd\u2019hui, Max a d\u00e9cid\u00e9 de prendre sa plume pour nous faire plonger dans des romances qui mart\u00e8lent le c\u0153ur, des histoires porteuses de messages forts et de valeurs.<\/p>\n\n\n\n<p><em>Thorns and Roses<\/em>, le premier roman de Max, a su ravir le c\u0153ur de notre comit\u00e9 de lecture. Vous d\u00e9couvrirez cette romance contemporaine forte en \u00e9motions dans nos parutions du premier semestre 2023.<\/p>\n\n\n<div data-block-name=\"woocommerce\/product-tag\" data-tags=\"[59]\" class=\"wc-block-grid wp-block-product-tag wp-block-woocommerce-product-tag wc-block-product-tag has-3-columns has-multiple-rows\"><ul class=\"wc-block-grid__products\"><li class=\"wc-block-grid__product\">\n\t\t\t\t<a href=\"https:\/\/kyrroeditions.com\/index.php\/produit\/thornsandroses\/\" class=\"wc-block-grid__product-link\">\n\t\t\t\t\t\n\t\t\t\t\t<div class=\"wc-block-grid__product-image\"><img fetchpriority=\"high\" decoding=\"async\" width=\"300\" height=\"300\" src=\"https:\/\/i0.wp.com\/kyrroeditions.com\/wp-content\/uploads\/2023\/03\/disposition-mockup-boutique.png?resize=300%2C300&amp;ssl=1\" class=\"attachment-woocommerce_thumbnail size-woocommerce_thumbnail\" alt=\"Thorns and Roses - Max N\u00e9na\" srcset=\"https:\/\/i0.wp.com\/kyrroeditions.com\/wp-content\/uploads\/2023\/03\/disposition-mockup-boutique.png?w=2500&amp;ssl=1 2500w, https:\/\/i0.wp.com\/kyrroeditions.com\/wp-content\/uploads\/2023\/03\/disposition-mockup-boutique.png?resize=300%2C300&amp;ssl=1 300w, https:\/\/i0.wp.com\/kyrroeditions.com\/wp-content\/uploads\/2023\/03\/disposition-mockup-boutique.png?resize=1024%2C1024&amp;ssl=1 1024w, https:\/\/i0.wp.com\/kyrroeditions.com\/wp-content\/uploads\/2023\/03\/disposition-mockup-boutique.png?resize=150%2C150&amp;ssl=1 150w, https:\/\/i0.wp.com\/kyrroeditions.com\/wp-content\/uploads\/2023\/03\/disposition-mockup-boutique.png?resize=768%2C768&amp;ssl=1 768w, https:\/\/i0.wp.com\/kyrroeditions.com\/wp-content\/uploads\/2023\/03\/disposition-mockup-boutique.png?resize=1536%2C1536&amp;ssl=1 1536w, https:\/\/i0.wp.com\/kyrroeditions.com\/wp-content\/uploads\/2023\/03\/disposition-mockup-boutique.png?resize=2048%2C2048&amp;ssl=1 2048w, https:\/\/i0.wp.com\/kyrroeditions.com\/wp-content\/uploads\/2023\/03\/disposition-mockup-boutique.png?resize=600%2C600&amp;ssl=1 600w, https:\/\/i0.wp.com\/kyrroeditions.com\/wp-content\/uploads\/2023\/03\/disposition-mockup-boutique.png?w=1664&amp;ssl=1 1664w\" sizes=\"(max-width: 300px) 100vw, 300px\" \/><\/div>\n\t\t\t\t\t<div class=\"wc-block-grid__product-title\">Thorns and Roses &#8211; Max N\u00e9na<\/div>\n\t\t\t\t<\/a>\n\t\t\t\t<div class=\"wc-block-grid__product-price price\"><span class=\"woocommerce-Price-amount amount\">17,90<span class=\"woocommerce-Price-currencySymbol\">&euro;<\/span><\/span><\/div>\n\t\t\t\t<div class=\"wc-block-grid__product-rating\"><div class=\"star-rating\" role=\"img\" aria-label=\"Note 5.00 sur 5\"><span style=\"width:100%\">Not\u00e9 <strong class=\"rating\">5.00<\/strong> sur 5 bas\u00e9 sur <span class=\"rating\">3<\/span> notations client<\/span><\/div><\/div>\n\t\t\t\t<div class=\"wp-block-button wc-block-grid__product-add-to-cart\"><a href=\"https:\/\/kyrroeditions.com\/index.php\/produit\/thornsandroses\/\" aria-label=\"S\u00e9lectionner les options pour &ldquo;Thorns and Roses - Max N\u00e9na&rdquo;\" data-quantity=\"1\" data-product_id=\"2105\" data-product_sku=\"TAR\" data-price=\"17.9\" rel=\"nofollow\" class=\"wp-block-button__link  add_to_cart_button\">Choix des options<\/a><\/div>\n\t\t\t<\/li><\/ul><\/div><\/div>\n\n\n\n<div class=\"wp-block-column is-layout-flow wp-block-column-is-layout-flow\"><div class=\"wp-block-image\">\n<figure class=\"aligncenter size-full is-resized\"><img data-recalc-dims=\"1\" decoding=\"async\" src=\"https:\/\/i0.wp.com\/kyrroeditions.com\/wp-content\/uploads\/2023\/02\/331912649_1150156065695871_4959678864519655953_n.png?resize=379%2C407&#038;ssl=1\" alt=\"\" class=\"wp-image-2055\" width=\"379\" height=\"407\" srcset=\"https:\/\/i0.wp.com\/kyrroeditions.com\/wp-content\/uploads\/2023\/02\/331912649_1150156065695871_4959678864519655953_n.png?resize=141%2C150&amp;ssl=1 141w, https:\/\/i0.wp.com\/kyrroeditions.com\/wp-content\/uploads\/2023\/02\/331912649_1150156065695871_4959678864519655953_n.png?zoom=2&amp;resize=379%2C407&amp;ssl=1 758w\" sizes=\"(max-width: 379px) 100vw, 379px\" \/><\/figure>\n<\/div><\/div>\n<\/div>\n","protected":false},"excerpt":{"rendered":"<p>\u00c0 propos de Max N\u00e9na Le c\u0153ur de Max N\u00e9na a toujours balanc\u00e9 entre le besoin de prendre soin des autres et celui de laisser s\u2019\u00e9vader son imagination sur le papier. L\u2019ind\u00e9cision est parfois une bonne chose. Gr\u00e2ce \u00e0 la fac de Lettres d\u2019abord, puis une carri\u00e8re d\u2019infirmi\u00e8re, Max a trouv\u00e9 son \u00e9quilibre et surtout <a class=\"read-more\" href=\"https:\/\/kyrroeditions.com\/index.php\/nos-auteurs\/max-nena\/\">Read More<\/a><\/p>\n","protected":false},"author":1,"featured_media":0,"parent":122,"menu_order":3,"comment_status":"closed","ping_status":"closed","template":"","meta":{"footnotes":""},"class_list":["post-2057","page","type-page","status-publish","hentry"],"jetpack-related-posts":[],"jetpack_sharing_enabled":true,"_links":{"self":[{"href":"https:\/\/kyrroeditions.com\/index.php\/wp-json\/wp\/v2\/pages\/2057","targetHints":{"allow":["GET"]}}],"collection":[{"href":"https:\/\/kyrroeditions.com\/index.php\/wp-json\/wp\/v2\/pages"}],"about":[{"href":"https:\/\/kyrroeditions.com\/index.php\/wp-json\/wp\/v2\/types\/page"}],"author":[{"embeddable":true,"href":"https:\/\/kyrroeditions.com\/index.php\/wp-json\/wp\/v2\/users\/1"}],"replies":[{"embeddable":true,"href":"https:\/\/kyrroeditions.com\/index.php\/wp-json\/wp\/v2\/comments?post=2057"}],"version-history":[{"count":4,"href":"https:\/\/kyrroeditions.com\/index.php\/wp-json\/wp\/v2\/pages\/2057\/revisions"}],"predecessor-version":[{"id":2181,"href":"https:\/\/kyrroeditions.com\/index.php\/wp-json\/wp\/v2\/pages\/2057\/revisions\/2181"}],"up":[{"embeddable":true,"href":"https:\/\/kyrroeditions.com\/index.php\/wp-json\/wp\/v2\/pages\/122"}],"wp:attachment":[{"href":"https:\/\/kyrroeditions.com\/index.php\/wp-json\/wp\/v2\/media?parent=2057"}],"curies":[{"name":"wp","href":"https:\/\/api.w.org\/{rel}","templated":true}]}}