{"id":4078,"date":"2024-05-25T14:29:05","date_gmt":"2024-05-25T12:29:05","guid":{"rendered":"https:\/\/kyrroeditions.com\/?page_id=4078"},"modified":"2024-05-25T14:37:22","modified_gmt":"2024-05-25T12:37:22","slug":"aurelie-le-gallo","status":"publish","type":"page","link":"https:\/\/kyrroeditions.com\/index.php\/aurelie-le-gallo\/","title":{"rendered":"Aur\u00e9lie Le Gallo"},"content":{"rendered":"\n<div class=\"wp-block-columns is-layout-flex wp-container-core-columns-is-layout-9d6595d7 wp-block-columns-is-layout-flex\">\n<div class=\"wp-block-column is-layout-flow wp-block-column-is-layout-flow\">\n<h1 class=\"wp-block-heading has-text-align-center has-vivid-cyan-blue-color has-text-color\">\u00c0 propos d&rsquo;Aur\u00e9lie Le Gallo<\/h1>\n\n\n\n<p>Mari\u00e9e et m\u00e8re de deux enfants, Aur\u00e9lie Le gallo a construit son petit nid pr\u00e8s de la mer, en Bretagne. <\/p>\n\n\n\n<p>Lectrice assidue de romance, elle a d\u00e9cid\u00e9 de prendre la plume afin de partager avec vous les \u00e9motions qui la font vibrer, avec une pr\u00e9dominance sombre et touchante. <\/p>\n\n\n\n<p>Arm\u00e9e de sa plume aussi percutante que pleine d\u2019\u00e9motions, Aur\u00e9lie joue de son imagination pour vous transporter dans des histoires bouleversantes. Des th\u00e8mes forts, des messages poignants, voil\u00e0 ce que vous proposent ses histoires d\u2019amour ancr\u00e9es dans la r\u00e9alit\u00e9. <\/p>\n\n\n\n<p>Avec Until Death and More et Help Me to Love Again, Aur\u00e9lie vous offre autant de coups de c\u0153ur que de coups au c\u0153ur.<\/p>\n<\/div>\n\n\n\n<div class=\"wp-block-column is-layout-flow wp-block-column-is-layout-flow\">\n<figure class=\"wp-block-image size-full is-resized is-style-default\"><img data-recalc-dims=\"1\" loading=\"lazy\" decoding=\"async\" width=\"768\" height=\"817\" src=\"https:\/\/i0.wp.com\/kyrroeditions.com\/wp-content\/uploads\/2024\/05\/PoguD4xg-1.jpg?resize=768%2C817&#038;ssl=1\" alt=\"\" class=\"wp-image-4074\" style=\"width:379px;height:407px\" srcset=\"https:\/\/i0.wp.com\/kyrroeditions.com\/wp-content\/uploads\/2024\/05\/PoguD4xg-1.jpg?w=768&amp;ssl=1 768w, https:\/\/i0.wp.com\/kyrroeditions.com\/wp-content\/uploads\/2024\/05\/PoguD4xg-1.jpg?resize=282%2C300&amp;ssl=1 282w, https:\/\/i0.wp.com\/kyrroeditions.com\/wp-content\/uploads\/2024\/05\/PoguD4xg-1.jpg?resize=141%2C150&amp;ssl=1 141w, https:\/\/i0.wp.com\/kyrroeditions.com\/wp-content\/uploads\/2024\/05\/PoguD4xg-1.jpg?resize=600%2C638&amp;ssl=1 600w\" sizes=\"auto, (max-width: 768px) 100vw, 768px\" \/><\/figure>\n<\/div>\n<\/div>\n","protected":false},"excerpt":{"rendered":"<p>\u00c0 propos d&rsquo;Aur\u00e9lie Le Gallo Mari\u00e9e et m\u00e8re de deux enfants, Aur\u00e9lie Le gallo a construit son petit nid pr\u00e8s de la mer, en Bretagne. Lectrice assidue de romance, elle a d\u00e9cid\u00e9 de prendre la plume afin de partager avec vous les \u00e9motions qui la font vibrer, avec une pr\u00e9dominance sombre et touchante. Arm\u00e9e de <a class=\"read-more\" href=\"https:\/\/kyrroeditions.com\/index.php\/aurelie-le-gallo\/\">Read More<\/a><\/p>\n","protected":false},"author":1,"featured_media":0,"parent":0,"menu_order":0,"comment_status":"closed","ping_status":"closed","template":"","meta":{"footnotes":""},"class_list":["post-4078","page","type-page","status-publish","hentry"],"jetpack-related-posts":[],"jetpack_sharing_enabled":true,"_links":{"self":[{"href":"https:\/\/kyrroeditions.com\/index.php\/wp-json\/wp\/v2\/pages\/4078","targetHints":{"allow":["GET"]}}],"collection":[{"href":"https:\/\/kyrroeditions.com\/index.php\/wp-json\/wp\/v2\/pages"}],"about":[{"href":"https:\/\/kyrroeditions.com\/index.php\/wp-json\/wp\/v2\/types\/page"}],"author":[{"embeddable":true,"href":"https:\/\/kyrroeditions.com\/index.php\/wp-json\/wp\/v2\/users\/1"}],"replies":[{"embeddable":true,"href":"https:\/\/kyrroeditions.com\/index.php\/wp-json\/wp\/v2\/comments?post=4078"}],"version-history":[{"count":2,"href":"https:\/\/kyrroeditions.com\/index.php\/wp-json\/wp\/v2\/pages\/4078\/revisions"}],"predecessor-version":[{"id":4083,"href":"https:\/\/kyrroeditions.com\/index.php\/wp-json\/wp\/v2\/pages\/4078\/revisions\/4083"}],"wp:attachment":[{"href":"https:\/\/kyrroeditions.com\/index.php\/wp-json\/wp\/v2\/media?parent=4078"}],"curies":[{"name":"wp","href":"https:\/\/api.w.org\/{rel}","templated":true}]}}