{"id":4756,"date":"2024-09-26T16:31:19","date_gmt":"2024-09-26T14:31:19","guid":{"rendered":"https:\/\/kyrroeditions.com\/?page_id=4756"},"modified":"2024-10-09T21:29:18","modified_gmt":"2024-10-09T19:29:18","slug":"charlie-l","status":"publish","type":"page","link":"https:\/\/kyrroeditions.com\/index.php\/charlie-l\/","title":{"rendered":"CHARLIE L"},"content":{"rendered":"\n<div class=\"wp-block-columns is-layout-flex wp-container-core-columns-is-layout-9d6595d7 wp-block-columns-is-layout-flex\">\n<div class=\"wp-block-column is-layout-flow wp-block-column-is-layout-flow\">\n<h1 class=\"wp-block-heading has-text-align-center has-vivid-cyan-blue-color has-text-color\" style=\"font-size:22px\"><span style=\"background-color:rgba(0, 0, 0, 0)\" class=\"has-inline-color has-vivid-cyan-blue-color\"><\/span>\u00c0 propos de Charlie L<\/h1>\n\n\n\n<p><strong>Charlie L est une autrice originaire de Villers-le-Lac. Passionn\u00e9e par les livres depuis toujours, elle se tourne d&rsquo;abord vers les chroniques avant de se lancer dans l&rsquo;\u00e9criture. Elle commence sur des plateformes telles Wattpad et Fyctia, puis publie en auto-\u00e9dition sa premi\u00e8re romance de vie. <\/strong><\/p>\n\n\n\n<p><strong>Elle compte \u00e0 ce jour quatre titres \u00e0 son nom, quatre histoires qui s&rsquo;ancrent dans la r\u00e9alit\u00e9 dont un roman est \u00e9crit \u00e0 quatre mains avec son amie \u00c9lodie Fran\u00e7ois.<\/strong><\/p>\n\n\n\n<p><strong>Charlie L ouvre ses horizons et choisit de faire confiance et Kyrr\u00f5 \u00e9ditions pour la r\u00e9\u00e9dition d&rsquo;un de ses romans.<\/strong><\/p>\n<\/div>\n\n\n\n<div class=\"wp-block-column is-layout-flow wp-block-column-is-layout-flow\">\n<figure class=\"wp-block-image aligncenter size-large is-resized\"><a href=\"https:\/\/i0.wp.com\/kyrroeditions.com\/wp-content\/uploads\/2024\/09\/auteur-charlie.png?ssl=1\"><img data-recalc-dims=\"1\" loading=\"lazy\" decoding=\"async\" class=\"alignnone wp-image-4754 size-medium\" style=\"width: 379px; height: 402px;\" src=\"https:\/\/i0.wp.com\/kyrroeditions.com\/wp-content\/uploads\/2024\/09\/auteur-charlie.png?resize=282%2C300&#038;ssl=1\" alt=\"\" width=\"282\" height=\"300\" srcset=\"https:\/\/i0.wp.com\/kyrroeditions.com\/wp-content\/uploads\/2024\/09\/auteur-charlie.png?resize=282%2C300&amp;ssl=1 282w, https:\/\/i0.wp.com\/kyrroeditions.com\/wp-content\/uploads\/2024\/09\/auteur-charlie.png?resize=141%2C150&amp;ssl=1 141w, https:\/\/i0.wp.com\/kyrroeditions.com\/wp-content\/uploads\/2024\/09\/auteur-charlie.png?resize=600%2C638&amp;ssl=1 600w, https:\/\/i0.wp.com\/kyrroeditions.com\/wp-content\/uploads\/2024\/09\/auteur-charlie.png?resize=64%2C68&amp;ssl=1 64w, https:\/\/i0.wp.com\/kyrroeditions.com\/wp-content\/uploads\/2024\/09\/auteur-charlie.png?w=768&amp;ssl=1 768w\" sizes=\"auto, (max-width: 282px) 100vw, 282px\" \/><\/a><\/figure>\n<\/div>\n<\/div>\n\n\n<div data-block-name=\"woocommerce\/product-tag\" data-content-visibility=\"{&quot;title&quot;:true,&quot;price&quot;:false,&quot;rating&quot;:true,&quot;button&quot;:false}\" data-orderby=\"menu_order\" data-tags=\"[90]\" class=\"wc-block-grid wp-block-product-tag wp-block-woocommerce-product-tag wc-block-product-tag has-3-columns has-multiple-rows\"><ul class=\"wc-block-grid__products\"><li class=\"wc-block-grid__product\">\n\t\t\t\t<a href=\"https:\/\/kyrroeditions.com\/index.php\/produit\/a-la-lueur-des-aurores\/\" class=\"wc-block-grid__product-link\">\n\t\t\t\t\t\n\t\t\t\t\t<div class=\"wc-block-grid__product-image\"><img loading=\"lazy\" decoding=\"async\" width=\"300\" height=\"300\" src=\"https:\/\/i0.wp.com\/kyrroeditions.com\/wp-content\/uploads\/2024\/09\/disposition-mockup-boutique-1.png?resize=300%2C300&amp;ssl=1\" class=\"attachment-woocommerce_thumbnail size-woocommerce_thumbnail\" alt=\"\u00c0 la lueur des aurores - Charlie L\" srcset=\"https:\/\/i0.wp.com\/kyrroeditions.com\/wp-content\/uploads\/2024\/09\/disposition-mockup-boutique-1.png?w=2500&amp;ssl=1 2500w, https:\/\/i0.wp.com\/kyrroeditions.com\/wp-content\/uploads\/2024\/09\/disposition-mockup-boutique-1.png?resize=300%2C300&amp;ssl=1 300w, https:\/\/i0.wp.com\/kyrroeditions.com\/wp-content\/uploads\/2024\/09\/disposition-mockup-boutique-1.png?resize=1024%2C1024&amp;ssl=1 1024w, https:\/\/i0.wp.com\/kyrroeditions.com\/wp-content\/uploads\/2024\/09\/disposition-mockup-boutique-1.png?resize=150%2C150&amp;ssl=1 150w, https:\/\/i0.wp.com\/kyrroeditions.com\/wp-content\/uploads\/2024\/09\/disposition-mockup-boutique-1.png?resize=768%2C768&amp;ssl=1 768w, https:\/\/i0.wp.com\/kyrroeditions.com\/wp-content\/uploads\/2024\/09\/disposition-mockup-boutique-1.png?resize=1536%2C1536&amp;ssl=1 1536w, https:\/\/i0.wp.com\/kyrroeditions.com\/wp-content\/uploads\/2024\/09\/disposition-mockup-boutique-1.png?resize=2048%2C2048&amp;ssl=1 2048w, https:\/\/i0.wp.com\/kyrroeditions.com\/wp-content\/uploads\/2024\/09\/disposition-mockup-boutique-1.png?resize=600%2C600&amp;ssl=1 600w, https:\/\/i0.wp.com\/kyrroeditions.com\/wp-content\/uploads\/2024\/09\/disposition-mockup-boutique-1.png?resize=64%2C64&amp;ssl=1 64w, https:\/\/i0.wp.com\/kyrroeditions.com\/wp-content\/uploads\/2024\/09\/disposition-mockup-boutique-1.png?w=1664&amp;ssl=1 1664w\" sizes=\"auto, (max-width: 300px) 100vw, 300px\" \/><\/div>\n\t\t\t\t\t<div class=\"wc-block-grid__product-title\">\u00c0 la lueur des aurores &#8211; Charlie L<\/div>\n\t\t\t\t<\/a>\n\t\t\t\t\n\t\t\t\t<div class=\"wc-block-grid__product-rating\"><div class=\"star-rating\" role=\"img\" aria-label=\"Note 5.00 sur 5\"><span style=\"width:100%\">Not\u00e9 <strong class=\"rating\">5.00<\/strong> sur 5 bas\u00e9 sur <span class=\"rating\">1<\/span> notation client<\/span><\/div><\/div>\n\t\t\t\t\n\t\t\t<\/li><\/ul><\/div>","protected":false},"excerpt":{"rendered":"<p>\u00c0 propos de Charlie L Charlie L est une autrice originaire de Villers-le-Lac. Passionn\u00e9e par les livres depuis toujours, elle se tourne d&rsquo;abord vers les chroniques avant de se lancer dans l&rsquo;\u00e9criture. Elle commence sur des plateformes telles Wattpad et Fyctia, puis publie en auto-\u00e9dition sa premi\u00e8re romance de vie. Elle compte \u00e0 ce jour <a class=\"read-more\" href=\"https:\/\/kyrroeditions.com\/index.php\/charlie-l\/\">Read More<\/a><\/p>\n","protected":false},"author":1,"featured_media":0,"parent":0,"menu_order":0,"comment_status":"closed","ping_status":"closed","template":"","meta":{"footnotes":""},"class_list":["post-4756","page","type-page","status-publish","hentry"],"jetpack-related-posts":[],"jetpack_sharing_enabled":true,"_links":{"self":[{"href":"https:\/\/kyrroeditions.com\/index.php\/wp-json\/wp\/v2\/pages\/4756","targetHints":{"allow":["GET"]}}],"collection":[{"href":"https:\/\/kyrroeditions.com\/index.php\/wp-json\/wp\/v2\/pages"}],"about":[{"href":"https:\/\/kyrroeditions.com\/index.php\/wp-json\/wp\/v2\/types\/page"}],"author":[{"embeddable":true,"href":"https:\/\/kyrroeditions.com\/index.php\/wp-json\/wp\/v2\/users\/1"}],"replies":[{"embeddable":true,"href":"https:\/\/kyrroeditions.com\/index.php\/wp-json\/wp\/v2\/comments?post=4756"}],"version-history":[{"count":5,"href":"https:\/\/kyrroeditions.com\/index.php\/wp-json\/wp\/v2\/pages\/4756\/revisions"}],"predecessor-version":[{"id":4881,"href":"https:\/\/kyrroeditions.com\/index.php\/wp-json\/wp\/v2\/pages\/4756\/revisions\/4881"}],"wp:attachment":[{"href":"https:\/\/kyrroeditions.com\/index.php\/wp-json\/wp\/v2\/media?parent=4756"}],"curies":[{"name":"wp","href":"https:\/\/api.w.org\/{rel}","templated":true}]}}