{"id":6578,"date":"2025-06-27T16:19:54","date_gmt":"2025-06-27T14:19:54","guid":{"rendered":"https:\/\/kyrroeditions.com\/?page_id=6578"},"modified":"2025-07-05T02:30:36","modified_gmt":"2025-07-05T00:30:36","slug":"celine-e-nicolas","status":"publish","type":"page","link":"https:\/\/kyrroeditions.com\/index.php\/celine-e-nicolas\/","title":{"rendered":"C\u00e9line E. Nicolas"},"content":{"rendered":"\n<div class=\"wp-block-columns is-layout-flex wp-container-core-columns-is-layout-9d6595d7 wp-block-columns-is-layout-flex\">\n<div class=\"wp-block-column is-layout-flow wp-block-column-is-layout-flow\">\n<h1 class=\"wp-block-heading has-vivid-cyan-blue-color has-text-color has-link-color wp-elements-3a368518a197931befe67de3c528ac1f\">\u00c0 propos de C\u00e9line E. Nicolas<\/h1>\n\n\n\n<p>C\u00e9line E.Nicolas est autrice de romance contemporaine, fantastique et paranormale. Depuis 2019 elle a publi\u00e9 15 romans, dont certains best-sellers comme Skye ou Valkyries.<\/p>\n\n\n\n<p>Passionn\u00e9e des mots et un peu sadique, elle adore faire passer ses lecteurs \u00e0 travers des \u00e9motions aussi diverses qu&rsquo;intenses. Son slogan : Un tourbillon d&rsquo;\u00e9motions !<\/p>\n<\/div>\n\n\n\n<div class=\"wp-block-column is-layout-flow wp-block-column-is-layout-flow\">\n<figure class=\"wp-block-image size-full is-resized is-style-default\"><a href=\"https:\/\/i0.wp.com\/kyrroeditions.com\/wp-content\/uploads\/2025\/06\/celine-2-1.png?ssl=1\"><img data-recalc-dims=\"1\" loading=\"lazy\" decoding=\"async\" width=\"768\" height=\"817\" src=\"https:\/\/i0.wp.com\/kyrroeditions.com\/wp-content\/uploads\/2025\/06\/celine-2-1.png?resize=768%2C817&#038;ssl=1\" alt=\"\" class=\"wp-image-6603\" style=\"object-fit:cover;width:379px;height:407px\" srcset=\"https:\/\/i0.wp.com\/kyrroeditions.com\/wp-content\/uploads\/2025\/06\/celine-2-1.png?w=768&amp;ssl=1 768w, https:\/\/i0.wp.com\/kyrroeditions.com\/wp-content\/uploads\/2025\/06\/celine-2-1.png?resize=282%2C300&amp;ssl=1 282w, https:\/\/i0.wp.com\/kyrroeditions.com\/wp-content\/uploads\/2025\/06\/celine-2-1.png?resize=141%2C150&amp;ssl=1 141w, https:\/\/i0.wp.com\/kyrroeditions.com\/wp-content\/uploads\/2025\/06\/celine-2-1.png?resize=600%2C638&amp;ssl=1 600w, https:\/\/i0.wp.com\/kyrroeditions.com\/wp-content\/uploads\/2025\/06\/celine-2-1.png?resize=64%2C68&amp;ssl=1 64w\" sizes=\"auto, (max-width: 768px) 100vw, 768px\" \/><\/a><\/figure>\n<\/div>\n<\/div>\n\n\n<div data-block-name=\"woocommerce\/product-tag\" data-tags=\"[103]\" class=\"wc-block-grid wp-block-product-tag wp-block-woocommerce-product-tag wc-block-product-tag has-3-columns has-multiple-rows\"><ul class=\"wc-block-grid__products\"><li class=\"wc-block-grid__product\">\n\t\t\t\t<a href=\"https:\/\/kyrroeditions.com\/index.php\/produit\/mon-horrible-voisin\/\" class=\"wc-block-grid__product-link\">\n\t\t\t\t\t\n\t\t\t\t\t<div class=\"wc-block-grid__product-image\"><img loading=\"lazy\" decoding=\"async\" width=\"300\" height=\"300\" src=\"https:\/\/i0.wp.com\/kyrroeditions.com\/wp-content\/uploads\/2025\/06\/disposition-mockup-boutique-2.png?resize=300%2C300&amp;ssl=1\" class=\"attachment-woocommerce_thumbnail size-woocommerce_thumbnail\" alt=\"Mon horrible voisin - C\u00e9line E. Nicolas &amp; Virginie M. Cansier\" srcset=\"https:\/\/i0.wp.com\/kyrroeditions.com\/wp-content\/uploads\/2025\/06\/disposition-mockup-boutique-2.png?w=2500&amp;ssl=1 2500w, https:\/\/i0.wp.com\/kyrroeditions.com\/wp-content\/uploads\/2025\/06\/disposition-mockup-boutique-2.png?resize=300%2C300&amp;ssl=1 300w, https:\/\/i0.wp.com\/kyrroeditions.com\/wp-content\/uploads\/2025\/06\/disposition-mockup-boutique-2.png?resize=1024%2C1024&amp;ssl=1 1024w, https:\/\/i0.wp.com\/kyrroeditions.com\/wp-content\/uploads\/2025\/06\/disposition-mockup-boutique-2.png?resize=150%2C150&amp;ssl=1 150w, https:\/\/i0.wp.com\/kyrroeditions.com\/wp-content\/uploads\/2025\/06\/disposition-mockup-boutique-2.png?resize=768%2C768&amp;ssl=1 768w, https:\/\/i0.wp.com\/kyrroeditions.com\/wp-content\/uploads\/2025\/06\/disposition-mockup-boutique-2.png?resize=1536%2C1536&amp;ssl=1 1536w, https:\/\/i0.wp.com\/kyrroeditions.com\/wp-content\/uploads\/2025\/06\/disposition-mockup-boutique-2.png?resize=2048%2C2048&amp;ssl=1 2048w, https:\/\/i0.wp.com\/kyrroeditions.com\/wp-content\/uploads\/2025\/06\/disposition-mockup-boutique-2.png?resize=600%2C600&amp;ssl=1 600w, https:\/\/i0.wp.com\/kyrroeditions.com\/wp-content\/uploads\/2025\/06\/disposition-mockup-boutique-2.png?resize=64%2C64&amp;ssl=1 64w, https:\/\/i0.wp.com\/kyrroeditions.com\/wp-content\/uploads\/2025\/06\/disposition-mockup-boutique-2.png?w=1664&amp;ssl=1 1664w\" sizes=\"auto, (max-width: 300px) 100vw, 300px\" \/><\/div>\n\t\t\t\t\t<div class=\"wc-block-grid__product-title\">Mon horrible voisin &#8211; C\u00e9line E. Nicolas &amp; Virginie M. Cansier<\/div>\n\t\t\t\t<\/a>\n\t\t\t\t<div class=\"wc-block-grid__product-price price\"><span class=\"woocommerce-Price-amount amount\">16,90<span class=\"woocommerce-Price-currencySymbol\">&euro;<\/span><\/span><\/div>\n\t\t\t\t\n\t\t\t\t<div class=\"wp-block-button wc-block-grid__product-add-to-cart\"><a href=\"https:\/\/kyrroeditions.com\/index.php\/produit\/mon-horrible-voisin\/\" aria-label=\"S\u00e9lectionner les options pour &ldquo;Mon horrible voisin - C\u00e9line E. Nicolas &amp; Virginie M. Cansier&rdquo;\" data-quantity=\"1\" data-product_id=\"6558\" data-product_sku=\"PDC\" data-price=\"16.9\" rel=\"nofollow\" class=\"wp-block-button__link  add_to_cart_button\">Lire la suite<\/a><\/div>\n\t\t\t<\/li><\/ul><\/div>","protected":false},"excerpt":{"rendered":"<p>\u00c0 propos de C\u00e9line E. Nicolas C\u00e9line E.Nicolas est autrice de romance contemporaine, fantastique et paranormale. Depuis 2019 elle a publi\u00e9 15 romans, dont certains best-sellers comme Skye ou Valkyries. Passionn\u00e9e des mots et un peu sadique, elle adore faire passer ses lecteurs \u00e0 travers des \u00e9motions aussi diverses qu&rsquo;intenses. Son slogan : Un tourbillon <a class=\"read-more\" href=\"https:\/\/kyrroeditions.com\/index.php\/celine-e-nicolas\/\">Read More<\/a><\/p>\n","protected":false},"author":1,"featured_media":0,"parent":0,"menu_order":0,"comment_status":"closed","ping_status":"closed","template":"","meta":{"footnotes":""},"class_list":["post-6578","page","type-page","status-publish","hentry"],"jetpack-related-posts":[],"jetpack_sharing_enabled":true,"_links":{"self":[{"href":"https:\/\/kyrroeditions.com\/index.php\/wp-json\/wp\/v2\/pages\/6578","targetHints":{"allow":["GET"]}}],"collection":[{"href":"https:\/\/kyrroeditions.com\/index.php\/wp-json\/wp\/v2\/pages"}],"about":[{"href":"https:\/\/kyrroeditions.com\/index.php\/wp-json\/wp\/v2\/types\/page"}],"author":[{"embeddable":true,"href":"https:\/\/kyrroeditions.com\/index.php\/wp-json\/wp\/v2\/users\/1"}],"replies":[{"embeddable":true,"href":"https:\/\/kyrroeditions.com\/index.php\/wp-json\/wp\/v2\/comments?post=6578"}],"version-history":[{"count":3,"href":"https:\/\/kyrroeditions.com\/index.php\/wp-json\/wp\/v2\/pages\/6578\/revisions"}],"predecessor-version":[{"id":6712,"href":"https:\/\/kyrroeditions.com\/index.php\/wp-json\/wp\/v2\/pages\/6578\/revisions\/6712"}],"wp:attachment":[{"href":"https:\/\/kyrroeditions.com\/index.php\/wp-json\/wp\/v2\/media?parent=6578"}],"curies":[{"name":"wp","href":"https:\/\/api.w.org\/{rel}","templated":true}]}}