{"id":6590,"date":"2025-06-27T16:33:56","date_gmt":"2025-06-27T14:33:56","guid":{"rendered":"https:\/\/kyrroeditions.com\/?page_id=6590"},"modified":"2025-07-05T02:12:57","modified_gmt":"2025-07-05T00:12:57","slug":"virginie-m-cansier","status":"publish","type":"page","link":"https:\/\/kyrroeditions.com\/index.php\/virginie-m-cansier\/","title":{"rendered":"Virginie M. Cansier"},"content":{"rendered":"\n<div class=\"wp-block-columns is-layout-flex wp-container-core-columns-is-layout-9d6595d7 wp-block-columns-is-layout-flex\">\n<div class=\"wp-block-column is-layout-flow wp-block-column-is-layout-flow\">\n<h1 class=\"wp-block-heading has-text-align-center has-vivid-cyan-blue-color has-text-color has-link-color wp-elements-4f0eb255ba78c02d192c046a52f7b170\">\u00c0 propos de Virginie M. Cansier<\/h1>\n\n\n\n<p>Virginie Cansier est anim\u00e9e par une passion profonde pour les histoires humaines et les \u00e9motions brutes. <\/p>\n\n\n\n<p>\u00c0 travers ses romans, elle explore les relations, les failles, les silences, et tout ce qui fa\u00e7onne nos parcours intimes. Ses personnages caboss\u00e9s par la vie mettent en lumi\u00e8re leurs f\u00ealures autant que leur force. <\/p>\n\n\n\n<p>Son \u00e9criture est port\u00e9e par le besoin de comprendre, de ressentir, de transmettre.<\/p>\n<\/div>\n\n\n\n<div class=\"wp-block-column is-layout-flow wp-block-column-is-layout-flow\">\n<figure class=\"wp-block-image size-full is-resized is-style-default\"><a href=\"https:\/\/i0.wp.com\/kyrroeditions.com\/wp-content\/uploads\/2025\/06\/virginie-2.png?ssl=1\"><img data-recalc-dims=\"1\" loading=\"lazy\" decoding=\"async\" width=\"768\" height=\"817\" src=\"https:\/\/i0.wp.com\/kyrroeditions.com\/wp-content\/uploads\/2025\/06\/virginie-2.png?resize=768%2C817&#038;ssl=1\" alt=\"\" class=\"wp-image-6605\" style=\"object-fit:cover;width:450px;height:450px\" srcset=\"https:\/\/i0.wp.com\/kyrroeditions.com\/wp-content\/uploads\/2025\/06\/virginie-2.png?w=768&amp;ssl=1 768w, https:\/\/i0.wp.com\/kyrroeditions.com\/wp-content\/uploads\/2025\/06\/virginie-2.png?resize=282%2C300&amp;ssl=1 282w, https:\/\/i0.wp.com\/kyrroeditions.com\/wp-content\/uploads\/2025\/06\/virginie-2.png?resize=141%2C150&amp;ssl=1 141w, https:\/\/i0.wp.com\/kyrroeditions.com\/wp-content\/uploads\/2025\/06\/virginie-2.png?resize=600%2C638&amp;ssl=1 600w, https:\/\/i0.wp.com\/kyrroeditions.com\/wp-content\/uploads\/2025\/06\/virginie-2.png?resize=64%2C68&amp;ssl=1 64w\" sizes=\"auto, (max-width: 768px) 100vw, 768px\" \/><\/a><\/figure>\n<\/div>\n<\/div>\n\n\n<div data-block-name=\"woocommerce\/product-tag\" data-tags=\"[104]\" class=\"wc-block-grid wp-block-product-tag wp-block-woocommerce-product-tag wc-block-product-tag has-3-columns has-multiple-rows\"><ul class=\"wc-block-grid__products\"><li class=\"wc-block-grid__product\">\n\t\t\t\t<a href=\"https:\/\/kyrroeditions.com\/index.php\/produit\/mon-horrible-voisin\/\" class=\"wc-block-grid__product-link\">\n\t\t\t\t\t\n\t\t\t\t\t<div class=\"wc-block-grid__product-image\"><img loading=\"lazy\" decoding=\"async\" width=\"300\" height=\"300\" src=\"https:\/\/i0.wp.com\/kyrroeditions.com\/wp-content\/uploads\/2025\/06\/disposition-mockup-boutique-2.png?resize=300%2C300&amp;ssl=1\" class=\"attachment-woocommerce_thumbnail size-woocommerce_thumbnail\" alt=\"Mon horrible voisin - C\u00e9line E. Nicolas &amp; Virginie M. Cansier\" srcset=\"https:\/\/i0.wp.com\/kyrroeditions.com\/wp-content\/uploads\/2025\/06\/disposition-mockup-boutique-2.png?w=2500&amp;ssl=1 2500w, https:\/\/i0.wp.com\/kyrroeditions.com\/wp-content\/uploads\/2025\/06\/disposition-mockup-boutique-2.png?resize=300%2C300&amp;ssl=1 300w, https:\/\/i0.wp.com\/kyrroeditions.com\/wp-content\/uploads\/2025\/06\/disposition-mockup-boutique-2.png?resize=1024%2C1024&amp;ssl=1 1024w, https:\/\/i0.wp.com\/kyrroeditions.com\/wp-content\/uploads\/2025\/06\/disposition-mockup-boutique-2.png?resize=150%2C150&amp;ssl=1 150w, https:\/\/i0.wp.com\/kyrroeditions.com\/wp-content\/uploads\/2025\/06\/disposition-mockup-boutique-2.png?resize=768%2C768&amp;ssl=1 768w, https:\/\/i0.wp.com\/kyrroeditions.com\/wp-content\/uploads\/2025\/06\/disposition-mockup-boutique-2.png?resize=1536%2C1536&amp;ssl=1 1536w, https:\/\/i0.wp.com\/kyrroeditions.com\/wp-content\/uploads\/2025\/06\/disposition-mockup-boutique-2.png?resize=2048%2C2048&amp;ssl=1 2048w, https:\/\/i0.wp.com\/kyrroeditions.com\/wp-content\/uploads\/2025\/06\/disposition-mockup-boutique-2.png?resize=600%2C600&amp;ssl=1 600w, https:\/\/i0.wp.com\/kyrroeditions.com\/wp-content\/uploads\/2025\/06\/disposition-mockup-boutique-2.png?resize=64%2C64&amp;ssl=1 64w, https:\/\/i0.wp.com\/kyrroeditions.com\/wp-content\/uploads\/2025\/06\/disposition-mockup-boutique-2.png?w=1664&amp;ssl=1 1664w\" sizes=\"auto, (max-width: 300px) 100vw, 300px\" \/><\/div>\n\t\t\t\t\t<div class=\"wc-block-grid__product-title\">Mon horrible voisin &#8211; C\u00e9line E. Nicolas &amp; Virginie M. Cansier<\/div>\n\t\t\t\t<\/a>\n\t\t\t\t<div class=\"wc-block-grid__product-price price\"><span class=\"woocommerce-Price-amount amount\">16,90<span class=\"woocommerce-Price-currencySymbol\">&euro;<\/span><\/span><\/div>\n\t\t\t\t\n\t\t\t\t<div class=\"wp-block-button wc-block-grid__product-add-to-cart\"><a href=\"https:\/\/kyrroeditions.com\/index.php\/produit\/mon-horrible-voisin\/\" aria-label=\"S\u00e9lectionner les options pour &ldquo;Mon horrible voisin - C\u00e9line E. Nicolas &amp; Virginie M. Cansier&rdquo;\" data-quantity=\"1\" data-product_id=\"6558\" data-product_sku=\"PDC\" data-price=\"16.9\" rel=\"nofollow\" class=\"wp-block-button__link  add_to_cart_button\">Lire la suite<\/a><\/div>\n\t\t\t<\/li><\/ul><\/div>","protected":false},"excerpt":{"rendered":"<p>\u00c0 propos de Virginie M. Cansier Virginie Cansier est anim\u00e9e par une passion profonde pour les histoires humaines et les \u00e9motions brutes. \u00c0 travers ses romans, elle explore les relations, les failles, les silences, et tout ce qui fa\u00e7onne nos parcours intimes. Ses personnages caboss\u00e9s par la vie mettent en lumi\u00e8re leurs f\u00ealures autant que <a class=\"read-more\" href=\"https:\/\/kyrroeditions.com\/index.php\/virginie-m-cansier\/\">Read More<\/a><\/p>\n","protected":false},"author":1,"featured_media":0,"parent":0,"menu_order":0,"comment_status":"closed","ping_status":"closed","template":"","meta":{"footnotes":""},"class_list":["post-6590","page","type-page","status-publish","hentry"],"jetpack-related-posts":[],"jetpack_sharing_enabled":true,"_links":{"self":[{"href":"https:\/\/kyrroeditions.com\/index.php\/wp-json\/wp\/v2\/pages\/6590","targetHints":{"allow":["GET"]}}],"collection":[{"href":"https:\/\/kyrroeditions.com\/index.php\/wp-json\/wp\/v2\/pages"}],"about":[{"href":"https:\/\/kyrroeditions.com\/index.php\/wp-json\/wp\/v2\/types\/page"}],"author":[{"embeddable":true,"href":"https:\/\/kyrroeditions.com\/index.php\/wp-json\/wp\/v2\/users\/1"}],"replies":[{"embeddable":true,"href":"https:\/\/kyrroeditions.com\/index.php\/wp-json\/wp\/v2\/comments?post=6590"}],"version-history":[{"count":3,"href":"https:\/\/kyrroeditions.com\/index.php\/wp-json\/wp\/v2\/pages\/6590\/revisions"}],"predecessor-version":[{"id":6710,"href":"https:\/\/kyrroeditions.com\/index.php\/wp-json\/wp\/v2\/pages\/6590\/revisions\/6710"}],"wp:attachment":[{"href":"https:\/\/kyrroeditions.com\/index.php\/wp-json\/wp\/v2\/media?parent=6590"}],"curies":[{"name":"wp","href":"https:\/\/api.w.org\/{rel}","templated":true}]}}