{"id":6597,"date":"2025-06-27T16:42:58","date_gmt":"2025-06-27T14:42:58","guid":{"rendered":"https:\/\/kyrroeditions.com\/?page_id=6597"},"modified":"2025-07-18T19:22:55","modified_gmt":"2025-07-18T17:22:55","slug":"maze-perkins","status":"publish","type":"page","link":"https:\/\/kyrroeditions.com\/index.php\/maze-perkins\/","title":{"rendered":"Maze Perkins"},"content":{"rendered":"\n<div class=\"wp-block-columns is-layout-flex wp-container-core-columns-is-layout-9d6595d7 wp-block-columns-is-layout-flex\">\n<div class=\"wp-block-column is-layout-flow wp-block-column-is-layout-flow\">\n<h1 class=\"wp-block-heading has-text-align-center has-vivid-cyan-blue-color has-text-color has-link-color wp-elements-a071f409f04c5f21cca5f9a7f296b77a\">\u00c0 propos de Maze Perkins<\/h1>\n\n\n\n<p>Maze Perkins vit en r\u00e9gion parisienne. Passionn\u00e9e de criminologie et de psychologie, elle commence par \u00e9crire des romances contemporaines sur Wattpad en 2019. N\u00e9anmoins, c\u2019est dans la Dark Romance qu\u2019elle se retrouve le plus. <\/p>\n\n\n\n<p>Si les mots sont des lames, Maze  est chirurgienne. Elle diss\u00e8que les \u00e9motions comme les c\u0153urs. Elle appr\u00e9cie plonger ses lecteurs dans un univers sombre m\u00ealant la psychologie, la cruaut\u00e9 humaine et la romance.<\/p>\n\n\n\n<p><\/p>\n\n\n\n<p><\/p>\n<\/div>\n\n\n\n<div class=\"wp-block-column is-layout-flow wp-block-column-is-layout-flow\">\n<figure class=\"wp-block-image size-full is-resized is-style-default\"><a href=\"https:\/\/i0.wp.com\/kyrroeditions.com\/wp-content\/uploads\/2025\/06\/maze-2.png?ssl=1\"><img data-recalc-dims=\"1\" loading=\"lazy\" decoding=\"async\" width=\"768\" height=\"817\" src=\"https:\/\/i0.wp.com\/kyrroeditions.com\/wp-content\/uploads\/2025\/06\/maze-2.png?resize=768%2C817&#038;ssl=1\" alt=\"\" class=\"wp-image-6601\" style=\"object-fit:cover;width:450px;height:450px\" srcset=\"https:\/\/i0.wp.com\/kyrroeditions.com\/wp-content\/uploads\/2025\/06\/maze-2.png?w=768&amp;ssl=1 768w, https:\/\/i0.wp.com\/kyrroeditions.com\/wp-content\/uploads\/2025\/06\/maze-2.png?resize=282%2C300&amp;ssl=1 282w, https:\/\/i0.wp.com\/kyrroeditions.com\/wp-content\/uploads\/2025\/06\/maze-2.png?resize=141%2C150&amp;ssl=1 141w, https:\/\/i0.wp.com\/kyrroeditions.com\/wp-content\/uploads\/2025\/06\/maze-2.png?resize=600%2C638&amp;ssl=1 600w, https:\/\/i0.wp.com\/kyrroeditions.com\/wp-content\/uploads\/2025\/06\/maze-2.png?resize=64%2C68&amp;ssl=1 64w\" sizes=\"auto, (max-width: 768px) 100vw, 768px\" \/><\/a><\/figure>\n<\/div>\n<\/div>\n\n\n\n<figure class=\"wp-block-image size-large is-resized\"><a href=\"https:\/\/kyrroeditions.com\/index.php\/produit\/par-amour-maze-perkins\/\"><img data-recalc-dims=\"1\" loading=\"lazy\" decoding=\"async\" width=\"832\" height=\"832\" src=\"https:\/\/i0.wp.com\/kyrroeditions.com\/wp-content\/uploads\/2025\/07\/site-1.png?resize=832%2C832&#038;ssl=1\" alt=\"\" class=\"wp-image-6837\" style=\"width:327px;height:auto\" srcset=\"https:\/\/i0.wp.com\/kyrroeditions.com\/wp-content\/uploads\/2025\/07\/site-1-scaled.png?resize=1024%2C1024&amp;ssl=1 1024w, https:\/\/i0.wp.com\/kyrroeditions.com\/wp-content\/uploads\/2025\/07\/site-1-scaled.png?resize=300%2C300&amp;ssl=1 300w, https:\/\/i0.wp.com\/kyrroeditions.com\/wp-content\/uploads\/2025\/07\/site-1-scaled.png?resize=150%2C150&amp;ssl=1 150w, https:\/\/i0.wp.com\/kyrroeditions.com\/wp-content\/uploads\/2025\/07\/site-1-scaled.png?resize=768%2C768&amp;ssl=1 768w, https:\/\/i0.wp.com\/kyrroeditions.com\/wp-content\/uploads\/2025\/07\/site-1-scaled.png?resize=1536%2C1536&amp;ssl=1 1536w, https:\/\/i0.wp.com\/kyrroeditions.com\/wp-content\/uploads\/2025\/07\/site-1-scaled.png?resize=2048%2C2048&amp;ssl=1 2048w, https:\/\/i0.wp.com\/kyrroeditions.com\/wp-content\/uploads\/2025\/07\/site-1-scaled.png?resize=600%2C600&amp;ssl=1 600w, https:\/\/i0.wp.com\/kyrroeditions.com\/wp-content\/uploads\/2025\/07\/site-1-scaled.png?resize=64%2C64&amp;ssl=1 64w, https:\/\/i0.wp.com\/kyrroeditions.com\/wp-content\/uploads\/2025\/07\/site-1-scaled.png?w=1664&amp;ssl=1 1664w, https:\/\/i0.wp.com\/kyrroeditions.com\/wp-content\/uploads\/2025\/07\/site-1-scaled.png?w=2496&amp;ssl=1 2496w\" sizes=\"auto, (max-width: 832px) 100vw, 832px\" \/><\/a><\/figure>\n","protected":false},"excerpt":{"rendered":"<p>\u00c0 propos de Maze Perkins Maze Perkins vit en r\u00e9gion parisienne. Passionn\u00e9e de criminologie et de psychologie, elle commence par \u00e9crire des romances contemporaines sur Wattpad en 2019. N\u00e9anmoins, c\u2019est dans la Dark Romance qu\u2019elle se retrouve le plus. Si les mots sont des lames, Maze est chirurgienne. Elle diss\u00e8que les \u00e9motions comme les c\u0153urs. <a class=\"read-more\" href=\"https:\/\/kyrroeditions.com\/index.php\/maze-perkins\/\">Read More<\/a><\/p>\n","protected":false},"author":1,"featured_media":0,"parent":0,"menu_order":0,"comment_status":"closed","ping_status":"closed","template":"","meta":{"footnotes":""},"class_list":["post-6597","page","type-page","status-publish","hentry"],"jetpack-related-posts":[],"jetpack_sharing_enabled":true,"_links":{"self":[{"href":"https:\/\/kyrroeditions.com\/index.php\/wp-json\/wp\/v2\/pages\/6597","targetHints":{"allow":["GET"]}}],"collection":[{"href":"https:\/\/kyrroeditions.com\/index.php\/wp-json\/wp\/v2\/pages"}],"about":[{"href":"https:\/\/kyrroeditions.com\/index.php\/wp-json\/wp\/v2\/types\/page"}],"author":[{"embeddable":true,"href":"https:\/\/kyrroeditions.com\/index.php\/wp-json\/wp\/v2\/users\/1"}],"replies":[{"embeddable":true,"href":"https:\/\/kyrroeditions.com\/index.php\/wp-json\/wp\/v2\/comments?post=6597"}],"version-history":[{"count":3,"href":"https:\/\/kyrroeditions.com\/index.php\/wp-json\/wp\/v2\/pages\/6597\/revisions"}],"predecessor-version":[{"id":6888,"href":"https:\/\/kyrroeditions.com\/index.php\/wp-json\/wp\/v2\/pages\/6597\/revisions\/6888"}],"wp:attachment":[{"href":"https:\/\/kyrroeditions.com\/index.php\/wp-json\/wp\/v2\/media?parent=6597"}],"curies":[{"name":"wp","href":"https:\/\/api.w.org\/{rel}","templated":true}]}}