{"id":6744,"date":"2025-07-07T13:28:23","date_gmt":"2025-07-07T11:28:23","guid":{"rendered":"https:\/\/kyrroeditions.com\/?page_id=6744"},"modified":"2026-02-26T20:00:47","modified_gmt":"2026-02-26T19:00:47","slug":"triggers-par-amour","status":"publish","type":"page","link":"https:\/\/kyrroeditions.com\/index.php\/triggers-par-amour\/","title":{"rendered":"Par amour &#8211; Maze Perkins &#8211; Trigger Warning"},"content":{"rendered":"<div class=\"wp-block-image\">\n<figure class=\"aligncenter size-medium\"><a href=\"https:\/\/i0.wp.com\/kyrroeditions.com\/wp-content\/uploads\/2025\/07\/titre-site-1.png?ssl=1\"><img data-recalc-dims=\"1\" fetchpriority=\"high\" decoding=\"async\" width=\"300\" height=\"267\" src=\"https:\/\/i0.wp.com\/kyrroeditions.com\/wp-content\/uploads\/2025\/07\/titre-site-1.png?resize=300%2C267&#038;ssl=1\" alt=\"\" class=\"wp-image-6807\" srcset=\"https:\/\/i0.wp.com\/kyrroeditions.com\/wp-content\/uploads\/2025\/07\/titre-site-1.png?resize=300%2C267&amp;ssl=1 300w, https:\/\/i0.wp.com\/kyrroeditions.com\/wp-content\/uploads\/2025\/07\/titre-site-1.png?resize=1024%2C911&amp;ssl=1 1024w, https:\/\/i0.wp.com\/kyrroeditions.com\/wp-content\/uploads\/2025\/07\/titre-site-1.png?resize=150%2C133&amp;ssl=1 150w, https:\/\/i0.wp.com\/kyrroeditions.com\/wp-content\/uploads\/2025\/07\/titre-site-1.png?resize=768%2C683&amp;ssl=1 768w, https:\/\/i0.wp.com\/kyrroeditions.com\/wp-content\/uploads\/2025\/07\/titre-site-1.png?resize=600%2C534&amp;ssl=1 600w, https:\/\/i0.wp.com\/kyrroeditions.com\/wp-content\/uploads\/2025\/07\/titre-site-1.png?resize=64%2C57&amp;ssl=1 64w, https:\/\/i0.wp.com\/kyrroeditions.com\/wp-content\/uploads\/2025\/07\/titre-site-1.png?w=1280&amp;ssl=1 1280w\" sizes=\"(max-width: 300px) 100vw, 300px\" \/><\/a><\/figure>\n<\/div>\n\n\n<h1 class=\"wp-block-heading has-text-align-center\">Avertissements<\/h1>\n\n\n\n<p>Ce roman est une dark romance, intense et \u00e9motionnellement \u00e9prouvante. Avant de tourner la premi\u00e8re page, il est important de savoir dans quel univers vous entrez.<\/p>\n\n\n\n<p>THEMES ABORD\u00c9S&nbsp;:<\/p>\n\n\n\n<p>&#8211; Consommation excessive de drogue \/ D\u00e9pendance \u00e0 la drogue<\/p>\n\n\n\n<p>&#8211; D\u00e9pression et suicide<\/p>\n\n\n\n<p>&#8211; D\u00e9pendance affective et relation toxique<\/p>\n\n\n\n<p>&#8211; Langage grossier<\/p>\n\n\n\n<p><strong>CE ROMAN EST R\u00c9SERV\u00c9 \u00c0 UN PUBLIC MAJEUR ET AVERTI.<\/strong><\/p>\n\n\n\n<p>CE QUE CE LIVRE N\u2019EST PAS :<\/p>\n\n\n\n<p>Une incitation \u00e0 la consommation de drogue ou \u00e0 la glorification des relations toxiques. Ce roman raconte une histoire. Une descente. Une lutte. Une trag\u00e9die.&nbsp;Si vous vous reconnaissez dans ces douleurs, sachez que vous pouvez demander de l\u2019aide. Il n\u2019y a aucune honte \u00e0 vouloir s\u2019en sortir.<\/p>\n\n\n\n<p><strong>VOUS N\u2019ETES PAS SEUL(E). DES MAINS SONT LA POUR VOUS RATTRAPER&nbsp;:<\/strong><\/p>\n\n\n\n<p><strong>Drogues &amp; addictions\u00a0:<\/strong><\/p>\n\n\n\n<p>France : Drogues info service \u2013 0 800 23 13 13 (appel anonyme et gratuit)<\/p>\n\n\n\n<p>Canada : Centre canadien sur les d\u00e9pendances \u2013 1-800-668-6868<\/p>\n\n\n\n<p>Belgique : Infor-Drogues \u2013 02 227 52 52<\/p>\n\n\n\n<p>Suisse : Addiction Suisse \u2013 0800 105 105<\/p>\n\n\n\n<p><\/p>\n\n\n\n<p><strong>D\u00e9pression, id\u00e9es suicidaires :<\/strong><\/p>\n\n\n\n<p>France : Suicide \u00c9coute \u2013 01 45 39 40 00<\/p>\n\n\n\n<p>Canada : Talk Suicide Canada \u2013 1-833-456-4566<\/p>\n\n\n\n<p>Belgique : Centre de Pr\u00e9vention du Suicide \u2013 0800 32 123<\/p>\n\n\n\n<p>Suisse : La Main Tendue \u2013 143<\/p>\n\n\n\n<p><\/p>\n\n\n\n<p><strong>Violences &amp; agressions sexuelles :<\/strong><\/p>\n\n\n\n<p>France : Viols-Femmes-Informations \u2013 0 800 05 95 95<\/p>\n\n\n\n<p>Canada : Aide aux victimes d\u2019agressions \u2013 1-877-644-4545<\/p>\n\n\n\n<p id=\"triggers-par-amour\">Belgique : SOS Viol \u2013 0800 98 100<\/p>\n\n\n\n<p>Suisse : LAVI (Loi sur l\u2019aide aux victimes) \u2013 0848 110 110<\/p>\n","protected":false},"excerpt":{"rendered":"<p>Avertissements Ce roman est une dark romance, intense et \u00e9motionnellement \u00e9prouvante. Avant de tourner la premi\u00e8re page, il est important de savoir dans quel univers vous entrez. THEMES ABORD\u00c9S&nbsp;: &#8211; Consommation excessive de drogue \/ D\u00e9pendance \u00e0 la drogue &#8211; D\u00e9pression et suicide &#8211; D\u00e9pendance affective et relation toxique &#8211; Langage grossier CE ROMAN EST <a class=\"read-more\" href=\"https:\/\/kyrroeditions.com\/index.php\/triggers-par-amour\/\">Read More<\/a><\/p>\n","protected":false},"author":1,"featured_media":0,"parent":0,"menu_order":0,"comment_status":"closed","ping_status":"closed","template":"","meta":{"footnotes":""},"class_list":["post-6744","page","type-page","status-publish","hentry"],"jetpack-related-posts":[],"jetpack_sharing_enabled":true,"_links":{"self":[{"href":"https:\/\/kyrroeditions.com\/index.php\/wp-json\/wp\/v2\/pages\/6744","targetHints":{"allow":["GET"]}}],"collection":[{"href":"https:\/\/kyrroeditions.com\/index.php\/wp-json\/wp\/v2\/pages"}],"about":[{"href":"https:\/\/kyrroeditions.com\/index.php\/wp-json\/wp\/v2\/types\/page"}],"author":[{"embeddable":true,"href":"https:\/\/kyrroeditions.com\/index.php\/wp-json\/wp\/v2\/users\/1"}],"replies":[{"embeddable":true,"href":"https:\/\/kyrroeditions.com\/index.php\/wp-json\/wp\/v2\/comments?post=6744"}],"version-history":[{"count":7,"href":"https:\/\/kyrroeditions.com\/index.php\/wp-json\/wp\/v2\/pages\/6744\/revisions"}],"predecessor-version":[{"id":8966,"href":"https:\/\/kyrroeditions.com\/index.php\/wp-json\/wp\/v2\/pages\/6744\/revisions\/8966"}],"wp:attachment":[{"href":"https:\/\/kyrroeditions.com\/index.php\/wp-json\/wp\/v2\/media?parent=6744"}],"curies":[{"name":"wp","href":"https:\/\/api.w.org\/{rel}","templated":true}]}}