{"id":7337,"date":"2025-08-27T17:23:38","date_gmt":"2025-08-27T15:23:38","guid":{"rendered":"https:\/\/kyrroeditions.com\/?page_id=7337"},"modified":"2025-08-27T20:15:40","modified_gmt":"2025-08-27T18:15:40","slug":"entirely-yours-karyn-adler-lois-smes-trigger-warning","status":"publish","type":"page","link":"https:\/\/kyrroeditions.com\/index.php\/entirely-yours-karyn-adler-lois-smes-trigger-warning\/","title":{"rendered":"Entirely Yours &#8211; Karyn Adler &amp; Lo\u00efs Smes &#8211; Trigger Warning"},"content":{"rendered":"<div class=\"wp-block-image\">\n<figure class=\"aligncenter size-medium\"><a href=\"https:\/\/i0.wp.com\/kyrroeditions.com\/wp-content\/uploads\/2025\/08\/titre.png?ssl=1\"><img data-recalc-dims=\"1\" fetchpriority=\"high\" decoding=\"async\" width=\"289\" height=\"300\" src=\"https:\/\/i0.wp.com\/kyrroeditions.com\/wp-content\/uploads\/2025\/08\/titre.png?resize=289%2C300&#038;ssl=1\" alt=\"\" class=\"wp-image-7338\" srcset=\"https:\/\/i0.wp.com\/kyrroeditions.com\/wp-content\/uploads\/2025\/08\/titre.png?resize=289%2C300&amp;ssl=1 289w, https:\/\/i0.wp.com\/kyrroeditions.com\/wp-content\/uploads\/2025\/08\/titre.png?resize=986%2C1024&amp;ssl=1 986w, https:\/\/i0.wp.com\/kyrroeditions.com\/wp-content\/uploads\/2025\/08\/titre.png?resize=144%2C150&amp;ssl=1 144w, https:\/\/i0.wp.com\/kyrroeditions.com\/wp-content\/uploads\/2025\/08\/titre.png?resize=768%2C798&amp;ssl=1 768w, https:\/\/i0.wp.com\/kyrroeditions.com\/wp-content\/uploads\/2025\/08\/titre.png?resize=1479%2C1536&amp;ssl=1 1479w, https:\/\/i0.wp.com\/kyrroeditions.com\/wp-content\/uploads\/2025\/08\/titre.png?resize=600%2C623&amp;ssl=1 600w, https:\/\/i0.wp.com\/kyrroeditions.com\/wp-content\/uploads\/2025\/08\/titre.png?resize=64%2C66&amp;ssl=1 64w, https:\/\/i0.wp.com\/kyrroeditions.com\/wp-content\/uploads\/2025\/08\/titre.png?w=1724&amp;ssl=1 1724w, https:\/\/i0.wp.com\/kyrroeditions.com\/wp-content\/uploads\/2025\/08\/titre.png?w=1664&amp;ssl=1 1664w\" sizes=\"(max-width: 289px) 100vw, 289px\" \/><\/a><\/figure>\n<\/div>\n\n\n<h1 class=\"wp-block-heading has-text-align-center\">Avertissements<\/h1>\n\n\n\n<p class=\"has-text-align-center\"><strong>CE ROMAN EST R\u00c9SERV\u00c9 \u00c0 UN PUBLIC MAJEUR ET AVERTI.<\/strong><\/p>\n\n\n\n<p>Cette \u0153uvre contient des sc\u00e8nes explicites, difficiles, mettant en sc\u00e8ne des relations toxiques ou des actes allant \u00e0 l\u2019encontre de la morale. Ces sc\u00e8nes n\u2019ont pas vocation \u00e0 romantiser les faits, mais \u00e0 les d\u00e9noncer \u00e0 travers une vision psychologique des sch\u00e9mas comportementaux caus\u00e9s par des traumatismes.<\/p>\n\n\n\n<p>Attention, ce livre comporte des sc\u00e8nes faisant mention de :<\/p>\n\n\n\n<p>Inceste<br>Violence psychologique et physique<br>Traumatisme<br>Consentement flou<br>Manipulation<br>S\u00e9questration<\/p>\n\n\n\n<p>Si vous \u00eates victimes ou t\u00e9moins de situations similaires \u00e0 ce que vous d\u00e9couvrirez dans ce livre. Ou si vous avez le moindre doute, les num\u00e9ros suivants sont l\u00e0 pour vous aider.<\/p>\n\n\n\n<h2 class=\"wp-block-heading\"><strong>Les num\u00e9ros utiles<\/strong><\/h2>\n\n\n\n<p><strong>Enfance en danger (victime ou t\u00e9moin) :<\/strong><br>France : 119 (appel anonyme et gratuit)<br>Association \u00ab L\u2019enfant bleu \u00bb : 01 56 56 62 62<br>Canada : 911 (urgence imm\u00e9diate) &#8211; 1-800-668-6868 (centre d\u2019\u00e9coute anonyme)<br>Belgique : 103<br>Suisse : 147 (appel gratuit) &#8211; 147.ch (site internet de tchat anonyme)<\/p>\n\n\n\n<p><strong>D\u00e9pression, id\u00e9es suicidaires :<\/strong><br>France : Suicide \u00c9coute \u2013 01 45 39 40 00<br>Canada : Talk Suicide Canada \u2013 1-833-456-4566<br>Belgique : Centre de Pr\u00e9vention du Suicide \u2013 0800 32 123<br>Suisse : La Main Tendue \u2013 143<\/p>\n\n\n\n<p><strong>Violences &amp; agressions sexuelles :<\/strong><br>France : Viols-Femmes-Informations \u2013 0 800 05 95 95<br>Canada : Aide aux victimes d\u2019agressions \u2013 1-877-644-4545<br>Belgique : SOS Viol \u2013 0800 98 100<br>Suisse : LAVI (Loi sur l\u2019aide aux victimes) \u2013 0848 110 110<\/p>\n","protected":false},"excerpt":{"rendered":"<p>Avertissements CE ROMAN EST R\u00c9SERV\u00c9 \u00c0 UN PUBLIC MAJEUR ET AVERTI. Cette \u0153uvre contient des sc\u00e8nes explicites, difficiles, mettant en sc\u00e8ne des relations toxiques ou des actes allant \u00e0 l\u2019encontre de la morale. Ces sc\u00e8nes n\u2019ont pas vocation \u00e0 romantiser les faits, mais \u00e0 les d\u00e9noncer \u00e0 travers une vision psychologique des sch\u00e9mas comportementaux caus\u00e9s <a class=\"read-more\" href=\"https:\/\/kyrroeditions.com\/index.php\/entirely-yours-karyn-adler-lois-smes-trigger-warning\/\">Read More<\/a><\/p>\n","protected":false},"author":1,"featured_media":0,"parent":0,"menu_order":0,"comment_status":"closed","ping_status":"closed","template":"","meta":{"footnotes":""},"class_list":["post-7337","page","type-page","status-publish","hentry"],"jetpack-related-posts":[],"jetpack_sharing_enabled":true,"_links":{"self":[{"href":"https:\/\/kyrroeditions.com\/index.php\/wp-json\/wp\/v2\/pages\/7337","targetHints":{"allow":["GET"]}}],"collection":[{"href":"https:\/\/kyrroeditions.com\/index.php\/wp-json\/wp\/v2\/pages"}],"about":[{"href":"https:\/\/kyrroeditions.com\/index.php\/wp-json\/wp\/v2\/types\/page"}],"author":[{"embeddable":true,"href":"https:\/\/kyrroeditions.com\/index.php\/wp-json\/wp\/v2\/users\/1"}],"replies":[{"embeddable":true,"href":"https:\/\/kyrroeditions.com\/index.php\/wp-json\/wp\/v2\/comments?post=7337"}],"version-history":[{"count":2,"href":"https:\/\/kyrroeditions.com\/index.php\/wp-json\/wp\/v2\/pages\/7337\/revisions"}],"predecessor-version":[{"id":7342,"href":"https:\/\/kyrroeditions.com\/index.php\/wp-json\/wp\/v2\/pages\/7337\/revisions\/7342"}],"wp:attachment":[{"href":"https:\/\/kyrroeditions.com\/index.php\/wp-json\/wp\/v2\/media?parent=7337"}],"curies":[{"name":"wp","href":"https:\/\/api.w.org\/{rel}","templated":true}]}}