{"id":842,"date":"2021-08-27T10:07:51","date_gmt":"2021-08-27T08:07:51","guid":{"rendered":"https:\/\/kyrroeditions.com\/?page_id=842"},"modified":"2026-01-27T11:21:57","modified_gmt":"2026-01-27T10:21:57","slug":"vos-manuscrits","status":"publish","type":"page","link":"https:\/\/kyrroeditions.com\/index.php\/qui-sommes-nous\/vos-manuscrits\/","title":{"rendered":"Vos manuscrits"},"content":{"rendered":"\n<div class=\"wp-block-columns is-layout-flex wp-container-core-columns-is-layout-9d6595d7 wp-block-columns-is-layout-flex\">\n<div class=\"wp-block-column is-layout-flow wp-block-column-is-layout-flow\" style=\"flex-basis:33.33%\">\n<figure class=\"wp-block-image size-large\"><img data-recalc-dims=\"1\" loading=\"lazy\" decoding=\"async\" width=\"832\" height=\"555\" src=\"https:\/\/i0.wp.com\/kyrroeditions.com\/wp-content\/uploads\/2022\/01\/blank-notebook-with-pencil-on-wooden-table-select-2021-09-04-00-14-23-utc.jpg?resize=832%2C555&#038;ssl=1\" alt=\"\" class=\"wp-image-1162\" srcset=\"https:\/\/i0.wp.com\/kyrroeditions.com\/wp-content\/uploads\/2022\/01\/blank-notebook-with-pencil-on-wooden-table-select-2021-09-04-00-14-23-utc-scaled.jpg?resize=1024%2C683&amp;ssl=1 1024w, https:\/\/i0.wp.com\/kyrroeditions.com\/wp-content\/uploads\/2022\/01\/blank-notebook-with-pencil-on-wooden-table-select-2021-09-04-00-14-23-utc-scaled.jpg?resize=300%2C200&amp;ssl=1 300w, https:\/\/i0.wp.com\/kyrroeditions.com\/wp-content\/uploads\/2022\/01\/blank-notebook-with-pencil-on-wooden-table-select-2021-09-04-00-14-23-utc-scaled.jpg?resize=150%2C100&amp;ssl=1 150w, https:\/\/i0.wp.com\/kyrroeditions.com\/wp-content\/uploads\/2022\/01\/blank-notebook-with-pencil-on-wooden-table-select-2021-09-04-00-14-23-utc-scaled.jpg?resize=768%2C512&amp;ssl=1 768w, https:\/\/i0.wp.com\/kyrroeditions.com\/wp-content\/uploads\/2022\/01\/blank-notebook-with-pencil-on-wooden-table-select-2021-09-04-00-14-23-utc-scaled.jpg?resize=1536%2C1024&amp;ssl=1 1536w, https:\/\/i0.wp.com\/kyrroeditions.com\/wp-content\/uploads\/2022\/01\/blank-notebook-with-pencil-on-wooden-table-select-2021-09-04-00-14-23-utc-scaled.jpg?resize=2048%2C1365&amp;ssl=1 2048w, https:\/\/i0.wp.com\/kyrroeditions.com\/wp-content\/uploads\/2022\/01\/blank-notebook-with-pencil-on-wooden-table-select-2021-09-04-00-14-23-utc-scaled.jpg?resize=600%2C400&amp;ssl=1 600w, https:\/\/i0.wp.com\/kyrroeditions.com\/wp-content\/uploads\/2022\/01\/blank-notebook-with-pencil-on-wooden-table-select-2021-09-04-00-14-23-utc-scaled.jpg?w=1664&amp;ssl=1 1664w, https:\/\/i0.wp.com\/kyrroeditions.com\/wp-content\/uploads\/2022\/01\/blank-notebook-with-pencil-on-wooden-table-select-2021-09-04-00-14-23-utc-scaled.jpg?w=2496&amp;ssl=1 2496w\" sizes=\"auto, (max-width: 832px) 100vw, 832px\" \/><\/figure>\n<\/div>\n\n\n\n<div class=\"wp-block-column is-layout-flow wp-block-column-is-layout-flow\" style=\"flex-basis:66.66%\">\n<figure class=\"wp-block-pullquote\"><blockquote><p><meta charset=\"utf-8\">Vous partagez nos valeurs et vous souhaitez nous soumettre un manuscrit ? <\/p><\/blockquote><\/figure>\n<\/div>\n<\/div>\n\n\n\n<p>Nous sommes une maison d&rsquo;\u00e9dition \u00e0 compte d&rsquo;\u00e9diteur et nous sommes ouverts \u00e0 la possibilit\u00e9 de publier des auteurs, confirm\u00e9s ou en devenir. <\/p>\n\n\n\n<p>Nos soumissions sont actuellement ferm\u00e9es. N&rsquo;h\u00e9sitez pas \u00e0 nous suivre pour conna\u00eetre la date de r\u00e9ouverture. <\/p>\n","protected":false},"excerpt":{"rendered":"<p>Vous partagez nos valeurs et vous souhaitez nous soumettre un manuscrit ? Nous sommes une maison d&rsquo;\u00e9dition \u00e0 compte d&rsquo;\u00e9diteur et nous sommes ouverts \u00e0 la possibilit\u00e9 de publier des auteurs, confirm\u00e9s ou en devenir. Nos soumissions sont actuellement ferm\u00e9es. N&rsquo;h\u00e9sitez pas \u00e0 nous suivre pour conna\u00eetre la date de r\u00e9ouverture.<\/p>\n","protected":false},"author":1,"featured_media":0,"parent":127,"menu_order":1,"comment_status":"closed","ping_status":"closed","template":"","meta":{"footnotes":""},"class_list":["post-842","page","type-page","status-publish","hentry"],"jetpack-related-posts":[],"jetpack_sharing_enabled":true,"_links":{"self":[{"href":"https:\/\/kyrroeditions.com\/index.php\/wp-json\/wp\/v2\/pages\/842","targetHints":{"allow":["GET"]}}],"collection":[{"href":"https:\/\/kyrroeditions.com\/index.php\/wp-json\/wp\/v2\/pages"}],"about":[{"href":"https:\/\/kyrroeditions.com\/index.php\/wp-json\/wp\/v2\/types\/page"}],"author":[{"embeddable":true,"href":"https:\/\/kyrroeditions.com\/index.php\/wp-json\/wp\/v2\/users\/1"}],"replies":[{"embeddable":true,"href":"https:\/\/kyrroeditions.com\/index.php\/wp-json\/wp\/v2\/comments?post=842"}],"version-history":[{"count":20,"href":"https:\/\/kyrroeditions.com\/index.php\/wp-json\/wp\/v2\/pages\/842\/revisions"}],"predecessor-version":[{"id":8598,"href":"https:\/\/kyrroeditions.com\/index.php\/wp-json\/wp\/v2\/pages\/842\/revisions\/8598"}],"up":[{"embeddable":true,"href":"https:\/\/kyrroeditions.com\/index.php\/wp-json\/wp\/v2\/pages\/127"}],"wp:attachment":[{"href":"https:\/\/kyrroeditions.com\/index.php\/wp-json\/wp\/v2\/media?parent=842"}],"curies":[{"name":"wp","href":"https:\/\/api.w.org\/{rel}","templated":true}]}}