{"id":8968,"date":"2026-02-26T20:23:56","date_gmt":"2026-02-26T19:23:56","guid":{"rendered":"https:\/\/kyrroeditions.com\/?page_id=8968"},"modified":"2026-02-26T20:23:56","modified_gmt":"2026-02-26T19:23:56","slug":"anime-moi-karyn-alder-lois-smes-trigger-warning","status":"publish","type":"page","link":"https:\/\/kyrroeditions.com\/index.php\/anime-moi-karyn-alder-lois-smes-trigger-warning\/","title":{"rendered":"Anime-moi &#8211; Karyn Alder &amp; Lo\u00efs Smes &#8211; Trigger Warning"},"content":{"rendered":"<div class=\"wp-block-image\">\n<figure class=\"aligncenter size-full is-resized\" id=\"block-487b6d0a-d285-4b86-b51c-33321426a734\"><img data-recalc-dims=\"1\" loading=\"lazy\" decoding=\"async\" width=\"832\" height=\"442\" src=\"https:\/\/i0.wp.com\/kyrroeditions.com\/wp-content\/uploads\/2026\/02\/Sans-titre.png?resize=832%2C442&#038;ssl=1\" alt=\"\" class=\"wp-image-8969\" style=\"width:510px;height:auto\" srcset=\"https:\/\/i0.wp.com\/kyrroeditions.com\/wp-content\/uploads\/2026\/02\/Sans-titre.png?w=1011&amp;ssl=1 1011w, https:\/\/i0.wp.com\/kyrroeditions.com\/wp-content\/uploads\/2026\/02\/Sans-titre.png?resize=300%2C159&amp;ssl=1 300w, https:\/\/i0.wp.com\/kyrroeditions.com\/wp-content\/uploads\/2026\/02\/Sans-titre.png?resize=150%2C80&amp;ssl=1 150w, https:\/\/i0.wp.com\/kyrroeditions.com\/wp-content\/uploads\/2026\/02\/Sans-titre.png?resize=768%2C408&amp;ssl=1 768w, https:\/\/i0.wp.com\/kyrroeditions.com\/wp-content\/uploads\/2026\/02\/Sans-titre.png?resize=600%2C319&amp;ssl=1 600w, https:\/\/i0.wp.com\/kyrroeditions.com\/wp-content\/uploads\/2026\/02\/Sans-titre.png?resize=64%2C34&amp;ssl=1 64w\" sizes=\"auto, (max-width: 832px) 100vw, 832px\" \/><\/figure><\/div>\n\n\n<h1 class=\"wp-block-heading has-text-align-center\">Avertissements<\/h1>\n\n\n\n<p class=\"has-text-align-center\"><strong>CE ROMAN EST R\u00c9SERV\u00c9 \u00c0 UN PUBLIC MAJEUR ET AVERTI.<\/strong><\/p>\n\n\n\n<p>Cette \u0153uvre contient des sc\u00e8nes explicites, mettant en sc\u00e8ne des relations difficiles ou des actes mettant en danger les protagonistes sans volont\u00e9 de nuire. Il y est fait mention de paraphilies. Ces sc\u00e8nes n\u2019ont pas vocation \u00e0 romantiser les faits, mais \u00e0 les d\u00e9noncer \u00e0 travers une vision psychologique des sch\u00e9mas comportementaux caus\u00e9s par des traumatismes.<\/p>\n\n\n\n<p>Attention, ce livre comporte des sc\u00e8nes faisant mention de :<\/p>\n\n\n\n<p>Deuil<br>Paraphilie<br>Hypersexualit\u00e9<br>Consommation d&rsquo;alcool<br>Traumatisme<br>Sc\u00e8nes explicites<\/p>\n\n\n\n<p>Si vous \u00eates victimes ou t\u00e9moins de situations similaires \u00e0 ce que vous d\u00e9couvrirez dans ce livre. Ou si vous avez le moindre doute, les num\u00e9ros suivants sont l\u00e0 pour vous aider.<\/p>\n\n\n\n<h2 class=\"wp-block-heading\"><strong>Les num\u00e9ros utiles<\/strong><\/h2>\n\n\n\n<p><strong>D\u00e9pression, Deuil, id\u00e9es suicidaires :<\/strong><br>France : Suicide \u00c9coute \u2013 01 45 39 40 00 \/\/ Pr\u00e9vention suicide &#8211; 31 14<br>Canada : Talk Suicide Canada \u2013 1-833-456-4566<br>Belgique : Centre de Pr\u00e9vention du Suicide \u2013 0800 32 123<br>Suisse : La Main Tendue \u2013 143<\/p>\n\n\n\n<p><strong>Consommation d&rsquo;alcool :<\/strong><br>France : Alcool Infos Service \u2013 09 80 98 09 30<br>Canada : Drug Rehab Services \u2013 1-877-254-3348<br>Belgique : Aide-Alcool \u2013 02 227.52.52<br>Suisse : SOS Alcool \u2013 0848 805 005<\/p>\n\n\n\n<p><\/p>\n","protected":false},"excerpt":{"rendered":"<p>Avertissements CE ROMAN EST R\u00c9SERV\u00c9 \u00c0 UN PUBLIC MAJEUR ET AVERTI. Cette \u0153uvre contient des sc\u00e8nes explicites, mettant en sc\u00e8ne des relations difficiles ou des actes mettant en danger les protagonistes sans volont\u00e9 de nuire. Il y est fait mention de paraphilies. Ces sc\u00e8nes n\u2019ont pas vocation \u00e0 romantiser les faits, mais \u00e0 les d\u00e9noncer <a class=\"read-more\" href=\"https:\/\/kyrroeditions.com\/index.php\/anime-moi-karyn-alder-lois-smes-trigger-warning\/\">Read More<\/a><\/p>\n","protected":false},"author":1,"featured_media":0,"parent":0,"menu_order":0,"comment_status":"closed","ping_status":"closed","template":"","meta":{"footnotes":""},"class_list":["post-8968","page","type-page","status-publish","hentry"],"jetpack-related-posts":[],"jetpack_sharing_enabled":true,"_links":{"self":[{"href":"https:\/\/kyrroeditions.com\/index.php\/wp-json\/wp\/v2\/pages\/8968","targetHints":{"allow":["GET"]}}],"collection":[{"href":"https:\/\/kyrroeditions.com\/index.php\/wp-json\/wp\/v2\/pages"}],"about":[{"href":"https:\/\/kyrroeditions.com\/index.php\/wp-json\/wp\/v2\/types\/page"}],"author":[{"embeddable":true,"href":"https:\/\/kyrroeditions.com\/index.php\/wp-json\/wp\/v2\/users\/1"}],"replies":[{"embeddable":true,"href":"https:\/\/kyrroeditions.com\/index.php\/wp-json\/wp\/v2\/comments?post=8968"}],"version-history":[{"count":1,"href":"https:\/\/kyrroeditions.com\/index.php\/wp-json\/wp\/v2\/pages\/8968\/revisions"}],"predecessor-version":[{"id":8970,"href":"https:\/\/kyrroeditions.com\/index.php\/wp-json\/wp\/v2\/pages\/8968\/revisions\/8970"}],"wp:attachment":[{"href":"https:\/\/kyrroeditions.com\/index.php\/wp-json\/wp\/v2\/media?parent=8968"}],"curies":[{"name":"wp","href":"https:\/\/api.w.org\/{rel}","templated":true}]}}