{"id":1060,"date":"2021-12-27T18:21:24","date_gmt":"2021-12-27T17:21:24","guid":{"rendered":"https:\/\/kyrroeditions.com\/?post_type=product&#038;p=1060"},"modified":"2026-05-06T18:04:27","modified_gmt":"2026-05-06T16:04:27","slug":"on-parie","status":"publish","type":"product","link":"https:\/\/kyrroeditions.com\/index.php\/produit\/on-parie\/","title":{"rendered":"On parie ? &#8211; Karyn Adler"},"content":{"rendered":"<p><strong><em><img data-recalc-dims=\"1\" fetchpriority=\"high\" decoding=\"async\" class=\"alignnone wp-image-1062\" src=\"https:\/\/i0.wp.com\/kyrroeditions.com\/wp-content\/uploads\/2021\/12\/1638202306.png?resize=300%2C230&#038;ssl=1\" alt=\"\" width=\"300\" height=\"230\" srcset=\"https:\/\/i0.wp.com\/kyrroeditions.com\/wp-content\/uploads\/2021\/12\/1638202306.png?resize=300%2C230&amp;ssl=1 300w, https:\/\/i0.wp.com\/kyrroeditions.com\/wp-content\/uploads\/2021\/12\/1638202306.png?resize=1024%2C785&amp;ssl=1 1024w, https:\/\/i0.wp.com\/kyrroeditions.com\/wp-content\/uploads\/2021\/12\/1638202306.png?resize=150%2C115&amp;ssl=1 150w, https:\/\/i0.wp.com\/kyrroeditions.com\/wp-content\/uploads\/2021\/12\/1638202306.png?resize=768%2C589&amp;ssl=1 768w, https:\/\/i0.wp.com\/kyrroeditions.com\/wp-content\/uploads\/2021\/12\/1638202306.png?resize=600%2C460&amp;ssl=1 600w, https:\/\/i0.wp.com\/kyrroeditions.com\/wp-content\/uploads\/2021\/12\/1638202306.png?w=1500&amp;ssl=1 1500w\" sizes=\"(max-width: 300px) 100vw, 300px\" \/><\/em><\/strong><\/p>\n<h2><strong>[ com\u00e9die romantique. ]<\/strong><\/h2>\n<p>&nbsp;<\/p>\n<p><strong><em>L\u2019amour, pas pour moi ! <\/em><\/strong><\/p>\n<p>Voil\u00e0 ce que se r\u00e9p\u00e8te Louise jusqu\u2019\u00e0 s\u2019en \u00eatre persuad\u00e9e. Elle a bien trop \u00e0 g\u00e9rer entre sa famille envahissante, son boulot et sa vie d\u2019auteure. Pourquoi s\u2019encombrer d\u2019un homme puisque sa tante est certaine que son ut\u00e9rus est bon \u00e0 jeter ? L\u2019amour, Louise le raconte dans ses romances. Elle les \u00e9crit \u00e0 son image, tendres et bourr\u00e9es d\u2019humour.<\/p>\n<p><strong><em>L\u2019amour, pas pour moi !<\/em><\/strong><\/p>\n<p>C\u2019est aussi ce que pense Elliot, convaincu de n\u2019avoir rien \u00e0 offrir. Trop d\u00e9\u00e7u d\u2019avoir d\u00e9j\u00e0 tout donn\u00e9. Sa vie est faite de petits bonheurs sans lendemain. Ne pas s\u2019attacher, c\u2019est ne rien risquer, non ?<\/p>\n<p>Et s\u2019il suffisait d\u2019une collocation impos\u00e9e pour remettre les compteurs \u00e0 z\u00e9ro ? Si Louise, la fausse vraie auteure de Panique pas Oli, d\u00e9couvrait l\u2019amour ailleurs qu\u2019entre les lignes qu\u2019elle noircit ?<\/p>\n<p><strong><em>L\u2019amour, pas pour eux ? On parie ?<\/em><\/strong><\/p>\n<pre><em>On parie ? a \u00e9t\u00e9 pr\u00e9c\u00e9demment publi\u00e9 en 2019.<\/em><\/pre>\n","protected":false},"excerpt":{"rendered":"<h2>[ com\u00e9die romantique. ]<\/h2>\n<p>&nbsp;<\/p>\n<blockquote><p>D\u00e9couvrez <em>On parie ?<\/em>, la vraie fausse autobiographie de Louise, la vraie fausse auteure de <em>Panique pas Oli, sign\u00e9e Karyn Adler. <\/em><\/p>\n<p>Une romance douce, dr\u00f4le et sexy !<\/p><\/blockquote>\n","protected":false},"featured_media":1064,"comment_status":"open","ping_status":"closed","template":"","meta":[],"product_brand":[],"product_cat":[30],"product_tag":[35,75,38,36],"class_list":{"0":"post-1060","1":"product","2":"type-product","3":"status-publish","4":"has-post-thumbnail","6":"product_cat-comedie-romantique","7":"product_tag-broche","8":"product_tag-comedie-romantique","9":"product_tag-fyndid","10":"product_tag-karyn-adler","11":"pa_dedi-non","12":"pa_dedi-oui","14":"first","15":"instock","16":"taxable","17":"shipping-taxable","18":"purchasable","19":"product-type-variable"},"jetpack-related-posts":[],"jetpack_sharing_enabled":true,"_links":{"self":[{"href":"https:\/\/kyrroeditions.com\/index.php\/wp-json\/wp\/v2\/product\/1060","targetHints":{"allow":["GET"]}}],"collection":[{"href":"https:\/\/kyrroeditions.com\/index.php\/wp-json\/wp\/v2\/product"}],"about":[{"href":"https:\/\/kyrroeditions.com\/index.php\/wp-json\/wp\/v2\/types\/product"}],"replies":[{"embeddable":true,"href":"https:\/\/kyrroeditions.com\/index.php\/wp-json\/wp\/v2\/comments?post=1060"}],"wp:featuredmedia":[{"embeddable":true,"href":"https:\/\/kyrroeditions.com\/index.php\/wp-json\/wp\/v2\/media\/1064"}],"wp:attachment":[{"href":"https:\/\/kyrroeditions.com\/index.php\/wp-json\/wp\/v2\/media?parent=1060"}],"wp:term":[{"taxonomy":"product_brand","embeddable":true,"href":"https:\/\/kyrroeditions.com\/index.php\/wp-json\/wp\/v2\/product_brand?post=1060"},{"taxonomy":"product_cat","embeddable":true,"href":"https:\/\/kyrroeditions.com\/index.php\/wp-json\/wp\/v2\/product_cat?post=1060"},{"taxonomy":"product_tag","embeddable":true,"href":"https:\/\/kyrroeditions.com\/index.php\/wp-json\/wp\/v2\/product_tag?post=1060"}],"curies":[{"name":"wp","href":"https:\/\/api.w.org\/{rel}","templated":true}]}}