{"id":1403,"date":"2022-05-19T22:32:21","date_gmt":"2022-05-19T20:32:21","guid":{"rendered":"https:\/\/kyrroeditions.com\/?post_type=product&#038;p=1403"},"modified":"2026-04-11T11:58:44","modified_gmt":"2026-04-11T09:58:44","slug":"ecris-moi-version-relie","status":"publish","type":"product","link":"https:\/\/kyrroeditions.com\/index.php\/produit\/ecris-moi-version-relie\/","title":{"rendered":"\u00c9cris-moi &#8211; Destin #1 &#8211; Karyn Adler &#038; Lo\u00efs Smes &#8211; version reli\u00e9"},"content":{"rendered":"<p><strong><em><img data-recalc-dims=\"1\" fetchpriority=\"high\" decoding=\"async\" class=\"alignnone wp-image-1405\" src=\"https:\/\/i0.wp.com\/kyrroeditions.com\/wp-content\/uploads\/2022\/05\/mockup-relie-4.png?resize=300%2C214&#038;ssl=1\" alt=\"ecris moi relie\" width=\"300\" height=\"214\" srcset=\"https:\/\/i0.wp.com\/kyrroeditions.com\/wp-content\/uploads\/2022\/05\/mockup-relie-4.png?resize=300%2C214&amp;ssl=1 300w, https:\/\/i0.wp.com\/kyrroeditions.com\/wp-content\/uploads\/2022\/05\/mockup-relie-4.png?resize=1024%2C731&amp;ssl=1 1024w, https:\/\/i0.wp.com\/kyrroeditions.com\/wp-content\/uploads\/2022\/05\/mockup-relie-4.png?resize=150%2C107&amp;ssl=1 150w, https:\/\/i0.wp.com\/kyrroeditions.com\/wp-content\/uploads\/2022\/05\/mockup-relie-4.png?resize=768%2C549&amp;ssl=1 768w, https:\/\/i0.wp.com\/kyrroeditions.com\/wp-content\/uploads\/2022\/05\/mockup-relie-4.png?resize=1536%2C1097&amp;ssl=1 1536w, https:\/\/i0.wp.com\/kyrroeditions.com\/wp-content\/uploads\/2022\/05\/mockup-relie-4.png?resize=2048%2C1463&amp;ssl=1 2048w, https:\/\/i0.wp.com\/kyrroeditions.com\/wp-content\/uploads\/2022\/05\/mockup-relie-4.png?resize=600%2C429&amp;ssl=1 600w, https:\/\/i0.wp.com\/kyrroeditions.com\/wp-content\/uploads\/2022\/05\/mockup-relie-4.png?w=1664&amp;ssl=1 1664w, https:\/\/i0.wp.com\/kyrroeditions.com\/wp-content\/uploads\/2022\/05\/mockup-relie-4.png?w=2496&amp;ssl=1 2496w\" sizes=\"(max-width: 300px) 100vw, 300px\" \/><\/em><\/strong><\/p>\n<h2><strong>[ romance sombre. ]<\/strong><\/h2>\n<p>&nbsp;<\/p>\n<p><strong>Rien n\u2019est impossible quand on a dix-huit ans. <\/strong><strong>Tout a une limite lorsqu\u2019on en a bient\u00f4t trente.<\/strong><\/p>\n<div dir=\"auto\"><\/div>\n<div class=\"cxmmr5t8 oygrvhab hcukyx3x c1et5uql o9v6fnle ii04i59q\">\n<div dir=\"auto\">Un pari, quelques SMS\u2026 Que reste-t-il des \u00e9mois adolescents de Kieran et Hailey ? Dix ann\u00e9es d\u2019absence et autant de cicatrices silencieuses.<\/div>\n<div dir=\"auto\"><\/div>\n<div dir=\"auto\">Alors, quand le destin remet le prince des t\u00e9n\u00e8bres sur le chemin de la jeune femme, elle ne pensait pas qu\u2019il porterait si bien ce surnom. L\u2019ado en qu\u00eate d\u2019adr\u00e9naline existe-t-il toujours derri\u00e8re cet homme \u00e0 l\u2019aura sombre et attirante ?<\/div>\n<\/div>\n<div class=\"cxmmr5t8 oygrvhab hcukyx3x c1et5uql o9v6fnle ii04i59q\">\n<div dir=\"auto\"><\/div>\n<div dir=\"auto\">De leur pass\u00e9, ils n\u2019ont gard\u00e9 que les vestiges d\u2019un d\u00e9sir inassouvi. Les mots ont des milliers de nuances, de la douceur \u00e0 la douleur, il n\u2019y a qu\u2019un pas. Quand passion rime avec d\u00e9raison, l\u2019amour peut-il avoir sa place dans l\u2019\u00e9quation ?<\/div>\n<\/div>\n","protected":false},"excerpt":{"rendered":"<div dir=\"auto\">\n<div dir=\"auto\">\n<h2>[ romance sombre. ]<\/h2>\n<p>&nbsp;<\/p>\n<\/div>\n<blockquote>\n<div dir=\"auto\">D\u00e9couvrez la version reli\u00e9e de cette romance sombre et intense, sign\u00e9e Karyn Adler &amp; Lo\u00efs Smes<\/div>\n<\/blockquote>\n<div dir=\"auto\"><\/div>\n<div dir=\"auto\"><\/div>\n<div dir=\"auto\">Deux adolescents, une idylle par SMS\u2026 puis le silence.<\/div>\n<div dir=\"auto\">Lorsqu\u2019ils se retrouvent dix ans plus tard, Kieran et Hailey ne sont plus vraiment les m\u00eames. Elle s\u2019accroche \u00e0 sa douleur, il survit \u00e0 travers ses vices\u2026<\/div>\n<div dir=\"auto\"><\/div>\n<div dir=\"auto\">Une d\u00e9cennie de questions les attend, qu\u2019importe si les r\u00e9ponses font mal\u2026<\/div>\n<\/div>\n","protected":false},"featured_media":1406,"comment_status":"open","ping_status":"closed","template":"","meta":[],"product_brand":[],"product_cat":[52,26,48],"product_tag":[87,36,37,49,51,74],"class_list":{"0":"post-1403","1":"product","2":"type-product","3":"status-publish","4":"has-post-thumbnail","6":"product_cat-relie","7":"product_cat-serie-saga","8":"product_cat-romance-sombre","9":"product_tag-destin","10":"product_tag-karyn-adler","11":"product_tag-lois-smes","12":"product_tag-myrkur","13":"product_tag-relie","14":"product_tag-romance-sombre","16":"first","17":"instock","18":"taxable","19":"shipping-taxable","20":"purchasable","21":"product-type-variable"},"jetpack-related-posts":[],"jetpack_sharing_enabled":true,"_links":{"self":[{"href":"https:\/\/kyrroeditions.com\/index.php\/wp-json\/wp\/v2\/product\/1403","targetHints":{"allow":["GET"]}}],"collection":[{"href":"https:\/\/kyrroeditions.com\/index.php\/wp-json\/wp\/v2\/product"}],"about":[{"href":"https:\/\/kyrroeditions.com\/index.php\/wp-json\/wp\/v2\/types\/product"}],"replies":[{"embeddable":true,"href":"https:\/\/kyrroeditions.com\/index.php\/wp-json\/wp\/v2\/comments?post=1403"}],"wp:featuredmedia":[{"embeddable":true,"href":"https:\/\/kyrroeditions.com\/index.php\/wp-json\/wp\/v2\/media\/1406"}],"wp:attachment":[{"href":"https:\/\/kyrroeditions.com\/index.php\/wp-json\/wp\/v2\/media?parent=1403"}],"wp:term":[{"taxonomy":"product_brand","embeddable":true,"href":"https:\/\/kyrroeditions.com\/index.php\/wp-json\/wp\/v2\/product_brand?post=1403"},{"taxonomy":"product_cat","embeddable":true,"href":"https:\/\/kyrroeditions.com\/index.php\/wp-json\/wp\/v2\/product_cat?post=1403"},{"taxonomy":"product_tag","embeddable":true,"href":"https:\/\/kyrroeditions.com\/index.php\/wp-json\/wp\/v2\/product_tag?post=1403"}],"curies":[{"name":"wp","href":"https:\/\/api.w.org\/{rel}","templated":true}]}}