{"id":1580,"date":"2022-08-17T19:56:12","date_gmt":"2022-08-17T17:56:12","guid":{"rendered":"https:\/\/kyrroeditions.com\/?post_type=product&#038;p=1580"},"modified":"2026-04-11T11:55:35","modified_gmt":"2026-04-11T09:55:35","slug":"priam-lodyssee","status":"publish","type":"product","link":"https:\/\/kyrroeditions.com\/index.php\/produit\/priam-lodyssee\/","title":{"rendered":"Priam : L&rsquo;Odyss\u00e9e &#8211; Lo\u00efs Smes"},"content":{"rendered":"<p><img data-recalc-dims=\"1\" fetchpriority=\"high\" decoding=\"async\" class=\"alignnone size-medium wp-image-1583\" src=\"https:\/\/i0.wp.com\/kyrroeditions.com\/wp-content\/uploads\/2022\/08\/300079177_477049070517092_785195105920103432_n.png?resize=300%2C230&#038;ssl=1\" alt=\"\" width=\"300\" height=\"230\" srcset=\"https:\/\/i0.wp.com\/kyrroeditions.com\/wp-content\/uploads\/2022\/08\/300079177_477049070517092_785195105920103432_n.png?resize=300%2C230&amp;ssl=1 300w, https:\/\/i0.wp.com\/kyrroeditions.com\/wp-content\/uploads\/2022\/08\/300079177_477049070517092_785195105920103432_n.png?resize=1024%2C785&amp;ssl=1 1024w, https:\/\/i0.wp.com\/kyrroeditions.com\/wp-content\/uploads\/2022\/08\/300079177_477049070517092_785195105920103432_n.png?resize=150%2C115&amp;ssl=1 150w, https:\/\/i0.wp.com\/kyrroeditions.com\/wp-content\/uploads\/2022\/08\/300079177_477049070517092_785195105920103432_n.png?resize=768%2C589&amp;ssl=1 768w, https:\/\/i0.wp.com\/kyrroeditions.com\/wp-content\/uploads\/2022\/08\/300079177_477049070517092_785195105920103432_n.png?resize=600%2C460&amp;ssl=1 600w, https:\/\/i0.wp.com\/kyrroeditions.com\/wp-content\/uploads\/2022\/08\/300079177_477049070517092_785195105920103432_n.png?w=1500&amp;ssl=1 1500w\" sizes=\"(max-width: 300px) 100vw, 300px\" \/><\/p>\n<h2><strong>[ com\u00e9die Romantique. ]<\/strong><\/h2>\n<p>&nbsp;<\/p>\n<p><strong><em>On ne peut pas dire \u00ab je n&rsquo;aime pas \u00bb avant d&rsquo;avoir go\u00fbt\u00e9.<\/em><\/strong><\/p>\n<p>Cette r\u00e8gle, Priam en a fait son mantra. Avec son meilleur ami Gonz, il vit de petites et de grandes arnaques. Sa seule constante : essayer, encore et toujours. Qu&rsquo;importe les cons\u00e9quences, la vie est une exp\u00e9rience ! Une odyss\u00e9e dont il est le h\u00e9ros mytho-illogique.<\/p>\n<p>Abigail adore la comp\u00e9tition, surtout avec elle-m\u00eame. Bien d\u00e9cid\u00e9e \u00e0 devenir la nouvelle associ\u00e9e de Gueules, agence de mannequins atypiques, elle doit mettre la main sur la perle rare pour animer un nouvelle programme t\u00e9l\u00e9 : un homme inconnu, mais aussi sexy et charismatique que totalement d\u00e9jant\u00e9.<\/p>\n<p>Quand le hasard s&rsquo;en m\u00eale, c&rsquo;est leur monde qui bascule.<\/p>\n<p>Essayer de se pardonner, essayer de se relever, essayer de grandir&#8230;<\/p>\n<p>Tomber amoureux, s&rsquo;ils essayaient ?<\/p>\n","protected":false},"excerpt":{"rendered":"<h2>[ com\u00e9die Romantique. ]<\/h2>\n<p>&nbsp;<\/p>\n<blockquote><p>Passer du rire aux larmes en un claquement de doigts\u2026 et si on essayait ?<\/p>\n<p>Laissez Lo\u00efs Smes vous raconter l\u2019Odyss\u00e9e de Priam. <em>Et il ne fait pas que des plans \u00e0 Troie\u2026<\/em><\/p><\/blockquote>\n<p>&nbsp;<\/p>\n<p>&nbsp;<\/p>\n<p>&nbsp;<\/p>\n","protected":false},"featured_media":1582,"comment_status":"open","ping_status":"closed","template":"","meta":[],"product_brand":[],"product_cat":[30],"product_tag":[35,38,37],"class_list":{"0":"post-1580","1":"product","2":"type-product","3":"status-publish","4":"has-post-thumbnail","6":"product_cat-comedie-romantique","7":"product_tag-broche","8":"product_tag-fyndid","9":"product_tag-lois-smes","10":"pa_dedi-non","11":"pa_dedi-oui","13":"first","14":"instock","15":"taxable","16":"shipping-taxable","17":"purchasable","18":"product-type-variable","19":"has-default-attributes"},"jetpack-related-posts":[],"jetpack_sharing_enabled":true,"_links":{"self":[{"href":"https:\/\/kyrroeditions.com\/index.php\/wp-json\/wp\/v2\/product\/1580","targetHints":{"allow":["GET"]}}],"collection":[{"href":"https:\/\/kyrroeditions.com\/index.php\/wp-json\/wp\/v2\/product"}],"about":[{"href":"https:\/\/kyrroeditions.com\/index.php\/wp-json\/wp\/v2\/types\/product"}],"replies":[{"embeddable":true,"href":"https:\/\/kyrroeditions.com\/index.php\/wp-json\/wp\/v2\/comments?post=1580"}],"wp:featuredmedia":[{"embeddable":true,"href":"https:\/\/kyrroeditions.com\/index.php\/wp-json\/wp\/v2\/media\/1582"}],"wp:attachment":[{"href":"https:\/\/kyrroeditions.com\/index.php\/wp-json\/wp\/v2\/media?parent=1580"}],"wp:term":[{"taxonomy":"product_brand","embeddable":true,"href":"https:\/\/kyrroeditions.com\/index.php\/wp-json\/wp\/v2\/product_brand?post=1580"},{"taxonomy":"product_cat","embeddable":true,"href":"https:\/\/kyrroeditions.com\/index.php\/wp-json\/wp\/v2\/product_cat?post=1580"},{"taxonomy":"product_tag","embeddable":true,"href":"https:\/\/kyrroeditions.com\/index.php\/wp-json\/wp\/v2\/product_tag?post=1580"}],"curies":[{"name":"wp","href":"https:\/\/api.w.org\/{rel}","templated":true}]}}