{"id":1767,"date":"2022-11-01T17:04:28","date_gmt":"2022-11-01T16:04:28","guid":{"rendered":"https:\/\/kyrroeditions.com\/?post_type=product&#038;p=1767"},"modified":"2026-04-21T11:22:48","modified_gmt":"2026-04-21T09:22:48","slug":"entirely-yours-version-relie","status":"publish","type":"product","link":"https:\/\/kyrroeditions.com\/index.php\/produit\/entirely-yours-version-relie\/","title":{"rendered":"Entirely Yours &#8211; Karyn Adler &#038; Lo\u00efs Smes &#8211; Version Reli\u00e9"},"content":{"rendered":"<p><strong><img data-recalc-dims=\"1\" fetchpriority=\"high\" decoding=\"async\" class=\"alignnone size-medium wp-image-1771\" src=\"https:\/\/i0.wp.com\/kyrroeditions.com\/wp-content\/uploads\/2022\/05\/mockup-relie-2.png?resize=300%2C214&#038;ssl=1\" alt=\"\" width=\"300\" height=\"214\" srcset=\"https:\/\/i0.wp.com\/kyrroeditions.com\/wp-content\/uploads\/2022\/05\/mockup-relie-2.png?resize=300%2C214&amp;ssl=1 300w, https:\/\/i0.wp.com\/kyrroeditions.com\/wp-content\/uploads\/2022\/05\/mockup-relie-2.png?resize=1024%2C731&amp;ssl=1 1024w, https:\/\/i0.wp.com\/kyrroeditions.com\/wp-content\/uploads\/2022\/05\/mockup-relie-2.png?resize=150%2C107&amp;ssl=1 150w, https:\/\/i0.wp.com\/kyrroeditions.com\/wp-content\/uploads\/2022\/05\/mockup-relie-2.png?resize=768%2C549&amp;ssl=1 768w, https:\/\/i0.wp.com\/kyrroeditions.com\/wp-content\/uploads\/2022\/05\/mockup-relie-2.png?resize=1536%2C1097&amp;ssl=1 1536w, https:\/\/i0.wp.com\/kyrroeditions.com\/wp-content\/uploads\/2022\/05\/mockup-relie-2.png?resize=2048%2C1463&amp;ssl=1 2048w, https:\/\/i0.wp.com\/kyrroeditions.com\/wp-content\/uploads\/2022\/05\/mockup-relie-2.png?resize=600%2C429&amp;ssl=1 600w, https:\/\/i0.wp.com\/kyrroeditions.com\/wp-content\/uploads\/2022\/05\/mockup-relie-2.png?w=1664&amp;ssl=1 1664w, https:\/\/i0.wp.com\/kyrroeditions.com\/wp-content\/uploads\/2022\/05\/mockup-relie-2.png?w=2496&amp;ssl=1 2496w\" sizes=\"(max-width: 300px) 100vw, 300px\" \/><\/strong><\/p>\n<h2><strong>[ dark Romance. ]<\/strong><\/h2>\n<p>&nbsp;<\/p>\n<p><strong><em>Que peut-on<\/em> craindre<em> de pire quand on a \u00e9t\u00e9 sauv\u00e9 du mal absolu ?<\/em><\/strong><\/p>\n<p>On l\u2019appelle l\u2019Ange du Diable. Sa beaut\u00e9 d\u00e9range, son pass\u00e9 effraie. Ezia a pass\u00e9 son adolescence enferm\u00e9e dans un sous-sol. Abus\u00e9e par un p\u00e8re qui masque sa perversit\u00e9 derri\u00e8re sa foi, elle n\u2019imaginait pas qu\u2019il puisse y avoir une vie, au-dehors. Jusqu\u2019\u00e0 ce qu\u2019il fasse entrer la lumi\u00e8re dans ses t\u00e9n\u00e8bres.<\/p>\n<p>Egan n\u2019\u00e9tait qu\u2019un agent de police comme les autres. Mais quand il se retrouve \u00e0 la Une des m\u00e9dias pour avoir sauv\u00e9 six enfants des griffes de leur p\u00e8re, l\u2019Am\u00e9rique voit en lui un h\u00e9ros. Ezia aussi. Cependant, la mission du policier s\u2019arr\u00eate l\u00e0 o\u00f9 la vie de la jeune femme commence.<\/p>\n<p>La libert\u00e9 d\u2019Ezia est encombrante. La gloire d\u2019Egan est un fardeau. Ensemble, ils pourraient bien sombrer dans les m\u00e9andres de leurs esprits tourment\u00e9s.<\/p>\n<p><em><strong>Et si le pire qu&rsquo;il pouvait leur arriver \u00e9tait de s&rsquo;aimer ?<\/strong><\/em><\/p>\n<pre><span class=\"x193iq5w xeuugli x13faqbe x1vvkbs x1xmvt09 x6prxxf xvq8zen xo1l8bm xzsf02u\">CE LIVRE EST UNE <strong>DARK ROMANCE<\/strong>. SON CONTENU EST AMORAL ET POURRAIT \r\nHEURTER VOTRE SENSIBILIT\u00c9. <strong>R\u00c9SERV\u00c9 \u00c0 UN PUBLIC MAJEUR<\/strong>. <\/span><\/pre>\n","protected":false},"excerpt":{"rendered":"<h2>[ DARK Romance. ]<\/h2>\n<p>&nbsp;<\/p>\n<blockquote><p>O\u00f9 est le bien, qui est le mal ? D\u00e9couvrez-le avec Karyn Adler &amp; Lo\u00efs Smes<\/p>\n<p>Plongez dans une Dark romance psychologique et oppressante.<\/p>\n<p>Et si l&rsquo;amour \u00e9tait la pire chose qui pouvait leur arriver ?<\/p><\/blockquote>\n","protected":false},"featured_media":1782,"comment_status":"open","ping_status":"closed","template":"","meta":[],"product_brand":[],"product_cat":[52,57],"product_tag":[36,37,49,51],"class_list":{"0":"post-1767","1":"product","2":"type-product","3":"status-publish","4":"has-post-thumbnail","6":"product_cat-relie","7":"product_cat-dark-romance","8":"product_tag-karyn-adler","9":"product_tag-lois-smes","10":"product_tag-myrkur","11":"product_tag-relie","13":"first","14":"outofstock","15":"taxable","16":"shipping-taxable","17":"purchasable","18":"product-type-variable","19":"has-default-attributes"},"jetpack-related-posts":[],"jetpack_sharing_enabled":true,"_links":{"self":[{"href":"https:\/\/kyrroeditions.com\/index.php\/wp-json\/wp\/v2\/product\/1767","targetHints":{"allow":["GET"]}}],"collection":[{"href":"https:\/\/kyrroeditions.com\/index.php\/wp-json\/wp\/v2\/product"}],"about":[{"href":"https:\/\/kyrroeditions.com\/index.php\/wp-json\/wp\/v2\/types\/product"}],"replies":[{"embeddable":true,"href":"https:\/\/kyrroeditions.com\/index.php\/wp-json\/wp\/v2\/comments?post=1767"}],"wp:featuredmedia":[{"embeddable":true,"href":"https:\/\/kyrroeditions.com\/index.php\/wp-json\/wp\/v2\/media\/1782"}],"wp:attachment":[{"href":"https:\/\/kyrroeditions.com\/index.php\/wp-json\/wp\/v2\/media?parent=1767"}],"wp:term":[{"taxonomy":"product_brand","embeddable":true,"href":"https:\/\/kyrroeditions.com\/index.php\/wp-json\/wp\/v2\/product_brand?post=1767"},{"taxonomy":"product_cat","embeddable":true,"href":"https:\/\/kyrroeditions.com\/index.php\/wp-json\/wp\/v2\/product_cat?post=1767"},{"taxonomy":"product_tag","embeddable":true,"href":"https:\/\/kyrroeditions.com\/index.php\/wp-json\/wp\/v2\/product_tag?post=1767"}],"curies":[{"name":"wp","href":"https:\/\/api.w.org\/{rel}","templated":true}]}}