{"id":1775,"date":"2022-11-01T18:08:46","date_gmt":"2022-11-01T17:08:46","guid":{"rendered":"https:\/\/kyrroeditions.com\/?post_type=product&#038;p=1775"},"modified":"2026-05-01T04:52:27","modified_gmt":"2026-05-01T02:52:27","slug":"entirely-yours-standard","status":"publish","type":"product","link":"https:\/\/kyrroeditions.com\/index.php\/produit\/entirely-yours-standard\/","title":{"rendered":"Entirely Yours &#8211; Karyn Adler &#038; Lo\u00efs Smes &#8211; Broch\u00e9 standard"},"content":{"rendered":"<div class=\"l7ghb35v kjdc1dyq kmwttqpk gh25dzvf jikcssrz n3t5jt4f\">\n<div dir=\"auto\"><img data-recalc-dims=\"1\" fetchpriority=\"high\" decoding=\"async\" class=\"alignnone wp-image-1776 size-medium\" src=\"https:\/\/i0.wp.com\/kyrroeditions.com\/wp-content\/uploads\/2022\/11\/1664361710.png?resize=300%2C230&#038;ssl=1\" alt=\"\" width=\"300\" height=\"230\" srcset=\"https:\/\/i0.wp.com\/kyrroeditions.com\/wp-content\/uploads\/2022\/11\/1664361710.png?resize=300%2C230&amp;ssl=1 300w, https:\/\/i0.wp.com\/kyrroeditions.com\/wp-content\/uploads\/2022\/11\/1664361710.png?resize=1024%2C785&amp;ssl=1 1024w, https:\/\/i0.wp.com\/kyrroeditions.com\/wp-content\/uploads\/2022\/11\/1664361710.png?resize=150%2C115&amp;ssl=1 150w, https:\/\/i0.wp.com\/kyrroeditions.com\/wp-content\/uploads\/2022\/11\/1664361710.png?resize=768%2C589&amp;ssl=1 768w, https:\/\/i0.wp.com\/kyrroeditions.com\/wp-content\/uploads\/2022\/11\/1664361710.png?resize=600%2C460&amp;ssl=1 600w, https:\/\/i0.wp.com\/kyrroeditions.com\/wp-content\/uploads\/2022\/11\/1664361710.png?w=1500&amp;ssl=1 1500w\" sizes=\"(max-width: 300px) 100vw, 300px\" \/><\/div>\n<div dir=\"auto\">\n<h2><strong>[ dark Romance. ]<\/strong><\/h2>\n<p>&nbsp;<\/p>\n<\/div>\n<div dir=\"auto\"><\/div>\n<div dir=\"auto\"><span class=\"x193iq5w xeuugli x13faqbe x1vvkbs x1xmvt09 x6prxxf xvq8zen xo1l8bm xzsf02u\"><b><i>Que peut-on craindre de pire quand on a \u00e9t\u00e9 sauv\u00e9 du mal absolu ?<\/i><\/b><\/span><\/div>\n<div class=\"x1e56ztr\"><\/div>\n<div class=\"x1e56ztr\"><span class=\"x193iq5w xeuugli x13faqbe x1vvkbs x1xmvt09 x6prxxf xvq8zen xo1l8bm xzsf02u\">On l\u2019appelle l\u2019Ange du Diable. Sa beaut\u00e9 d\u00e9range, son pass\u00e9 effraie. Ezia a pass\u00e9 son adolescence enferm\u00e9e dans un sous-sol. Abus\u00e9e par un p\u00e8re qui masque sa perversit\u00e9 derri\u00e8re sa foi, elle n\u2019imaginait pas qu\u2019il puisse y avoir une vie, au-dehors. Jusqu\u2019\u00e0 ce qu\u2019il fasse entrer la lumi\u00e8re dans ses t\u00e9n\u00e8bres.<\/span><\/div>\n<div class=\"x1e56ztr\"><\/div>\n<div class=\"x1e56ztr\"><span class=\"x193iq5w xeuugli x13faqbe x1vvkbs x1xmvt09 x6prxxf xvq8zen xo1l8bm xzsf02u\">Egan n\u2019\u00e9tait qu\u2019un agent de police comme les autres. Mais quand il se retrouve \u00e0 la <em>Une<\/em> des m\u00e9dias pour avoir sauv\u00e9 six enfants des griffes de leur p\u00e8re, l\u2019Am\u00e9rique voit en lui un h\u00e9ros. Ezia aussi. Cependant, la mission du policier s\u2019arr\u00eate l\u00e0 o\u00f9 la vie de la jeune femme commence.<\/span><\/div>\n<div class=\"x1e56ztr\"><\/div>\n<div class=\"x1e56ztr\"><span class=\"x193iq5w xeuugli x13faqbe x1vvkbs x1xmvt09 x6prxxf xvq8zen xo1l8bm xzsf02u\">La libert\u00e9 d\u2019Ezia est encombrante. La gloire d\u2019Egan est un fardeau. Ensemble, ils pourraient bien sombrer dans les m\u00e9andres de leurs esprits tourment\u00e9s.<\/span><\/div>\n<div class=\"x1e56ztr\"><\/div>\n<div class=\"x1e56ztr\"><span class=\"x193iq5w xeuugli x13faqbe x1vvkbs x1xmvt09 x6prxxf xvq8zen xo1l8bm xzsf02u\"><b><i>Et si le pire qu\u2019il pouvait leur arriver \u00e9tait de s\u2019aimer ?<\/i><\/b><\/span><\/div>\n<div class=\"x1e56ztr\"><\/div>\n<pre><span class=\"x193iq5w xeuugli x13faqbe x1vvkbs x1xmvt09 x6prxxf xvq8zen xo1l8bm xzsf02u\">CE LIVRE EST UNE <strong>DARK ROMANCE<\/strong>. \r\nSON CONTENU EST AMORAL ET POURRAIT HEURTER VOTRE SENSIBILIT\u00c9. \r\n<strong>R\u00c9SERV\u00c9 \u00c0 UN PUBLIC MAJEUR<\/strong>. \r\n\r\nRetrouvez la liste des Trigger Warning : \r\n\r\n<a href=\"https:\/\/i0.wp.com\/kyrroeditions.com\/wp-content\/uploads\/2025\/10\/qr-code_yours_TW.png?ssl=1\"><img data-recalc-dims=\"1\" decoding=\"async\" class=\"alignleft wp-image-7734 size-thumbnail\" src=\"https:\/\/i0.wp.com\/kyrroeditions.com\/wp-content\/uploads\/2025\/10\/qr-code_yours_TW.png?resize=150%2C150&#038;ssl=1\" alt=\"\" width=\"150\" height=\"150\" srcset=\"https:\/\/i0.wp.com\/kyrroeditions.com\/wp-content\/uploads\/2025\/10\/qr-code_yours_TW.png?resize=150%2C150&amp;ssl=1 150w, https:\/\/i0.wp.com\/kyrroeditions.com\/wp-content\/uploads\/2025\/10\/qr-code_yours_TW.png?resize=300%2C300&amp;ssl=1 300w, https:\/\/i0.wp.com\/kyrroeditions.com\/wp-content\/uploads\/2025\/10\/qr-code_yours_TW.png?resize=1024%2C1024&amp;ssl=1 1024w, https:\/\/i0.wp.com\/kyrroeditions.com\/wp-content\/uploads\/2025\/10\/qr-code_yours_TW.png?resize=768%2C768&amp;ssl=1 768w, https:\/\/i0.wp.com\/kyrroeditions.com\/wp-content\/uploads\/2025\/10\/qr-code_yours_TW.png?resize=600%2C600&amp;ssl=1 600w, https:\/\/i0.wp.com\/kyrroeditions.com\/wp-content\/uploads\/2025\/10\/qr-code_yours_TW.png?resize=64%2C64&amp;ssl=1 64w, https:\/\/i0.wp.com\/kyrroeditions.com\/wp-content\/uploads\/2025\/10\/qr-code_yours_TW.png?w=1083&amp;ssl=1 1083w\" sizes=\"(max-width: 150px) 100vw, 150px\" \/><\/a>\r\n\r\n<\/span><\/pre>\n<\/div>\n<div dir=\"auto\"><\/div>\n","protected":false},"excerpt":{"rendered":"<h2>[ DARK Romance. ]<\/h2>\n<p>&nbsp;<\/p>\n<blockquote><p>O\u00f9 est le bien, qui est le mal ? D\u00e9couvrez-le avec Karyn Adler &amp; Lo\u00efs Smes.<\/p>\n<p>Plongez dans une Dark romance psychologique et oppressante.<\/p>\n<p>Et si l&rsquo;amour \u00e9tait la pire chose qui pouvait leur arriver ?<\/p>\n<p>&nbsp;<\/p><\/blockquote>\n","protected":false},"featured_media":1777,"comment_status":"open","ping_status":"closed","template":"","meta":[],"product_brand":[],"product_cat":[57],"product_tag":[35,83,36,37,49],"class_list":{"0":"post-1775","1":"product","2":"type-product","3":"status-publish","4":"has-post-thumbnail","6":"product_cat-dark-romance","7":"product_tag-broche","8":"product_tag-dark-romance","9":"product_tag-karyn-adler","10":"product_tag-lois-smes","11":"product_tag-myrkur","13":"first","14":"instock","15":"taxable","16":"shipping-taxable","17":"purchasable","18":"product-type-variable","19":"has-default-attributes"},"jetpack-related-posts":[],"jetpack_sharing_enabled":true,"_links":{"self":[{"href":"https:\/\/kyrroeditions.com\/index.php\/wp-json\/wp\/v2\/product\/1775","targetHints":{"allow":["GET"]}}],"collection":[{"href":"https:\/\/kyrroeditions.com\/index.php\/wp-json\/wp\/v2\/product"}],"about":[{"href":"https:\/\/kyrroeditions.com\/index.php\/wp-json\/wp\/v2\/types\/product"}],"replies":[{"embeddable":true,"href":"https:\/\/kyrroeditions.com\/index.php\/wp-json\/wp\/v2\/comments?post=1775"}],"wp:featuredmedia":[{"embeddable":true,"href":"https:\/\/kyrroeditions.com\/index.php\/wp-json\/wp\/v2\/media\/1777"}],"wp:attachment":[{"href":"https:\/\/kyrroeditions.com\/index.php\/wp-json\/wp\/v2\/media?parent=1775"}],"wp:term":[{"taxonomy":"product_brand","embeddable":true,"href":"https:\/\/kyrroeditions.com\/index.php\/wp-json\/wp\/v2\/product_brand?post=1775"},{"taxonomy":"product_cat","embeddable":true,"href":"https:\/\/kyrroeditions.com\/index.php\/wp-json\/wp\/v2\/product_cat?post=1775"},{"taxonomy":"product_tag","embeddable":true,"href":"https:\/\/kyrroeditions.com\/index.php\/wp-json\/wp\/v2\/product_tag?post=1775"}],"curies":[{"name":"wp","href":"https:\/\/api.w.org\/{rel}","templated":true}]}}