{"id":1952,"date":"2022-12-08T11:41:04","date_gmt":"2022-12-08T10:41:04","guid":{"rendered":"https:\/\/kyrroeditions.com\/?post_type=product&#038;p=1952"},"modified":"2026-04-11T11:48:39","modified_gmt":"2026-04-11T09:48:39","slug":"jyvaispas","status":"publish","type":"product","link":"https:\/\/kyrroeditions.com\/index.php\/produit\/jyvaispas\/","title":{"rendered":"J&rsquo;y vais pas, j&rsquo;ai froid &#8211; Karyn Adler (featuring Lo\u00efs Smes)"},"content":{"rendered":"<p><img data-recalc-dims=\"1\" loading=\"lazy\" decoding=\"async\" class=\"alignnone size-medium wp-image-1957\" src=\"https:\/\/i0.wp.com\/kyrroeditions.com\/wp-content\/uploads\/2022\/12\/mock-premier.png?resize=300%2C300&#038;ssl=1\" alt=\"\" width=\"300\" height=\"300\" srcset=\"https:\/\/i0.wp.com\/kyrroeditions.com\/wp-content\/uploads\/2022\/12\/mock-premier.png?resize=300%2C300&amp;ssl=1 300w, https:\/\/i0.wp.com\/kyrroeditions.com\/wp-content\/uploads\/2022\/12\/mock-premier.png?resize=1024%2C1024&amp;ssl=1 1024w, https:\/\/i0.wp.com\/kyrroeditions.com\/wp-content\/uploads\/2022\/12\/mock-premier.png?resize=150%2C150&amp;ssl=1 150w, https:\/\/i0.wp.com\/kyrroeditions.com\/wp-content\/uploads\/2022\/12\/mock-premier.png?resize=768%2C768&amp;ssl=1 768w, https:\/\/i0.wp.com\/kyrroeditions.com\/wp-content\/uploads\/2022\/12\/mock-premier.png?resize=1536%2C1536&amp;ssl=1 1536w, https:\/\/i0.wp.com\/kyrroeditions.com\/wp-content\/uploads\/2022\/12\/mock-premier.png?resize=2048%2C2048&amp;ssl=1 2048w, https:\/\/i0.wp.com\/kyrroeditions.com\/wp-content\/uploads\/2022\/12\/mock-premier.png?resize=600%2C600&amp;ssl=1 600w, https:\/\/i0.wp.com\/kyrroeditions.com\/wp-content\/uploads\/2022\/12\/mock-premier.png?w=1664&amp;ssl=1 1664w, https:\/\/i0.wp.com\/kyrroeditions.com\/wp-content\/uploads\/2022\/12\/mock-premier.png?w=2496&amp;ssl=1 2496w\" sizes=\"auto, (max-width: 300px) 100vw, 300px\" \/><\/p>\n<h2><strong>[ com\u00e9die romantique. ]<\/strong><\/h2>\n<p>&nbsp;<\/p>\n<p><strong><em>Elle s<\/em><em>e l\u2019\u00e9tait jur\u00e9 : j\u2019y vais pas, j\u2019ai froid !<\/em><\/strong><\/p>\n<div class=\"x11i5rnm xat24cr x1mh8g0r x1vvkbs xtlvy1s x126k92a\">\n<div dir=\"auto\">Penny vit a Seattle et a tout de la citadine. En tout cas, c\u2019est ce qu\u2019elle aimerait croire. Elle oublie un peu trop souvent qu\u2019elle vient de l\u2019\u00eele de Kodiak, petit morceau de glace au large de l\u2019Alaska. Alors, quand ses parents lui avouent avoir organis\u00e9 un voyage en famille dans sa ville natale pour No\u00ebl, elle refuse en bloc. Hors de question de retourner dans la pension de sa loufoque tante et de retrouver tout ce qu\u2019elle a laiss\u00e9 derri\u00e8re elle. Surtout Hunter, son amour de jeunesse. Prendre le risque de le revoir et qu\u2019il soit encore plus sexy que dans ses souvenirs ? Jamais !<\/div>\n<\/div>\n<div class=\"x11i5rnm xat24cr x1mh8g0r x1vvkbs xtlvy1s x126k92a\">\n<div dir=\"auto\"><\/div>\n<div dir=\"auto\"><strong><em>Et si elle se laissait convaincre ?<\/em><\/strong><\/div>\n<\/div>\n<div class=\"x11i5rnm xat24cr x1mh8g0r x1vvkbs xtlvy1s x126k92a\">\n<div dir=\"auto\"><\/div>\n<div dir=\"auto\">Sortez vos moufles, votre doudoune et votre <em>virgin<\/em> lait de poule, et partez vivre le plus d\u00e9lirant des No\u00ebls dans la pension Brown ! Vous pourrez y rencontrer un dentier, des Hollandais, une femme \u00e0 barbe, un mioche\u2026 et peut-\u00eatre bien l\u2019amour ?<\/div>\n<\/div>\n<p>&nbsp;<\/p>\n","protected":false},"excerpt":{"rendered":"<h2>[ com\u00e9die Romantique. ]<\/h2>\n<p>&nbsp;<\/p>\n<blockquote><p>Sortez vos moufles, n&rsquo;oubliez pas le mouflet et laissez Karyn Adler &amp; Lo\u00efs Smes vous montrer comment s&rsquo;offrir une deuxi\u00e8me chance en amour, si on croit un peu \u00e0 la magie de No\u00ebl.<\/p><\/blockquote>\n","protected":false},"featured_media":1958,"comment_status":"open","ping_status":"closed","template":"","meta":[],"product_brand":[],"product_cat":[70,58],"product_tag":[75,36,46,50,82,76],"class_list":{"0":"post-1952","1":"product","2":"type-product","3":"status-publish","4":"has-post-thumbnail","6":"product_cat-mini-comedie","7":"product_cat-romance-de-noel","8":"product_tag-comedie-romantique","9":"product_tag-karyn-adler","10":"product_tag-lilfyndio","11":"product_tag-mini","12":"product_tag-mini-comedie-romantique","13":"product_tag-romance-de-noel","15":"first","16":"instock","17":"taxable","18":"shipping-taxable","19":"product-type-variable"},"jetpack-related-posts":[],"jetpack_sharing_enabled":true,"_links":{"self":[{"href":"https:\/\/kyrroeditions.com\/index.php\/wp-json\/wp\/v2\/product\/1952","targetHints":{"allow":["GET"]}}],"collection":[{"href":"https:\/\/kyrroeditions.com\/index.php\/wp-json\/wp\/v2\/product"}],"about":[{"href":"https:\/\/kyrroeditions.com\/index.php\/wp-json\/wp\/v2\/types\/product"}],"replies":[{"embeddable":true,"href":"https:\/\/kyrroeditions.com\/index.php\/wp-json\/wp\/v2\/comments?post=1952"}],"wp:featuredmedia":[{"embeddable":true,"href":"https:\/\/kyrroeditions.com\/index.php\/wp-json\/wp\/v2\/media\/1958"}],"wp:attachment":[{"href":"https:\/\/kyrroeditions.com\/index.php\/wp-json\/wp\/v2\/media?parent=1952"}],"wp:term":[{"taxonomy":"product_brand","embeddable":true,"href":"https:\/\/kyrroeditions.com\/index.php\/wp-json\/wp\/v2\/product_brand?post=1952"},{"taxonomy":"product_cat","embeddable":true,"href":"https:\/\/kyrroeditions.com\/index.php\/wp-json\/wp\/v2\/product_cat?post=1952"},{"taxonomy":"product_tag","embeddable":true,"href":"https:\/\/kyrroeditions.com\/index.php\/wp-json\/wp\/v2\/product_tag?post=1952"}],"curies":[{"name":"wp","href":"https:\/\/api.w.org\/{rel}","templated":true}]}}