{"id":2014,"date":"2023-02-06T09:12:15","date_gmt":"2023-02-06T08:12:15","guid":{"rendered":"https:\/\/kyrroeditions.com\/?post_type=product&#038;p=2014"},"modified":"2026-04-11T11:45:51","modified_gmt":"2026-04-11T09:45:51","slug":"unfaithful","status":"publish","type":"product","link":"https:\/\/kyrroeditions.com\/index.php\/produit\/unfaithful\/","title":{"rendered":"Unfaithful &#8211; Karyn Adler"},"content":{"rendered":"<p><img data-recalc-dims=\"1\" fetchpriority=\"high\" decoding=\"async\" class=\"alignnone size-medium wp-image-2015\" src=\"https:\/\/i0.wp.com\/kyrroeditions.com\/wp-content\/uploads\/2023\/02\/328252153_863927191562273_1957215773704059574_n.png?resize=300%2C230&#038;ssl=1\" alt=\"\" width=\"300\" height=\"230\" srcset=\"https:\/\/i0.wp.com\/kyrroeditions.com\/wp-content\/uploads\/2023\/02\/328252153_863927191562273_1957215773704059574_n.png?resize=300%2C230&amp;ssl=1 300w, https:\/\/i0.wp.com\/kyrroeditions.com\/wp-content\/uploads\/2023\/02\/328252153_863927191562273_1957215773704059574_n.png?resize=1024%2C785&amp;ssl=1 1024w, https:\/\/i0.wp.com\/kyrroeditions.com\/wp-content\/uploads\/2023\/02\/328252153_863927191562273_1957215773704059574_n.png?resize=150%2C115&amp;ssl=1 150w, https:\/\/i0.wp.com\/kyrroeditions.com\/wp-content\/uploads\/2023\/02\/328252153_863927191562273_1957215773704059574_n.png?resize=768%2C589&amp;ssl=1 768w, https:\/\/i0.wp.com\/kyrroeditions.com\/wp-content\/uploads\/2023\/02\/328252153_863927191562273_1957215773704059574_n.png?resize=600%2C460&amp;ssl=1 600w, https:\/\/i0.wp.com\/kyrroeditions.com\/wp-content\/uploads\/2023\/02\/328252153_863927191562273_1957215773704059574_n.png?w=1500&amp;ssl=1 1500w\" sizes=\"(max-width: 300px) 100vw, 300px\" \/><\/p>\n<h2><strong>[ Romance contemporaine. ]<\/strong><\/h2>\n<p>&nbsp;<\/p>\n<blockquote>\n<h3><span class=\"x193iq5w xeuugli x13faqbe x1vvkbs x1xmvt09 x6prxxf xvq8zen xo1l8bm xzsf02u\"><span class=\"x193iq5w xeuugli x13faqbe x1vvkbs x1xmvt09 x6prxxf xvq8zen xo1l8bm xi81zsa\"><i><b>Ivy aime Andrew, Andrew aime Ivy.<\/b><\/i><\/span><\/span><\/h3>\n<\/blockquote>\n<div class=\"x1sy10c2\"><span class=\"x193iq5w xeuugli x13faqbe x1vvkbs x1xmvt09 x6prxxf xvq8zen xo1l8bm xzsf02u\"><span class=\"x193iq5w xeuugli x13faqbe x1vvkbs x1xmvt09 x6prxxf xvq8zen xo1l8bm xi81zsa\">Notre histoire commence l\u00e0 o\u00f9 les romances s\u2019arr\u00eatent : <\/span><\/span><span class=\"x193iq5w xeuugli x13faqbe x1vvkbs x1xmvt09 x6prxxf xvq8zen xo1l8bm xzsf02u\"><span class=\"x193iq5w xeuugli x13faqbe x1vvkbs x1xmvt09 x6prxxf xvq8zen xo1l8bm xi81zsa\"><strong> <i>\u00ab\u00a0Et \u00e0 la fin, ils s&rsquo;aiment\u00a0\u00bb<\/i>.<\/strong> <\/span><\/span><\/div>\n<div class=\"x1sy10c2\"><span class=\"x193iq5w xeuugli x13faqbe x1vvkbs x1xmvt09 x6prxxf xvq8zen xo1l8bm xzsf02u\"><span class=\"x193iq5w xeuugli x13faqbe x1vvkbs x1xmvt09 x6prxxf xvq8zen xo1l8bm xi81zsa\">Mais est-ce vraiment la fin ? <\/span><\/span><\/div>\n<div><\/div>\n<div><\/div>\n<div class=\"x1sy10c2\"><span class=\"x193iq5w xeuugli x13faqbe x1vvkbs x1xmvt09 x6prxxf xvq8zen xo1l8bm xzsf02u\"><span class=\"x193iq5w xeuugli x13faqbe x1vvkbs x1xmvt09 x6prxxf xvq8zen xo1l8bm xi81zsa\">Pour Andrew et moi, ce n&rsquo;\u00e9tait que le d\u00e9but d&rsquo;un amour qui ne souffre d&rsquo;aucun maux. D&rsquo;une passion qui ne s&rsquo;essouffle jamais. Jusqu&rsquo;\u00e0 ce que tout bascule, que tout s&rsquo;effondre. M\u00eame nous.<\/span><\/span><\/div>\n<div class=\"x1sy10c2\"><span class=\"x193iq5w xeuugli x13faqbe x1vvkbs x1xmvt09 x6prxxf xvq8zen xo1l8bm xzsf02u\"><span class=\"x193iq5w xeuugli x13faqbe x1vvkbs x1xmvt09 x6prxxf xvq8zen xo1l8bm xi81zsa\">Est-ce que je l&rsquo;aime ? Plus que vous ne pouvez l&rsquo;imaginer. Assez pour porter le poids de la culpabilit\u00e9. Assez pour vous montrer le plus honteux de mes secrets : mes carnets.<\/span><\/span><\/div>\n<div><\/div>\n<div><\/div>\n<div class=\"x1sy10c2\"><span class=\"x193iq5w xeuugli x13faqbe x1vvkbs x1xmvt09 x6prxxf xvq8zen xo1l8bm xzsf02u\"><span class=\"x193iq5w xeuugli x13faqbe x1vvkbs x1xmvt09 x6prxxf xvq8zen xo1l8bm xi81zsa\">Autant de mots pour me ha\u00efr, me maudire. Plus qu\u2019il n\u2019en faut pour me juger. Suffisamment pour comprendre que je l&rsquo;aime d&rsquo;un amour insens\u00e9.<\/span><\/span><\/div>\n<div class=\"x1sy10c2\"><span class=\"x193iq5w xeuugli x13faqbe x1vvkbs x1xmvt09 x6prxxf xvq8zen xo1l8bm xzsf02u\"><span class=\"x193iq5w xeuugli x13faqbe x1vvkbs x1xmvt09 x6prxxf xvq8zen xo1l8bm xi81zsa\">Qu&rsquo;auriez-vous fait \u00e0 ma place ?<\/span><\/span><\/div>\n<div><\/div>\n<div><\/div>\n<div class=\"x1sy10c2\"><span class=\"x193iq5w xeuugli x13faqbe x1vvkbs x1xmvt09 x6prxxf xvq8zen xo1l8bm xzsf02u\"><span class=\"x193iq5w xeuugli x13faqbe x1vvkbs x1xmvt09 x6prxxf xvq8zen xo1l8bm xi81zsa\"><b><i>Et vous, jusqu&rsquo;o\u00f9 iriez-vous par amour ?<\/i><\/b><\/span><\/span><\/div>\n<div><\/div>\n<div><\/div>\n<div class=\"x1sy10c2\"><span class=\"x193iq5w xeuugli x13faqbe x1vvkbs x1xmvt09 x6prxxf xvq8zen xo1l8bm xzsf02u\"><span class=\"x193iq5w xeuugli x13faqbe x1vvkbs x1xmvt09 x6prxxf xvq8zen xo1l8bm xi81zsa\">Unfaithful a \u00e9t\u00e9 pr\u00e9c\u00e9demment publi\u00e9 en 2021.<\/span><\/span><\/div>\n<div><strong>Disponible en num\u00e9rique et abonnement Kindle sur Amazon<\/strong><\/div>\n","protected":false},"excerpt":{"rendered":"<h2>[ Romance contemporaine. ]<\/h2>\n<p>&nbsp;<\/p>\n<blockquote><p>Plongez au c\u0153ur d&rsquo;un huis clos o\u00f9 les limites de l&rsquo;amour bousculeront toutes vos certitudes.<\/p>\n<p>Karyn Adler vous invite \u00e0 comprendre jusqu&rsquo;o\u00f9 iriez-vous par amour.<\/p><\/blockquote>\n","protected":false},"featured_media":2019,"comment_status":"open","ping_status":"closed","template":"","meta":[],"product_brand":[],"product_cat":[69],"product_tag":[35,39,36,73],"class_list":{"0":"post-2014","1":"product","2":"type-product","3":"status-publish","4":"has-post-thumbnail","6":"product_cat-romances-contemporaines","7":"product_tag-broche","8":"product_tag-elskur","9":"product_tag-karyn-adler","10":"product_tag-romance-contemporaine","12":"first","13":"instock","14":"taxable","15":"shipping-taxable","16":"purchasable","17":"product-type-variable"},"jetpack-related-posts":[],"jetpack_sharing_enabled":true,"_links":{"self":[{"href":"https:\/\/kyrroeditions.com\/index.php\/wp-json\/wp\/v2\/product\/2014","targetHints":{"allow":["GET"]}}],"collection":[{"href":"https:\/\/kyrroeditions.com\/index.php\/wp-json\/wp\/v2\/product"}],"about":[{"href":"https:\/\/kyrroeditions.com\/index.php\/wp-json\/wp\/v2\/types\/product"}],"replies":[{"embeddable":true,"href":"https:\/\/kyrroeditions.com\/index.php\/wp-json\/wp\/v2\/comments?post=2014"}],"wp:featuredmedia":[{"embeddable":true,"href":"https:\/\/kyrroeditions.com\/index.php\/wp-json\/wp\/v2\/media\/2019"}],"wp:attachment":[{"href":"https:\/\/kyrroeditions.com\/index.php\/wp-json\/wp\/v2\/media?parent=2014"}],"wp:term":[{"taxonomy":"product_brand","embeddable":true,"href":"https:\/\/kyrroeditions.com\/index.php\/wp-json\/wp\/v2\/product_brand?post=2014"},{"taxonomy":"product_cat","embeddable":true,"href":"https:\/\/kyrroeditions.com\/index.php\/wp-json\/wp\/v2\/product_cat?post=2014"},{"taxonomy":"product_tag","embeddable":true,"href":"https:\/\/kyrroeditions.com\/index.php\/wp-json\/wp\/v2\/product_tag?post=2014"}],"curies":[{"name":"wp","href":"https:\/\/api.w.org\/{rel}","templated":true}]}}