{"id":2155,"date":"2023-04-07T20:04:24","date_gmt":"2023-04-07T18:04:24","guid":{"rendered":"https:\/\/kyrroeditions.com\/?post_type=product&#038;p=2155"},"modified":"2026-04-20T16:43:03","modified_gmt":"2026-04-20T14:43:03","slug":"demonskiss","status":"publish","type":"product","link":"https:\/\/kyrroeditions.com\/index.php\/produit\/demonskiss\/","title":{"rendered":"The Demon&rsquo;s Kiss &#8211; Evy Barnes"},"content":{"rendered":"<p><img data-recalc-dims=\"1\" fetchpriority=\"high\" decoding=\"async\" class=\"alignnone size-medium wp-image-2156\" src=\"https:\/\/i0.wp.com\/kyrroeditions.com\/wp-content\/uploads\/2023\/04\/1680474177.png?resize=300%2C230&#038;ssl=1\" alt=\"\" width=\"300\" height=\"230\" srcset=\"https:\/\/i0.wp.com\/kyrroeditions.com\/wp-content\/uploads\/2023\/04\/1680474177.png?resize=300%2C230&amp;ssl=1 300w, https:\/\/i0.wp.com\/kyrroeditions.com\/wp-content\/uploads\/2023\/04\/1680474177.png?resize=1024%2C785&amp;ssl=1 1024w, https:\/\/i0.wp.com\/kyrroeditions.com\/wp-content\/uploads\/2023\/04\/1680474177.png?resize=150%2C115&amp;ssl=1 150w, https:\/\/i0.wp.com\/kyrroeditions.com\/wp-content\/uploads\/2023\/04\/1680474177.png?resize=768%2C589&amp;ssl=1 768w, https:\/\/i0.wp.com\/kyrroeditions.com\/wp-content\/uploads\/2023\/04\/1680474177.png?resize=600%2C460&amp;ssl=1 600w, https:\/\/i0.wp.com\/kyrroeditions.com\/wp-content\/uploads\/2023\/04\/1680474177.png?w=1500&amp;ssl=1 1500w\" sizes=\"(max-width: 300px) 100vw, 300px\" \/><\/p>\n<h2 style=\"text-align: center;\"><strong>[ Romantic thriller. ]<\/strong><\/h2>\n<p>&nbsp;<\/p>\n<blockquote><p>Les cauchemars ne sont que la face cach\u00e9e d\u2019une vie de r\u00eave.<\/p><\/blockquote>\n<p>Une vie de r\u00eave, c\u2019est ce qu\u2019Haley a toujours connu\u2026 jusqu\u2019au jour o\u00f9 elle perd sa m\u00e8re et, avec elle, son insouciance. Deux ans plus tard, son pr\u00e9sent chancelle sur les ruines de son pass\u00e9. Haley se d\u00e9bat dans une vie qu\u2019elle ne reconna\u00eet plus. Son p\u00e8re n\u2019en est plus vraiment un, son petit fr\u00e8re ne compte plus que sur elle.<\/p>\n<p>\u00c7a ne pourrait pas \u00eatre pire\u2026<\/p>\n<p>Mais lorsque Perkins Cove, petite ville tranquille, se retrouve au centre d\u2019une myst\u00e9rieuse affaire de meurtres dont les suspects sont des enfants, Haley devient la pi\u00e8ce ma\u00eetresse d\u2019un puzzle dont elle ignore tout du motif.<\/p>\n<p>Entre son meilleur ami, plus col\u00e9rique que jamais, son cousin par alliance, avec qui elle est forc\u00e9e de partager son toit et sa famille, et ce troublant nouveau professeur, Haley devra trouver les pi\u00e8ces manquantes \u00e0 son salut. Et peut-\u00eatre celle qui compl\u00e9tera son coeur.<\/p>\n","protected":false},"excerpt":{"rendered":"<h2 style=\"text-align: left;\">[ Romantic thriller. ]<\/h2>\n<p>&nbsp;<\/p>\n<blockquote><p>Certains baisers ont la saveur de la peur.<\/p>\n<p>D\u00e9couvrez la plume d&rsquo;Evy Barnes \u00e0 travers un romantic thriller haletant o\u00f9 l&rsquo;amour est un puzzle dont la vengeance est la pi\u00e8ce finale.<\/p><\/blockquote>\n","protected":false},"featured_media":2159,"comment_status":"open","ping_status":"closed","template":"","meta":[],"product_brand":[],"product_cat":[48],"product_tag":[35,60,49,74,81,80],"class_list":{"0":"post-2155","1":"product","2":"type-product","3":"status-publish","4":"has-post-thumbnail","6":"product_cat-romance-sombre","7":"product_tag-broche","8":"product_tag-evy-barnes","9":"product_tag-myrkur","10":"product_tag-romance-sombre","11":"product_tag-romantic-suspense","12":"product_tag-romantic-thriller","14":"first","15":"instock","16":"taxable","17":"shipping-taxable","18":"purchasable","19":"product-type-variable"},"jetpack-related-posts":[],"jetpack_sharing_enabled":true,"_links":{"self":[{"href":"https:\/\/kyrroeditions.com\/index.php\/wp-json\/wp\/v2\/product\/2155","targetHints":{"allow":["GET"]}}],"collection":[{"href":"https:\/\/kyrroeditions.com\/index.php\/wp-json\/wp\/v2\/product"}],"about":[{"href":"https:\/\/kyrroeditions.com\/index.php\/wp-json\/wp\/v2\/types\/product"}],"replies":[{"embeddable":true,"href":"https:\/\/kyrroeditions.com\/index.php\/wp-json\/wp\/v2\/comments?post=2155"}],"wp:featuredmedia":[{"embeddable":true,"href":"https:\/\/kyrroeditions.com\/index.php\/wp-json\/wp\/v2\/media\/2159"}],"wp:attachment":[{"href":"https:\/\/kyrroeditions.com\/index.php\/wp-json\/wp\/v2\/media?parent=2155"}],"wp:term":[{"taxonomy":"product_brand","embeddable":true,"href":"https:\/\/kyrroeditions.com\/index.php\/wp-json\/wp\/v2\/product_brand?post=2155"},{"taxonomy":"product_cat","embeddable":true,"href":"https:\/\/kyrroeditions.com\/index.php\/wp-json\/wp\/v2\/product_cat?post=2155"},{"taxonomy":"product_tag","embeddable":true,"href":"https:\/\/kyrroeditions.com\/index.php\/wp-json\/wp\/v2\/product_tag?post=2155"}],"curies":[{"name":"wp","href":"https:\/\/api.w.org\/{rel}","templated":true}]}}