{"id":2647,"date":"2023-08-02T22:58:41","date_gmt":"2023-08-02T20:58:41","guid":{"rendered":"https:\/\/kyrroeditions.com\/?post_type=product&#038;p=2647"},"modified":"2026-04-11T11:27:22","modified_gmt":"2026-04-11T09:27:22","slug":"until-death-and-more","status":"publish","type":"product","link":"https:\/\/kyrroeditions.com\/index.php\/produit\/until-death-and-more\/","title":{"rendered":"Until Death and More &#8211; Aur\u00e9lie Le Gallo"},"content":{"rendered":"<p><img data-recalc-dims=\"1\" fetchpriority=\"high\" decoding=\"async\" class=\"alignnone size-medium wp-image-2653\" src=\"https:\/\/i0.wp.com\/kyrroeditions.com\/wp-content\/uploads\/2023\/08\/1691010338.png?resize=300%2C230&#038;ssl=1\" alt=\"\" width=\"300\" height=\"230\" srcset=\"https:\/\/i0.wp.com\/kyrroeditions.com\/wp-content\/uploads\/2023\/08\/1691010338.png?resize=300%2C230&amp;ssl=1 300w, https:\/\/i0.wp.com\/kyrroeditions.com\/wp-content\/uploads\/2023\/08\/1691010338.png?resize=1024%2C785&amp;ssl=1 1024w, https:\/\/i0.wp.com\/kyrroeditions.com\/wp-content\/uploads\/2023\/08\/1691010338.png?resize=150%2C115&amp;ssl=1 150w, https:\/\/i0.wp.com\/kyrroeditions.com\/wp-content\/uploads\/2023\/08\/1691010338.png?resize=768%2C589&amp;ssl=1 768w, https:\/\/i0.wp.com\/kyrroeditions.com\/wp-content\/uploads\/2023\/08\/1691010338.png?resize=600%2C460&amp;ssl=1 600w, https:\/\/i0.wp.com\/kyrroeditions.com\/wp-content\/uploads\/2023\/08\/1691010338.png?w=1500&amp;ssl=1 1500w\" sizes=\"(max-width: 300px) 100vw, 300px\" \/><\/p>\n<h2><strong>[ histoire d&rsquo;amour dramatique. ]<\/strong><\/h2>\n<blockquote><p>Vouloir y croire ne suffit pas toujours.<\/p><\/blockquote>\n<p>Callie voulait croire que c\u2019\u00e9tait le bon. Quand Stan est arriv\u00e9 dans sa vie de jeune adulte, elle a cru au prince charmant. Elle ne savait pas que l\u2019enfer pouvait se cacher derri\u00e8re un sourire charmeur. Franchir la limite entre l\u2019amour et l\u2019emprise est un chemin dont il est difficile de se d\u00e9tourner. Depuis, l\u2019espoir d\u2019une vie meilleure n\u2019est plus qu\u2019un souvenir amer.<\/p>\n<p>Clay voulait croire qu\u2019il pouvait s\u2019affranchir de son pass\u00e9. Il a dissimul\u00e9 ses cicatrices derri\u00e8re le fard d\u2019une allure de play-boy convoit\u00e9. Ses \u00e9tudes, le sport et les filles pour seules distractions, il ne pensait pas tomber sur une jeune femme aussi caboss\u00e9e qu\u2019il l\u2019est. Une jeune femme qui ravive la flamme de son coeur morcel\u00e9.<\/p>\n<blockquote><p>Quand l\u2019amour vit dans l\u2019ombre d\u2019un monstre, peut-on seulement croire en un apr\u00e8s ?<\/p><\/blockquote>\n<pre>Pr\u00e9c\u00e9demment publi\u00e9 en 2020, <em>Until Death and More <\/em>revient dans \r\nune version enti\u00e8rement r\u00e9\u00e9crite encore plus bouleversante.<\/pre>\n","protected":false},"excerpt":{"rendered":"<h2>[ histoire d&rsquo;amour dramatique. ]<\/h2>\n<p>&nbsp;<\/p>\n<blockquote><p>Les belles histoires d&rsquo;amour se cachent parfois derri\u00e8re les larmes.<\/p>\n<p>Laissez Aur\u00e9lie Le Gallo malmener votre coeur.<\/p><\/blockquote>\n<p>&nbsp;<\/p>\n","protected":false},"featured_media":2672,"comment_status":"open","ping_status":"closed","template":"","meta":[],"product_brand":[],"product_cat":[26,48],"product_tag":[62,35,78,49],"class_list":{"0":"post-2647","1":"product","2":"type-product","3":"status-publish","4":"has-post-thumbnail","6":"product_cat-serie-saga","7":"product_cat-romance-sombre","8":"product_tag-aurelie-le-gallo","9":"product_tag-broche","10":"product_tag-drame-sentimental","11":"product_tag-myrkur","13":"first","14":"instock","15":"taxable","16":"shipping-taxable","17":"purchasable","18":"product-type-variable"},"jetpack-related-posts":[],"jetpack_sharing_enabled":true,"_links":{"self":[{"href":"https:\/\/kyrroeditions.com\/index.php\/wp-json\/wp\/v2\/product\/2647","targetHints":{"allow":["GET"]}}],"collection":[{"href":"https:\/\/kyrroeditions.com\/index.php\/wp-json\/wp\/v2\/product"}],"about":[{"href":"https:\/\/kyrroeditions.com\/index.php\/wp-json\/wp\/v2\/types\/product"}],"replies":[{"embeddable":true,"href":"https:\/\/kyrroeditions.com\/index.php\/wp-json\/wp\/v2\/comments?post=2647"}],"wp:featuredmedia":[{"embeddable":true,"href":"https:\/\/kyrroeditions.com\/index.php\/wp-json\/wp\/v2\/media\/2672"}],"wp:attachment":[{"href":"https:\/\/kyrroeditions.com\/index.php\/wp-json\/wp\/v2\/media?parent=2647"}],"wp:term":[{"taxonomy":"product_brand","embeddable":true,"href":"https:\/\/kyrroeditions.com\/index.php\/wp-json\/wp\/v2\/product_brand?post=2647"},{"taxonomy":"product_cat","embeddable":true,"href":"https:\/\/kyrroeditions.com\/index.php\/wp-json\/wp\/v2\/product_cat?post=2647"},{"taxonomy":"product_tag","embeddable":true,"href":"https:\/\/kyrroeditions.com\/index.php\/wp-json\/wp\/v2\/product_tag?post=2647"}],"curies":[{"name":"wp","href":"https:\/\/api.w.org\/{rel}","templated":true}]}}