{"id":3688,"date":"2024-03-04T22:56:06","date_gmt":"2024-03-04T21:56:06","guid":{"rendered":"https:\/\/kyrroeditions.com\/?post_type=product&#038;p=3688"},"modified":"2026-04-20T22:07:46","modified_gmt":"2026-04-20T20:07:46","slug":"help-me-to-love-again","status":"publish","type":"product","link":"https:\/\/kyrroeditions.com\/index.php\/produit\/help-me-to-love-again\/","title":{"rendered":"Help Me to Love Again &#8211; Aur\u00e9lie Le Gallo"},"content":{"rendered":"<p><img data-recalc-dims=\"1\" fetchpriority=\"high\" decoding=\"async\" class=\"alignnone wp-image-3692 size-medium\" src=\"https:\/\/i0.wp.com\/kyrroeditions.com\/wp-content\/uploads\/2024\/03\/429789580_926241865839620_3449266862682004563_n.png?resize=300%2C230&#038;ssl=1\" alt=\"\" width=\"300\" height=\"230\" srcset=\"https:\/\/i0.wp.com\/kyrroeditions.com\/wp-content\/uploads\/2024\/03\/429789580_926241865839620_3449266862682004563_n.png?resize=300%2C230&amp;ssl=1 300w, https:\/\/i0.wp.com\/kyrroeditions.com\/wp-content\/uploads\/2024\/03\/429789580_926241865839620_3449266862682004563_n.png?resize=1024%2C785&amp;ssl=1 1024w, https:\/\/i0.wp.com\/kyrroeditions.com\/wp-content\/uploads\/2024\/03\/429789580_926241865839620_3449266862682004563_n.png?resize=150%2C115&amp;ssl=1 150w, https:\/\/i0.wp.com\/kyrroeditions.com\/wp-content\/uploads\/2024\/03\/429789580_926241865839620_3449266862682004563_n.png?resize=768%2C589&amp;ssl=1 768w, https:\/\/i0.wp.com\/kyrroeditions.com\/wp-content\/uploads\/2024\/03\/429789580_926241865839620_3449266862682004563_n.png?resize=600%2C460&amp;ssl=1 600w, https:\/\/i0.wp.com\/kyrroeditions.com\/wp-content\/uploads\/2024\/03\/429789580_926241865839620_3449266862682004563_n.png?w=1500&amp;ssl=1 1500w\" sizes=\"(max-width: 300px) 100vw, 300px\" \/><\/p>\n<h2><strong>[ Romance sombre. ]<\/strong><\/h2>\n<p>&nbsp;<\/p>\n<blockquote><p><em>Une main tendue ne suffit pas toujours \u00e0 se relever. <\/em><\/p><\/blockquote>\n<p><em>\u00a0<\/em>Depuis le drame qu\u2019elle a v\u00e9cu, tout a chang\u00e9 pour Zo\u00e9. Le bonheur, le plaisir, elle ne veut plus les ressentir. Faire son deuil est un concept auquel elle n\u2019\u00e9tait pas pr\u00e9par\u00e9e. Rong\u00e9e par la peine et la culpabilit\u00e9, la jeune femme est pr\u00eate \u00e0 tout pour oublier sa douleur, ne serait-ce qu\u2019un instant, m\u00eame si pour \u00e7a, il lui faut souffrir plus encore.<\/p>\n<p>Liam a renonc\u00e9. Quand Zo\u00e9 lui a ferm\u00e9 la porte, quatre ans auparavant, il a choisi d\u2019accepter avant de sombrer au fond du gouffre de ses travers les plus noirs. Mais quand le destin remet la jolie rousse sur sa route, faut-il y voir une seconde chance, ou le plus grand des dangers\u00a0?<\/p>\n<blockquote><p><em>Gu\u00e9rir, c\u2019est accepter. Est-ce le prix \u00e0 payer pour s\u2019aimer\u00a0?<\/em><\/p><\/blockquote>\n<p>&nbsp;<\/p>\n<pre><em>Pr\u00e9c\u00e9demment publi\u00e9 en 2020, Help me To Love Again, spin-off de \r\nUntil Death and More, a \u00e9t\u00e9 enti\u00e8rement retravaill\u00e9 pour vous \r\noffrir encore plus d\u2019\u00e9motions.<\/em><\/pre>\n<p>&nbsp;<\/p>\n","protected":false},"excerpt":{"rendered":"<h2>[ Romance sombre. ]<\/h2>\n<p>&nbsp;<\/p>\n<blockquote><p>Le chemin du pardon m\u00e8ne toujours \u00e0 l&rsquo;amour. Laissez Aur\u00e9lie Le Gallo vous guider.<\/p><\/blockquote>\n<p>&nbsp;<\/p>\n","protected":false},"featured_media":3693,"comment_status":"open","ping_status":"closed","template":"","meta":[],"product_brand":[],"product_cat":[26,48],"product_tag":[62,35,49,74],"class_list":{"0":"post-3688","1":"product","2":"type-product","3":"status-publish","4":"has-post-thumbnail","6":"product_cat-serie-saga","7":"product_cat-romance-sombre","8":"product_tag-aurelie-le-gallo","9":"product_tag-broche","10":"product_tag-myrkur","11":"product_tag-romance-sombre","13":"first","14":"instock","15":"taxable","16":"shipping-taxable","17":"purchasable","18":"product-type-variable"},"jetpack-related-posts":[],"jetpack_sharing_enabled":true,"_links":{"self":[{"href":"https:\/\/kyrroeditions.com\/index.php\/wp-json\/wp\/v2\/product\/3688","targetHints":{"allow":["GET"]}}],"collection":[{"href":"https:\/\/kyrroeditions.com\/index.php\/wp-json\/wp\/v2\/product"}],"about":[{"href":"https:\/\/kyrroeditions.com\/index.php\/wp-json\/wp\/v2\/types\/product"}],"replies":[{"embeddable":true,"href":"https:\/\/kyrroeditions.com\/index.php\/wp-json\/wp\/v2\/comments?post=3688"}],"wp:featuredmedia":[{"embeddable":true,"href":"https:\/\/kyrroeditions.com\/index.php\/wp-json\/wp\/v2\/media\/3693"}],"wp:attachment":[{"href":"https:\/\/kyrroeditions.com\/index.php\/wp-json\/wp\/v2\/media?parent=3688"}],"wp:term":[{"taxonomy":"product_brand","embeddable":true,"href":"https:\/\/kyrroeditions.com\/index.php\/wp-json\/wp\/v2\/product_brand?post=3688"},{"taxonomy":"product_cat","embeddable":true,"href":"https:\/\/kyrroeditions.com\/index.php\/wp-json\/wp\/v2\/product_cat?post=3688"},{"taxonomy":"product_tag","embeddable":true,"href":"https:\/\/kyrroeditions.com\/index.php\/wp-json\/wp\/v2\/product_tag?post=3688"}],"curies":[{"name":"wp","href":"https:\/\/api.w.org\/{rel}","templated":true}]}}