{"id":38,"date":"2020-09-30T00:00:19","date_gmt":"2020-09-29T22:00:19","guid":{"rendered":"http:\/\/kyrroeditions.com\/index.php\/produit\/hoodie-with-logo-3\/"},"modified":"2026-04-20T16:43:17","modified_gmt":"2026-04-20T14:43:17","slug":"abimemoi","status":"publish","type":"product","link":"https:\/\/kyrroeditions.com\/index.php\/produit\/abimemoi\/","title":{"rendered":"A(b)\u00eeme-moi &#8211; Everness #1 &#8211; Karyn Adler"},"content":{"rendered":"<p><img data-recalc-dims=\"1\" fetchpriority=\"high\" decoding=\"async\" class=\"alignnone size-medium wp-image-40\" src=\"https:\/\/i0.wp.com\/kyrroeditions.com\/wp-content\/uploads\/2021\/04\/1611498387.png?resize=300%2C230&#038;ssl=1\" alt=\"A(b)\u00eeme-moi - Karyn Adler\" width=\"300\" height=\"230\" srcset=\"https:\/\/i0.wp.com\/kyrroeditions.com\/wp-content\/uploads\/2021\/04\/1611498387.png?resize=300%2C230&amp;ssl=1 300w, https:\/\/i0.wp.com\/kyrroeditions.com\/wp-content\/uploads\/2021\/04\/1611498387.png?resize=1024%2C785&amp;ssl=1 1024w, https:\/\/i0.wp.com\/kyrroeditions.com\/wp-content\/uploads\/2021\/04\/1611498387.png?resize=768%2C589&amp;ssl=1 768w, https:\/\/i0.wp.com\/kyrroeditions.com\/wp-content\/uploads\/2021\/04\/1611498387.png?resize=600%2C460&amp;ssl=1 600w, https:\/\/i0.wp.com\/kyrroeditions.com\/wp-content\/uploads\/2021\/04\/1611498387.png?w=1500&amp;ssl=1 1500w\" sizes=\"(max-width: 300px) 100vw, 300px\" \/><\/p>\n<h2><strong>[ Romance Sombre. ]<\/strong><\/h2>\n<blockquote><p><em>Tomber amoureux, c\u2019est tomber quand m\u00eame.<\/em><\/p><\/blockquote>\n<p>Le destin ne se soucie pas du temps, ni du chemin qu\u2019on emprunte. Il s\u00e8me sur notre route, des hasards, quelques touches d\u2019espoir. Il laisse la lumi\u00e8re allum\u00e9e pour les jours de d\u00e9sespoir.<\/p>\n<p>Quand Lee d\u00e9barque \u00e0 Everness, elle ne s\u2019attend \u00e0 rien. Rien d\u2019autre que l\u2019envie d\u2019une vie sereine, loin de tout ce qu\u2019elle a fui. Ne pas faire de vagues, se fondre dans la masse. Devenir invisible pour esp\u00e9rer vivre. Peut-\u00eatre m\u00eame, exister.<\/p>\n<p>Il aura suffi d\u2019un regard. D\u2019une voix \u00e9raill\u00e9e, ab\u00eem\u00e9e, pour r\u00e9veiller Aiden du cauchemar qu\u2019est devenue sa vie. Elle ne sait rien de lui. Il veut tout apprendre d\u2019elle.<\/p>\n<p>Peut-on seulement ouvrir son c\u0153ur lorsqu\u2019il renferme autant de blessures ? Et si tomber douloureusement amoureux pouvait gu\u00e9rir les bleus \u00e0 l\u2019\u00e2me ?<\/p>\n<p><em><strong>Et s\u2019il fallait s\u2019ab\u00eemer pour mieux s\u2019aimer ?<\/strong><\/em><\/p>\n<pre><em>A(b)ime-moi est une r\u00e9\u00e9dition de Dark Heart, publi\u00e9 en 2018<\/em><\/pre>\n<p>&nbsp;<\/p>\n","protected":false},"excerpt":{"rendered":"<h2>[ Romance Sombre. ]<\/h2>\n<p>&nbsp;<\/p>\n<blockquote><p>Il faut parfois avoir le courage de partir, pour tout recommencer.<\/p>\n<p>D\u00e9couvrez A(b)\u00eeme-moi, premier tome de la duologie Everness \u00e9crite par Karyn Alder.<\/p><\/blockquote>\n","protected":false},"featured_media":587,"comment_status":"open","ping_status":"closed","template":"","meta":[],"product_brand":[],"product_cat":[26,48],"product_tag":[35,36,49,74,89],"class_list":{"0":"post-38","1":"product","2":"type-product","3":"status-publish","4":"has-post-thumbnail","6":"product_cat-serie-saga","7":"product_cat-romance-sombre","8":"product_tag-broche","9":"product_tag-karyn-adler","10":"product_tag-myrkur","11":"product_tag-romance-sombre","12":"product_tag-serie-everness","13":"pa_dedi-non","14":"pa_dedi-oui","16":"first","17":"instock","18":"taxable","19":"shipping-taxable","20":"purchasable","21":"product-type-variable"},"jetpack-related-posts":[],"jetpack_sharing_enabled":true,"_links":{"self":[{"href":"https:\/\/kyrroeditions.com\/index.php\/wp-json\/wp\/v2\/product\/38","targetHints":{"allow":["GET"]}}],"collection":[{"href":"https:\/\/kyrroeditions.com\/index.php\/wp-json\/wp\/v2\/product"}],"about":[{"href":"https:\/\/kyrroeditions.com\/index.php\/wp-json\/wp\/v2\/types\/product"}],"replies":[{"embeddable":true,"href":"https:\/\/kyrroeditions.com\/index.php\/wp-json\/wp\/v2\/comments?post=38"}],"wp:featuredmedia":[{"embeddable":true,"href":"https:\/\/kyrroeditions.com\/index.php\/wp-json\/wp\/v2\/media\/587"}],"wp:attachment":[{"href":"https:\/\/kyrroeditions.com\/index.php\/wp-json\/wp\/v2\/media?parent=38"}],"wp:term":[{"taxonomy":"product_brand","embeddable":true,"href":"https:\/\/kyrroeditions.com\/index.php\/wp-json\/wp\/v2\/product_brand?post=38"},{"taxonomy":"product_cat","embeddable":true,"href":"https:\/\/kyrroeditions.com\/index.php\/wp-json\/wp\/v2\/product_cat?post=38"},{"taxonomy":"product_tag","embeddable":true,"href":"https:\/\/kyrroeditions.com\/index.php\/wp-json\/wp\/v2\/product_tag?post=38"}],"curies":[{"name":"wp","href":"https:\/\/api.w.org\/{rel}","templated":true}]}}