{"id":41,"date":"2020-09-14T00:00:49","date_gmt":"2020-09-13T22:00:49","guid":{"rendered":"http:\/\/kyrroeditions.com\/?post_type=product&#038;p=41"},"modified":"2026-04-20T16:43:03","modified_gmt":"2026-04-20T14:43:03","slug":"retiens-moi-everness2","status":"publish","type":"product","link":"https:\/\/kyrroeditions.com\/index.php\/produit\/retiens-moi-everness2\/","title":{"rendered":"Retiens-moi &#8211; Everness #2 &#8211; Karyn Adler"},"content":{"rendered":"<p><img data-recalc-dims=\"1\" fetchpriority=\"high\" decoding=\"async\" class=\"alignnone size-medium wp-image-42\" src=\"https:\/\/i0.wp.com\/kyrroeditions.com\/wp-content\/uploads\/2021\/04\/1611498485.png?resize=300%2C230&#038;ssl=1\" alt=\"Retiens-moi - Karyn Adler\" width=\"300\" height=\"230\" srcset=\"https:\/\/i0.wp.com\/kyrroeditions.com\/wp-content\/uploads\/2021\/04\/1611498485.png?resize=300%2C230&amp;ssl=1 300w, https:\/\/i0.wp.com\/kyrroeditions.com\/wp-content\/uploads\/2021\/04\/1611498485.png?resize=1024%2C785&amp;ssl=1 1024w, https:\/\/i0.wp.com\/kyrroeditions.com\/wp-content\/uploads\/2021\/04\/1611498485.png?resize=768%2C589&amp;ssl=1 768w, https:\/\/i0.wp.com\/kyrroeditions.com\/wp-content\/uploads\/2021\/04\/1611498485.png?resize=600%2C460&amp;ssl=1 600w, https:\/\/i0.wp.com\/kyrroeditions.com\/wp-content\/uploads\/2021\/04\/1611498485.png?w=1500&amp;ssl=1 1500w\" sizes=\"(max-width: 300px) 100vw, 300px\" \/><\/p>\n<h2><strong>[ Romance contemporaine. ]<\/strong><\/h2>\n<p>&nbsp;<\/p>\n<p><em><strong>\u00ab Toutes les temp\u00eates ne viennent pas g\u00e2cher votre vie, certaines viennent nettoyer votre chemin. \u00bb<\/strong><\/em><\/p>\n<p>Pas d\u2019attaches, pas de liens. C\u2019est l\u2019esprit libre et l\u2019\u00e2me boh\u00e8me que Storm d\u00e9barque \u00e0 Everness, au volant de son mini van. Lorsqu\u2019elle croise la route de Connor, elle voit en lui son alter ego. Apr\u00e8s tout, que risque-t-elle \u00e0 le laisser la charmer ?<\/p>\n<p>Connor poursuit sa vie de petits bonheurs sans lendemain. Tomber amoureux, il s\u2019y refuse. Il ne croit pas au coup de foudre. Mais la temp\u00eate qui s\u2019annonce pourrait bien bouleverser toutes ses certitudes.<\/p>\n<p><em>Et s\u2019il suffisait d\u2019un instant pour que tout change ?<\/em><\/p>\n<pre>Retiens-moi a \u00e9t\u00e9 initialement \u00e9dit\u00e9 sous le titre \"Free heart\" en novembre 2019<\/pre>\n<p>&nbsp;<\/p>\n<h4><\/h4>\n","protected":false},"excerpt":{"rendered":"<h2>[ Romance contemporaine. ]<\/h2>\n<blockquote><p>Faut-il choisir entre aimer \u00eatre libre et \u00eatre libre d&rsquo;aimer ?<\/p>\n<p>Retournez \u00e0 Everness avec cette romance contemporaine et intense, sign\u00e9e Karyn Adler<\/p><\/blockquote>\n","protected":false},"featured_media":586,"comment_status":"open","ping_status":"closed","template":"","meta":[],"product_brand":[],"product_cat":[26,69],"product_tag":[35,39,36,73],"class_list":{"0":"post-41","1":"product","2":"type-product","3":"status-publish","4":"has-post-thumbnail","6":"product_cat-serie-saga","7":"product_cat-romances-contemporaines","8":"product_tag-broche","9":"product_tag-elskur","10":"product_tag-karyn-adler","11":"product_tag-romance-contemporaine","12":"pa_dedi-non","13":"pa_dedi-oui","15":"first","16":"instock","17":"taxable","18":"shipping-taxable","19":"purchasable","20":"product-type-variable"},"jetpack-related-posts":[],"jetpack_sharing_enabled":true,"_links":{"self":[{"href":"https:\/\/kyrroeditions.com\/index.php\/wp-json\/wp\/v2\/product\/41","targetHints":{"allow":["GET"]}}],"collection":[{"href":"https:\/\/kyrroeditions.com\/index.php\/wp-json\/wp\/v2\/product"}],"about":[{"href":"https:\/\/kyrroeditions.com\/index.php\/wp-json\/wp\/v2\/types\/product"}],"replies":[{"embeddable":true,"href":"https:\/\/kyrroeditions.com\/index.php\/wp-json\/wp\/v2\/comments?post=41"}],"wp:featuredmedia":[{"embeddable":true,"href":"https:\/\/kyrroeditions.com\/index.php\/wp-json\/wp\/v2\/media\/586"}],"wp:attachment":[{"href":"https:\/\/kyrroeditions.com\/index.php\/wp-json\/wp\/v2\/media?parent=41"}],"wp:term":[{"taxonomy":"product_brand","embeddable":true,"href":"https:\/\/kyrroeditions.com\/index.php\/wp-json\/wp\/v2\/product_brand?post=41"},{"taxonomy":"product_cat","embeddable":true,"href":"https:\/\/kyrroeditions.com\/index.php\/wp-json\/wp\/v2\/product_cat?post=41"},{"taxonomy":"product_tag","embeddable":true,"href":"https:\/\/kyrroeditions.com\/index.php\/wp-json\/wp\/v2\/product_tag?post=41"}],"curies":[{"name":"wp","href":"https:\/\/api.w.org\/{rel}","templated":true}]}}