{"id":4495,"date":"2024-08-21T18:33:35","date_gmt":"2024-08-21T16:33:35","guid":{"rendered":"https:\/\/kyrroeditions.com\/?post_type=product&#038;p=4495"},"modified":"2026-04-20T22:06:08","modified_gmt":"2026-04-20T20:06:08","slug":"pillow-talk-laphrodite-3","status":"publish","type":"product","link":"https:\/\/kyrroeditions.com\/index.php\/produit\/pillow-talk-laphrodite-3\/","title":{"rendered":"Pillow Talk &#8211; L&rsquo;Aphrodite #3 &#8211; Karyn Adler"},"content":{"rendered":"<p><strong><em><img data-recalc-dims=\"1\" fetchpriority=\"high\" decoding=\"async\" class=\"alignnone size-medium wp-image-4534\" src=\"https:\/\/i0.wp.com\/kyrroeditions.com\/wp-content\/uploads\/2024\/08\/1724958095.png?resize=300%2C230&#038;ssl=1\" alt=\"Livre pillow talk, une romance sulfureuse de Karyn Adler\" width=\"300\" height=\"230\" srcset=\"https:\/\/i0.wp.com\/kyrroeditions.com\/wp-content\/uploads\/2024\/08\/1724958095.png?resize=300%2C230&amp;ssl=1 300w, https:\/\/i0.wp.com\/kyrroeditions.com\/wp-content\/uploads\/2024\/08\/1724958095.png?resize=1024%2C785&amp;ssl=1 1024w, https:\/\/i0.wp.com\/kyrroeditions.com\/wp-content\/uploads\/2024\/08\/1724958095.png?resize=150%2C115&amp;ssl=1 150w, https:\/\/i0.wp.com\/kyrroeditions.com\/wp-content\/uploads\/2024\/08\/1724958095.png?resize=768%2C589&amp;ssl=1 768w, https:\/\/i0.wp.com\/kyrroeditions.com\/wp-content\/uploads\/2024\/08\/1724958095.png?resize=600%2C460&amp;ssl=1 600w, https:\/\/i0.wp.com\/kyrroeditions.com\/wp-content\/uploads\/2024\/08\/1724958095.png?w=1500&amp;ssl=1 1500w\" sizes=\"(max-width: 300px) 100vw, 300px\" \/><br \/>\n<\/em><\/strong><\/p>\n<h2><strong>[ Romance sensuelle. ]<\/strong><\/h2>\n<p>&nbsp;<\/p>\n<blockquote>\n<h4><em>Les liens de notre pass\u00e9 sont parfois nos pires contraintes.<\/em><\/h4>\n<\/blockquote>\n<p><em>Madame M\u2026<\/em><br \/>\nMo\u00efra se cache derri\u00e8re ce pseudonyme depuis trop longtemps pour s\u2019en d\u00e9faire. Jadis \u00e0 la t\u00eate de l\u2019Aphrodite, c\u2019est maintenant au V\u00e9nus qu\u2019elle r\u00e8gne.<br \/>\nSon club, elle l\u2019a voulu \u00e0 son image : raffin\u00e9 et sulfureux. Et si elle ma\u00eetrise jusqu\u2019au rythme de ses inspirations, elle ne peut rien contre les drames qui jalonnent sa vie.<\/p>\n<p>Marlow s\u2019est toujours laiss\u00e9 porter par les vagues de son existence. Pourtant, sous sa d\u00e9sinvolture sexy, le jeune homme dissimule des \u00e9motions qu\u2019il a appris \u00e0 encha\u00eener.<br \/>\nSes sentiments pour Mo\u00efra en font partie. Lorsqu\u2019on l\u2019informe qu\u2019elle a \u00e9t\u00e9 agress\u00e9e, il ne peut se r\u00e9soudre \u00e0 l\u2019abandonner.<\/p>\n<p>Mais elle pourrait bien d\u00e9couvrir son secret\u2026<\/p>\n<p><em><strong>Elle veut se reconna\u00eetre. Il cherche \u00e0 la conna\u00eetre.<\/strong><\/em><br \/>\n<em><strong>Et si, \u00e0 travers l\u2019art du Shibari, ils ne liaient pas que leurs corps ?<\/strong><\/em><\/p>\n","protected":false},"excerpt":{"rendered":"<h2>[ Romance sensuelle. ]<\/h2>\n<blockquote><p><em>Les liens de notre pass\u00e9 sont parfois nos pires contraintes.<\/em><\/p>\n<p>Poussez une derni\u00e8re fois les portes de L&rsquo;Aphrodite, avec Karyn Adler<\/p><\/blockquote>\n","protected":false},"featured_media":4535,"comment_status":"open","ping_status":"closed","template":"","meta":[],"product_brand":[],"product_cat":[26,71],"product_tag":[55,35,36,77],"class_list":{"0":"post-4495","1":"product","2":"type-product","3":"status-publish","4":"has-post-thumbnail","6":"product_cat-serie-saga","7":"product_cat-romance-spicy","8":"product_tag-akafur","9":"product_tag-broche","10":"product_tag-karyn-adler","11":"product_tag-romance-sensuelle","12":"pa_dedi-non","13":"pa_dedi-oui","15":"first","16":"instock","17":"taxable","18":"shipping-taxable","19":"product-type-variable"},"jetpack-related-posts":[],"jetpack_sharing_enabled":true,"_links":{"self":[{"href":"https:\/\/kyrroeditions.com\/index.php\/wp-json\/wp\/v2\/product\/4495","targetHints":{"allow":["GET"]}}],"collection":[{"href":"https:\/\/kyrroeditions.com\/index.php\/wp-json\/wp\/v2\/product"}],"about":[{"href":"https:\/\/kyrroeditions.com\/index.php\/wp-json\/wp\/v2\/types\/product"}],"replies":[{"embeddable":true,"href":"https:\/\/kyrroeditions.com\/index.php\/wp-json\/wp\/v2\/comments?post=4495"}],"wp:featuredmedia":[{"embeddable":true,"href":"https:\/\/kyrroeditions.com\/index.php\/wp-json\/wp\/v2\/media\/4535"}],"wp:attachment":[{"href":"https:\/\/kyrroeditions.com\/index.php\/wp-json\/wp\/v2\/media?parent=4495"}],"wp:term":[{"taxonomy":"product_brand","embeddable":true,"href":"https:\/\/kyrroeditions.com\/index.php\/wp-json\/wp\/v2\/product_brand?post=4495"},{"taxonomy":"product_cat","embeddable":true,"href":"https:\/\/kyrroeditions.com\/index.php\/wp-json\/wp\/v2\/product_cat?post=4495"},{"taxonomy":"product_tag","embeddable":true,"href":"https:\/\/kyrroeditions.com\/index.php\/wp-json\/wp\/v2\/product_tag?post=4495"}],"curies":[{"name":"wp","href":"https:\/\/api.w.org\/{rel}","templated":true}]}}