{"id":4748,"date":"2024-09-26T16:03:17","date_gmt":"2024-09-26T14:03:17","guid":{"rendered":"https:\/\/kyrroeditions.com\/?post_type=product&#038;p=4748"},"modified":"2026-04-21T09:38:22","modified_gmt":"2026-04-21T07:38:22","slug":"a-la-lueur-des-aurores","status":"publish","type":"product","link":"https:\/\/kyrroeditions.com\/index.php\/produit\/a-la-lueur-des-aurores\/","title":{"rendered":"\u00c0 la lueur des aurores &#8211; Charlie L"},"content":{"rendered":"<p>&nbsp;<\/p>\n<h2><strong><a href=\"https:\/\/i0.wp.com\/kyrroeditions.com\/wp-content\/uploads\/2024\/09\/1727974869.png?ssl=1\"><img data-recalc-dims=\"1\" fetchpriority=\"high\" decoding=\"async\" class=\"alignnone size-medium wp-image-4852\" src=\"https:\/\/i0.wp.com\/kyrroeditions.com\/wp-content\/uploads\/2024\/09\/1727974869.png?resize=300%2C230&#038;ssl=1\" alt=\"\" width=\"300\" height=\"230\" srcset=\"https:\/\/i0.wp.com\/kyrroeditions.com\/wp-content\/uploads\/2024\/09\/1727974869.png?resize=300%2C230&amp;ssl=1 300w, https:\/\/i0.wp.com\/kyrroeditions.com\/wp-content\/uploads\/2024\/09\/1727974869.png?resize=1024%2C785&amp;ssl=1 1024w, https:\/\/i0.wp.com\/kyrroeditions.com\/wp-content\/uploads\/2024\/09\/1727974869.png?resize=150%2C115&amp;ssl=1 150w, https:\/\/i0.wp.com\/kyrroeditions.com\/wp-content\/uploads\/2024\/09\/1727974869.png?resize=768%2C589&amp;ssl=1 768w, https:\/\/i0.wp.com\/kyrroeditions.com\/wp-content\/uploads\/2024\/09\/1727974869.png?resize=600%2C460&amp;ssl=1 600w, https:\/\/i0.wp.com\/kyrroeditions.com\/wp-content\/uploads\/2024\/09\/1727974869.png?resize=64%2C49&amp;ssl=1 64w, https:\/\/i0.wp.com\/kyrroeditions.com\/wp-content\/uploads\/2024\/09\/1727974869.png?w=1500&amp;ssl=1 1500w\" sizes=\"(max-width: 300px) 100vw, 300px\" \/><\/a><\/strong><\/h2>\n<h2><strong>[ Romance Contemporaine. ]<\/strong><\/h2>\n<div><\/div>\n<blockquote>\n<div class=\"html-div xdj266r x11i5rnm x1mh8g0r xexx8yu x4uap5 x18d9i69 xkhd6sd x1e56ztr\"><span class=\"x193iq5w xeuugli x13faqbe x1vvkbs xlh3980 xvmahel x1n0sxbx x6prxxf xvq8zen xo1l8bm xzsf02u\"><span class=\"html-span xdj266r x11i5rnm xat24cr x1mh8g0r xexx8yu x4uap5 x18d9i69 xkhd6sd x1hl2dhg x16tdsg8 x1vvkbs\"><em class=\"html-em xdj266r x11i5rnm xat24cr x1mh8g0r xexx8yu x4uap5 x18d9i69 xkhd6sd x1hl2dhg x16tdsg8 x1vvkbs\">L\u2019amour peut na\u00eetre dans l\u2019obscurit\u00e9 d\u2019une nuit sans fin.<\/em><\/span><\/span><\/div>\n<\/blockquote>\n<div class=\"html-div xdj266r x11i5rnm x1mh8g0r xexx8yu x4uap5 x18d9i69 xkhd6sd x1e56ztr\"><span class=\"x193iq5w xeuugli x13faqbe x1vvkbs xlh3980 xvmahel x1n0sxbx x6prxxf xvq8zen xo1l8bm xzsf02u\">Une vie bien r\u00e9gl\u00e9e : voil\u00e0 l\u2019existence d\u2019Isaac. Un job \u00e0 Helsinki, une magnifique petite amie, des projets de mariage\u2026 Il n\u2019y a pas de poussi\u00e8re dans l\u2019engrenage quotidien du beau Viking. Mais le jour o\u00f9 sa fianc\u00e9e le quitte, tout s\u2019effondre. Sans elle, il ne retrouve plus rien de lui dans sa routine citadine. Lorsque sa m\u00e8re lui propose de venir passer No\u00ebl \u00e0 Inari, terres de son enfance, Isaac y voit l\u2019occasion d\u2019y panser ses plaies.<\/span><\/div>\n<div><\/div>\n<div class=\"html-div xdj266r x11i5rnm x1mh8g0r xexx8yu x4uap5 x18d9i69 xkhd6sd x1e56ztr\"><span class=\"x193iq5w xeuugli x13faqbe x1vvkbs xlh3980 xvmahel x1n0sxbx x6prxxf xvq8zen xo1l8bm xzsf02u\">Kyllikki n\u2019est plus la fillette d\u2019autrefois. Aujourd\u2019hui, la petite s\u0153ur de Keijo est ind\u00e9pendante et s\u00fbre de ses choix. Pourtant, la jeune femme porte sur ses \u00e9paules le poids des traditions. \u00c0 Inari, \u00e0 son \u00e2ge, une femme est mari\u00e9e et m\u00e8re, pas \u00e0 la t\u00eate d\u2019un centre d\u2019excursions polaires.<\/span><\/div>\n<div><\/div>\n<div class=\"html-div xdj266r x11i5rnm x1mh8g0r xexx8yu x4uap5 x18d9i69 xkhd6sd x1e56ztr\"><span class=\"x193iq5w xeuugli x13faqbe x1vvkbs xlh3980 xvmahel x1n0sxbx x6prxxf xvq8zen xo1l8bm xzsf02u\">Lorsqu\u2019Isaac, le meilleur ami de son fr\u00e8re, devient, malgr\u00e9 elle, son colocataire le temps de la p\u00e9riode de <span class=\"html-span xdj266r x11i5rnm xat24cr x1mh8g0r xexx8yu x4uap5 x18d9i69 xkhd6sd x1hl2dhg x16tdsg8 x1vvkbs\"><em class=\"html-em xdj266r x11i5rnm xat24cr x1mh8g0r xexx8yu x4uap5 x18d9i69 xkhd6sd x1hl2dhg x16tdsg8 x1vvkbs\">Joulu<\/em><\/span>, elle s\u2019attend \u00e0 \u00eatre jug\u00e9e, encore une fois.<\/span><\/div>\n<div><\/div>\n<div class=\"html-div xdj266r x11i5rnm x1mh8g0r xexx8yu x4uap5 x18d9i69 xkhd6sd x1e56ztr\"><span class=\"x193iq5w xeuugli x13faqbe x1vvkbs xlh3980 xvmahel x1n0sxbx x6prxxf xvq8zen xo1l8bm xzsf02u\">Pourtant\u2026<\/span><\/div>\n<blockquote>\n<div class=\"html-div xdj266r x11i5rnm x1mh8g0r xexx8yu x4uap5 x18d9i69 xkhd6sd x1e56ztr\"><span class=\"x193iq5w xeuugli x13faqbe x1vvkbs xlh3980 xvmahel x1n0sxbx x6prxxf xvq8zen xo1l8bm xzsf02u\"><span class=\"html-span xdj266r x11i5rnm xat24cr x1mh8g0r xexx8yu x4uap5 x18d9i69 xkhd6sd x1hl2dhg x16tdsg8 x1vvkbs\"><em class=\"html-em xdj266r x11i5rnm xat24cr x1mh8g0r xexx8yu x4uap5 x18d9i69 xkhd6sd x1hl2dhg x16tdsg8 x1vvkbs\">S\u2019il suffisait d\u2019une aurore bor\u00e9ale pour esquisser les lignes d\u2019un avenir qui leur ressemble ?<\/em><\/span><\/span><\/div>\n<\/blockquote>\n<div>\n<pre>Pr\u00e9c\u00e9demment publi\u00e9 en 2022, <em>\u00c0 la lueur des aurores <\/em>revient dans \r\nune version enti\u00e8rement r\u00e9\u00e9crite encore plus touchante.<\/pre>\n<\/div>\n","protected":false},"excerpt":{"rendered":"<h2>[ Romance CONTEMPORAINE. ]<\/h2>\n<p>&nbsp;<\/p>\n<blockquote><p>Et si le chemin vers l&rsquo;amour \u00e9tait \u00e9clair\u00e9 par les aurores ?\u00a0 D\u00e9couvrez-le avec Charlie L.<\/p><\/blockquote>\n","protected":false},"featured_media":4854,"comment_status":"open","ping_status":"closed","template":"","meta":[],"product_brand":[],"product_cat":[69,58],"product_tag":[90,39,73,76],"class_list":{"0":"post-4748","1":"product","2":"type-product","3":"status-publish","4":"has-post-thumbnail","6":"product_cat-romances-contemporaines","7":"product_cat-romance-de-noel","8":"product_tag-charlie-l","9":"product_tag-elskur","10":"product_tag-romance-contemporaine","11":"product_tag-romance-de-noel","13":"first","14":"instock","15":"taxable","16":"shipping-taxable","17":"purchasable","18":"product-type-variable"},"jetpack-related-posts":[],"jetpack_sharing_enabled":true,"_links":{"self":[{"href":"https:\/\/kyrroeditions.com\/index.php\/wp-json\/wp\/v2\/product\/4748","targetHints":{"allow":["GET"]}}],"collection":[{"href":"https:\/\/kyrroeditions.com\/index.php\/wp-json\/wp\/v2\/product"}],"about":[{"href":"https:\/\/kyrroeditions.com\/index.php\/wp-json\/wp\/v2\/types\/product"}],"replies":[{"embeddable":true,"href":"https:\/\/kyrroeditions.com\/index.php\/wp-json\/wp\/v2\/comments?post=4748"}],"wp:featuredmedia":[{"embeddable":true,"href":"https:\/\/kyrroeditions.com\/index.php\/wp-json\/wp\/v2\/media\/4854"}],"wp:attachment":[{"href":"https:\/\/kyrroeditions.com\/index.php\/wp-json\/wp\/v2\/media?parent=4748"}],"wp:term":[{"taxonomy":"product_brand","embeddable":true,"href":"https:\/\/kyrroeditions.com\/index.php\/wp-json\/wp\/v2\/product_brand?post=4748"},{"taxonomy":"product_cat","embeddable":true,"href":"https:\/\/kyrroeditions.com\/index.php\/wp-json\/wp\/v2\/product_cat?post=4748"},{"taxonomy":"product_tag","embeddable":true,"href":"https:\/\/kyrroeditions.com\/index.php\/wp-json\/wp\/v2\/product_tag?post=4748"}],"curies":[{"name":"wp","href":"https:\/\/api.w.org\/{rel}","templated":true}]}}