{"id":4882,"date":"2025-01-21T16:22:20","date_gmt":"2025-01-21T15:22:20","guid":{"rendered":"https:\/\/kyrroeditions.com\/?post_type=product&#038;p=4882"},"modified":"2026-04-11T11:14:42","modified_gmt":"2026-04-11T09:14:42","slug":"retiens-moi-itp-everness-2","status":"publish","type":"product","link":"https:\/\/kyrroeditions.com\/index.php\/produit\/retiens-moi-itp-everness-2\/","title":{"rendered":"Retiens-moi ITP &#8211; Everness #2 &#8211; Karyn Adler"},"content":{"rendered":"<p><a href=\"https:\/\/i0.wp.com\/kyrroeditions.com\/wp-content\/uploads\/2024\/10\/poche-Mockup-1.png?ssl=1\"><img data-recalc-dims=\"1\" loading=\"lazy\" decoding=\"async\" class=\"alignleft size-medium wp-image-5564\" src=\"https:\/\/i0.wp.com\/kyrroeditions.com\/wp-content\/uploads\/2024\/10\/poche-Mockup-1.png?resize=300%2C225&#038;ssl=1\" alt=\"\" width=\"300\" height=\"225\" srcset=\"https:\/\/i0.wp.com\/kyrroeditions.com\/wp-content\/uploads\/2024\/10\/poche-Mockup-1.png?resize=300%2C225&amp;ssl=1 300w, https:\/\/i0.wp.com\/kyrroeditions.com\/wp-content\/uploads\/2024\/10\/poche-Mockup-1.png?resize=1024%2C768&amp;ssl=1 1024w, https:\/\/i0.wp.com\/kyrroeditions.com\/wp-content\/uploads\/2024\/10\/poche-Mockup-1.png?resize=150%2C113&amp;ssl=1 150w, https:\/\/i0.wp.com\/kyrroeditions.com\/wp-content\/uploads\/2024\/10\/poche-Mockup-1.png?resize=768%2C576&amp;ssl=1 768w, https:\/\/i0.wp.com\/kyrroeditions.com\/wp-content\/uploads\/2024\/10\/poche-Mockup-1.png?resize=1536%2C1152&amp;ssl=1 1536w, https:\/\/i0.wp.com\/kyrroeditions.com\/wp-content\/uploads\/2024\/10\/poche-Mockup-1.png?resize=2048%2C1536&amp;ssl=1 2048w, https:\/\/i0.wp.com\/kyrroeditions.com\/wp-content\/uploads\/2024\/10\/poche-Mockup-1.png?resize=600%2C450&amp;ssl=1 600w, https:\/\/i0.wp.com\/kyrroeditions.com\/wp-content\/uploads\/2024\/10\/poche-Mockup-1.png?resize=64%2C48&amp;ssl=1 64w, https:\/\/i0.wp.com\/kyrroeditions.com\/wp-content\/uploads\/2024\/10\/poche-Mockup-1.png?w=1664&amp;ssl=1 1664w, https:\/\/i0.wp.com\/kyrroeditions.com\/wp-content\/uploads\/2024\/10\/poche-Mockup-1.png?w=2496&amp;ssl=1 2496w\" sizes=\"auto, (max-width: 300px) 100vw, 300px\" \/><\/a><\/p>\n<h2><strong>[ Romance contemporaine ]<\/strong><\/h2>\n<blockquote>\n<h2><em style=\"color: #4f4f4f; font-family: Lato; font-size: 14px;\"><strong>\u00ab Toutes les temp\u00eates ne viennent pas g\u00e2cher votre vie, certaines viennent nettoyer votre chemin. \u00bb<\/strong><\/em><\/h2>\n<\/blockquote>\n<p>Pas d\u2019attaches, pas de liens. C\u2019est l\u2019esprit libre et l\u2019\u00e2me boh\u00e8me que Storm d\u00e9barque \u00e0 Everness, au volant de son mini van. Lorsqu\u2019elle croise la route de Connor, elle voit en lui son alter ego. Apr\u00e8s tout, que risque-t-elle \u00e0 le laisser la charmer ?<\/p>\n<p>Connor poursuit sa vie de petits bonheurs sans lendemain. Tomber amoureux, il s\u2019y refuse. Il ne croit pas au coup de foudre. Mais la temp\u00eate qui s\u2019annonce pourrait bien bouleverser toutes ses certitudes.<\/p>\n<p><em>Et s\u2019il suffisait d\u2019un instant pour que tout change ?<\/em><\/p>\n<div id=\"primary\" class=\"content-area\">\n<div id=\"product-41\" class=\"product type-product post-41 status-publish first instock product_cat-serie-saga product_cat-romances-contemporaines product_tag-broche product_tag-elskur product_tag-karyn-adler product_tag-romance-contemporaine has-post-thumbnail taxable shipping-taxable purchasable product-type-variable\">\n<div class=\"woocommerce-tabs wc-tabs-wrapper\">\n<div id=\"tab-description\" class=\"woocommerce-Tabs-panel woocommerce-Tabs-panel--description panel entry-content wc-tab\" role=\"tabpanel\" aria-labelledby=\"tab-title-description\">\n<pre>Retiens-moi a \u00e9t\u00e9 initialement \u00e9dit\u00e9 sous le titre \r\n\"Free heart\" en novembre 2019<\/pre>\n<\/div>\n<\/div>\n<\/div>\n<\/div>\n<h2><\/h2>\n<p><strong>Existe aussi en format broch\u00e9 et num\u00e9rique<\/strong><\/p>\n","protected":false},"excerpt":{"rendered":"<h2>[ Romance contemporaine]<\/h2>\n<p>&nbsp;<\/p>\n<blockquote><p>Vaut-il mieux aimer \u00eatre libre ou \u00eatre libre d\u2019aimer ?<\/p>\n<p>Laissez Karyn Adler vous emporter dans sa romance contemporaine aux \u00e9motions fortes pour d\u00e9couvrir ou red\u00e9couvrir Retiens-moi, en version poche, pour l\u2019emmener partout, o\u00f9 vous voulez.<\/p><\/blockquote>\n","protected":false},"featured_media":5563,"comment_status":"open","ping_status":"closed","template":"","meta":[],"product_brand":[],"product_cat":[94],"product_tag":[39,93,36,92,73,89],"class_list":{"0":"post-4882","1":"product","2":"type-product","3":"status-publish","4":"has-post-thumbnail","6":"product_cat-itp","7":"product_tag-elskur","8":"product_tag-itp","9":"product_tag-karyn-adler","10":"product_tag-poche","11":"product_tag-romance-contemporaine","12":"product_tag-serie-everness","13":"pa_dedi-non","14":"pa_dedi-oui","16":"first","17":"instock","18":"taxable","19":"shipping-taxable","20":"product-type-variable"},"jetpack-related-posts":[],"jetpack_sharing_enabled":true,"_links":{"self":[{"href":"https:\/\/kyrroeditions.com\/index.php\/wp-json\/wp\/v2\/product\/4882","targetHints":{"allow":["GET"]}}],"collection":[{"href":"https:\/\/kyrroeditions.com\/index.php\/wp-json\/wp\/v2\/product"}],"about":[{"href":"https:\/\/kyrroeditions.com\/index.php\/wp-json\/wp\/v2\/types\/product"}],"replies":[{"embeddable":true,"href":"https:\/\/kyrroeditions.com\/index.php\/wp-json\/wp\/v2\/comments?post=4882"}],"wp:featuredmedia":[{"embeddable":true,"href":"https:\/\/kyrroeditions.com\/index.php\/wp-json\/wp\/v2\/media\/5563"}],"wp:attachment":[{"href":"https:\/\/kyrroeditions.com\/index.php\/wp-json\/wp\/v2\/media?parent=4882"}],"wp:term":[{"taxonomy":"product_brand","embeddable":true,"href":"https:\/\/kyrroeditions.com\/index.php\/wp-json\/wp\/v2\/product_brand?post=4882"},{"taxonomy":"product_cat","embeddable":true,"href":"https:\/\/kyrroeditions.com\/index.php\/wp-json\/wp\/v2\/product_cat?post=4882"},{"taxonomy":"product_tag","embeddable":true,"href":"https:\/\/kyrroeditions.com\/index.php\/wp-json\/wp\/v2\/product_tag?post=4882"}],"curies":[{"name":"wp","href":"https:\/\/api.w.org\/{rel}","templated":true}]}}