{"id":4914,"date":"2024-10-13T16:57:44","date_gmt":"2024-10-13T14:57:44","guid":{"rendered":"https:\/\/kyrroeditions.com\/?post_type=product&#038;p=4914"},"modified":"2026-04-11T11:17:34","modified_gmt":"2026-04-11T09:17:34","slug":"beats-itp","status":"publish","type":"product","link":"https:\/\/kyrroeditions.com\/index.php\/produit\/beats-itp\/","title":{"rendered":"Beats ITP &#8211; Lo\u00efs Smes"},"content":{"rendered":"<p><a href=\"https:\/\/i0.wp.com\/kyrroeditions.com\/wp-content\/uploads\/2024\/10\/poche-Mockup.png?ssl=1\"><img data-recalc-dims=\"1\" loading=\"lazy\" decoding=\"async\" class=\"alignnone size-medium wp-image-4917\" src=\"https:\/\/i0.wp.com\/kyrroeditions.com\/wp-content\/uploads\/2024\/10\/poche-Mockup.png?resize=300%2C225&#038;ssl=1\" alt=\"\" width=\"300\" height=\"225\" srcset=\"https:\/\/i0.wp.com\/kyrroeditions.com\/wp-content\/uploads\/2024\/10\/poche-Mockup.png?resize=300%2C225&amp;ssl=1 300w, https:\/\/i0.wp.com\/kyrroeditions.com\/wp-content\/uploads\/2024\/10\/poche-Mockup.png?resize=1024%2C768&amp;ssl=1 1024w, https:\/\/i0.wp.com\/kyrroeditions.com\/wp-content\/uploads\/2024\/10\/poche-Mockup.png?resize=150%2C113&amp;ssl=1 150w, https:\/\/i0.wp.com\/kyrroeditions.com\/wp-content\/uploads\/2024\/10\/poche-Mockup.png?resize=768%2C576&amp;ssl=1 768w, https:\/\/i0.wp.com\/kyrroeditions.com\/wp-content\/uploads\/2024\/10\/poche-Mockup.png?resize=1536%2C1152&amp;ssl=1 1536w, https:\/\/i0.wp.com\/kyrroeditions.com\/wp-content\/uploads\/2024\/10\/poche-Mockup.png?resize=2048%2C1536&amp;ssl=1 2048w, https:\/\/i0.wp.com\/kyrroeditions.com\/wp-content\/uploads\/2024\/10\/poche-Mockup.png?resize=600%2C450&amp;ssl=1 600w, https:\/\/i0.wp.com\/kyrroeditions.com\/wp-content\/uploads\/2024\/10\/poche-Mockup.png?resize=64%2C48&amp;ssl=1 64w, https:\/\/i0.wp.com\/kyrroeditions.com\/wp-content\/uploads\/2024\/10\/poche-Mockup.png?w=1664&amp;ssl=1 1664w, https:\/\/i0.wp.com\/kyrroeditions.com\/wp-content\/uploads\/2024\/10\/poche-Mockup.png?w=2496&amp;ssl=1 2496w\" sizes=\"auto, (max-width: 300px) 100vw, 300px\" \/><\/a><\/p>\n<h2><strong>[ RomanTIC SUSPENSE. ]<\/strong><\/h2>\n<blockquote><p><strong><em>Sealtiel Monroe a le visage et la voix d\u2019un ange.<\/em><\/strong><\/p><\/blockquote>\n<p>Depuis son adolescence sur le devant de la sc\u00e8ne, le monde lui appartient et il le sait. Pourtant, il suffit d\u2019une note impr\u00e9vue sur la partition de sa vie pour que son destin lui \u00e9chappe. Qui est le troublant DJ qu\u2019il est devenu\u00a0? Et si la douleur n\u2019avait fait que r\u00e9v\u00e9ler la v\u00e9rit\u00e9\u00a0: derri\u00e8re chaque ange se cache un d\u00e9mon.<\/p>\n<p><strong><em>Ojo Mu\u00f1oz est le visage de la mis\u00e8re de Las Vegas.<\/em><\/strong><\/p>\n<p>Elle tra\u00eene son existence et des r\u00eaves trop lourds pour s\u2019imaginer les voir se r\u00e9aliser. Lorsqu\u2019elle perd ce qu\u2019elle a de plus cher, Ojo n\u2019a plus qu\u2019un souhait auquel s\u2019accrocher. Mais cet espoir se refl\u00e8te dans les yeux sans \u00e2me du sulfureux DJ Seraph. Pour l\u2019atteindre, elle devra devenir manipulatrice. \u00c0 ses risques et p\u00e9rils.<\/p>\n<p><em>Il refuse le rythme qu\u2019elle impose \u00e0 sa vie. Elle nie le danger qui p\u00e8se sur la sienne. Il n\u2019a pas de c\u0153ur. Elle tente d\u2019oublier le sien.<\/em><\/p>\n<p>Bienvenue \u00e0 Las Vegas, la ville du p\u00e9ch\u00e9. Le seul lieu au monde o\u00f9 deux \u00eatres bris\u00e9s, unis par le chantage, pourraient trouver un accord aux battements de leurs corps\u2026 Ou de leurs c\u0153urs\u00a0?<\/p>\n<p>&nbsp;<\/p>\n<p><strong>Existe aussi en grand format (broch\u00e9) et num\u00e9rique<\/strong><\/p>\n","protected":false},"excerpt":{"rendered":"<h2>[ Romance Sombre. ]<\/h2>\n<p>&nbsp;<\/p>\n<blockquote><p>Reste-t-il une place \u00e0 l\u2019amour entre d\u00e9sir et manipulation ?<\/p>\n<p>D\u00e9couvrez Beats, la romance aux nuances sombres sign\u00e9e Lo\u00efs Smes.<\/p><\/blockquote>\n","protected":false},"featured_media":4919,"comment_status":"open","ping_status":"closed","template":"","meta":[],"product_brand":[],"product_cat":[94],"product_tag":[93,37,49,92,74,89],"class_list":{"0":"post-4914","1":"product","2":"type-product","3":"status-publish","4":"has-post-thumbnail","6":"product_cat-itp","7":"product_tag-itp","8":"product_tag-lois-smes","9":"product_tag-myrkur","10":"product_tag-poche","11":"product_tag-romance-sombre","12":"product_tag-serie-everness","13":"pa_dedi-non","14":"pa_dedi-oui","16":"first","17":"instock","18":"taxable","19":"shipping-taxable","20":"product-type-variable"},"jetpack-related-posts":[],"jetpack_sharing_enabled":true,"_links":{"self":[{"href":"https:\/\/kyrroeditions.com\/index.php\/wp-json\/wp\/v2\/product\/4914","targetHints":{"allow":["GET"]}}],"collection":[{"href":"https:\/\/kyrroeditions.com\/index.php\/wp-json\/wp\/v2\/product"}],"about":[{"href":"https:\/\/kyrroeditions.com\/index.php\/wp-json\/wp\/v2\/types\/product"}],"replies":[{"embeddable":true,"href":"https:\/\/kyrroeditions.com\/index.php\/wp-json\/wp\/v2\/comments?post=4914"}],"wp:featuredmedia":[{"embeddable":true,"href":"https:\/\/kyrroeditions.com\/index.php\/wp-json\/wp\/v2\/media\/4919"}],"wp:attachment":[{"href":"https:\/\/kyrroeditions.com\/index.php\/wp-json\/wp\/v2\/media?parent=4914"}],"wp:term":[{"taxonomy":"product_brand","embeddable":true,"href":"https:\/\/kyrroeditions.com\/index.php\/wp-json\/wp\/v2\/product_brand?post=4914"},{"taxonomy":"product_cat","embeddable":true,"href":"https:\/\/kyrroeditions.com\/index.php\/wp-json\/wp\/v2\/product_cat?post=4914"},{"taxonomy":"product_tag","embeddable":true,"href":"https:\/\/kyrroeditions.com\/index.php\/wp-json\/wp\/v2\/product_tag?post=4914"}],"curies":[{"name":"wp","href":"https:\/\/api.w.org\/{rel}","templated":true}]}}