{"id":4955,"date":"2024-10-22T16:22:13","date_gmt":"2024-10-22T14:22:13","guid":{"rendered":"https:\/\/kyrroeditions.com\/?post_type=product&#038;p=4955"},"modified":"2026-04-20T22:00:00","modified_gmt":"2026-04-20T20:00:00","slug":"nos-larmes-salees","status":"publish","type":"product","link":"https:\/\/kyrroeditions.com\/index.php\/produit\/nos-larmes-salees\/","title":{"rendered":"Nos larmes sal\u00e9es &#8211; \u00c9milie C.H"},"content":{"rendered":"<p>&nbsp;<\/p>\n<h2><strong><a href=\"https:\/\/i0.wp.com\/kyrroeditions.com\/wp-content\/uploads\/2024\/10\/mockup-2-NLS.png?ssl=1\"><img data-recalc-dims=\"1\" fetchpriority=\"high\" decoding=\"async\" class=\"alignnone wp-image-4975 size-medium\" src=\"https:\/\/i0.wp.com\/kyrroeditions.com\/wp-content\/uploads\/2024\/10\/mockup-2-NLS.png?resize=300%2C230&#038;ssl=1\" alt=\"\" width=\"300\" height=\"230\" srcset=\"https:\/\/i0.wp.com\/kyrroeditions.com\/wp-content\/uploads\/2024\/10\/mockup-2-NLS.png?resize=300%2C230&amp;ssl=1 300w, https:\/\/i0.wp.com\/kyrroeditions.com\/wp-content\/uploads\/2024\/10\/mockup-2-NLS.png?resize=1024%2C785&amp;ssl=1 1024w, https:\/\/i0.wp.com\/kyrroeditions.com\/wp-content\/uploads\/2024\/10\/mockup-2-NLS.png?resize=150%2C115&amp;ssl=1 150w, https:\/\/i0.wp.com\/kyrroeditions.com\/wp-content\/uploads\/2024\/10\/mockup-2-NLS.png?resize=768%2C589&amp;ssl=1 768w, https:\/\/i0.wp.com\/kyrroeditions.com\/wp-content\/uploads\/2024\/10\/mockup-2-NLS.png?resize=600%2C460&amp;ssl=1 600w, https:\/\/i0.wp.com\/kyrroeditions.com\/wp-content\/uploads\/2024\/10\/mockup-2-NLS.png?resize=64%2C49&amp;ssl=1 64w, https:\/\/i0.wp.com\/kyrroeditions.com\/wp-content\/uploads\/2024\/10\/mockup-2-NLS.png?w=1500&amp;ssl=1 1500w\" sizes=\"(max-width: 300px) 100vw, 300px\" \/><\/a><\/strong><\/h2>\n<h2><strong>[ Romantic suspens. ]<\/strong><\/h2>\n<p>&nbsp;<\/p>\n<div>\n<blockquote><p><i>L\u2019eau est source de vie. Les larmes, aussi.<\/i><\/p><\/blockquote>\n<\/div>\n<p>Eden attend.<\/p>\n<div>\n<p>Pendant cinq ans, elle a li\u00e9 sa patience \u00e0 l\u2019espoir de voir revenir son mari, Gabriel, disparu en mer.<\/p>\n<p>De sa boutique de fleurs, elle scrute les vagues chaque jour ; de sa maison, une fois ses deux enfants couch\u00e9s, elle scrute le phare chaque nuit.<\/p>\n<\/div>\n<div>\n<p>Eden attend, mais ne l\u2019attendait pas, lui.<\/p>\n<\/div>\n<div>\n<p>Liam, son amour de jeunesse, parti pour la capitale vingt ans plus t\u00f4t, est de retour en Normandie. Toujours aussi beau et t\u00e9n\u00e9breux, l\u2019as de la finance trouble la jeune femme dont les ranc\u0153urs n\u2019ont pas disparu avec le temps.<\/p>\n<\/div>\n<div>\n<p>Elle est aux abois, il a fait fortune.<\/p>\n<\/div>\n<div>\n<blockquote><p><i>Et si l\u2019amour \u00e9tait un secret noy\u00e9 sous leurs larmes sal\u00e9es ?<\/i><\/p><\/blockquote>\n<\/div>\n","protected":false},"excerpt":{"rendered":"<h2>[ Romantic suspens ]<\/h2>\n<p>&nbsp;<\/p>\n<blockquote><p>Embarquez avec \u00c9milie C.H, laissez couler le torrent de larmes sal\u00e9es et autorisez votre coeur \u00e0 chavirer.<\/p><\/blockquote>\n","protected":false},"featured_media":4976,"comment_status":"open","ping_status":"closed","template":"","meta":[],"product_brand":[],"product_cat":[48],"product_tag":[35,91,49,74],"class_list":{"0":"post-4955","1":"product","2":"type-product","3":"status-publish","4":"has-post-thumbnail","6":"product_cat-romance-sombre","7":"product_tag-broche","8":"product_tag-emilie-c-h","9":"product_tag-myrkur","10":"product_tag-romance-sombre","12":"first","13":"instock","14":"taxable","15":"shipping-taxable","16":"purchasable","17":"product-type-variable","18":"has-default-attributes"},"jetpack-related-posts":[],"jetpack_sharing_enabled":true,"_links":{"self":[{"href":"https:\/\/kyrroeditions.com\/index.php\/wp-json\/wp\/v2\/product\/4955","targetHints":{"allow":["GET"]}}],"collection":[{"href":"https:\/\/kyrroeditions.com\/index.php\/wp-json\/wp\/v2\/product"}],"about":[{"href":"https:\/\/kyrroeditions.com\/index.php\/wp-json\/wp\/v2\/types\/product"}],"replies":[{"embeddable":true,"href":"https:\/\/kyrroeditions.com\/index.php\/wp-json\/wp\/v2\/comments?post=4955"}],"wp:featuredmedia":[{"embeddable":true,"href":"https:\/\/kyrroeditions.com\/index.php\/wp-json\/wp\/v2\/media\/4976"}],"wp:attachment":[{"href":"https:\/\/kyrroeditions.com\/index.php\/wp-json\/wp\/v2\/media?parent=4955"}],"wp:term":[{"taxonomy":"product_brand","embeddable":true,"href":"https:\/\/kyrroeditions.com\/index.php\/wp-json\/wp\/v2\/product_brand?post=4955"},{"taxonomy":"product_cat","embeddable":true,"href":"https:\/\/kyrroeditions.com\/index.php\/wp-json\/wp\/v2\/product_cat?post=4955"},{"taxonomy":"product_tag","embeddable":true,"href":"https:\/\/kyrroeditions.com\/index.php\/wp-json\/wp\/v2\/product_tag?post=4955"}],"curies":[{"name":"wp","href":"https:\/\/api.w.org\/{rel}","templated":true}]}}