{"id":5074,"date":"2024-11-11T16:21:42","date_gmt":"2024-11-11T15:21:42","guid":{"rendered":"https:\/\/kyrroeditions.com\/?post_type=product&#038;p=5074"},"modified":"2024-12-02T17:57:09","modified_gmt":"2024-12-02T16:57:09","slug":"carte-cadeau-plaisir-coupable-30e","status":"publish","type":"product","link":"https:\/\/kyrroeditions.com\/index.php\/produit\/carte-cadeau-plaisir-coupable-30e\/","title":{"rendered":"Carte cadeau plaisir coupable : 30\u20ac"},"content":{"rendered":"<p>Envie d&rsquo;offrir l&rsquo;un de nos livres* ?\u00a0 Avec cette carte cadeau, ne vous sentez pas coupable de faire plaisir.<\/p>\n<h6>La carte cadeau \u00ab\u00a0Plaisir coupable\u00a0\u00bb est d&rsquo;une valeur de 30\u20ac. Elle est utilisable<strong> en une seule fois<\/strong> et valable <strong>pendant 6 mois<\/strong>. Entrez l&rsquo;adresse mail de votre destinataire et il la recevra automatiquement lorsque vous aurez valid\u00e9 votre commande. Il ne lui restera plus qu&rsquo;\u00e0 venir sur notre boutique, faire ses achats et entrer le code de sa carte. La valeur de la carte sera d\u00e9duite du panier.<\/h6>\n<h6>*Votre carte cadeau est aussi valable sur nos produits d\u00e9riv\u00e9s.<\/h6>\n","protected":false},"excerpt":{"rendered":"<blockquote><p>Votre carte cadeau d\u2019une valeur de 30\u20ac pour faire plaisir ou vous faire plaisir.<\/p><\/blockquote>\n","protected":false},"featured_media":5206,"comment_status":"open","ping_status":"closed","template":"","meta":[],"product_brand":[],"product_cat":[100],"product_tag":[],"class_list":{"0":"post-5074","1":"product","2":"type-product","3":"status-publish","4":"has-post-thumbnail","6":"product_cat-wps_wgm_giftcard","8":"first","9":"instock","10":"taxable","11":"shipping-taxable","12":"product-type-wgm_gift_card"},"jetpack-related-posts":[],"jetpack_sharing_enabled":true,"_links":{"self":[{"href":"https:\/\/kyrroeditions.com\/index.php\/wp-json\/wp\/v2\/product\/5074","targetHints":{"allow":["GET"]}}],"collection":[{"href":"https:\/\/kyrroeditions.com\/index.php\/wp-json\/wp\/v2\/product"}],"about":[{"href":"https:\/\/kyrroeditions.com\/index.php\/wp-json\/wp\/v2\/types\/product"}],"replies":[{"embeddable":true,"href":"https:\/\/kyrroeditions.com\/index.php\/wp-json\/wp\/v2\/comments?post=5074"}],"wp:featuredmedia":[{"embeddable":true,"href":"https:\/\/kyrroeditions.com\/index.php\/wp-json\/wp\/v2\/media\/5206"}],"wp:attachment":[{"href":"https:\/\/kyrroeditions.com\/index.php\/wp-json\/wp\/v2\/media?parent=5074"}],"wp:term":[{"taxonomy":"product_brand","embeddable":true,"href":"https:\/\/kyrroeditions.com\/index.php\/wp-json\/wp\/v2\/product_brand?post=5074"},{"taxonomy":"product_cat","embeddable":true,"href":"https:\/\/kyrroeditions.com\/index.php\/wp-json\/wp\/v2\/product_cat?post=5074"},{"taxonomy":"product_tag","embeddable":true,"href":"https:\/\/kyrroeditions.com\/index.php\/wp-json\/wp\/v2\/product_tag?post=5074"}],"curies":[{"name":"wp","href":"https:\/\/api.w.org\/{rel}","templated":true}]}}