{"id":5184,"date":"2024-11-28T23:34:31","date_gmt":"2024-11-28T22:34:31","guid":{"rendered":"https:\/\/kyrroeditions.com\/?post_type=product&#038;p=5184"},"modified":"2025-12-03T04:11:52","modified_gmt":"2025-12-03T03:11:52","slug":"mug-kyrro","status":"publish","type":"product","link":"https:\/\/kyrroeditions.com\/index.php\/produit\/mug-kyrro\/","title":{"rendered":"Mug Kyrr\u014d"},"content":{"rendered":"<p>Ce mug en c\u00e9ramique a une contenance de 325 ml. Il passe au lave-vaisselle et au micro-onde.<\/p>\n","protected":false},"excerpt":{"rendered":"<blockquote><p>Pour le caf\u00e9, le th\u00e9, le chocolat chaud ou le lait de poule bien cors\u00e9, d\u00e9couvrez nos nouveaux mugs.<\/p><\/blockquote>\n","protected":false},"featured_media":5221,"comment_status":"open","ping_status":"closed","template":"","meta":[],"product_brand":[],"product_cat":[97],"product_tag":[],"class_list":{"0":"post-5184","1":"product","2":"type-product","3":"status-publish","4":"has-post-thumbnail","6":"product_cat-nos-produits-derives","8":"first","9":"instock","10":"taxable","11":"shipping-taxable","12":"purchasable","13":"product-type-variable"},"jetpack-related-posts":[],"jetpack_sharing_enabled":true,"_links":{"self":[{"href":"https:\/\/kyrroeditions.com\/index.php\/wp-json\/wp\/v2\/product\/5184","targetHints":{"allow":["GET"]}}],"collection":[{"href":"https:\/\/kyrroeditions.com\/index.php\/wp-json\/wp\/v2\/product"}],"about":[{"href":"https:\/\/kyrroeditions.com\/index.php\/wp-json\/wp\/v2\/types\/product"}],"replies":[{"embeddable":true,"href":"https:\/\/kyrroeditions.com\/index.php\/wp-json\/wp\/v2\/comments?post=5184"}],"wp:featuredmedia":[{"embeddable":true,"href":"https:\/\/kyrroeditions.com\/index.php\/wp-json\/wp\/v2\/media\/5221"}],"wp:attachment":[{"href":"https:\/\/kyrroeditions.com\/index.php\/wp-json\/wp\/v2\/media?parent=5184"}],"wp:term":[{"taxonomy":"product_brand","embeddable":true,"href":"https:\/\/kyrroeditions.com\/index.php\/wp-json\/wp\/v2\/product_brand?post=5184"},{"taxonomy":"product_cat","embeddable":true,"href":"https:\/\/kyrroeditions.com\/index.php\/wp-json\/wp\/v2\/product_cat?post=5184"},{"taxonomy":"product_tag","embeddable":true,"href":"https:\/\/kyrroeditions.com\/index.php\/wp-json\/wp\/v2\/product_tag?post=5184"}],"curies":[{"name":"wp","href":"https:\/\/api.w.org\/{rel}","templated":true}]}}