{"id":5201,"date":"2024-11-29T01:56:05","date_gmt":"2024-11-29T00:56:05","guid":{"rendered":"https:\/\/kyrroeditions.com\/?post_type=product&#038;p=5201"},"modified":"2024-12-02T17:56:45","modified_gmt":"2024-12-02T16:56:45","slug":"carte-cadeau-plaisir-50e","status":"publish","type":"product","link":"https:\/\/kyrroeditions.com\/index.php\/produit\/carte-cadeau-plaisir-50e\/","title":{"rendered":"Carte cadeau plaisir sans g\u00eane : 50\u20ac"},"content":{"rendered":"<p>Envie d&rsquo;offrir l&rsquo;un de nos livres* ?\u00a0 Avec cette carte cadeau, offrez de belles lectures sans g\u00eane.<\/p>\n<h6>La carte cadeau \u00ab\u00a0Plaisir sans g\u00eane\u00a0\u00bb est d&rsquo;une valeur de 50\u20ac. Elle est utilisable<strong> en une seule fois<\/strong> et valable <strong>pendant 6 mois<\/strong>. Entrez l&rsquo;adresse mail de votre destinataire et il la recevra automatiquement lorsque vous aurez valid\u00e9 votre commande. Il ne lui restera plus qu&rsquo;\u00e0 venir sur notre boutique, faire ses achats et entrer le code de sa carte. La valeur de la carte sera d\u00e9duite du panier.<\/h6>\n<h6>*Votre carte cadeau est aussi valable sur nos produits d\u00e9riv\u00e9s.<\/h6>\n","protected":false},"excerpt":{"rendered":"<p>Envie d&rsquo;offrir l&rsquo;un de nos livres* ?\u00a0 Avec cette carte cadeau, offrez de belles lectures sans g\u00eane. La carte cadeau \u00ab\u00a0Plaisir sans g\u00eane\u00a0\u00bb est d&rsquo;une valeur de 50\u20ac. Elle est utilisable en une seule fois et valable pendant 6 mois. Entrez l&rsquo;adresse mail de votre destinataire et il la recevra automatiquement lorsque vous aurez valid\u00e9 <a class=\"read-more\" href=\"https:\/\/kyrroeditions.com\/index.php\/produit\/carte-cadeau-plaisir-50e\/\">Read More<\/a><\/p>\n","protected":false},"featured_media":5200,"comment_status":"open","ping_status":"closed","template":"","meta":[],"product_brand":[],"product_cat":[100],"product_tag":[],"class_list":{"0":"post-5201","1":"product","2":"type-product","3":"status-publish","4":"has-post-thumbnail","6":"product_cat-wps_wgm_giftcard","8":"first","9":"instock","10":"taxable","11":"shipping-taxable","12":"product-type-wgm_gift_card"},"jetpack-related-posts":[],"jetpack_sharing_enabled":true,"_links":{"self":[{"href":"https:\/\/kyrroeditions.com\/index.php\/wp-json\/wp\/v2\/product\/5201","targetHints":{"allow":["GET"]}}],"collection":[{"href":"https:\/\/kyrroeditions.com\/index.php\/wp-json\/wp\/v2\/product"}],"about":[{"href":"https:\/\/kyrroeditions.com\/index.php\/wp-json\/wp\/v2\/types\/product"}],"replies":[{"embeddable":true,"href":"https:\/\/kyrroeditions.com\/index.php\/wp-json\/wp\/v2\/comments?post=5201"}],"wp:featuredmedia":[{"embeddable":true,"href":"https:\/\/kyrroeditions.com\/index.php\/wp-json\/wp\/v2\/media\/5200"}],"wp:attachment":[{"href":"https:\/\/kyrroeditions.com\/index.php\/wp-json\/wp\/v2\/media?parent=5201"}],"wp:term":[{"taxonomy":"product_brand","embeddable":true,"href":"https:\/\/kyrroeditions.com\/index.php\/wp-json\/wp\/v2\/product_brand?post=5201"},{"taxonomy":"product_cat","embeddable":true,"href":"https:\/\/kyrroeditions.com\/index.php\/wp-json\/wp\/v2\/product_cat?post=5201"},{"taxonomy":"product_tag","embeddable":true,"href":"https:\/\/kyrroeditions.com\/index.php\/wp-json\/wp\/v2\/product_tag?post=5201"}],"curies":[{"name":"wp","href":"https:\/\/api.w.org\/{rel}","templated":true}]}}