{"id":54,"date":"2020-11-06T00:00:54","date_gmt":"2020-11-05T23:00:54","guid":{"rendered":"http:\/\/kyrroeditions.com\/?post_type=product&#038;p=54"},"modified":"2026-01-29T18:27:20","modified_gmt":"2026-01-29T17:27:20","slug":"le-chalet","status":"publish","type":"product","link":"https:\/\/kyrroeditions.com\/index.php\/produit\/le-chalet\/","title":{"rendered":"Tout ce qui se passe au chalet, reste au chalet (&#8230; ou pas) &#8211; Karyn Adler"},"content":{"rendered":"<p><img data-recalc-dims=\"1\" fetchpriority=\"high\" decoding=\"async\" class=\"alignnone wp-image-767 size-medium\" src=\"https:\/\/i0.wp.com\/kyrroeditions.com\/wp-content\/uploads\/2020\/11\/1623081692.png?resize=300%2C230&#038;ssl=1\" alt=\"chalet\" width=\"300\" height=\"230\" srcset=\"https:\/\/i0.wp.com\/kyrroeditions.com\/wp-content\/uploads\/2020\/11\/1623081692.png?resize=300%2C230&amp;ssl=1 300w, https:\/\/i0.wp.com\/kyrroeditions.com\/wp-content\/uploads\/2020\/11\/1623081692.png?resize=1024%2C785&amp;ssl=1 1024w, https:\/\/i0.wp.com\/kyrroeditions.com\/wp-content\/uploads\/2020\/11\/1623081692.png?resize=150%2C115&amp;ssl=1 150w, https:\/\/i0.wp.com\/kyrroeditions.com\/wp-content\/uploads\/2020\/11\/1623081692.png?resize=768%2C589&amp;ssl=1 768w, https:\/\/i0.wp.com\/kyrroeditions.com\/wp-content\/uploads\/2020\/11\/1623081692.png?resize=600%2C460&amp;ssl=1 600w, https:\/\/i0.wp.com\/kyrroeditions.com\/wp-content\/uploads\/2020\/11\/1623081692.png?w=1500&amp;ssl=1 1500w\" sizes=\"(max-width: 300px) 100vw, 300px\" \/><\/p>\n<h2><strong>[ com\u00e9die romantique. ]<\/strong><\/h2>\n<p>&nbsp;<\/p>\n<p>Qui n\u2019a jamais r\u00eav\u00e9 de passer les f\u00eates de fin d\u2019ann\u00e9e dans un superbe chalet en pleine montagne, entour\u00e9e de neige ?<\/p>\n<p>Lorsque Billie, insouciante jeune femme de vingt-trois ans, d\u00e9cide de prendre la route, malgr\u00e9 la temp\u00eate de neige qui s\u2019annonce, elle est loin d\u2019imaginer qu\u2019elle croisera la route d\u2019un ours. Et s\u00fbrement pas que l\u2019ours en question s\u2019av\u00e9rera \u00eatre un charmant cow-boy bourru au c\u0153ur tendre, coinc\u00e9 au milieu de nulle part.<\/p>\n<p>Et si l\u2019amour rimait finalement avec libert\u00e9 ? Et si, au d\u00e9tour d\u2019un chemin, Billie se d\u00e9couvrait enfin ?<\/p>\n<p>Dans ce roman, vous trouverez beaucoup de neige. Ajoutez \u00e0 cela un GPS d\u00e9sorient\u00e9, un SUV en panne, une pelle, une corde, Georges Michael et m\u00eame un <em>Caricorne<\/em>. Mais il y aura aussi beaucoup d\u2019amour, d\u2019amiti\u00e9, de rire. Et un soup\u00e7on de magie. Apr\u00e8s tout, c\u2019est \u00e7a, la magie de No\u00ebl, non ?<\/p>\n<p>&nbsp;<\/p>\n<h4><\/h4>\n","protected":false},"excerpt":{"rendered":"<h2>[ com\u00e9die Romantique. ]<\/h2>\n<blockquote><p>On ne perd jamais son chemin, m\u00eame sans GPS ! Et c&rsquo;est Karyn Adler qui le dit !<\/p><\/blockquote>\n","protected":false},"featured_media":769,"comment_status":"open","ping_status":"closed","template":"","meta":[],"product_brand":[],"product_cat":[70,58],"product_tag":[35,36,46,50,82,76],"class_list":{"0":"post-54","1":"product","2":"type-product","3":"status-publish","4":"has-post-thumbnail","6":"product_cat-mini-comedie","7":"product_cat-romance-de-noel","8":"product_tag-broche","9":"product_tag-karyn-adler","10":"product_tag-lilfyndio","11":"product_tag-mini","12":"product_tag-mini-comedie-romantique","13":"product_tag-romance-de-noel","14":"pa_dedi-non","15":"pa_dedi-oui","17":"first","18":"instock","19":"taxable","20":"shipping-taxable","21":"purchasable","22":"product-type-variable"},"jetpack-related-posts":[],"jetpack_sharing_enabled":true,"_links":{"self":[{"href":"https:\/\/kyrroeditions.com\/index.php\/wp-json\/wp\/v2\/product\/54","targetHints":{"allow":["GET"]}}],"collection":[{"href":"https:\/\/kyrroeditions.com\/index.php\/wp-json\/wp\/v2\/product"}],"about":[{"href":"https:\/\/kyrroeditions.com\/index.php\/wp-json\/wp\/v2\/types\/product"}],"replies":[{"embeddable":true,"href":"https:\/\/kyrroeditions.com\/index.php\/wp-json\/wp\/v2\/comments?post=54"}],"wp:featuredmedia":[{"embeddable":true,"href":"https:\/\/kyrroeditions.com\/index.php\/wp-json\/wp\/v2\/media\/769"}],"wp:attachment":[{"href":"https:\/\/kyrroeditions.com\/index.php\/wp-json\/wp\/v2\/media?parent=54"}],"wp:term":[{"taxonomy":"product_brand","embeddable":true,"href":"https:\/\/kyrroeditions.com\/index.php\/wp-json\/wp\/v2\/product_brand?post=54"},{"taxonomy":"product_cat","embeddable":true,"href":"https:\/\/kyrroeditions.com\/index.php\/wp-json\/wp\/v2\/product_cat?post=54"},{"taxonomy":"product_tag","embeddable":true,"href":"https:\/\/kyrroeditions.com\/index.php\/wp-json\/wp\/v2\/product_tag?post=54"}],"curies":[{"name":"wp","href":"https:\/\/api.w.org\/{rel}","templated":true}]}}