{"id":59,"date":"2021-02-12T00:00:06","date_gmt":"2021-02-11T23:00:06","guid":{"rendered":"http:\/\/kyrroeditions.com\/?post_type=product&#038;p=59"},"modified":"2026-04-11T12:09:33","modified_gmt":"2026-04-11T10:09:33","slug":"lennie-comprendre-tome-1","status":"publish","type":"product","link":"https:\/\/kyrroeditions.com\/index.php\/produit\/lennie-comprendre-tome-1\/","title":{"rendered":"Lennie &#8211; Comprendre &#8211; Karyn Adler &#038; Lo\u00efs Smes &#8211; Tome 1"},"content":{"rendered":"<p><img data-recalc-dims=\"1\" fetchpriority=\"high\" decoding=\"async\" class=\"alignnone size-medium wp-image-61\" src=\"https:\/\/i0.wp.com\/kyrroeditions.com\/wp-content\/uploads\/2021\/04\/155369936_734898597220600_7431303428516063953_n.png?resize=300%2C230&#038;ssl=1\" alt=\"\" width=\"300\" height=\"230\" srcset=\"https:\/\/i0.wp.com\/kyrroeditions.com\/wp-content\/uploads\/2021\/04\/155369936_734898597220600_7431303428516063953_n.png?resize=300%2C230&amp;ssl=1 300w, https:\/\/i0.wp.com\/kyrroeditions.com\/wp-content\/uploads\/2021\/04\/155369936_734898597220600_7431303428516063953_n.png?resize=1024%2C785&amp;ssl=1 1024w, https:\/\/i0.wp.com\/kyrroeditions.com\/wp-content\/uploads\/2021\/04\/155369936_734898597220600_7431303428516063953_n.png?resize=768%2C589&amp;ssl=1 768w, https:\/\/i0.wp.com\/kyrroeditions.com\/wp-content\/uploads\/2021\/04\/155369936_734898597220600_7431303428516063953_n.png?resize=600%2C460&amp;ssl=1 600w, https:\/\/i0.wp.com\/kyrroeditions.com\/wp-content\/uploads\/2021\/04\/155369936_734898597220600_7431303428516063953_n.png?w=1500&amp;ssl=1 1500w\" sizes=\"(max-width: 300px) 100vw, 300px\" \/><\/p>\n<h2><strong>[ romance contemporaine. ]<\/strong><\/h2>\n<p>&nbsp;<\/p>\n<blockquote><p>Nous avons tous \u00e9t\u00e9 trahis, un jour. Et vous, qui est votre tra\u00eetre ?<\/p><\/blockquote>\n<p>Pour Lennie, la trahison est ancr\u00e9e dans son reflet. Pourtant, c&rsquo;est \u00ab\u00a0<em>elle<\/em>\u00ab\u00a0, l&rsquo;origine de sa fuite. Sans pass\u00e9, son futur se conjugue au f\u00e9minin puisque la nature l&rsquo;a d\u00e9cid\u00e9 ainsi. L&rsquo;homme perdu derri\u00e8re ses traits, \u00ab\u00a0<em>elle<\/em>\u00a0\u00bb l&rsquo;a an\u00e9anti.<\/p>\n<p>Man\u00ebl en est persuad\u00e9e, la porte de son c\u0153ur est ferm\u00e9e \u00e0 jamais. Quand l&rsquo;amour nous a d\u00e9j\u00e0 trahis, comment faire confiance \u00e0 nouveau ? Et s&rsquo;il suffisait de croiser les yeux sombres de cette fille, un peu gar\u00e7on manqu\u00e9, pour voir ses certitudes s&rsquo;\u00e9crouler ?<\/p>\n<p>L&rsquo;amour r\u00e9v\u00e8le toutes les v\u00e9rit\u00e9s. Lennie aura-t-il le courage de le voir ? Man\u00ebl saura-t-elle le comprendre ?<\/p>\n<p>&nbsp;<\/p>\n","protected":false},"excerpt":{"rendered":"<h2>[ romance contemporaine. ]<\/h2>\n<p>&nbsp;<\/p>\n<blockquote><p>D\u00e9couvrez Lennie \u2013 Comprendre,1e tome de la duologie co-\u00e9crite par Karyn Adler &amp; Lo\u00efs Smes<\/p>\n<p><span class=\"tojvnm2t a6sixzi8 abs2jz4q a8s20v7p t1p8iaqh k5wvi7nf q3lfd5jv pk4s997a bipmatt0 cebpdrjk qowsmv63 owwhemhu dp1hu0rb dhp61c6y iyyx5f41\">Une histoire bouleversante qui red\u00e9finit les contours de l\u2019amour<\/span>.<\/p><\/blockquote>\n","protected":false},"featured_media":588,"comment_status":"open","ping_status":"closed","template":"","meta":[],"product_brand":[],"product_cat":[26,69],"product_tag":[35,39,36,88,37,73],"class_list":{"0":"post-59","1":"product","2":"type-product","3":"status-publish","4":"has-post-thumbnail","6":"product_cat-serie-saga","7":"product_cat-romances-contemporaines","8":"product_tag-broche","9":"product_tag-elskur","10":"product_tag-karyn-adler","11":"product_tag-lenny","12":"product_tag-lois-smes","13":"product_tag-romance-contemporaine","15":"first","16":"instock","17":"taxable","18":"shipping-taxable","19":"purchasable","20":"product-type-variable","21":"has-default-attributes"},"jetpack-related-posts":[],"jetpack_sharing_enabled":true,"_links":{"self":[{"href":"https:\/\/kyrroeditions.com\/index.php\/wp-json\/wp\/v2\/product\/59","targetHints":{"allow":["GET"]}}],"collection":[{"href":"https:\/\/kyrroeditions.com\/index.php\/wp-json\/wp\/v2\/product"}],"about":[{"href":"https:\/\/kyrroeditions.com\/index.php\/wp-json\/wp\/v2\/types\/product"}],"replies":[{"embeddable":true,"href":"https:\/\/kyrroeditions.com\/index.php\/wp-json\/wp\/v2\/comments?post=59"}],"wp:featuredmedia":[{"embeddable":true,"href":"https:\/\/kyrroeditions.com\/index.php\/wp-json\/wp\/v2\/media\/588"}],"wp:attachment":[{"href":"https:\/\/kyrroeditions.com\/index.php\/wp-json\/wp\/v2\/media?parent=59"}],"wp:term":[{"taxonomy":"product_brand","embeddable":true,"href":"https:\/\/kyrroeditions.com\/index.php\/wp-json\/wp\/v2\/product_brand?post=59"},{"taxonomy":"product_cat","embeddable":true,"href":"https:\/\/kyrroeditions.com\/index.php\/wp-json\/wp\/v2\/product_cat?post=59"},{"taxonomy":"product_tag","embeddable":true,"href":"https:\/\/kyrroeditions.com\/index.php\/wp-json\/wp\/v2\/product_tag?post=59"}],"curies":[{"name":"wp","href":"https:\/\/api.w.org\/{rel}","templated":true}]}}