{"id":64,"date":"2021-03-26T00:00:30","date_gmt":"2021-03-25T23:00:30","guid":{"rendered":"http:\/\/kyrroeditions.com\/?post_type=product&#038;p=64"},"modified":"2026-03-23T12:41:08","modified_gmt":"2026-03-23T11:41:08","slug":"lenny-apprendre-tome-2","status":"publish","type":"product","link":"https:\/\/kyrroeditions.com\/index.php\/produit\/lenny-apprendre-tome-2\/","title":{"rendered":"Lenny &#8211; Apprendre &#8211; Karyn Adler &#038; Lo\u00efs Smes &#8211; Tome 2"},"content":{"rendered":"<p><img data-recalc-dims=\"1\" loading=\"lazy\" decoding=\"async\" class=\"alignnone size-medium wp-image-65\" src=\"https:\/\/i0.wp.com\/kyrroeditions.com\/wp-content\/uploads\/2021\/04\/167905427_3910911252318961_5696526601304220395_n.png?resize=300%2C230&#038;ssl=1\" alt=\"\" width=\"300\" height=\"230\" srcset=\"https:\/\/i0.wp.com\/kyrroeditions.com\/wp-content\/uploads\/2021\/04\/167905427_3910911252318961_5696526601304220395_n.png?resize=300%2C230&amp;ssl=1 300w, https:\/\/i0.wp.com\/kyrroeditions.com\/wp-content\/uploads\/2021\/04\/167905427_3910911252318961_5696526601304220395_n.png?resize=1024%2C785&amp;ssl=1 1024w, https:\/\/i0.wp.com\/kyrroeditions.com\/wp-content\/uploads\/2021\/04\/167905427_3910911252318961_5696526601304220395_n.png?resize=768%2C589&amp;ssl=1 768w, https:\/\/i0.wp.com\/kyrroeditions.com\/wp-content\/uploads\/2021\/04\/167905427_3910911252318961_5696526601304220395_n.png?resize=600%2C460&amp;ssl=1 600w, https:\/\/i0.wp.com\/kyrroeditions.com\/wp-content\/uploads\/2021\/04\/167905427_3910911252318961_5696526601304220395_n.png?w=1500&amp;ssl=1 1500w\" sizes=\"auto, (max-width: 300px) 100vw, 300px\" \/><\/p>\n<h2><strong>[ romance contemporaine. ]<\/strong><\/h2>\n<p>&nbsp;<\/p>\n<p>S&rsquo;aimer, c&rsquo;est tout et rien. C&rsquo;est le d\u00e9but et la fin. Mais est-ce suffisant lorsque tout est \u00e0 construire ? Comment tracer les contours d&rsquo;une relation impr\u00e9vue quand ce que l&rsquo;on connaissait de vous part en fum\u00e9e ? Avoir tout \u00e0 cr\u00e9er, c&rsquo;est avoir tout \u00e0 perdre.<\/p>\n<p>Garder espoir en l&rsquo;avenir n&#8217;emp\u00eache pas d&rsquo;\u00eatre prisonnier de son pr\u00e9sent, d&rsquo;\u00eatre rattrap\u00e9 par son pass\u00e9.<\/p>\n<p>Il faut trouver le chemin. Apprendre.<\/p>\n<p>Je m&rsquo;appelle Lenny, je suis un homme transgenre et ceci est mon histoire.<\/p>\n<p>Une histoire d&rsquo;amour.<\/p>\n","protected":false},"excerpt":{"rendered":"<h2>[ romance contemporaine. ]<\/h2>\n<p>&nbsp;<\/p>\n<blockquote><p>D\u00e9couvrez Lenny \u2013 Apprendre, second tome de la duologie \u201cLenny\u201d co-\u00e9crite par Karyn Adler &amp; Lo\u00efs Smes.<\/p>\n<p>Une histoire d\u2019amour, une le\u00e7on de vie. Un espoir.<\/p><\/blockquote>\n","protected":false},"featured_media":590,"comment_status":"open","ping_status":"closed","template":"","meta":[],"product_brand":[],"product_cat":[26,69],"product_tag":[35,39,36,88,37,73],"class_list":{"0":"post-64","1":"product","2":"type-product","3":"status-publish","4":"has-post-thumbnail","6":"product_cat-serie-saga","7":"product_cat-romances-contemporaines","8":"product_tag-broche","9":"product_tag-elskur","10":"product_tag-karyn-adler","11":"product_tag-lenny","12":"product_tag-lois-smes","13":"product_tag-romance-contemporaine","14":"pa_dedi-deux-auteures","15":"pa_dedi-non","16":"pa_dedi-une-auteure","18":"first","19":"instock","20":"taxable","21":"shipping-taxable","22":"purchasable","23":"product-type-variable","24":"has-default-attributes"},"jetpack-related-posts":[],"jetpack_sharing_enabled":true,"_links":{"self":[{"href":"https:\/\/kyrroeditions.com\/index.php\/wp-json\/wp\/v2\/product\/64","targetHints":{"allow":["GET"]}}],"collection":[{"href":"https:\/\/kyrroeditions.com\/index.php\/wp-json\/wp\/v2\/product"}],"about":[{"href":"https:\/\/kyrroeditions.com\/index.php\/wp-json\/wp\/v2\/types\/product"}],"replies":[{"embeddable":true,"href":"https:\/\/kyrroeditions.com\/index.php\/wp-json\/wp\/v2\/comments?post=64"}],"wp:featuredmedia":[{"embeddable":true,"href":"https:\/\/kyrroeditions.com\/index.php\/wp-json\/wp\/v2\/media\/590"}],"wp:attachment":[{"href":"https:\/\/kyrroeditions.com\/index.php\/wp-json\/wp\/v2\/media?parent=64"}],"wp:term":[{"taxonomy":"product_brand","embeddable":true,"href":"https:\/\/kyrroeditions.com\/index.php\/wp-json\/wp\/v2\/product_brand?post=64"},{"taxonomy":"product_cat","embeddable":true,"href":"https:\/\/kyrroeditions.com\/index.php\/wp-json\/wp\/v2\/product_cat?post=64"},{"taxonomy":"product_tag","embeddable":true,"href":"https:\/\/kyrroeditions.com\/index.php\/wp-json\/wp\/v2\/product_tag?post=64"}],"curies":[{"name":"wp","href":"https:\/\/api.w.org\/{rel}","templated":true}]}}