{"id":68,"date":"2020-12-06T00:00:22","date_gmt":"2020-12-05T23:00:22","guid":{"rendered":"http:\/\/kyrroeditions.com\/?post_type=product&#038;p=68"},"modified":"2026-04-11T12:10:30","modified_gmt":"2026-04-11T10:10:30","slug":"a-7-coups-de-reins","status":"publish","type":"product","link":"https:\/\/kyrroeditions.com\/index.php\/produit\/a-7-coups-de-reins\/","title":{"rendered":"\u00c0 7 coups de reins &#8211; Lo\u00efs Smes"},"content":{"rendered":"<p><strong><em><a href=\"https:\/\/i0.wp.com\/kyrroeditions.com\/wp-content\/uploads\/2021\/06\/1623081795.png?ssl=1\"><img data-recalc-dims=\"1\" fetchpriority=\"high\" decoding=\"async\" class=\"alignleft wp-image-777 size-medium\" src=\"https:\/\/i0.wp.com\/kyrroeditions.com\/wp-content\/uploads\/2021\/06\/1623081795.png?resize=300%2C230&#038;ssl=1\" alt=\"A 7 coups de reins\" width=\"300\" height=\"230\" srcset=\"https:\/\/i0.wp.com\/kyrroeditions.com\/wp-content\/uploads\/2021\/06\/1623081795.png?resize=300%2C230&amp;ssl=1 300w, https:\/\/i0.wp.com\/kyrroeditions.com\/wp-content\/uploads\/2021\/06\/1623081795.png?resize=1024%2C785&amp;ssl=1 1024w, https:\/\/i0.wp.com\/kyrroeditions.com\/wp-content\/uploads\/2021\/06\/1623081795.png?resize=150%2C115&amp;ssl=1 150w, https:\/\/i0.wp.com\/kyrroeditions.com\/wp-content\/uploads\/2021\/06\/1623081795.png?resize=768%2C589&amp;ssl=1 768w, https:\/\/i0.wp.com\/kyrroeditions.com\/wp-content\/uploads\/2021\/06\/1623081795.png?resize=600%2C460&amp;ssl=1 600w, https:\/\/i0.wp.com\/kyrroeditions.com\/wp-content\/uploads\/2021\/06\/1623081795.png?w=1500&amp;ssl=1 1500w\" sizes=\"(max-width: 300px) 100vw, 300px\" \/><\/a><\/em><\/strong><\/p>\n<h2><strong>[ com\u00e9die romantique. ]<\/strong><\/h2>\n<p>&nbsp;<\/p>\n<p>Je t\u2019ai tellement tap\u00e9 dans l\u2019\u0153il que tu m\u2019as pris, m\u2019a retourn\u00e9 pour voir mon derri\u00e8re ? Tu as raison, mais attention, mon histoire est loin d\u2019\u00eatre simple.<\/p>\n<p>Moi, c\u2019est Jas et ma vie est une vaste blague. \u00c0 tel point qu\u2019avec la complicit\u00e9 de mes amis, je me suis lanc\u00e9 dans un pari un peu fou : coucher avec six filles compl\u00e8tement folles pour atteindre mon fantasme d\u2019adolescent. Rien que l\u00e0, j\u2019aurais d\u00fb sentir l\u2019embrouille. En plus, mon karma en a rajout\u00e9 ! Je dois le faire avant No\u00ebl ! Tout \u00e7a n\u2019a aucun sens ? Ce n\u2019est pas faux. Tu veux savoir comment j\u2019en suis arriv\u00e9 l\u00e0 ? Viens, je te raconte. Tout a commenc\u00e9 quand j\u2019avais 16 ans&#8230;<\/p>\n<p>\u00ab \u00c0 7 coups de reins \u00bb, c\u2019est une romance de No\u00ebl sans No\u00ebl (si, un peu) et sans romance (quoi que&#8230;) compl\u00e8tement d\u00e9jant\u00e9e. On oublie le chocolat chaud, on prend un lait de poule bien cors\u00e9 pour savourez la plus irr\u00e9v\u00e9rencieuses des histoires de No\u00ebl\u2026 et d\u2019amour.<\/p>\n<p><em>Garantie 100% fourrage de dinde.<\/em><\/p>\n<p>&nbsp;<\/p>\n<h4><\/h4>\n","protected":false},"excerpt":{"rendered":"<div class=\"woocommerce-product-details__short-description\">\n<h2>[ com\u00e9die Romantique. ]<\/h2>\n<blockquote><p>La plus d\u00e9jant\u00e9e et irr\u00e9v\u00e9rencieuse des romances sign\u00e9e Lo\u00efs Smes. Fou rires garantis.<\/p>\n<p>Pr\u00e9caution d\u2019usage : ne pas boire pendant la lecture, le livre n\u2019est pas waterproof.<\/p><\/blockquote>\n<\/div>\n","protected":false},"featured_media":810,"comment_status":"open","ping_status":"closed","template":"","meta":[],"product_brand":[],"product_cat":[70,58],"product_tag":[35,75,46,37,50,82,76],"class_list":{"0":"post-68","1":"product","2":"type-product","3":"status-publish","4":"has-post-thumbnail","6":"product_cat-mini-comedie","7":"product_cat-romance-de-noel","8":"product_tag-broche","9":"product_tag-comedie-romantique","10":"product_tag-lilfyndio","11":"product_tag-lois-smes","12":"product_tag-mini","13":"product_tag-mini-comedie-romantique","14":"product_tag-romance-de-noel","15":"pa_dedi-non","16":"pa_dedi-oui","18":"first","19":"instock","20":"taxable","21":"shipping-taxable","22":"purchasable","23":"product-type-variable"},"jetpack-related-posts":[],"jetpack_sharing_enabled":true,"_links":{"self":[{"href":"https:\/\/kyrroeditions.com\/index.php\/wp-json\/wp\/v2\/product\/68","targetHints":{"allow":["GET"]}}],"collection":[{"href":"https:\/\/kyrroeditions.com\/index.php\/wp-json\/wp\/v2\/product"}],"about":[{"href":"https:\/\/kyrroeditions.com\/index.php\/wp-json\/wp\/v2\/types\/product"}],"replies":[{"embeddable":true,"href":"https:\/\/kyrroeditions.com\/index.php\/wp-json\/wp\/v2\/comments?post=68"}],"wp:featuredmedia":[{"embeddable":true,"href":"https:\/\/kyrroeditions.com\/index.php\/wp-json\/wp\/v2\/media\/810"}],"wp:attachment":[{"href":"https:\/\/kyrroeditions.com\/index.php\/wp-json\/wp\/v2\/media?parent=68"}],"wp:term":[{"taxonomy":"product_brand","embeddable":true,"href":"https:\/\/kyrroeditions.com\/index.php\/wp-json\/wp\/v2\/product_brand?post=68"},{"taxonomy":"product_cat","embeddable":true,"href":"https:\/\/kyrroeditions.com\/index.php\/wp-json\/wp\/v2\/product_cat?post=68"},{"taxonomy":"product_tag","embeddable":true,"href":"https:\/\/kyrroeditions.com\/index.php\/wp-json\/wp\/v2\/product_tag?post=68"}],"curies":[{"name":"wp","href":"https:\/\/api.w.org\/{rel}","templated":true}]}}