{"id":6832,"date":"2025-07-16T00:35:21","date_gmt":"2025-07-15T22:35:21","guid":{"rendered":"https:\/\/kyrroeditions.com\/?post_type=product&#038;p=6832"},"modified":"2026-05-07T08:20:57","modified_gmt":"2026-05-07T06:20:57","slug":"par-amour-maze-perkins","status":"publish","type":"product","link":"https:\/\/kyrroeditions.com\/index.php\/produit\/par-amour-maze-perkins\/","title":{"rendered":"Par amour &#8211; Maze Perkins &#8211; Premium ou Standard"},"content":{"rendered":"<p>&nbsp;<\/p>\n<h2><a href=\"https:\/\/i0.wp.com\/kyrroeditions.com\/wp-content\/uploads\/2025\/07\/site-2-scaled.png?ssl=1\"><img data-recalc-dims=\"1\" fetchpriority=\"high\" decoding=\"async\" class=\"alignleft size-medium wp-image-6836\" src=\"https:\/\/i0.wp.com\/kyrroeditions.com\/wp-content\/uploads\/2025\/07\/site-2.png?resize=300%2C217&#038;ssl=1\" alt=\"\" width=\"300\" height=\"217\" srcset=\"https:\/\/i0.wp.com\/kyrroeditions.com\/wp-content\/uploads\/2025\/07\/site-2-scaled.png?resize=300%2C217&amp;ssl=1 300w, https:\/\/i0.wp.com\/kyrroeditions.com\/wp-content\/uploads\/2025\/07\/site-2-scaled.png?resize=1024%2C741&amp;ssl=1 1024w, https:\/\/i0.wp.com\/kyrroeditions.com\/wp-content\/uploads\/2025\/07\/site-2-scaled.png?resize=150%2C108&amp;ssl=1 150w, https:\/\/i0.wp.com\/kyrroeditions.com\/wp-content\/uploads\/2025\/07\/site-2-scaled.png?resize=768%2C555&amp;ssl=1 768w, https:\/\/i0.wp.com\/kyrroeditions.com\/wp-content\/uploads\/2025\/07\/site-2-scaled.png?resize=1536%2C1111&amp;ssl=1 1536w, https:\/\/i0.wp.com\/kyrroeditions.com\/wp-content\/uploads\/2025\/07\/site-2-scaled.png?resize=2048%2C1481&amp;ssl=1 2048w, https:\/\/i0.wp.com\/kyrroeditions.com\/wp-content\/uploads\/2025\/07\/site-2-scaled.png?resize=600%2C434&amp;ssl=1 600w, https:\/\/i0.wp.com\/kyrroeditions.com\/wp-content\/uploads\/2025\/07\/site-2-scaled.png?resize=64%2C46&amp;ssl=1 64w, https:\/\/i0.wp.com\/kyrroeditions.com\/wp-content\/uploads\/2025\/07\/site-2-scaled.png?w=1664&amp;ssl=1 1664w, https:\/\/i0.wp.com\/kyrroeditions.com\/wp-content\/uploads\/2025\/07\/site-2-scaled.png?w=2496&amp;ssl=1 2496w\" sizes=\"(max-width: 300px) 100vw, 300px\" \/><\/a><\/h2>\n<h2><strong>[ Dark romance ]<\/strong><\/h2>\n<div><\/div>\n<p class=\"darkfantasy\">Dans le monde de Kyriel et Callahan, personne ne s\u2019attend \u00e0 une fin heureuse. On s\u2019imagine la fatalit\u00e9 sale d\u2019une issue sanglante, le calme funeste d\u2019une dose de trop.<\/p>\n<p class=\"darkfantasy\">Dans leur monde, il ne reste rien \u00e0 sauver. Rien hormis peut-\u00eatre un amour trouv\u00e9 par hasard sur un quai de gare.<\/p>\n<blockquote>\n<p class=\"darkfantasy\">Mais parfois, aimer ne suffit pas.<\/p>\n<p class=\"darkfantasy\">Et parfois, aimer est la seule chose qui reste.<\/p>\n<\/blockquote>\n<pre>Ce livre est une dark romance. Il est r\u00e9serv\u00e9 \u00e0 un public majeur et averti.\r\n\r\nRetrouvez les trigger warning :<\/pre>\n<p><a href=\"https:\/\/i0.wp.com\/kyrroeditions.com\/wp-content\/uploads\/2025\/07\/qr-code-TW-pa.png?ssl=1\"><img data-recalc-dims=\"1\" decoding=\"async\" class=\"alignleft wp-image-6852\" src=\"https:\/\/i0.wp.com\/kyrroeditions.com\/wp-content\/uploads\/2025\/07\/qr-code-TW-pa.png?resize=230%2C230&#038;ssl=1\" alt=\"\" width=\"230\" height=\"230\" srcset=\"https:\/\/i0.wp.com\/kyrroeditions.com\/wp-content\/uploads\/2025\/07\/qr-code-TW-pa.png?resize=300%2C300&amp;ssl=1 300w, https:\/\/i0.wp.com\/kyrroeditions.com\/wp-content\/uploads\/2025\/07\/qr-code-TW-pa.png?resize=1024%2C1024&amp;ssl=1 1024w, https:\/\/i0.wp.com\/kyrroeditions.com\/wp-content\/uploads\/2025\/07\/qr-code-TW-pa.png?resize=150%2C150&amp;ssl=1 150w, https:\/\/i0.wp.com\/kyrroeditions.com\/wp-content\/uploads\/2025\/07\/qr-code-TW-pa.png?resize=768%2C768&amp;ssl=1 768w, https:\/\/i0.wp.com\/kyrroeditions.com\/wp-content\/uploads\/2025\/07\/qr-code-TW-pa.png?resize=600%2C600&amp;ssl=1 600w, https:\/\/i0.wp.com\/kyrroeditions.com\/wp-content\/uploads\/2025\/07\/qr-code-TW-pa.png?resize=64%2C64&amp;ssl=1 64w, https:\/\/i0.wp.com\/kyrroeditions.com\/wp-content\/uploads\/2025\/07\/qr-code-TW-pa.png?w=1125&amp;ssl=1 1125w\" sizes=\"(max-width: 230px) 100vw, 230px\" \/><\/a><\/p>\n","protected":false},"excerpt":{"rendered":"<h2>[ Dark romance]<\/h2>\n<p>&nbsp;<\/p>\n<blockquote><p>Plongez dans les m\u00e9andres des recoins les plus sombres de l&rsquo;amour.<\/p><\/blockquote>\n","protected":false},"featured_media":6837,"comment_status":"open","ping_status":"closed","template":"","meta":[],"product_brand":[],"product_cat":[57],"product_tag":[35,105,83,106,107,49],"class_list":{"0":"post-6832","1":"product","2":"type-product","3":"status-publish","4":"has-post-thumbnail","6":"product_cat-dark-romance","7":"product_tag-broche","8":"product_tag-broche-premium","9":"product_tag-dark-romance","10":"product_tag-jaspage","11":"product_tag-maze-perkins","12":"product_tag-myrkur","13":"pa_dedi-non","14":"pa_dedi-oui","16":"first","17":"instock","18":"taxable","19":"shipping-taxable","20":"purchasable","21":"product-type-variable","22":"has-default-attributes"},"jetpack-related-posts":[],"jetpack_sharing_enabled":true,"_links":{"self":[{"href":"https:\/\/kyrroeditions.com\/index.php\/wp-json\/wp\/v2\/product\/6832","targetHints":{"allow":["GET"]}}],"collection":[{"href":"https:\/\/kyrroeditions.com\/index.php\/wp-json\/wp\/v2\/product"}],"about":[{"href":"https:\/\/kyrroeditions.com\/index.php\/wp-json\/wp\/v2\/types\/product"}],"replies":[{"embeddable":true,"href":"https:\/\/kyrroeditions.com\/index.php\/wp-json\/wp\/v2\/comments?post=6832"}],"wp:featuredmedia":[{"embeddable":true,"href":"https:\/\/kyrroeditions.com\/index.php\/wp-json\/wp\/v2\/media\/6837"}],"wp:attachment":[{"href":"https:\/\/kyrroeditions.com\/index.php\/wp-json\/wp\/v2\/media?parent=6832"}],"wp:term":[{"taxonomy":"product_brand","embeddable":true,"href":"https:\/\/kyrroeditions.com\/index.php\/wp-json\/wp\/v2\/product_brand?post=6832"},{"taxonomy":"product_cat","embeddable":true,"href":"https:\/\/kyrroeditions.com\/index.php\/wp-json\/wp\/v2\/product_cat?post=6832"},{"taxonomy":"product_tag","embeddable":true,"href":"https:\/\/kyrroeditions.com\/index.php\/wp-json\/wp\/v2\/product_tag?post=6832"}],"curies":[{"name":"wp","href":"https:\/\/api.w.org\/{rel}","templated":true}]}}