{"id":758,"date":"2021-06-07T17:38:45","date_gmt":"2021-06-07T15:38:45","guid":{"rendered":"https:\/\/kyrroeditions.com\/?post_type=product&#038;p=758"},"modified":"2025-12-03T00:47:31","modified_gmt":"2025-12-02T23:47:31","slug":"recherche-scoop-desesperement","status":"publish","type":"product","link":"https:\/\/kyrroeditions.com\/index.php\/produit\/recherche-scoop-desesperement\/","title":{"rendered":"Recherche scoop d\u00e9sesp\u00e9r\u00e9ment &#8211; Karyn Adler (Featuring Lo\u00efs Smes)"},"content":{"rendered":"<p><img data-recalc-dims=\"1\" fetchpriority=\"high\" decoding=\"async\" class=\"alignnone wp-image-776 size-medium\" src=\"https:\/\/i0.wp.com\/kyrroeditions.com\/wp-content\/uploads\/2021\/06\/1623078426.png?resize=300%2C230&#038;ssl=1\" alt=\"Scoop\" width=\"300\" height=\"230\" srcset=\"https:\/\/i0.wp.com\/kyrroeditions.com\/wp-content\/uploads\/2021\/06\/1623078426.png?resize=300%2C230&amp;ssl=1 300w, https:\/\/i0.wp.com\/kyrroeditions.com\/wp-content\/uploads\/2021\/06\/1623078426.png?resize=1024%2C785&amp;ssl=1 1024w, https:\/\/i0.wp.com\/kyrroeditions.com\/wp-content\/uploads\/2021\/06\/1623078426.png?resize=150%2C115&amp;ssl=1 150w, https:\/\/i0.wp.com\/kyrroeditions.com\/wp-content\/uploads\/2021\/06\/1623078426.png?resize=768%2C589&amp;ssl=1 768w, https:\/\/i0.wp.com\/kyrroeditions.com\/wp-content\/uploads\/2021\/06\/1623078426.png?resize=600%2C460&amp;ssl=1 600w, https:\/\/i0.wp.com\/kyrroeditions.com\/wp-content\/uploads\/2021\/06\/1623078426.png?w=1500&amp;ssl=1 1500w\" sizes=\"(max-width: 300px) 100vw, 300px\" \/><\/p>\n<h2><strong>[ com\u00e9die romantique. ]<\/strong><\/h2>\n<p>&nbsp;<\/p>\n<blockquote><p>Pourquoi tu cherches encore l\u2019homme ide\u0301al ? On ne t\u2019a jamais dit que c\u2019e\u0301tait un mythe, comme le pe\u0300re Noe\u0308l et la petite souris ?<\/p><\/blockquote>\n<p>Moi, Andy, journaliste de haut vol, je me suis penche\u0301e sur la question existentielle que tous les hommes se posent : que veulent les femmes ? C\u2019est simple, tu vas voir. On veut un beau gosse, mais pas trop surfait. Un mec dro\u0302le, mais pas trop lourdaud. Un tendre, mais pas niais. Un lover, mais pas cliche\u0301. Un aventurier, mais pas un spe\u0301le\u0301o\u2026<\/p>\n<p>En fait\u2026 on voudrait un connard, mais pas trop.<\/p>\n<p>Si tu le trouves avant moi, fais-moi signe, j\u2019ai un article a\u0300 e\u0301crire\u2026 et l\u2019amour a\u0300 trouver ?<\/p>\n","protected":false},"excerpt":{"rendered":"<h2>[ com\u00e9die romantique. ]<\/h2>\n<p>&nbsp;<\/p>\n<blockquote><p>D\u00e9couvrez la romance parasol par excellence ! Bronzez en travaillant vos abdos \u00e0 coups de fous rires gr\u00e2ce \u00e0 Karyn Adler.<\/p>\n<p>Andy recherche le connard, mais pas trop. Et si vous l\u2019aidiez ?<\/p><\/blockquote>\n","protected":false},"featured_media":856,"comment_status":"open","ping_status":"closed","template":"","meta":[],"product_brand":[],"product_cat":[70],"product_tag":[75,36,46,50,82],"class_list":{"0":"post-758","1":"product","2":"type-product","3":"status-publish","4":"has-post-thumbnail","6":"product_cat-mini-comedie","7":"product_tag-comedie-romantique","8":"product_tag-karyn-adler","9":"product_tag-lilfyndio","10":"product_tag-mini","11":"product_tag-mini-comedie-romantique","12":"pa_dedi-non","13":"pa_dedi-oui","15":"first","16":"instock","17":"taxable","18":"shipping-taxable","19":"purchasable","20":"product-type-variable"},"jetpack-related-posts":[],"jetpack_sharing_enabled":true,"_links":{"self":[{"href":"https:\/\/kyrroeditions.com\/index.php\/wp-json\/wp\/v2\/product\/758","targetHints":{"allow":["GET"]}}],"collection":[{"href":"https:\/\/kyrroeditions.com\/index.php\/wp-json\/wp\/v2\/product"}],"about":[{"href":"https:\/\/kyrroeditions.com\/index.php\/wp-json\/wp\/v2\/types\/product"}],"replies":[{"embeddable":true,"href":"https:\/\/kyrroeditions.com\/index.php\/wp-json\/wp\/v2\/comments?post=758"}],"wp:featuredmedia":[{"embeddable":true,"href":"https:\/\/kyrroeditions.com\/index.php\/wp-json\/wp\/v2\/media\/856"}],"wp:attachment":[{"href":"https:\/\/kyrroeditions.com\/index.php\/wp-json\/wp\/v2\/media?parent=758"}],"wp:term":[{"taxonomy":"product_brand","embeddable":true,"href":"https:\/\/kyrroeditions.com\/index.php\/wp-json\/wp\/v2\/product_brand?post=758"},{"taxonomy":"product_cat","embeddable":true,"href":"https:\/\/kyrroeditions.com\/index.php\/wp-json\/wp\/v2\/product_cat?post=758"},{"taxonomy":"product_tag","embeddable":true,"href":"https:\/\/kyrroeditions.com\/index.php\/wp-json\/wp\/v2\/product_tag?post=758"}],"curies":[{"name":"wp","href":"https:\/\/api.w.org\/{rel}","templated":true}]}}