{"id":7638,"date":"2025-09-26T10:30:34","date_gmt":"2025-09-26T08:30:34","guid":{"rendered":"https:\/\/kyrroeditions.com\/?post_type=product&#038;p=7638"},"modified":"2026-04-11T11:03:24","modified_gmt":"2026-04-11T09:03:24","slug":"lenny-apprendre-itp-lenny-2-karyn-adler-lois-smes","status":"publish","type":"product","link":"https:\/\/kyrroeditions.com\/index.php\/produit\/lenny-apprendre-itp-lenny-2-karyn-adler-lois-smes\/","title":{"rendered":"Lenny &#8211; Apprendre ITP &#8211; Lenn(y) #2 &#8211; Karyn Adler &#038; Lo\u00efs Smes"},"content":{"rendered":"<p><a href=\"https:\/\/i0.wp.com\/kyrroeditions.com\/wp-content\/uploads\/2025\/09\/poche-Mockup-scaled.png?ssl=1\"><img data-recalc-dims=\"1\" loading=\"lazy\" decoding=\"async\" class=\"alignleft wp-image-7642\" src=\"https:\/\/i0.wp.com\/kyrroeditions.com\/wp-content\/uploads\/2025\/09\/poche-Mockup-scaled.png?resize=420%2C315&#038;ssl=1\" alt=\"\" width=\"420\" height=\"315\" srcset=\"https:\/\/i0.wp.com\/kyrroeditions.com\/wp-content\/uploads\/2025\/09\/poche-Mockup-scaled.png?w=2560&amp;ssl=1 2560w, https:\/\/i0.wp.com\/kyrroeditions.com\/wp-content\/uploads\/2025\/09\/poche-Mockup-scaled.png?resize=300%2C225&amp;ssl=1 300w, https:\/\/i0.wp.com\/kyrroeditions.com\/wp-content\/uploads\/2025\/09\/poche-Mockup-scaled.png?resize=1024%2C768&amp;ssl=1 1024w, https:\/\/i0.wp.com\/kyrroeditions.com\/wp-content\/uploads\/2025\/09\/poche-Mockup-scaled.png?resize=150%2C113&amp;ssl=1 150w, https:\/\/i0.wp.com\/kyrroeditions.com\/wp-content\/uploads\/2025\/09\/poche-Mockup-scaled.png?resize=768%2C576&amp;ssl=1 768w, https:\/\/i0.wp.com\/kyrroeditions.com\/wp-content\/uploads\/2025\/09\/poche-Mockup-scaled.png?resize=1536%2C1152&amp;ssl=1 1536w, https:\/\/i0.wp.com\/kyrroeditions.com\/wp-content\/uploads\/2025\/09\/poche-Mockup-scaled.png?resize=2048%2C1536&amp;ssl=1 2048w, https:\/\/i0.wp.com\/kyrroeditions.com\/wp-content\/uploads\/2025\/09\/poche-Mockup-scaled.png?resize=600%2C450&amp;ssl=1 600w, https:\/\/i0.wp.com\/kyrroeditions.com\/wp-content\/uploads\/2025\/09\/poche-Mockup-scaled.png?resize=64%2C48&amp;ssl=1 64w, https:\/\/i0.wp.com\/kyrroeditions.com\/wp-content\/uploads\/2025\/09\/poche-Mockup-scaled.png?w=1664&amp;ssl=1 1664w, https:\/\/i0.wp.com\/kyrroeditions.com\/wp-content\/uploads\/2025\/09\/poche-Mockup-scaled.png?w=2496&amp;ssl=1 2496w\" sizes=\"auto, (max-width: 420px) 100vw, 420px\" \/><\/a><\/p>\n<p>&nbsp;<\/p>\n<h2><strong>[ Romance contemporaine ]<\/strong><\/h2>\n<p>S&rsquo;aimer, c&rsquo;est tout et rien. C&rsquo;est le d\u00e9but et la fin. Mais est-ce suffisant lorsque tout est \u00e0 construire ? Comment tracer les contours d&rsquo;une relation impr\u00e9vue quand ce que l&rsquo;on connaissait de vous part en fum\u00e9e ? Avoir tout \u00e0 cr\u00e9er, c&rsquo;est avoir tout \u00e0 perdre.<\/p>\n<p>Garder espoir en l&rsquo;avenir n&#8217;emp\u00eache pas d&rsquo;\u00eatre prisonnier de son pr\u00e9sent, d&rsquo;\u00eatre rattrap\u00e9 par son pass\u00e9.<\/p>\n<p>Il faut trouver le chemin. Apprendre.<br \/>\nJe m&rsquo;appelle Lenny, je suis un homme transgenre et ceci est mon histoire.<\/p>\n<p>Une histoire d&rsquo;amour.<\/p>\n<p><strong>Existe aussi en format broch\u00e9 et num\u00e9rique<\/strong><\/p>\n","protected":false},"excerpt":{"rendered":"<h2>[ Romance contemporaine]<\/h2>\n<p>&nbsp;<\/p>\n<blockquote><p>Retrouvez Lenny, \u00e0 travers \u00ab\u00a0Apprendre\u00a0\u00bb, \u00a0le second tome de la duologie co-\u00e9crite par Karyn Adler &amp; Lo\u00efs Smes, en version poche, pour l\u2019emmener partout, o\u00f9 vous voulez.<\/p>\n<p><span class=\"tojvnm2t a6sixzi8 abs2jz4q a8s20v7p t1p8iaqh k5wvi7nf q3lfd5jv pk4s997a bipmatt0 cebpdrjk qowsmv63 owwhemhu dp1hu0rb dhp61c6y iyyx5f41\">Plus qu&rsquo;une romance, un chemin, quoiqu&rsquo;il en co\u00fbte, pour y trouver l&rsquo;amour de soi, avant tout.\u00a0<\/span><\/p><\/blockquote>\n","protected":false},"featured_media":7644,"comment_status":"open","ping_status":"closed","template":"","meta":[],"product_brand":[],"product_cat":[94],"product_tag":[39,93,36,37,92,73,102],"class_list":{"0":"post-7638","1":"product","2":"type-product","3":"status-publish","4":"has-post-thumbnail","6":"product_cat-itp","7":"product_tag-elskur","8":"product_tag-itp","9":"product_tag-karyn-adler","10":"product_tag-lois-smes","11":"product_tag-poche","12":"product_tag-romance-contemporaine","13":"product_tag-serie-lenny","14":"pa_dedi-deux-auteures","15":"pa_dedi-non","16":"pa_dedi-une-auteure","18":"first","19":"instock","20":"taxable","21":"shipping-taxable","22":"product-type-variable","23":"has-default-attributes"},"jetpack-related-posts":[],"jetpack_sharing_enabled":true,"_links":{"self":[{"href":"https:\/\/kyrroeditions.com\/index.php\/wp-json\/wp\/v2\/product\/7638","targetHints":{"allow":["GET"]}}],"collection":[{"href":"https:\/\/kyrroeditions.com\/index.php\/wp-json\/wp\/v2\/product"}],"about":[{"href":"https:\/\/kyrroeditions.com\/index.php\/wp-json\/wp\/v2\/types\/product"}],"replies":[{"embeddable":true,"href":"https:\/\/kyrroeditions.com\/index.php\/wp-json\/wp\/v2\/comments?post=7638"}],"wp:featuredmedia":[{"embeddable":true,"href":"https:\/\/kyrroeditions.com\/index.php\/wp-json\/wp\/v2\/media\/7644"}],"wp:attachment":[{"href":"https:\/\/kyrroeditions.com\/index.php\/wp-json\/wp\/v2\/media?parent=7638"}],"wp:term":[{"taxonomy":"product_brand","embeddable":true,"href":"https:\/\/kyrroeditions.com\/index.php\/wp-json\/wp\/v2\/product_brand?post=7638"},{"taxonomy":"product_cat","embeddable":true,"href":"https:\/\/kyrroeditions.com\/index.php\/wp-json\/wp\/v2\/product_cat?post=7638"},{"taxonomy":"product_tag","embeddable":true,"href":"https:\/\/kyrroeditions.com\/index.php\/wp-json\/wp\/v2\/product_tag?post=7638"}],"curies":[{"name":"wp","href":"https:\/\/api.w.org\/{rel}","templated":true}]}}