{"id":7730,"date":"2025-10-10T17:07:01","date_gmt":"2025-10-10T15:07:01","guid":{"rendered":"https:\/\/kyrroeditions.com\/?post_type=product&#038;p=7730"},"modified":"2026-04-21T11:03:48","modified_gmt":"2026-04-21T09:03:48","slug":"entirely-yours-version-premium","status":"publish","type":"product","link":"https:\/\/kyrroeditions.com\/index.php\/produit\/entirely-yours-version-premium\/","title":{"rendered":"Entirely Yours &#8211; Karyn Adler &#038; Lo\u00efs Smes &#8211; Broch\u00e9 Premium"},"content":{"rendered":"<div class=\"l7ghb35v kjdc1dyq kmwttqpk gh25dzvf jikcssrz n3t5jt4f\">\n<div dir=\"auto\"><a href=\"https:\/\/i0.wp.com\/kyrroeditions.com\/wp-content\/uploads\/2025\/10\/mockup-site-scaled.png?ssl=1\"><img data-recalc-dims=\"1\" fetchpriority=\"high\" decoding=\"async\" class=\"alignleft wp-image-7736\" src=\"https:\/\/i0.wp.com\/kyrroeditions.com\/wp-content\/uploads\/2025\/10\/mockup-site-scaled.png?resize=398%2C290&#038;ssl=1\" alt=\"\" width=\"398\" height=\"290\" srcset=\"https:\/\/i0.wp.com\/kyrroeditions.com\/wp-content\/uploads\/2025\/10\/mockup-site-scaled.png?w=2560&amp;ssl=1 2560w, https:\/\/i0.wp.com\/kyrroeditions.com\/wp-content\/uploads\/2025\/10\/mockup-site-scaled.png?resize=300%2C218&amp;ssl=1 300w, https:\/\/i0.wp.com\/kyrroeditions.com\/wp-content\/uploads\/2025\/10\/mockup-site-scaled.png?resize=1024%2C745&amp;ssl=1 1024w, https:\/\/i0.wp.com\/kyrroeditions.com\/wp-content\/uploads\/2025\/10\/mockup-site-scaled.png?resize=150%2C109&amp;ssl=1 150w, https:\/\/i0.wp.com\/kyrroeditions.com\/wp-content\/uploads\/2025\/10\/mockup-site-scaled.png?w=1664&amp;ssl=1 1664w, https:\/\/i0.wp.com\/kyrroeditions.com\/wp-content\/uploads\/2025\/10\/mockup-site-scaled.png?w=2496&amp;ssl=1 2496w\" sizes=\"(max-width: 398px) 100vw, 398px\" \/><\/a><\/div>\n<div dir=\"auto\">\n<h2><strong>[ dark Romance. ]<\/strong><\/h2>\n<\/div>\n<\/div>\n<p>&nbsp;<\/p>\n<p><strong>Ils n&rsquo;\u00e9taient pas toxiques, ils ne savaient pas que leur amour l&rsquo;\u00e9tait.<\/strong><\/p>\n<p><em><strong>Et si le pire qu&rsquo;il pouvait leur arriver \u00e9tait de s&rsquo;aimer ?<\/strong><\/em><\/p>\n<div class=\"l7ghb35v kjdc1dyq kmwttqpk gh25dzvf jikcssrz n3t5jt4f\">\n<div dir=\"auto\"><\/div>\n<div class=\"x1e56ztr\"><\/div>\n<pre><span class=\"x193iq5w xeuugli x13faqbe x1vvkbs x1xmvt09 x6prxxf xvq8zen xo1l8bm xzsf02u\">CE LIVRE EST UNE <strong>DARK ROMANCE<\/strong>. SON CONTENU EST AMORAL ET POURRAIT \r\nHEURTER VOTRE SENSIBILIT\u00c9. <strong>R\u00c9SERV\u00c9 \u00c0 UN PUBLIC MAJEUR<\/strong>. \r\n\r\nRetrouvez la liste des Trigger Warning :\r\n\r\n<a href=\"https:\/\/i0.wp.com\/kyrroeditions.com\/wp-content\/uploads\/2025\/10\/qr-code_yours_TW.png?ssl=1\"><img data-recalc-dims=\"1\" decoding=\"async\" class=\"alignleft wp-image-7734 size-thumbnail\" src=\"https:\/\/i0.wp.com\/kyrroeditions.com\/wp-content\/uploads\/2025\/10\/qr-code_yours_TW.png?resize=150%2C150&#038;ssl=1\" alt=\"\" width=\"150\" height=\"150\" srcset=\"https:\/\/i0.wp.com\/kyrroeditions.com\/wp-content\/uploads\/2025\/10\/qr-code_yours_TW.png?resize=150%2C150&amp;ssl=1 150w, https:\/\/i0.wp.com\/kyrroeditions.com\/wp-content\/uploads\/2025\/10\/qr-code_yours_TW.png?resize=300%2C300&amp;ssl=1 300w, https:\/\/i0.wp.com\/kyrroeditions.com\/wp-content\/uploads\/2025\/10\/qr-code_yours_TW.png?resize=1024%2C1024&amp;ssl=1 1024w, https:\/\/i0.wp.com\/kyrroeditions.com\/wp-content\/uploads\/2025\/10\/qr-code_yours_TW.png?resize=768%2C768&amp;ssl=1 768w, https:\/\/i0.wp.com\/kyrroeditions.com\/wp-content\/uploads\/2025\/10\/qr-code_yours_TW.png?resize=600%2C600&amp;ssl=1 600w, https:\/\/i0.wp.com\/kyrroeditions.com\/wp-content\/uploads\/2025\/10\/qr-code_yours_TW.png?resize=64%2C64&amp;ssl=1 64w, https:\/\/i0.wp.com\/kyrroeditions.com\/wp-content\/uploads\/2025\/10\/qr-code_yours_TW.png?w=1083&amp;ssl=1 1083w\" sizes=\"(max-width: 150px) 100vw, 150px\" \/><\/a>\r\n<\/span><\/pre>\n<\/div>\n<div dir=\"auto\"><\/div>\n","protected":false},"excerpt":{"rendered":"<p><strong>Version Premium\u00a0<\/strong><\/p>\n<h1><strong>\u2022 Jaspage<\/strong><br \/>\n<strong>\u2022 Vernis s\u00e9lectif<\/strong><br \/>\n<strong>\u2022 Int\u00e9rieurs de couverture illustr\u00e9s en couleur<\/strong><br \/>\n<strong>\u2022 Chapitre bonus in\u00e9dit<\/strong><\/h1>\n<p>&nbsp;<\/p>\n<h2>[ DARK Romance. ]<\/h2>\n<p>&nbsp;<\/p>\n<blockquote><p><strong>Ils n&rsquo;\u00e9taient pas toxiques, ils ne savaient pas que leur amour l&rsquo;\u00e9tait.<\/strong><\/p>\n<p>Plongez au coeur de cette Dark romance psychologique et oppressante, sign\u00e9e Karyn Adler &amp; Lo\u00efs Smes, en version premium.<\/p><\/blockquote>\n","protected":false},"featured_media":7739,"comment_status":"open","ping_status":"closed","template":"","meta":[],"product_brand":[],"product_cat":[57],"product_tag":[35,105,108,83,36,37,49],"class_list":{"0":"post-7730","1":"product","2":"type-product","3":"status-publish","4":"has-post-thumbnail","6":"product_cat-dark-romance","7":"product_tag-broche","8":"product_tag-broche-premium","9":"product_tag-dark-myrkur","10":"product_tag-dark-romance","11":"product_tag-karyn-adler","12":"product_tag-lois-smes","13":"product_tag-myrkur","15":"first","16":"instock","17":"taxable","18":"shipping-taxable","19":"purchasable","20":"product-type-variable","21":"has-default-attributes"},"jetpack-related-posts":[],"jetpack_sharing_enabled":true,"_links":{"self":[{"href":"https:\/\/kyrroeditions.com\/index.php\/wp-json\/wp\/v2\/product\/7730","targetHints":{"allow":["GET"]}}],"collection":[{"href":"https:\/\/kyrroeditions.com\/index.php\/wp-json\/wp\/v2\/product"}],"about":[{"href":"https:\/\/kyrroeditions.com\/index.php\/wp-json\/wp\/v2\/types\/product"}],"replies":[{"embeddable":true,"href":"https:\/\/kyrroeditions.com\/index.php\/wp-json\/wp\/v2\/comments?post=7730"}],"wp:featuredmedia":[{"embeddable":true,"href":"https:\/\/kyrroeditions.com\/index.php\/wp-json\/wp\/v2\/media\/7739"}],"wp:attachment":[{"href":"https:\/\/kyrroeditions.com\/index.php\/wp-json\/wp\/v2\/media?parent=7730"}],"wp:term":[{"taxonomy":"product_brand","embeddable":true,"href":"https:\/\/kyrroeditions.com\/index.php\/wp-json\/wp\/v2\/product_brand?post=7730"},{"taxonomy":"product_cat","embeddable":true,"href":"https:\/\/kyrroeditions.com\/index.php\/wp-json\/wp\/v2\/product_cat?post=7730"},{"taxonomy":"product_tag","embeddable":true,"href":"https:\/\/kyrroeditions.com\/index.php\/wp-json\/wp\/v2\/product_tag?post=7730"}],"curies":[{"name":"wp","href":"https:\/\/api.w.org\/{rel}","templated":true}]}}