{"id":850,"date":"2021-09-15T17:45:34","date_gmt":"2021-09-15T15:45:34","guid":{"rendered":"https:\/\/kyrroeditions.com\/?post_type=product&#038;p=850"},"modified":"2026-04-07T15:28:09","modified_gmt":"2026-04-07T13:28:09","slug":"panique-pas-oli","status":"publish","type":"product","link":"https:\/\/kyrroeditions.com\/index.php\/produit\/panique-pas-oli\/","title":{"rendered":"Panique pas Oli &#8211; Karyn Adler"},"content":{"rendered":"<p><img data-recalc-dims=\"1\" fetchpriority=\"high\" decoding=\"async\" class=\"alignnone size-medium wp-image-851\" src=\"https:\/\/i0.wp.com\/kyrroeditions.com\/wp-content\/uploads\/2021\/09\/1631195350.png?resize=300%2C230&#038;ssl=1\" alt=\"\" width=\"300\" height=\"230\" srcset=\"https:\/\/i0.wp.com\/kyrroeditions.com\/wp-content\/uploads\/2021\/09\/1631195350.png?resize=300%2C230&amp;ssl=1 300w, https:\/\/i0.wp.com\/kyrroeditions.com\/wp-content\/uploads\/2021\/09\/1631195350.png?resize=1024%2C785&amp;ssl=1 1024w, https:\/\/i0.wp.com\/kyrroeditions.com\/wp-content\/uploads\/2021\/09\/1631195350.png?resize=150%2C115&amp;ssl=1 150w, https:\/\/i0.wp.com\/kyrroeditions.com\/wp-content\/uploads\/2021\/09\/1631195350.png?resize=768%2C589&amp;ssl=1 768w, https:\/\/i0.wp.com\/kyrroeditions.com\/wp-content\/uploads\/2021\/09\/1631195350.png?resize=600%2C460&amp;ssl=1 600w, https:\/\/i0.wp.com\/kyrroeditions.com\/wp-content\/uploads\/2021\/09\/1631195350.png?w=1500&amp;ssl=1 1500w\" sizes=\"(max-width: 300px) 100vw, 300px\" \/><\/p>\n<h2><strong>[ com\u00e9die romantique. ]<\/strong><\/h2>\n<p>&nbsp;<\/p>\n<blockquote><p>Surtout, ne pas paniquer\u2026<\/p><\/blockquote>\n<p>Un mantra qui r\u00e9sume bien la vie d\u2019Oli. \u00c9pouse d\u00e9vou\u00e9e, maman combl\u00e9e de jumelles bient\u00f4t majeures, Olivia n\u2019a rien vu venir lorsque son mariage s\u2019est bris\u00e9. \u00c0 l\u2019aube de ses trente-cinq ans, elle r\u00e9apprend \u00e0 vivre avec ses filles et ses meilleures amies, mais son c\u0153ur, lui, reste seul. L\u2019amour, \u00e7a fait trop mal, on ne l\u2019y reprendra plus.<\/p>\n<p>Surtout, ne pas paniquer. C\u2019est exactement ce que se r\u00e9p\u00e8te Oli lorsqu\u2019elle croise la route d\u2019un super-h\u00e9ros aux yeux d\u2019un vert envo\u00fbtant. Il est beau, gentil et&#8230; super sexy ? Et alors ? Oli ne croit plus aux belles paroles. Tant pis s\u2019il lui fait un peu trop d\u2019effet. Elle s\u2019est promis de ne plus jamais c\u00e9der.<\/p>\n<p>Et, surtout, de ne plus jamais paniquer\u2026<\/p>\n<pre><em>Panique pas Oli, sorti initialement en 2017, revient aujourd'hui dans une version enti\u00e8rement \r\nr\u00e9\u00e9crite toujours aussi d\u00e9lirante et sexy.<\/em><\/pre>\n","protected":false},"excerpt":{"rendered":"<h2>[ com\u00e9die romantique. ]<\/h2>\n<p>&nbsp;<\/p>\n<blockquote><p>D\u00e9couvrez ou red\u00e9couvrez Oli dans cette romance sign\u00e9e Karyn Adler, parfaite pour vous mettre la p\u00eache !<\/p><\/blockquote>\n","protected":false},"featured_media":855,"comment_status":"open","ping_status":"closed","template":"","meta":[],"product_brand":[],"product_cat":[30],"product_tag":[35,75,38,36],"class_list":{"0":"post-850","1":"product","2":"type-product","3":"status-publish","4":"has-post-thumbnail","6":"product_cat-comedie-romantique","7":"product_tag-broche","8":"product_tag-comedie-romantique","9":"product_tag-fyndid","10":"product_tag-karyn-adler","11":"pa_dedi-non","12":"pa_dedi-oui","14":"first","15":"instock","16":"taxable","17":"shipping-taxable","18":"purchasable","19":"product-type-variable"},"jetpack-related-posts":[],"jetpack_sharing_enabled":true,"_links":{"self":[{"href":"https:\/\/kyrroeditions.com\/index.php\/wp-json\/wp\/v2\/product\/850","targetHints":{"allow":["GET"]}}],"collection":[{"href":"https:\/\/kyrroeditions.com\/index.php\/wp-json\/wp\/v2\/product"}],"about":[{"href":"https:\/\/kyrroeditions.com\/index.php\/wp-json\/wp\/v2\/types\/product"}],"replies":[{"embeddable":true,"href":"https:\/\/kyrroeditions.com\/index.php\/wp-json\/wp\/v2\/comments?post=850"}],"wp:featuredmedia":[{"embeddable":true,"href":"https:\/\/kyrroeditions.com\/index.php\/wp-json\/wp\/v2\/media\/855"}],"wp:attachment":[{"href":"https:\/\/kyrroeditions.com\/index.php\/wp-json\/wp\/v2\/media?parent=850"}],"wp:term":[{"taxonomy":"product_brand","embeddable":true,"href":"https:\/\/kyrroeditions.com\/index.php\/wp-json\/wp\/v2\/product_brand?post=850"},{"taxonomy":"product_cat","embeddable":true,"href":"https:\/\/kyrroeditions.com\/index.php\/wp-json\/wp\/v2\/product_cat?post=850"},{"taxonomy":"product_tag","embeddable":true,"href":"https:\/\/kyrroeditions.com\/index.php\/wp-json\/wp\/v2\/product_tag?post=850"}],"curies":[{"name":"wp","href":"https:\/\/api.w.org\/{rel}","templated":true}]}}