{"id":8934,"date":"2026-02-26T16:34:53","date_gmt":"2026-02-26T15:34:53","guid":{"rendered":"https:\/\/kyrroeditions.com\/?post_type=product&#038;p=8934"},"modified":"2026-04-11T10:58:40","modified_gmt":"2026-04-11T08:58:40","slug":"priam-version-premium","status":"publish","type":"product","link":"https:\/\/kyrroeditions.com\/index.php\/produit\/priam-version-premium\/","title":{"rendered":"Priam : L&rsquo;Odyss\u00e9e &#8211; Lo\u00efs Smes &#8211; Broch\u00e9 Premium &#8211; pr\u00e9commandes"},"content":{"rendered":"<div class=\"l7ghb35v kjdc1dyq kmwttqpk gh25dzvf jikcssrz n3t5jt4f\">\n<div dir=\"auto\"><a href=\"https:\/\/i0.wp.com\/kyrroeditions.com\/wp-content\/uploads\/2026\/02\/priam-scaled.png?ssl=1\"><img data-recalc-dims=\"1\" loading=\"lazy\" decoding=\"async\" class=\"alignleft wp-image-9026\" src=\"https:\/\/i0.wp.com\/kyrroeditions.com\/wp-content\/uploads\/2026\/02\/priam-scaled.png?resize=394%2C272&#038;ssl=1\" alt=\"\" width=\"394\" height=\"272\" srcset=\"https:\/\/i0.wp.com\/kyrroeditions.com\/wp-content\/uploads\/2026\/02\/priam-scaled.png?w=2560&amp;ssl=1 2560w, https:\/\/i0.wp.com\/kyrroeditions.com\/wp-content\/uploads\/2026\/02\/priam-scaled.png?resize=300%2C207&amp;ssl=1 300w, https:\/\/i0.wp.com\/kyrroeditions.com\/wp-content\/uploads\/2026\/02\/priam-scaled.png?resize=1024%2C706&amp;ssl=1 1024w, https:\/\/i0.wp.com\/kyrroeditions.com\/wp-content\/uploads\/2026\/02\/priam-scaled.png?resize=150%2C103&amp;ssl=1 150w, https:\/\/i0.wp.com\/kyrroeditions.com\/wp-content\/uploads\/2026\/02\/priam-scaled.png?resize=768%2C530&amp;ssl=1 768w, https:\/\/i0.wp.com\/kyrroeditions.com\/wp-content\/uploads\/2026\/02\/priam-scaled.png?resize=1536%2C1060&amp;ssl=1 1536w, https:\/\/i0.wp.com\/kyrroeditions.com\/wp-content\/uploads\/2026\/02\/priam-scaled.png?resize=2048%2C1413&amp;ssl=1 2048w, https:\/\/i0.wp.com\/kyrroeditions.com\/wp-content\/uploads\/2026\/02\/priam-scaled.png?resize=600%2C414&amp;ssl=1 600w, https:\/\/i0.wp.com\/kyrroeditions.com\/wp-content\/uploads\/2026\/02\/priam-scaled.png?resize=64%2C44&amp;ssl=1 64w, https:\/\/i0.wp.com\/kyrroeditions.com\/wp-content\/uploads\/2026\/02\/priam-scaled.png?w=1664&amp;ssl=1 1664w, https:\/\/i0.wp.com\/kyrroeditions.com\/wp-content\/uploads\/2026\/02\/priam-scaled.png?w=2496&amp;ssl=1 2496w\" sizes=\"auto, (max-width: 394px) 100vw, 394px\" \/><\/a><\/div>\n<div dir=\"auto\">\n<h2><strong>[ COM\u00c9DIE ROMANTIQUE ]<\/strong><\/h2>\n<\/div>\n<\/div>\n<p>&nbsp;<\/p>\n<p><strong><em>On ne peut pas dire \u00ab je n&rsquo;aime pas \u00bb avant d&rsquo;avoir go\u00fbt\u00e9.<\/em><\/strong><\/p>\n<p>Cette r\u00e8gle, Priam en a fait son mantra. Avec son meilleur ami Gonz, il vit de petites et de grandes arnaques. Sa seule constante : essayer, encore et toujours. Qu&rsquo;importe les cons\u00e9quences, la vie est une exp\u00e9rience ! Une odyss\u00e9e dont il est le h\u00e9ros mytho-illogique.<\/p>\n<p>Abigail adore la comp\u00e9tition, surtout avec elle-m\u00eame. Bien d\u00e9cid\u00e9e \u00e0 devenir la nouvelle associ\u00e9e de Gueules, agence de mannequins atypiques, elle doit mettre la main sur la perle rare pour animer un nouvelle programme t\u00e9l\u00e9 : un homme inconnu, mais aussi sexy et charismatique que totalement d\u00e9jant\u00e9.<\/p>\n<p>Quand le hasard s&rsquo;en m\u00eale, c&rsquo;est leur monde qui bascule.<\/p>\n<p>Essayer de se pardonner, essayer de se relever, essayer de grandir&#8230;<\/p>\n<p>Tomber amoureux, s&rsquo;ils essayaient ?<\/p>\n","protected":false},"excerpt":{"rendered":"<pre><strong>Article en pr\u00e9commande. \r\nSortie le 1\/05\/2026<\/strong><\/pre>\n<p><strong>Version Premium\u00a0<\/strong><\/p>\n<h1><strong>\u2022 Jaspage<\/strong><br \/>\n<strong>\u2022 Vernis s\u00e9lectif<\/strong><br \/>\n<strong>\u2022 Int\u00e9rieurs de couverture illustr\u00e9s en couleur<\/strong><br \/>\n<strong>\u2022 full illu<\/strong><\/h1>\n<h2>[ COM\u00c9DIE ROMANTIQUE ]<\/h2>\n<p>&nbsp;<\/p>\n<blockquote><p><strong><em>Passer du rire aux larmes en un claquement de doigts\u2026 \u00a0 \u00a0et si on essayait ?<\/em><\/strong><\/p>\n<p>Laissez Lo\u00efs Smes vous raconter l\u2019Odyss\u00e9e de Priam. <em>Et il ne fait pas que des plans \u00e0 Troie\u2026<\/em><\/p><\/blockquote>\n<p>&nbsp;<\/p>\n","protected":false},"featured_media":9030,"comment_status":"open","ping_status":"closed","template":"","meta":[],"product_brand":[],"product_cat":[30],"product_tag":[35,105,38,37,109],"class_list":{"0":"post-8934","1":"product","2":"type-product","3":"status-publish","4":"has-post-thumbnail","6":"product_cat-comedie-romantique","7":"product_tag-broche","8":"product_tag-broche-premium","9":"product_tag-fyndid","10":"product_tag-lois-smes","11":"product_tag-premium","13":"first","14":"instock","15":"taxable","16":"shipping-taxable","17":"product-type-variable"},"jetpack-related-posts":[],"jetpack_sharing_enabled":true,"_links":{"self":[{"href":"https:\/\/kyrroeditions.com\/index.php\/wp-json\/wp\/v2\/product\/8934","targetHints":{"allow":["GET"]}}],"collection":[{"href":"https:\/\/kyrroeditions.com\/index.php\/wp-json\/wp\/v2\/product"}],"about":[{"href":"https:\/\/kyrroeditions.com\/index.php\/wp-json\/wp\/v2\/types\/product"}],"replies":[{"embeddable":true,"href":"https:\/\/kyrroeditions.com\/index.php\/wp-json\/wp\/v2\/comments?post=8934"}],"wp:featuredmedia":[{"embeddable":true,"href":"https:\/\/kyrroeditions.com\/index.php\/wp-json\/wp\/v2\/media\/9030"}],"wp:attachment":[{"href":"https:\/\/kyrroeditions.com\/index.php\/wp-json\/wp\/v2\/media?parent=8934"}],"wp:term":[{"taxonomy":"product_brand","embeddable":true,"href":"https:\/\/kyrroeditions.com\/index.php\/wp-json\/wp\/v2\/product_brand?post=8934"},{"taxonomy":"product_cat","embeddable":true,"href":"https:\/\/kyrroeditions.com\/index.php\/wp-json\/wp\/v2\/product_cat?post=8934"},{"taxonomy":"product_tag","embeddable":true,"href":"https:\/\/kyrroeditions.com\/index.php\/wp-json\/wp\/v2\/product_tag?post=8934"}],"curies":[{"name":"wp","href":"https:\/\/api.w.org\/{rel}","templated":true}]}}