{"id":8938,"date":"2026-02-26T16:56:26","date_gmt":"2026-02-26T15:56:26","guid":{"rendered":"https:\/\/kyrroeditions.com\/?post_type=product&#038;p=8938"},"modified":"2026-04-17T20:16:10","modified_gmt":"2026-04-17T18:16:10","slug":"beats-version-premium","status":"publish","type":"product","link":"https:\/\/kyrroeditions.com\/index.php\/produit\/beats-version-premium\/","title":{"rendered":"Beats &#8211; Lo\u00efs Smes &#8211; Broch\u00e9 Premium &#8211; pr\u00e9commandes"},"content":{"rendered":"<div class=\"l7ghb35v kjdc1dyq kmwttqpk gh25dzvf jikcssrz n3t5jt4f\">\n<div dir=\"auto\"><a href=\"https:\/\/i0.wp.com\/kyrroeditions.com\/wp-content\/uploads\/2026\/02\/beats-1-scaled.png?ssl=1\"><img data-recalc-dims=\"1\" loading=\"lazy\" decoding=\"async\" class=\"alignleft wp-image-9016\" src=\"https:\/\/i0.wp.com\/kyrroeditions.com\/wp-content\/uploads\/2026\/02\/beats-1-scaled.png?resize=429%2C296&#038;ssl=1\" alt=\"\" width=\"429\" height=\"296\" srcset=\"https:\/\/i0.wp.com\/kyrroeditions.com\/wp-content\/uploads\/2026\/02\/beats-1-scaled.png?w=2560&amp;ssl=1 2560w, https:\/\/i0.wp.com\/kyrroeditions.com\/wp-content\/uploads\/2026\/02\/beats-1-scaled.png?resize=300%2C207&amp;ssl=1 300w, https:\/\/i0.wp.com\/kyrroeditions.com\/wp-content\/uploads\/2026\/02\/beats-1-scaled.png?resize=1024%2C706&amp;ssl=1 1024w, https:\/\/i0.wp.com\/kyrroeditions.com\/wp-content\/uploads\/2026\/02\/beats-1-scaled.png?resize=150%2C103&amp;ssl=1 150w, https:\/\/i0.wp.com\/kyrroeditions.com\/wp-content\/uploads\/2026\/02\/beats-1-scaled.png?resize=768%2C530&amp;ssl=1 768w, https:\/\/i0.wp.com\/kyrroeditions.com\/wp-content\/uploads\/2026\/02\/beats-1-scaled.png?resize=1536%2C1060&amp;ssl=1 1536w, https:\/\/i0.wp.com\/kyrroeditions.com\/wp-content\/uploads\/2026\/02\/beats-1-scaled.png?resize=2048%2C1413&amp;ssl=1 2048w, https:\/\/i0.wp.com\/kyrroeditions.com\/wp-content\/uploads\/2026\/02\/beats-1-scaled.png?resize=600%2C414&amp;ssl=1 600w, https:\/\/i0.wp.com\/kyrroeditions.com\/wp-content\/uploads\/2026\/02\/beats-1-scaled.png?resize=64%2C44&amp;ssl=1 64w, https:\/\/i0.wp.com\/kyrroeditions.com\/wp-content\/uploads\/2026\/02\/beats-1-scaled.png?w=1664&amp;ssl=1 1664w, https:\/\/i0.wp.com\/kyrroeditions.com\/wp-content\/uploads\/2026\/02\/beats-1-scaled.png?w=2496&amp;ssl=1 2496w\" sizes=\"auto, (max-width: 429px) 100vw, 429px\" \/><\/a><\/div>\n<div dir=\"auto\"><\/div>\n<\/div>\n<h2><strong>[ romantic suspense. ]<\/strong><\/h2>\n<p>&nbsp;<\/p>\n<p><strong><em>Sealtiel Monroe a le visage et la voix d\u2019un ange.<\/em><\/strong><\/p>\n<p>Depuis son adolescence sur le devant de la sc\u00e8ne, le monde lui appartient et il le sait. Pourtant, il suffit d\u2019une note impr\u00e9vue sur la partition de sa vie pour que son destin lui \u00e9chappe. Qui est le troublant DJ qu\u2019il est devenu\u00a0? Et si la douleur n\u2019avait fait que r\u00e9v\u00e9ler la v\u00e9rit\u00e9\u00a0: derri\u00e8re chaque ange se cache un d\u00e9mon.<\/p>\n<p><strong><em>Ojo Mu\u00f1oz est le visage de la mis\u00e8re de Las Vegas.<\/em><\/strong><\/p>\n<p>Elle tra\u00eene son existence et des r\u00eaves trop lourds pour s\u2019imaginer les voir se r\u00e9aliser. Lorsqu\u2019elle perd ce qu\u2019elle a de plus cher, Ojo n\u2019a plus qu\u2019un souhait auquel s\u2019accrocher. Mais cet espoir se refl\u00e8te dans les yeux sans \u00e2me du sulfureux DJ Seraph. Pour l\u2019atteindre, elle devra devenir manipulatrice. \u00c0 ses risques et p\u00e9rils.<\/p>\n<p><em>Il refuse le rythme qu\u2019elle impose \u00e0 sa vie. Elle nie le danger qui p\u00e8se sur la sienne. Il n\u2019a pas de c\u0153ur. Elle tente d\u2019oublier le sien.<\/em><\/p>\n<p>Bienvenue \u00e0 Las Vegas, la ville du p\u00e9ch\u00e9. Le seul lieu au monde o\u00f9 deux \u00eatres bris\u00e9s, unis par le chantage, pourraient trouver un accord aux battements de leurs corps\u2026 Ou de leurs c\u0153urs\u00a0?<\/p>\n<p>&nbsp;<\/p>\n<pre><span class=\"x193iq5w xeuugli x13faqbe x1vvkbs x1xmvt09 x6prxxf xvq8zen xo1l8bm xzsf02u\">CE LIVRE EST UN <strong>ROMANTIC SUSPENSE<\/strong>. \r\nCERTAINES SC\u00c8NES POURRAIENT HEURTER VOTRE SENSIBILIT\u00c9. \r\n<strong>R\u00c9SERV\u00c9 \u00c0 UN PUBLIC MAJEUR ET AVERTI<\/strong>. \r\n\r\nRetrouvez la liste des Trigger Warning :  <\/span>\r\n<span class=\"x193iq5w xeuugli x13faqbe x1vvkbs x1xmvt09 x6prxxf xvq8zen xo1l8bm xzsf02u\">\r\n<a href=\"https:\/\/i0.wp.com\/kyrroeditions.com\/wp-content\/uploads\/2026\/02\/beats-tw.png?ssl=1\"><img data-recalc-dims=\"1\" loading=\"lazy\" decoding=\"async\" class=\"alignleft wp-image-9019 \" src=\"https:\/\/i0.wp.com\/kyrroeditions.com\/wp-content\/uploads\/2026\/02\/beats-tw.png?resize=214%2C214&#038;ssl=1\" alt=\"\" width=\"214\" height=\"214\" srcset=\"https:\/\/i0.wp.com\/kyrroeditions.com\/wp-content\/uploads\/2026\/02\/beats-tw.png?w=1113&amp;ssl=1 1113w, https:\/\/i0.wp.com\/kyrroeditions.com\/wp-content\/uploads\/2026\/02\/beats-tw.png?resize=300%2C300&amp;ssl=1 300w, https:\/\/i0.wp.com\/kyrroeditions.com\/wp-content\/uploads\/2026\/02\/beats-tw.png?resize=1024%2C1024&amp;ssl=1 1024w, https:\/\/i0.wp.com\/kyrroeditions.com\/wp-content\/uploads\/2026\/02\/beats-tw.png?resize=150%2C150&amp;ssl=1 150w, https:\/\/i0.wp.com\/kyrroeditions.com\/wp-content\/uploads\/2026\/02\/beats-tw.png?resize=768%2C768&amp;ssl=1 768w, https:\/\/i0.wp.com\/kyrroeditions.com\/wp-content\/uploads\/2026\/02\/beats-tw.png?resize=600%2C600&amp;ssl=1 600w, https:\/\/i0.wp.com\/kyrroeditions.com\/wp-content\/uploads\/2026\/02\/beats-tw.png?resize=64%2C64&amp;ssl=1 64w\" sizes=\"auto, (max-width: 214px) 100vw, 214px\" \/><\/a><\/span>\r\n\r\n<\/pre>\n","protected":false},"excerpt":{"rendered":"<pre><strong>Article en pr\u00e9commande. <\/strong>\r\n<strong>Sortie le 24\/04\/2026<\/strong><\/pre>\n<p><strong>Version Premium\u00a0<\/strong><\/p>\n<h1><strong>\u2022 Jaspage<\/strong><br \/>\n<strong>\u2022 Vernis s\u00e9lectif<\/strong><br \/>\n<strong>\u2022 Int\u00e9rieurs de couverture illustr\u00e9s en couleur<\/strong><br \/>\n<strong>\u2022 full illu<\/strong><br \/>\n<strong>\u2022 Chapitre bonus in\u00e9dit<\/strong><\/h1>\n<h2>[ ROMANTIC SUSPENSE ]<\/h2>\n<p>&nbsp;<\/p>\n<blockquote><p><em>Reste-t-il une place \u00e0 l\u2019amour entre d\u00e9sir et manipulation ?<\/em><\/p>\n<p><em>D\u00e9couvrez Beats, la romance aux nuances sombres et rythm\u00e9es sign\u00e9e Lo\u00efs Smes.<\/em><\/p><\/blockquote>\n<p>&nbsp;<\/p>\n<p>&nbsp;<\/p>\n","protected":false},"featured_media":9021,"comment_status":"open","ping_status":"closed","template":"","meta":[],"product_brand":[],"product_cat":[48],"product_tag":[35,105,37,49,109],"class_list":{"0":"post-8938","1":"product","2":"type-product","3":"status-publish","4":"has-post-thumbnail","6":"product_cat-romance-sombre","7":"product_tag-broche","8":"product_tag-broche-premium","9":"product_tag-lois-smes","10":"product_tag-myrkur","11":"product_tag-premium","13":"first","14":"instock","15":"taxable","16":"shipping-taxable","17":"product-type-variable","18":"has-default-attributes"},"jetpack-related-posts":[],"jetpack_sharing_enabled":true,"_links":{"self":[{"href":"https:\/\/kyrroeditions.com\/index.php\/wp-json\/wp\/v2\/product\/8938","targetHints":{"allow":["GET"]}}],"collection":[{"href":"https:\/\/kyrroeditions.com\/index.php\/wp-json\/wp\/v2\/product"}],"about":[{"href":"https:\/\/kyrroeditions.com\/index.php\/wp-json\/wp\/v2\/types\/product"}],"replies":[{"embeddable":true,"href":"https:\/\/kyrroeditions.com\/index.php\/wp-json\/wp\/v2\/comments?post=8938"}],"wp:featuredmedia":[{"embeddable":true,"href":"https:\/\/kyrroeditions.com\/index.php\/wp-json\/wp\/v2\/media\/9021"}],"wp:attachment":[{"href":"https:\/\/kyrroeditions.com\/index.php\/wp-json\/wp\/v2\/media?parent=8938"}],"wp:term":[{"taxonomy":"product_brand","embeddable":true,"href":"https:\/\/kyrroeditions.com\/index.php\/wp-json\/wp\/v2\/product_brand?post=8938"},{"taxonomy":"product_cat","embeddable":true,"href":"https:\/\/kyrroeditions.com\/index.php\/wp-json\/wp\/v2\/product_cat?post=8938"},{"taxonomy":"product_tag","embeddable":true,"href":"https:\/\/kyrroeditions.com\/index.php\/wp-json\/wp\/v2\/product_tag?post=8938"}],"curies":[{"name":"wp","href":"https:\/\/api.w.org\/{rel}","templated":true}]}}