{"id":8941,"date":"2026-02-26T17:41:47","date_gmt":"2026-02-26T16:41:47","guid":{"rendered":"https:\/\/kyrroeditions.com\/?post_type=product&#038;p=8941"},"modified":"2026-04-11T10:47:16","modified_gmt":"2026-04-11T08:47:16","slug":"ecris-moi-premium","status":"publish","type":"product","link":"https:\/\/kyrroeditions.com\/index.php\/produit\/ecris-moi-premium\/","title":{"rendered":"\u00c9cris-moi &#8211; Destin #1 &#8211; Karyn Adler &#038; Lo\u00efs Smes &#8211; broch\u00e9 premium &#8211; pr\u00e9commandes"},"content":{"rendered":"<div class=\"l7ghb35v kjdc1dyq kmwttqpk gh25dzvf jikcssrz n3t5jt4f\">\n<div dir=\"auto\"><a href=\"https:\/\/i0.wp.com\/kyrroeditions.com\/wp-content\/uploads\/2026\/02\/emp-scaled.png?ssl=1\"><img data-recalc-dims=\"1\" loading=\"lazy\" decoding=\"async\" class=\"alignleft wp-image-9015\" src=\"https:\/\/i0.wp.com\/kyrroeditions.com\/wp-content\/uploads\/2026\/02\/emp-scaled.png?resize=394%2C272&#038;ssl=1\" alt=\"\" width=\"394\" height=\"272\" srcset=\"https:\/\/i0.wp.com\/kyrroeditions.com\/wp-content\/uploads\/2026\/02\/emp-scaled.png?w=2560&amp;ssl=1 2560w, https:\/\/i0.wp.com\/kyrroeditions.com\/wp-content\/uploads\/2026\/02\/emp-scaled.png?resize=300%2C207&amp;ssl=1 300w, https:\/\/i0.wp.com\/kyrroeditions.com\/wp-content\/uploads\/2026\/02\/emp-scaled.png?resize=1024%2C706&amp;ssl=1 1024w, https:\/\/i0.wp.com\/kyrroeditions.com\/wp-content\/uploads\/2026\/02\/emp-scaled.png?resize=150%2C103&amp;ssl=1 150w, https:\/\/i0.wp.com\/kyrroeditions.com\/wp-content\/uploads\/2026\/02\/emp-scaled.png?w=1664&amp;ssl=1 1664w, https:\/\/i0.wp.com\/kyrroeditions.com\/wp-content\/uploads\/2026\/02\/emp-scaled.png?w=2496&amp;ssl=1 2496w\" sizes=\"auto, (max-width: 394px) 100vw, 394px\" \/><\/a><\/div>\n<div dir=\"auto\">\n<h2><strong>[ Romance sombre psychologique ]<\/strong><\/h2>\n<\/div>\n<\/div>\n<p>&nbsp;<\/p>\n<p><strong>Rien n\u2019est impossible quand on a dix-huit ans. <\/strong><strong>Tout a une limite lorsqu\u2019on en a bient\u00f4t trente.<\/strong><\/p>\n<div class=\"cxmmr5t8 oygrvhab hcukyx3x c1et5uql o9v6fnle ii04i59q\">\n<div dir=\"auto\">Un pari, quelques SMS\u2026 Que reste-t-il des \u00e9mois adolescents de Kieran et Hailey ? Dix ann\u00e9es d\u2019absence et autant de cicatrices silencieuses.<\/div>\n<div dir=\"auto\"><\/div>\n<div dir=\"auto\">Alors, quand le destin remet le prince des t\u00e9n\u00e8bres sur le chemin de la jeune femme, elle ne pensait pas qu\u2019il porterait si bien ce surnom. L\u2019ado en qu\u00eate d\u2019adr\u00e9naline existe-t-il toujours derri\u00e8re cet homme \u00e0 l\u2019aura sombre et attirante ?<\/div>\n<\/div>\n<div class=\"cxmmr5t8 oygrvhab hcukyx3x c1et5uql o9v6fnle ii04i59q\">\n<div dir=\"auto\"><\/div>\n<div dir=\"auto\">De leur pass\u00e9, ils n\u2019ont gard\u00e9 que les vestiges d\u2019un d\u00e9sir inassouvi. Les mots ont des milliers de nuances, de la douceur \u00e0 la douleur, il n\u2019y a qu\u2019un pas. Quand passion rime avec d\u00e9raison, l\u2019amour peut-il avoir sa place dans l\u2019\u00e9quation ?<\/div>\n<\/div>\n<div class=\"l7ghb35v kjdc1dyq kmwttqpk gh25dzvf jikcssrz n3t5jt4f\">\n<div class=\"x1e56ztr\"><\/div>\n<pre><span class=\"x193iq5w xeuugli x13faqbe x1vvkbs x1xmvt09 x6prxxf xvq8zen xo1l8bm xzsf02u\">CE LIVRE EST UNE<strong> ROMANCE SOMBRE<\/strong>. \r\nCERTAINES SC\u00c8NES POURRAIENT HEURTER VOTRE SENSIBILIT\u00c9. \r\n<strong>R\u00c9SERV\u00c9 \u00c0 UN PUBLIC MAJEUR ET AVERTI<\/strong>. \r\n\r\nRetrouvez la liste des Trigger Warning : \r\n\r\n<a href=\"https:\/\/i0.wp.com\/kyrroeditions.com\/wp-content\/uploads\/2026\/02\/TRIGGER-EM.png?ssl=1\"><img data-recalc-dims=\"1\" loading=\"lazy\" decoding=\"async\" class=\"alignleft wp-image-9013 size-thumbnail\" src=\"https:\/\/i0.wp.com\/kyrroeditions.com\/wp-content\/uploads\/2026\/02\/TRIGGER-EM-150x150.png?resize=150%2C150&#038;ssl=1\" alt=\"\" width=\"150\" height=\"150\" srcset=\"https:\/\/i0.wp.com\/kyrroeditions.com\/wp-content\/uploads\/2026\/02\/TRIGGER-EM.png?resize=150%2C150&amp;ssl=1 150w, https:\/\/i0.wp.com\/kyrroeditions.com\/wp-content\/uploads\/2026\/02\/TRIGGER-EM.png?resize=300%2C300&amp;ssl=1 300w, https:\/\/i0.wp.com\/kyrroeditions.com\/wp-content\/uploads\/2026\/02\/TRIGGER-EM.png?resize=1024%2C1024&amp;ssl=1 1024w, https:\/\/i0.wp.com\/kyrroeditions.com\/wp-content\/uploads\/2026\/02\/TRIGGER-EM.png?resize=768%2C768&amp;ssl=1 768w, https:\/\/i0.wp.com\/kyrroeditions.com\/wp-content\/uploads\/2026\/02\/TRIGGER-EM.png?resize=600%2C600&amp;ssl=1 600w, https:\/\/i0.wp.com\/kyrroeditions.com\/wp-content\/uploads\/2026\/02\/TRIGGER-EM.png?resize=64%2C64&amp;ssl=1 64w, https:\/\/i0.wp.com\/kyrroeditions.com\/wp-content\/uploads\/2026\/02\/TRIGGER-EM.png?w=1113&amp;ssl=1 1113w\" sizes=\"auto, (max-width: 150px) 100vw, 150px\" \/><\/a>\r\n<\/span><\/pre>\n<\/div>\n<div dir=\"auto\"><\/div>\n","protected":false},"excerpt":{"rendered":"<pre><strong>Article en pr\u00e9commande. <\/strong>\r\n<strong>Sortie le 22\/04\/2026<\/strong><\/pre>\n<p>Version Premium<\/p>\n<h1><strong>\u2022 Jaspage<\/strong><br \/>\n<strong>\u2022 Vernis s\u00e9lectif<\/strong><br \/>\n<strong>\u2022 Int\u00e9rieurs de couverture illustr\u00e9s en couleur<\/strong><br \/>\n<strong>\u2022 full illu<\/strong><br \/>\n<strong>\u2022 Chapitre bonus in\u00e9dit<\/strong><\/h1>\n<p><span style=\"color: #000000; font-family: Raleway, sans-serif; font-size: 16px; text-transform: uppercase;\">[ romance sombre. ]<\/span><\/p>\n<div dir=\"auto\">\n<p>&nbsp;<\/p>\n<\/div>\n<blockquote>\n<div dir=\"auto\">Deux adolescents, une idylle par SMS\u2026 puis le silence.<\/div>\n<div dir=\"auto\">Une d\u00e9cennie de questions les attend, qu\u2019importe si les r\u00e9ponses font mal\u2026<\/div>\n<div dir=\"auto\"><\/div>\n<div dir=\"auto\">Faites un pas sur le chemin de votre Destin avec Karyn Adler &amp; Lo\u00efs Smes.<\/div>\n<\/blockquote>\n<p>&nbsp;<\/p>\n","protected":false},"featured_media":9033,"comment_status":"open","ping_status":"closed","template":"","meta":[],"product_brand":[],"product_cat":[48],"product_tag":[105,36,37,49,109],"class_list":{"0":"post-8941","1":"product","2":"type-product","3":"status-publish","4":"has-post-thumbnail","6":"product_cat-romance-sombre","7":"product_tag-broche-premium","8":"product_tag-karyn-adler","9":"product_tag-lois-smes","10":"product_tag-myrkur","11":"product_tag-premium","13":"first","14":"instock","15":"taxable","16":"shipping-taxable","17":"product-type-variable","18":"has-default-attributes"},"jetpack-related-posts":[],"jetpack_sharing_enabled":true,"_links":{"self":[{"href":"https:\/\/kyrroeditions.com\/index.php\/wp-json\/wp\/v2\/product\/8941","targetHints":{"allow":["GET"]}}],"collection":[{"href":"https:\/\/kyrroeditions.com\/index.php\/wp-json\/wp\/v2\/product"}],"about":[{"href":"https:\/\/kyrroeditions.com\/index.php\/wp-json\/wp\/v2\/types\/product"}],"replies":[{"embeddable":true,"href":"https:\/\/kyrroeditions.com\/index.php\/wp-json\/wp\/v2\/comments?post=8941"}],"wp:featuredmedia":[{"embeddable":true,"href":"https:\/\/kyrroeditions.com\/index.php\/wp-json\/wp\/v2\/media\/9033"}],"wp:attachment":[{"href":"https:\/\/kyrroeditions.com\/index.php\/wp-json\/wp\/v2\/media?parent=8941"}],"wp:term":[{"taxonomy":"product_brand","embeddable":true,"href":"https:\/\/kyrroeditions.com\/index.php\/wp-json\/wp\/v2\/product_brand?post=8941"},{"taxonomy":"product_cat","embeddable":true,"href":"https:\/\/kyrroeditions.com\/index.php\/wp-json\/wp\/v2\/product_cat?post=8941"},{"taxonomy":"product_tag","embeddable":true,"href":"https:\/\/kyrroeditions.com\/index.php\/wp-json\/wp\/v2\/product_tag?post=8941"}],"curies":[{"name":"wp","href":"https:\/\/api.w.org\/{rel}","templated":true}]}}