{"id":8945,"date":"2026-02-26T18:28:33","date_gmt":"2026-02-26T17:28:33","guid":{"rendered":"https:\/\/kyrroeditions.com\/?post_type=product&#038;p=8945"},"modified":"2026-04-17T20:15:38","modified_gmt":"2026-04-17T18:15:38","slug":"anime-moi-version-premium","status":"publish","type":"product","link":"https:\/\/kyrroeditions.com\/index.php\/produit\/anime-moi-version-premium\/","title":{"rendered":"Anime-moi &#8211; Destin #3 &#8211; Karyn Adler &#038; Lo\u00efs Smes &#8211; broch\u00e9 premium &#8211; pr\u00e9commandes"},"content":{"rendered":"<div class=\"l7ghb35v kjdc1dyq kmwttqpk gh25dzvf jikcssrz n3t5jt4f\">\n<div dir=\"auto\"><a href=\"https:\/\/i0.wp.com\/kyrroeditions.com\/wp-content\/uploads\/2026\/02\/anmp-scaled.png?ssl=1\"><img data-recalc-dims=\"1\" loading=\"lazy\" decoding=\"async\" class=\"alignleft wp-image-9011\" src=\"https:\/\/i0.wp.com\/kyrroeditions.com\/wp-content\/uploads\/2026\/02\/anmp-scaled.png?resize=394%2C272&#038;ssl=1\" alt=\"\" width=\"394\" height=\"272\" srcset=\"https:\/\/i0.wp.com\/kyrroeditions.com\/wp-content\/uploads\/2026\/02\/anmp-scaled.png?w=2560&amp;ssl=1 2560w, https:\/\/i0.wp.com\/kyrroeditions.com\/wp-content\/uploads\/2026\/02\/anmp-scaled.png?resize=300%2C207&amp;ssl=1 300w, https:\/\/i0.wp.com\/kyrroeditions.com\/wp-content\/uploads\/2026\/02\/anmp-scaled.png?resize=1024%2C706&amp;ssl=1 1024w, https:\/\/i0.wp.com\/kyrroeditions.com\/wp-content\/uploads\/2026\/02\/anmp-scaled.png?resize=150%2C103&amp;ssl=1 150w, https:\/\/i0.wp.com\/kyrroeditions.com\/wp-content\/uploads\/2026\/02\/anmp-scaled.png?resize=768%2C530&amp;ssl=1 768w, https:\/\/i0.wp.com\/kyrroeditions.com\/wp-content\/uploads\/2026\/02\/anmp-scaled.png?resize=1536%2C1060&amp;ssl=1 1536w, https:\/\/i0.wp.com\/kyrroeditions.com\/wp-content\/uploads\/2026\/02\/anmp-scaled.png?resize=2048%2C1413&amp;ssl=1 2048w, https:\/\/i0.wp.com\/kyrroeditions.com\/wp-content\/uploads\/2026\/02\/anmp-scaled.png?resize=600%2C414&amp;ssl=1 600w, https:\/\/i0.wp.com\/kyrroeditions.com\/wp-content\/uploads\/2026\/02\/anmp-scaled.png?resize=64%2C44&amp;ssl=1 64w, https:\/\/i0.wp.com\/kyrroeditions.com\/wp-content\/uploads\/2026\/02\/anmp-scaled.png?w=1664&amp;ssl=1 1664w, https:\/\/i0.wp.com\/kyrroeditions.com\/wp-content\/uploads\/2026\/02\/anmp-scaled.png?w=2496&amp;ssl=1 2496w\" sizes=\"auto, (max-width: 394px) 100vw, 394px\" \/><\/a><\/div>\n<div dir=\"auto\">\n<h2><strong>[ Romance sombre psychologique ]<\/strong><\/h2>\n<\/div>\n<\/div>\n<p>&nbsp;<\/p>\n<blockquote><p>Le temps peut tout figer, m\u00eame un coeur bris\u00e9.<\/p><\/blockquote>\n<p>Curtis Montgomery est \u00e0 l\u2019image de sa r\u00e9ussite : spectaculaire et impressionnant. Brillant homme d\u2019affaires, ses mots d\u00e9routent et son regard intimide. Mais derri\u00e8re la fa\u00e7ade du patron intransigeant, Curtis cache une \u00e2me tortur\u00e9e et des failles inavouables.<\/p>\n<p>Solveig Olsen est faite d\u2019un trop-plein d\u2019\u00e9motions. Conservatrice au National Museum de Stockholm, elle a fait de son hypersensibilit\u00e9 une force pour b\u00e2tir sa carri\u00e8re. Il lui suffit d\u2019effleurer une sculpture, d\u2019observer un tableau, pour en ressentir la subtilit\u00e9. Mais quand les portes du mus\u00e9e se referment, ses sens reprennent leur droit.<\/p>\n<p>Lorsque Curtis s\u2019envole pour l\u2019Europe afin de conclure un contrat, il ne r\u00e9siste pas \u00e0 l\u2019envie de satisfaire son amour pour l\u2019art. Mais l\u2019oeuvre la plus intrigante de Su\u00e8de pourrait bien \u00eatre cette jeune femme \u00e0 fleur de peau qu\u2019il ne doit surtout pas convoiter.<\/p>\n<blockquote><p>Il doit rester de marbre, saura-t-elle l\u2019animer ?<\/p><\/blockquote>\n<div class=\"l7ghb35v kjdc1dyq kmwttqpk gh25dzvf jikcssrz n3t5jt4f\">\n<div class=\"x1e56ztr\"><\/div>\n<pre><span class=\"x193iq5w xeuugli x13faqbe x1vvkbs x1xmvt09 x6prxxf xvq8zen xo1l8bm xzsf02u\">CE LIVRE EST UNE<strong> ROMANCE SOMBRE<\/strong>. \r\nCERTAINES SC\u00c8NES POURRAIENT HEURTER VOTRE SENSIBILIT\u00c9. \r\n<strong>R\u00c9SERV\u00c9 \u00c0 UN PUBLIC MAJEUR ET AVERTI<\/strong>. \r\n\r\nRetrouvez la liste des Trigger Warning : \r\n<a href=\"https:\/\/i0.wp.com\/kyrroeditions.com\/wp-content\/uploads\/2026\/02\/anime-moi-tw.png?ssl=1\"><img data-recalc-dims=\"1\" loading=\"lazy\" decoding=\"async\" class=\"alignleft wp-image-9012 size-thumbnail\" src=\"https:\/\/i0.wp.com\/kyrroeditions.com\/wp-content\/uploads\/2026\/02\/anime-moi-tw.png?resize=150%2C150&#038;ssl=1\" alt=\"\" width=\"150\" height=\"150\" srcset=\"https:\/\/i0.wp.com\/kyrroeditions.com\/wp-content\/uploads\/2026\/02\/anime-moi-tw.png?resize=150%2C150&amp;ssl=1 150w, https:\/\/i0.wp.com\/kyrroeditions.com\/wp-content\/uploads\/2026\/02\/anime-moi-tw.png?resize=300%2C300&amp;ssl=1 300w, https:\/\/i0.wp.com\/kyrroeditions.com\/wp-content\/uploads\/2026\/02\/anime-moi-tw.png?resize=1024%2C1024&amp;ssl=1 1024w, https:\/\/i0.wp.com\/kyrroeditions.com\/wp-content\/uploads\/2026\/02\/anime-moi-tw.png?resize=768%2C768&amp;ssl=1 768w, https:\/\/i0.wp.com\/kyrroeditions.com\/wp-content\/uploads\/2026\/02\/anime-moi-tw.png?resize=600%2C600&amp;ssl=1 600w, https:\/\/i0.wp.com\/kyrroeditions.com\/wp-content\/uploads\/2026\/02\/anime-moi-tw.png?resize=64%2C64&amp;ssl=1 64w, https:\/\/i0.wp.com\/kyrroeditions.com\/wp-content\/uploads\/2026\/02\/anime-moi-tw.png?w=1113&amp;ssl=1 1113w\" sizes=\"auto, (max-width: 150px) 100vw, 150px\" \/><\/a>\r\n<\/span><\/pre>\n<\/div>\n<div dir=\"auto\"><\/div>\n","protected":false},"excerpt":{"rendered":"<pre><strong>Article en pr\u00e9commande. <\/strong>\r\n<strong>Sortie le 22\/04\/2026<\/strong><\/pre>\n<p><strong>Version Premium\u00a0<\/strong><\/p>\n<h1><strong>\u2022 Jaspage<\/strong><br \/>\n<strong>\u2022 Vernis s\u00e9lectif<\/strong><br \/>\n<strong>\u2022 Int\u00e9rieurs de couverture illustr\u00e9s en couleur<\/strong><br \/>\n<strong>\u2022 full illu<\/strong><\/h1>\n<p><span style=\"color: #000000; font-family: Raleway, sans-serif; font-size: 16px; text-transform: uppercase;\">[ romance sombre. ]<\/span><\/p>\n<div dir=\"auto\">\n<p>&nbsp;<\/p>\n<\/div>\n<blockquote><p>L&rsquo;amour peut-il animer un c\u0153ur fissur\u00e9 ?<\/p>\n<p>D\u00e9couvrez la romance sombre, tout en \u00e9motions, sign\u00e9e Karyn Adler &amp; Lo\u00efs Smes<\/p><\/blockquote>\n<p>&nbsp;<\/p>\n<p>&nbsp;<\/p>\n<p>&nbsp;<\/p>\n","protected":false},"featured_media":9032,"comment_status":"open","ping_status":"closed","template":"","meta":[],"product_brand":[],"product_cat":[48],"product_tag":[105,36,37,49,109],"class_list":{"0":"post-8945","1":"product","2":"type-product","3":"status-publish","4":"has-post-thumbnail","6":"product_cat-romance-sombre","7":"product_tag-broche-premium","8":"product_tag-karyn-adler","9":"product_tag-lois-smes","10":"product_tag-myrkur","11":"product_tag-premium","13":"first","14":"instock","15":"taxable","16":"shipping-taxable","17":"product-type-variable","18":"has-default-attributes"},"jetpack-related-posts":[],"jetpack_sharing_enabled":true,"_links":{"self":[{"href":"https:\/\/kyrroeditions.com\/index.php\/wp-json\/wp\/v2\/product\/8945","targetHints":{"allow":["GET"]}}],"collection":[{"href":"https:\/\/kyrroeditions.com\/index.php\/wp-json\/wp\/v2\/product"}],"about":[{"href":"https:\/\/kyrroeditions.com\/index.php\/wp-json\/wp\/v2\/types\/product"}],"replies":[{"embeddable":true,"href":"https:\/\/kyrroeditions.com\/index.php\/wp-json\/wp\/v2\/comments?post=8945"}],"wp:featuredmedia":[{"embeddable":true,"href":"https:\/\/kyrroeditions.com\/index.php\/wp-json\/wp\/v2\/media\/9032"}],"wp:attachment":[{"href":"https:\/\/kyrroeditions.com\/index.php\/wp-json\/wp\/v2\/media?parent=8945"}],"wp:term":[{"taxonomy":"product_brand","embeddable":true,"href":"https:\/\/kyrroeditions.com\/index.php\/wp-json\/wp\/v2\/product_brand?post=8945"},{"taxonomy":"product_cat","embeddable":true,"href":"https:\/\/kyrroeditions.com\/index.php\/wp-json\/wp\/v2\/product_cat?post=8945"},{"taxonomy":"product_tag","embeddable":true,"href":"https:\/\/kyrroeditions.com\/index.php\/wp-json\/wp\/v2\/product_tag?post=8945"}],"curies":[{"name":"wp","href":"https:\/\/api.w.org\/{rel}","templated":true}]}}