{"id":8949,"date":"2026-02-26T18:35:27","date_gmt":"2026-02-26T17:35:27","guid":{"rendered":"https:\/\/kyrroeditions.com\/?post_type=product&#038;p=8949"},"modified":"2026-04-11T10:44:06","modified_gmt":"2026-04-11T08:44:06","slug":"eveille-moi-version-premium","status":"publish","type":"product","link":"https:\/\/kyrroeditions.com\/index.php\/produit\/eveille-moi-version-premium\/","title":{"rendered":"\u00c9veille-moi &#8211; Destin #2 &#8211; Karyn Adler &#038; Lo\u00efs Smes &#8211; broch\u00e9 premium &#8211; pr\u00e9commandes"},"content":{"rendered":"<div class=\"l7ghb35v kjdc1dyq kmwttqpk gh25dzvf jikcssrz n3t5jt4f\">\n<div dir=\"auto\"><a href=\"https:\/\/i0.wp.com\/kyrroeditions.com\/wp-content\/uploads\/2026\/02\/evmp-scaled.png?ssl=1\"><img data-recalc-dims=\"1\" loading=\"lazy\" decoding=\"async\" class=\"alignleft wp-image-9009\" src=\"https:\/\/i0.wp.com\/kyrroeditions.com\/wp-content\/uploads\/2026\/02\/evmp-scaled.png?resize=394%2C272&#038;ssl=1\" alt=\"\" width=\"394\" height=\"272\" srcset=\"https:\/\/i0.wp.com\/kyrroeditions.com\/wp-content\/uploads\/2026\/02\/evmp-scaled.png?w=2560&amp;ssl=1 2560w, https:\/\/i0.wp.com\/kyrroeditions.com\/wp-content\/uploads\/2026\/02\/evmp-scaled.png?resize=300%2C207&amp;ssl=1 300w, https:\/\/i0.wp.com\/kyrroeditions.com\/wp-content\/uploads\/2026\/02\/evmp-scaled.png?resize=1024%2C706&amp;ssl=1 1024w, https:\/\/i0.wp.com\/kyrroeditions.com\/wp-content\/uploads\/2026\/02\/evmp-scaled.png?resize=150%2C103&amp;ssl=1 150w, https:\/\/i0.wp.com\/kyrroeditions.com\/wp-content\/uploads\/2026\/02\/evmp-scaled.png?resize=768%2C530&amp;ssl=1 768w, https:\/\/i0.wp.com\/kyrroeditions.com\/wp-content\/uploads\/2026\/02\/evmp-scaled.png?resize=1536%2C1060&amp;ssl=1 1536w, https:\/\/i0.wp.com\/kyrroeditions.com\/wp-content\/uploads\/2026\/02\/evmp-scaled.png?resize=2048%2C1413&amp;ssl=1 2048w, https:\/\/i0.wp.com\/kyrroeditions.com\/wp-content\/uploads\/2026\/02\/evmp-scaled.png?resize=600%2C414&amp;ssl=1 600w, https:\/\/i0.wp.com\/kyrroeditions.com\/wp-content\/uploads\/2026\/02\/evmp-scaled.png?resize=64%2C44&amp;ssl=1 64w, https:\/\/i0.wp.com\/kyrroeditions.com\/wp-content\/uploads\/2026\/02\/evmp-scaled.png?w=1664&amp;ssl=1 1664w, https:\/\/i0.wp.com\/kyrroeditions.com\/wp-content\/uploads\/2026\/02\/evmp-scaled.png?w=2496&amp;ssl=1 2496w\" sizes=\"auto, (max-width: 394px) 100vw, 394px\" \/><\/a><\/div>\n<div dir=\"auto\">\n<h2><strong>[ Romance contemporaine Psychologique ]<\/strong><\/h2>\n<p>&nbsp;<\/p>\n<blockquote><p><span class=\"x4k7w5x x1h91t0o x1h9r5lt xv2umb2 x1beo9mf xaigb6o x12ejxvf x3igimt xarpa2k xedcshv x1lytzrv x1t2pt76 x7ja8zs x1qrby5j x1jfb8zj\"><em>Les tableaux de nos vies ne sont pas ent\u00e2ch\u00e9s par le temps, seulement d\u2019un coup de pinceau, par accident.<\/em><\/span><\/p><\/blockquote>\n<p><span class=\"x4k7w5x x1h91t0o x1h9r5lt xv2umb2 x1beo9mf xaigb6o x12ejxvf x3igimt xarpa2k xedcshv x1lytzrv x1t2pt76 x7ja8zs x1qrby5j x1jfb8zj\">Douze ans, ce n\u2019est pas assez pour oublier. Pas suffisant pour se pardonner. Malone vit avec sa culpabilit\u00e9, elle lui colle \u00e0 la peau comme un parfum dont il ne peut se d\u00e9faire. La peur de faire mal, celle du danger, conditionne le moindre de ses gestes, jusqu\u2019\u00e0 l\u2019emp\u00eacher de vivre. <\/span><\/p>\n<p><span class=\"x4k7w5x x1h91t0o x1h9r5lt xv2umb2 x1beo9mf xaigb6o x12ejxvf x3igimt xarpa2k xedcshv x1lytzrv x1t2pt76 x7ja8zs x1qrby5j x1jfb8zj\">Douze ans, c\u2019est le nombre d\u2019ann\u00e9es qui s\u00e9parent Heaven de ce type, aussi beau que taciturne, qui est entr\u00e9 dans sa vie par accident. Il aurait pu ne rester qu\u2019un nom sur un constat, il aurait d\u00fb ne rien changer \u00e0 sa vie. Pourtant, il a bouscul\u00e9 la ligne de son destin. <\/span><\/p>\n<p><span class=\"x4k7w5x x1h91t0o x1h9r5lt xv2umb2 x1beo9mf xaigb6o x12ejxvf x3igimt xarpa2k xedcshv x1lytzrv x1t2pt76 x7ja8zs x1qrby5j x1jfb8zj\">Il la r\u00e9v\u00e8le.<br \/>\nElle l&rsquo;\u00e9veille.<\/span><\/p>\n<blockquote><p><em><span class=\"x4k7w5x x1h91t0o x1h9r5lt xv2umb2 x1beo9mf xaigb6o x12ejxvf x3igimt xarpa2k xedcshv x1lytzrv x1t2pt76 x7ja8zs x1qrby5j x1jfb8zj\">Tomber amoureux, c\u2019est dangereux.<\/span><\/em><\/p><\/blockquote>\n<\/div>\n<\/div>\n","protected":false},"excerpt":{"rendered":"<pre><strong>Article en pr\u00e9commande. <\/strong>\r\n<strong>Sortie le 22\/04\/2026<\/strong><\/pre>\n<p><strong>Version Premium\u00a0<\/strong><\/p>\n<h1><strong>\u2022 Jaspage<\/strong><br \/>\n<strong>\u2022 Vernis s\u00e9lectif<\/strong><br \/>\n<strong>\u2022 Int\u00e9rieurs de couverture illustr\u00e9s en couleur<\/strong><br \/>\n<strong>\u2022 full illu<\/strong><\/h1>\n<h2>[ Romance contemporaine ]<\/h2>\n<p>&nbsp;<\/p>\n<blockquote><p>Un destin tout trac\u00e9 peut d\u00e9vier de son cap par accident.<\/p>\n<p>L&rsquo;\u00e2ge ne prot\u00e8ge pas de l&rsquo;amour, mais l&rsquo;amour prot\u00e8ge-t-il de l&rsquo;\u00e2ge ?<\/p>\n<p>Retournez \u00e0 Destin avec Karyn Adler &amp; Lo\u00efs Smes.<\/p><\/blockquote>\n","protected":false},"featured_media":9034,"comment_status":"open","ping_status":"closed","template":"","meta":[],"product_brand":[],"product_cat":[69],"product_tag":[105,39,36,37,109],"class_list":{"0":"post-8949","1":"product","2":"type-product","3":"status-publish","4":"has-post-thumbnail","6":"product_cat-romances-contemporaines","7":"product_tag-broche-premium","8":"product_tag-elskur","9":"product_tag-karyn-adler","10":"product_tag-lois-smes","11":"product_tag-premium","13":"first","14":"instock","15":"taxable","16":"shipping-taxable","17":"product-type-variable","18":"has-default-attributes"},"jetpack-related-posts":[],"jetpack_sharing_enabled":true,"_links":{"self":[{"href":"https:\/\/kyrroeditions.com\/index.php\/wp-json\/wp\/v2\/product\/8949","targetHints":{"allow":["GET"]}}],"collection":[{"href":"https:\/\/kyrroeditions.com\/index.php\/wp-json\/wp\/v2\/product"}],"about":[{"href":"https:\/\/kyrroeditions.com\/index.php\/wp-json\/wp\/v2\/types\/product"}],"replies":[{"embeddable":true,"href":"https:\/\/kyrroeditions.com\/index.php\/wp-json\/wp\/v2\/comments?post=8949"}],"wp:featuredmedia":[{"embeddable":true,"href":"https:\/\/kyrroeditions.com\/index.php\/wp-json\/wp\/v2\/media\/9034"}],"wp:attachment":[{"href":"https:\/\/kyrroeditions.com\/index.php\/wp-json\/wp\/v2\/media?parent=8949"}],"wp:term":[{"taxonomy":"product_brand","embeddable":true,"href":"https:\/\/kyrroeditions.com\/index.php\/wp-json\/wp\/v2\/product_brand?post=8949"},{"taxonomy":"product_cat","embeddable":true,"href":"https:\/\/kyrroeditions.com\/index.php\/wp-json\/wp\/v2\/product_cat?post=8949"},{"taxonomy":"product_tag","embeddable":true,"href":"https:\/\/kyrroeditions.com\/index.php\/wp-json\/wp\/v2\/product_tag?post=8949"}],"curies":[{"name":"wp","href":"https:\/\/api.w.org\/{rel}","templated":true}]}}