{"id":8958,"date":"2026-02-26T19:02:17","date_gmt":"2026-02-26T18:02:17","guid":{"rendered":"https:\/\/kyrroeditions.com\/?post_type=product&#038;p=8958"},"modified":"2026-04-15T10:56:30","modified_gmt":"2026-04-15T08:56:30","slug":"a-lot-of-regrets-premium-ou-standard","status":"publish","type":"product","link":"https:\/\/kyrroeditions.com\/index.php\/produit\/a-lot-of-regrets-premium-ou-standard\/","title":{"rendered":"A Lot of Regrets #1 &#8211; Karyn Adler &#8211; Premium ou Standard &#8211; pr\u00e9commandes"},"content":{"rendered":"<h2><a href=\"https:\/\/i0.wp.com\/kyrroeditions.com\/wp-content\/uploads\/2026\/02\/alot-premium-scaled.png?ssl=1\"><img data-recalc-dims=\"1\" loading=\"lazy\" decoding=\"async\" class=\"alignleft wp-image-9003\" src=\"https:\/\/i0.wp.com\/kyrroeditions.com\/wp-content\/uploads\/2026\/02\/alot-premium-scaled.png?resize=394%2C272&#038;ssl=1\" alt=\"\" width=\"394\" height=\"272\" srcset=\"https:\/\/i0.wp.com\/kyrroeditions.com\/wp-content\/uploads\/2026\/02\/alot-premium-scaled.png?w=2560&amp;ssl=1 2560w, https:\/\/i0.wp.com\/kyrroeditions.com\/wp-content\/uploads\/2026\/02\/alot-premium-scaled.png?resize=300%2C207&amp;ssl=1 300w, https:\/\/i0.wp.com\/kyrroeditions.com\/wp-content\/uploads\/2026\/02\/alot-premium-scaled.png?resize=1024%2C706&amp;ssl=1 1024w, https:\/\/i0.wp.com\/kyrroeditions.com\/wp-content\/uploads\/2026\/02\/alot-premium-scaled.png?resize=150%2C103&amp;ssl=1 150w, https:\/\/i0.wp.com\/kyrroeditions.com\/wp-content\/uploads\/2026\/02\/alot-premium-scaled.png?resize=768%2C530&amp;ssl=1 768w, https:\/\/i0.wp.com\/kyrroeditions.com\/wp-content\/uploads\/2026\/02\/alot-premium-scaled.png?resize=1536%2C1060&amp;ssl=1 1536w, https:\/\/i0.wp.com\/kyrroeditions.com\/wp-content\/uploads\/2026\/02\/alot-premium-scaled.png?resize=2048%2C1413&amp;ssl=1 2048w, https:\/\/i0.wp.com\/kyrroeditions.com\/wp-content\/uploads\/2026\/02\/alot-premium-scaled.png?resize=600%2C414&amp;ssl=1 600w, https:\/\/i0.wp.com\/kyrroeditions.com\/wp-content\/uploads\/2026\/02\/alot-premium-scaled.png?resize=64%2C44&amp;ssl=1 64w, https:\/\/i0.wp.com\/kyrroeditions.com\/wp-content\/uploads\/2026\/02\/alot-premium-scaled.png?w=1664&amp;ssl=1 1664w, https:\/\/i0.wp.com\/kyrroeditions.com\/wp-content\/uploads\/2026\/02\/alot-premium-scaled.png?w=2496&amp;ssl=1 2496w\" sizes=\"auto, (max-width: 394px) 100vw, 394px\" \/><\/a><\/h2>\n<h2><strong>[ romance sombre ]<\/strong><\/h2>\n<div><\/div>\n<div>\n<p><strong><em>Comment vivre lorsque notre existence s\u2019arr\u00eate avant m\u00eame d\u2019avoir commenc\u00e9 ?<\/em><\/strong><\/p>\n<p>\u00c0 l\u2019aube de ses dix-huit ans, Holly a perdu tout ce en quoi elle croyait : son avenir, ses projets et\u2026 Jay, l\u2019homme de sa vie. Elle ne sait plus quoi b\u00e2tir sur les ruines de son futur. Plong\u00e9e dans les m\u00e9andres de sa douleur, rien ne l\u2019atteint. Rien, hormis lui.<\/p>\n<p>Alec est un fant\u00f4me, un fant\u00f4me bien vivant. Et c\u2019est le fr\u00e8re de Jay.<br \/>\nSa ressemblance avec son d\u00e9funt petit ami est troublante, bien trop perturbante pour qu\u2019elle ne cherche pas dans ses yeux tout ce qu\u2019elle a perdu.<\/p>\n<p>Elle ne doit surtout pas l\u2019approcher.<\/p>\n<p><strong><em>Mais on ne vit pas avec des regrets.<\/em><\/strong><\/p>\n<\/div>\n<div><\/div>\n<pre><span class=\"x193iq5w xeuugli x13faqbe x1vvkbs x1xmvt09 x6prxxf xvq8zen xo1l8bm xzsf02u\">CE LIVRE EST UNE<strong> ROMANCE SOMBRE<\/strong>. \r\nCERTAINES SC\u00c8NES POURRAIENT HEURTER VOTRE SENSIBILIT\u00c9. \r\n<strong>R\u00c9SERV\u00c9 \u00c0 UN PUBLIC MAJEUR ET AVERTI<\/strong>. \r\n\r\nRetrouvez la liste des Trigger Warning :<\/span>\r\n\r\n<a href=\"https:\/\/i0.wp.com\/kyrroeditions.com\/wp-content\/uploads\/2026\/02\/a-lot-tw-1.png?ssl=1\"><img data-recalc-dims=\"1\" loading=\"lazy\" decoding=\"async\" class=\"alignleft wp-image-9036 size-thumbnail\" src=\"https:\/\/i0.wp.com\/kyrroeditions.com\/wp-content\/uploads\/2026\/02\/a-lot-tw-1.png?resize=150%2C150&#038;ssl=1\" alt=\"\" width=\"150\" height=\"150\" srcset=\"https:\/\/i0.wp.com\/kyrroeditions.com\/wp-content\/uploads\/2026\/02\/a-lot-tw-1.png?resize=150%2C150&amp;ssl=1 150w, https:\/\/i0.wp.com\/kyrroeditions.com\/wp-content\/uploads\/2026\/02\/a-lot-tw-1.png?resize=300%2C300&amp;ssl=1 300w, https:\/\/i0.wp.com\/kyrroeditions.com\/wp-content\/uploads\/2026\/02\/a-lot-tw-1.png?resize=1024%2C1024&amp;ssl=1 1024w, https:\/\/i0.wp.com\/kyrroeditions.com\/wp-content\/uploads\/2026\/02\/a-lot-tw-1.png?resize=768%2C768&amp;ssl=1 768w, https:\/\/i0.wp.com\/kyrroeditions.com\/wp-content\/uploads\/2026\/02\/a-lot-tw-1.png?resize=600%2C600&amp;ssl=1 600w, https:\/\/i0.wp.com\/kyrroeditions.com\/wp-content\/uploads\/2026\/02\/a-lot-tw-1.png?resize=64%2C64&amp;ssl=1 64w, https:\/\/i0.wp.com\/kyrroeditions.com\/wp-content\/uploads\/2026\/02\/a-lot-tw-1.png?w=1113&amp;ssl=1 1113w\" sizes=\"auto, (max-width: 150px) 100vw, 150px\" \/><\/a><\/pre>\n","protected":false},"excerpt":{"rendered":"<pre><strong>Article en pr\u00e9commande. \r\nSortie le 8\/05\/2026<\/strong><\/pre>\n<h1 style=\"text-align: center;\"><strong>Version Premium\u00a0<\/strong><\/h1>\n<h1><strong>\u2022 Jaspage<\/strong><br \/>\n<strong>\u2022 Vernis s\u00e9lectif<\/strong><br \/>\n<strong>\u2022 Int\u00e9rieurs de couverture illustr\u00e9s en couleur<\/strong><br \/>\n<strong>\u2022 full illu<\/strong><\/h1>\n<h2>[ romance sombre ]<\/h2>\n<p>&nbsp;<\/p>\n<blockquote><p>Holly avait tout pr\u00e9vu, sauf de ne plus rien avoir \u00e0 pr\u00e9voir. Alec n\u2019avait rien pr\u00e9vu, certainement pas de revenir chez ceux qui l\u2019ont oubli\u00e9. Mais quand la mort scelle leur rencontre, reste-t-il un avenir ?<\/p><\/blockquote>\n","protected":false},"featured_media":9004,"comment_status":"open","ping_status":"closed","template":"","meta":[],"product_brand":[],"product_cat":[48],"product_tag":[35,105,110,106,36,49,109],"class_list":{"0":"post-8958","1":"product","2":"type-product","3":"status-publish","4":"has-post-thumbnail","6":"product_cat-romance-sombre","7":"product_tag-broche","8":"product_tag-broche-premium","9":"product_tag-broche-standard","10":"product_tag-jaspage","11":"product_tag-karyn-adler","12":"product_tag-myrkur","13":"product_tag-premium","14":"pa_dedi-non","15":"pa_dedi-oui","17":"first","18":"instock","19":"taxable","20":"shipping-taxable","21":"product-type-variable","22":"has-default-attributes"},"jetpack-related-posts":[],"jetpack_sharing_enabled":true,"_links":{"self":[{"href":"https:\/\/kyrroeditions.com\/index.php\/wp-json\/wp\/v2\/product\/8958","targetHints":{"allow":["GET"]}}],"collection":[{"href":"https:\/\/kyrroeditions.com\/index.php\/wp-json\/wp\/v2\/product"}],"about":[{"href":"https:\/\/kyrroeditions.com\/index.php\/wp-json\/wp\/v2\/types\/product"}],"replies":[{"embeddable":true,"href":"https:\/\/kyrroeditions.com\/index.php\/wp-json\/wp\/v2\/comments?post=8958"}],"wp:featuredmedia":[{"embeddable":true,"href":"https:\/\/kyrroeditions.com\/index.php\/wp-json\/wp\/v2\/media\/9004"}],"wp:attachment":[{"href":"https:\/\/kyrroeditions.com\/index.php\/wp-json\/wp\/v2\/media?parent=8958"}],"wp:term":[{"taxonomy":"product_brand","embeddable":true,"href":"https:\/\/kyrroeditions.com\/index.php\/wp-json\/wp\/v2\/product_brand?post=8958"},{"taxonomy":"product_cat","embeddable":true,"href":"https:\/\/kyrroeditions.com\/index.php\/wp-json\/wp\/v2\/product_cat?post=8958"},{"taxonomy":"product_tag","embeddable":true,"href":"https:\/\/kyrroeditions.com\/index.php\/wp-json\/wp\/v2\/product_tag?post=8958"}],"curies":[{"name":"wp","href":"https:\/\/api.w.org\/{rel}","templated":true}]}}