{"id":950,"date":"2021-11-24T17:42:37","date_gmt":"2021-11-24T16:42:37","guid":{"rendered":"https:\/\/kyrroeditions.com\/?post_type=product&#038;p=950"},"modified":"2026-04-11T12:03:48","modified_gmt":"2026-04-11T10:03:48","slug":"cross-lover","status":"publish","type":"product","link":"https:\/\/kyrroeditions.com\/index.php\/produit\/cross-lover\/","title":{"rendered":"Cross Lover &#8211; Karyn Adler &#038; Lo\u00efs Smes"},"content":{"rendered":"<p><em><strong><img data-recalc-dims=\"1\" fetchpriority=\"high\" decoding=\"async\" class=\"alignnone size-medium wp-image-961\" src=\"https:\/\/i0.wp.com\/kyrroeditions.com\/wp-content\/uploads\/2021\/11\/260529477_4815979678454328_9023786297822222062_n-1.png?resize=300%2C230&#038;ssl=1\" alt=\"\" width=\"300\" height=\"230\" srcset=\"https:\/\/i0.wp.com\/kyrroeditions.com\/wp-content\/uploads\/2021\/11\/260529477_4815979678454328_9023786297822222062_n-1.png?resize=300%2C230&amp;ssl=1 300w, https:\/\/i0.wp.com\/kyrroeditions.com\/wp-content\/uploads\/2021\/11\/260529477_4815979678454328_9023786297822222062_n-1.png?resize=1024%2C785&amp;ssl=1 1024w, https:\/\/i0.wp.com\/kyrroeditions.com\/wp-content\/uploads\/2021\/11\/260529477_4815979678454328_9023786297822222062_n-1.png?resize=150%2C115&amp;ssl=1 150w, https:\/\/i0.wp.com\/kyrroeditions.com\/wp-content\/uploads\/2021\/11\/260529477_4815979678454328_9023786297822222062_n-1.png?resize=768%2C589&amp;ssl=1 768w, https:\/\/i0.wp.com\/kyrroeditions.com\/wp-content\/uploads\/2021\/11\/260529477_4815979678454328_9023786297822222062_n-1.png?resize=600%2C460&amp;ssl=1 600w, https:\/\/i0.wp.com\/kyrroeditions.com\/wp-content\/uploads\/2021\/11\/260529477_4815979678454328_9023786297822222062_n-1.png?w=1500&amp;ssl=1 1500w\" sizes=\"(max-width: 300px) 100vw, 300px\" \/><\/strong><\/em><\/p>\n<h2><strong>[ com\u00e9die romantique. ]<\/strong><\/h2>\n<p>&nbsp;<\/p>\n<p>Vous avez d\u00e9j\u00e0 regard\u00e9 un<em> crossover<\/em> ? Quand le personnage de votre s\u00e9rie favorite d\u00e9barque dans une autre, comme s\u2019il existait un monde parall\u00e8le o\u00f9 les h\u00e9ros de <em>Webflix<\/em> et <em>Amatruc Videos<\/em> vivaient paisiblement.<\/p>\n<p>Imaginez-vous maintenant y \u00eatre convi\u00e9. C\u2019est ce qui m\u2019est arriv\u00e9. Me voil\u00e0 invit\u00e9 au mariage d\u2019une hippie psychotique, en plein d\u00e9sert et pour No\u00ebl. La petite blonde <em>wedding planner<\/em> venue tout droit de son chalet, le barbu <em>hipster<\/em> mi-philosophe mi-gourou, le play-boy amateur de dinde et de coups de reins ou encore la reporter loufoque d\u00e9sesp\u00e9rant de trouver un scoop\u2026 Ils n\u2019avaient pas sign\u00e9 pour \u00e7a. Moi non plus, d\u2019ailleurs.<\/p>\n<p>Et si j\u2019y trouvais bien plus que ce que je n\u2019\u00e9tais m\u00eame pas venu chercher ? Si l\u2019amour se cachait entre les dunes et la dinde v\u00e9gane ?<\/p>\n<p><em>Retrouvez plus d\u2019une douzaine de vos personnages pr\u00e9f\u00e9r\u00e9s r\u00e9unis dans une romance de No\u00ebl compl\u00e8tement d\u00e9jant\u00e9e dont les ma\u00eetres mots sont \u00ab Oh, oh, oh \u00bb. <\/em><\/p>\n<p><em>Oh, God. Oh, bordel ! Oh, yeah !<\/em><\/p>\n<h4><\/h4>\n<p>&nbsp;<\/p>\n","protected":false},"excerpt":{"rendered":"<h2>[ com\u00e9die romantique. ]<\/h2>\n<p>&nbsp;<\/p>\n<blockquote><p>D\u00e9couvrez \u00ab\u00a0Cross Lover\u00a0\u00bb o\u00f9 le mariage in\u00e9dit d\u2019une romance de No\u00ebl et du d\u00e9cor saharien, d\u2019un <em>crossover<\/em> et d\u2019un <em>spin off<\/em>. Tout cela dans une com\u00e9die romantique hilarante \u00e0 lire \u00e0 la suite de nos autres minis ou ind\u00e9pendamment.<\/p>\n<p>Avec toutes les excuses de Karyn Adler &amp; Lo\u00efs Smes.<\/p><\/blockquote>\n","protected":false},"featured_media":956,"comment_status":"open","ping_status":"closed","template":"","meta":[],"product_brand":[],"product_cat":[70,58],"product_tag":[75,36,46,37,50,82,76],"class_list":{"0":"post-950","1":"product","2":"type-product","3":"status-publish","4":"has-post-thumbnail","6":"product_cat-mini-comedie","7":"product_cat-romance-de-noel","8":"product_tag-comedie-romantique","9":"product_tag-karyn-adler","10":"product_tag-lilfyndio","11":"product_tag-lois-smes","12":"product_tag-mini","13":"product_tag-mini-comedie-romantique","14":"product_tag-romance-de-noel","15":"pa_dedi-deux-auteures","16":"pa_dedi-non","17":"pa_dedi-une-auteure","19":"first","20":"instock","21":"taxable","22":"shipping-taxable","23":"purchasable","24":"product-type-variable","25":"has-default-attributes"},"jetpack-related-posts":[],"jetpack_sharing_enabled":true,"_links":{"self":[{"href":"https:\/\/kyrroeditions.com\/index.php\/wp-json\/wp\/v2\/product\/950","targetHints":{"allow":["GET"]}}],"collection":[{"href":"https:\/\/kyrroeditions.com\/index.php\/wp-json\/wp\/v2\/product"}],"about":[{"href":"https:\/\/kyrroeditions.com\/index.php\/wp-json\/wp\/v2\/types\/product"}],"replies":[{"embeddable":true,"href":"https:\/\/kyrroeditions.com\/index.php\/wp-json\/wp\/v2\/comments?post=950"}],"wp:featuredmedia":[{"embeddable":true,"href":"https:\/\/kyrroeditions.com\/index.php\/wp-json\/wp\/v2\/media\/956"}],"wp:attachment":[{"href":"https:\/\/kyrroeditions.com\/index.php\/wp-json\/wp\/v2\/media?parent=950"}],"wp:term":[{"taxonomy":"product_brand","embeddable":true,"href":"https:\/\/kyrroeditions.com\/index.php\/wp-json\/wp\/v2\/product_brand?post=950"},{"taxonomy":"product_cat","embeddable":true,"href":"https:\/\/kyrroeditions.com\/index.php\/wp-json\/wp\/v2\/product_cat?post=950"},{"taxonomy":"product_tag","embeddable":true,"href":"https:\/\/kyrroeditions.com\/index.php\/wp-json\/wp\/v2\/product_tag?post=950"}],"curies":[{"name":"wp","href":"https:\/\/api.w.org\/{rel}","templated":true}]}}